{"id":49167,"date":"2023-10-11T14:34:43","date_gmt":"2023-10-11T12:34:43","guid":{"rendered":"https:\/\/www.bojungle.eu\/?post_type=product&#038;p=49167"},"modified":"2024-04-23T14:20:24","modified_gmt":"2024-04-23T12:20:24","slug":"maly-wally-pitny-pohar-360","status":"publish","type":"product","link":"https:\/\/www.bojungle.eu\/cs\/produkt\/maly-wally-pitny-pohar-360\/","title":{"rendered":"Little Wally N\u00e1pojov\u00fd poh\u00e1r 360\u00b0"},"content":{"rendered":"<p>P\u0159edstavujeme Little Wally Drinking Cup 360\u00b0, perfektn\u00edho spole\u010dn\u00edka pro dobrodru\u017estv\u00ed va\u0161eho d\u011b\u0165\u00e1tka s pit\u00edm! Tento inovativn\u00ed tr\u00e9ninkov\u00fd hrnek, navr\u017een\u00fd s ohledem na z\u00e1bavu i funk\u010dnost, je vytvo\u0159en tak, aby byl p\u0159echod k nez\u00e1visl\u00e9mu pit\u00ed hra\u010dkou. Tento hrnek s hrav\u00fdm 360\u00b0 designem povzbud\u00ed va\u0161e d\u00edt\u011b k pop\u00edjen\u00ed a prozkoum\u00e1v\u00e1n\u00ed z jak\u00e9hokoli \u00fahlu, podporuje z\u00e1kladn\u00ed dovednosti p\u0159i pit\u00ed a omezuje nepo\u0159\u00e1dek na minimum. Integrovan\u00fd silikonov\u00fd okraj zaji\u0161\u0165uje, \u017ee tekutina te\u010de pouze tehdy, kdy\u017e va\u0161e d\u00edt\u011b vyv\u00edj\u00ed tlak, sni\u017euje rozlit\u00ed a umo\u017e\u0148uje kontrolovan\u011bj\u0161\u00ed z\u00e1\u017eitek z pit\u00ed. Tento \u0161\u00e1lek, zdoben\u00fd rozko\u0161n\u00fdm velryb\u00edm designem, dopln\u011bn\u00fd okouzluj\u00edc\u00edmi uchy pro snadn\u00e9 uchopen\u00ed a praktick\u00fdm uz\u00e1v\u011brem, kter\u00fd udr\u017euje obsah \u010derstv\u00fd mezi dou\u0161ky, kombinuje prakti\u010dnost s neodolatelnou roztomilost\u00ed. Rozlu\u010dte se s \u00faniky a rozlit\u00edm s na\u0161\u00ed technologi\u00ed proti \u00faniku, kter\u00e1 v\u00e1m poskytne klid p\u0159i ka\u017ed\u00e9m dou\u0161ku. D\u00edky velkorys\u00e9 kapacit\u011b 240 ml je ide\u00e1ln\u00ed pro uha\u0161en\u00ed \u017e\u00edzn\u011b va\u0161eho d\u00edt\u011bte b\u011bhem hran\u00ed nebo dobrodru\u017estv\u00ed na cest\u00e1ch. A kdy\u017e je \u010das na \u00faklid, sta\u010d\u00ed ho hodit do my\u010dky pro nen\u00e1ro\u010dnou \u00fadr\u017ebu, tak\u017ee v\u00e1m zbyde v\u00edce \u010dasu na pro\u017eit\u00ed vz\u00e1cn\u00fdch chvil s va\u0161\u00edm d\u011b\u0165\u00e1tkem. Ud\u011blejte z pit\u00ed z\u00e1bavu a bez nepo\u0159\u00e1dku s 360\u00b0 poh\u00e1rkem Little Wally Drinking Cup \u2013 proto\u017ee ka\u017ed\u00fd dou\u0161ek by m\u011bl b\u00fdt dobrodru\u017estv\u00edm! <\/p>\n","protected":false},"excerpt":{"rendered":"<div class=\"elementor-element elementor-element-80cf67d elementor-widget elementor-widget-jet-single-excerpt\" data-id=\"80cf67d\" data-element_type=\"widget\" data-widget_type=\"jet-single-excerpt.default\">\n<div class=\"elementor-widget-container\">\n<div class=\"elementor-jet-single-excerpt jet-woo-builder\">\n<div class=\"woocommerce-product-details__short-description\">\n<p>Objevte Little Wally Drinking Cup 360\u00b0! Je to hrav\u00fd zp\u016fsob, jak se va\u0161e ratolest nau\u010d\u00ed samostatn\u011b p\u00edt. D\u00edky silikonov\u00e9 hran\u011b se redukuje rozlit\u00ed, tak\u017ee je to z\u00e1bava bez nepo\u0159\u00e1dku. Se sv\u00fdm roztomil\u00fdm velryb\u00edm designem, rukoje\u0165mi pro snadn\u00e9 dr\u017een\u00ed a uz\u00e1v\u011brem, kter\u00fd udr\u017euje n\u00e1poje \u010derstv\u00e9, je rozko\u0161n\u00fd a praktick\u00fd. Nav\u00edc je nepropustn\u00fd a vhodn\u00fd do my\u010dky pro snadn\u00e9 \u010di\u0161t\u011bn\u00ed. S kapacitou 240 ml je ide\u00e1ln\u00ed pro \u017e\u00edze\u0148 va\u0161eho d\u00edt\u011bte. P\u0159iv\u00edtejte bezprobl\u00e9mov\u00e9 pop\u00edjen\u00ed s Litte Wally Drinking Cup 360\u00b0      <\/p>\n<\/div>\n<\/div>\n<\/div>\n<\/div>\n","protected":false},"featured_media":74518,"comment_status":"closed","ping_status":"closed","template":"","meta":{"_lmt_disableupdate":"","_lmt_disable":""},"product_brand":[],"product_cat":[433,429],"product_tag":[],"woo-feed-brand":[],"class_list":{"0":"post-49167","1":"product","2":"type-product","3":"status-publish","4":"has-post-thumbnail","6":"product_cat-priprava-jidla","7":"product_cat-jidlo-a-piti","9":"first","10":"instock","11":"taxable","12":"shipping-taxable","13":"purchasable","14":"product-type-simple"},"_links":{"self":[{"href":"https:\/\/www.bojungle.eu\/cs\/wp-json\/wp\/v2\/product\/49167","targetHints":{"allow":["GET"]}}],"collection":[{"href":"https:\/\/www.bojungle.eu\/cs\/wp-json\/wp\/v2\/product"}],"about":[{"href":"https:\/\/www.bojungle.eu\/cs\/wp-json\/wp\/v2\/types\/product"}],"replies":[{"embeddable":true,"href":"https:\/\/www.bojungle.eu\/cs\/wp-json\/wp\/v2\/comments?post=49167"}],"version-history":[{"count":1,"href":"https:\/\/www.bojungle.eu\/cs\/wp-json\/wp\/v2\/product\/49167\/revisions"}],"predecessor-version":[{"id":74588,"href":"https:\/\/www.bojungle.eu\/cs\/wp-json\/wp\/v2\/product\/49167\/revisions\/74588"}],"wp:featuredmedia":[{"embeddable":true,"href":"https:\/\/www.bojungle.eu\/cs\/wp-json\/wp\/v2\/media\/74518"}],"wp:attachment":[{"href":"https:\/\/www.bojungle.eu\/cs\/wp-json\/wp\/v2\/media?parent=49167"}],"wp:term":[{"taxonomy":"product_brand","embeddable":true,"href":"https:\/\/www.bojungle.eu\/cs\/wp-json\/wp\/v2\/product_brand?post=49167"},{"taxonomy":"product_cat","embeddable":true,"href":"https:\/\/www.bojungle.eu\/cs\/wp-json\/wp\/v2\/product_cat?post=49167"},{"taxonomy":"product_tag","embeddable":true,"href":"https:\/\/www.bojungle.eu\/cs\/wp-json\/wp\/v2\/product_tag?post=49167"},{"taxonomy":"woo-feed-brand","embeddable":true,"href":"https:\/\/www.bojungle.eu\/cs\/wp-json\/wp\/v2\/woo-feed-brand?post=49167"}],"curies":[{"name":"wp","href":"https:\/\/api.w.org\/{rel}","templated":true}]}}