{"id":64148,"date":"2024-01-08T16:24:48","date_gmt":"2024-01-08T15:24:48","guid":{"rendered":"https:\/\/www.bojungle.eu\/product\/cast-misa-kuchynskeho-robota-pro-b580000\/"},"modified":"2024-01-08T16:25:28","modified_gmt":"2024-01-08T15:25:28","slug":"cast-misa-kuchynskeho-robota-pro-b580000","status":"publish","type":"product","link":"https:\/\/www.bojungle.eu\/cs\/produkt\/cast-misa-kuchynskeho-robota-pro-b580000\/","title":{"rendered":"\u010c\u00e1st &#8211; M\u00edsa kuchy\u0148sk\u00e9ho robota pro B580000"},"content":{"rendered":"<p>N\u00e1hradn\u00ed d\u00edl &#8222;miska&#8220; pro kuchy\u0148sk\u00fd robot B580000<\/p>\n","protected":false},"excerpt":{"rendered":"<p>N\u00e1hradn\u00ed d\u00edl &#8222;miska&#8220; pro kuchy\u0148sk\u00fd robot B580000<\/p>\n","protected":false},"featured_media":64137,"comment_status":"closed","ping_status":"closed","template":"","meta":{"_lmt_disableupdate":"","_lmt_disable":""},"product_brand":[],"product_cat":[429,433],"product_tag":[],"woo-feed-brand":[],"class_list":{"0":"post-64148","1":"product","2":"type-product","3":"status-publish","4":"has-post-thumbnail","6":"product_cat-jidlo-a-piti","7":"product_cat-priprava-jidla","9":"first","10":"instock","11":"taxable","12":"shipping-taxable","13":"purchasable","14":"product-type-simple"},"_links":{"self":[{"href":"https:\/\/www.bojungle.eu\/cs\/wp-json\/wp\/v2\/product\/64148","targetHints":{"allow":["GET"]}}],"collection":[{"href":"https:\/\/www.bojungle.eu\/cs\/wp-json\/wp\/v2\/product"}],"about":[{"href":"https:\/\/www.bojungle.eu\/cs\/wp-json\/wp\/v2\/types\/product"}],"replies":[{"embeddable":true,"href":"https:\/\/www.bojungle.eu\/cs\/wp-json\/wp\/v2\/comments?post=64148"}],"version-history":[{"count":0,"href":"https:\/\/www.bojungle.eu\/cs\/wp-json\/wp\/v2\/product\/64148\/revisions"}],"wp:featuredmedia":[{"embeddable":true,"href":"https:\/\/www.bojungle.eu\/cs\/wp-json\/wp\/v2\/media\/64137"}],"wp:attachment":[{"href":"https:\/\/www.bojungle.eu\/cs\/wp-json\/wp\/v2\/media?parent=64148"}],"wp:term":[{"taxonomy":"product_brand","embeddable":true,"href":"https:\/\/www.bojungle.eu\/cs\/wp-json\/wp\/v2\/product_brand?post=64148"},{"taxonomy":"product_cat","embeddable":true,"href":"https:\/\/www.bojungle.eu\/cs\/wp-json\/wp\/v2\/product_cat?post=64148"},{"taxonomy":"product_tag","embeddable":true,"href":"https:\/\/www.bojungle.eu\/cs\/wp-json\/wp\/v2\/product_tag?post=64148"},{"taxonomy":"woo-feed-brand","embeddable":true,"href":"https:\/\/www.bojungle.eu\/cs\/wp-json\/wp\/v2\/woo-feed-brand?post=64148"}],"curies":[{"name":"wp","href":"https:\/\/api.w.org\/{rel}","templated":true}]}}