{"id":64863,"date":"2024-01-26T13:24:53","date_gmt":"2024-01-26T12:24:53","guid":{"rendered":"https:\/\/www.bojungle.eu\/product\/digitalni-teplomer\/"},"modified":"2025-05-15T13:08:33","modified_gmt":"2025-05-15T11:08:33","slug":"digitalni-teplomer","status":"publish","type":"product","link":"https:\/\/www.bojungle.eu\/cs\/produkt\/digitalni-teplomer\/","title":{"rendered":"Digit\u00e1ln\u00ed teplom\u011br"},"content":{"rendered":"<p>N\u00e1\u0161 digit\u00e1ln\u00ed teplom\u011br nab\u00edz\u00ed rychl\u00e9 a spolehliv\u00e9 m\u011b\u0159en\u00ed pro celou rodinu s p\u0159esnost\u00ed na 0,1 stupn\u011b. D\u00edky t\u00e9to p\u0159esnosti z\u00edsk\u00e1te v\u017edy spolehliv\u00e9 v\u00fdsledky, a\u0165 u\u017e jde o kontrolu m\u00edrn\u00e9 hore\u010dky, nebo o b\u011b\u017en\u00e9 monitorov\u00e1n\u00ed. Tento teplom\u011br je navr\u017een s m\u011bkkou, ohebnou \u0161pi\u010dkou, je pohodln\u00fd a \u0161etrn\u00fd pro d\u011bti i dosp\u011bl\u00e9, tak\u017ee se snadno pou\u017e\u00edv\u00e1 i pro ty nejmen\u0161\u00ed pacienty. <\/p>\n<p>Jeho konstrukce bez obsahu BPA zaru\u010duje bezpe\u010dn\u00e9 pou\u017e\u00edv\u00e1n\u00ed bez \u0161kodliv\u00fdch chemick\u00fdch l\u00e1tek. Snadno \u010diteln\u00fd LCD displej zobrazuje jasn\u00e9 \u00fadaje a umo\u017e\u0148uje z\u00edskat v\u00fdsledky na prvn\u00ed pohled.  <\/p>\n<p>A\u0165 u\u017e pot\u0159ebujete rychle zkontrolovat teplotu nebo ji sledovat v pr\u016fb\u011bhu \u010dasu, n\u00e1\u0161 digit\u00e1ln\u00ed teplom\u011br spojuje efektivitu a bezpe\u010dnost v jednom jednoduch\u00e9m n\u00e1stroji.<\/p>\n<p>&nbsp;<\/p>\n<table border=\"1\">\n<tbody>\n<tr>\n<td>Manu\u00e1ln\u00ed\n<\/td>\n<td><a href=\"https:\/\/www.bojungle.eu\/wp-content\/uploads\/2025\/05\/B400400.jpg\">Klikn\u011bte zde<\/a><\/td>\n<\/tr>\n<\/tbody>\n<\/table>\n<p>&nbsp;<\/p>\n","protected":false},"excerpt":{"rendered":"<p><span class=\"OYPEnA text-decoration-none text-strikethrough-none\">Tento digit\u00e1ln\u00ed teplom\u011br v\u00e1m poskytuje spolehliv\u00e9 a p\u0159esn\u00e9 ode\u010dty. D\u00edky sv\u00e9mu tvaru a ohebn\u00e9 \u0161pi\u010dce lze t\u011blesnou teplotu m\u011b\u0159it or\u00e1ln\u011b, rekt\u00e1ln\u011b nebo p\u0159es podpa\u017e\u00ed. Po p\u00edpnut\u00ed si m\u016f\u017eete na LCD displeji p\u0159e\u010d\u00edst p\u0159esnou t\u011blesnou teplotu.<\/span><\/p>\n","protected":false},"featured_media":64854,"comment_status":"closed","ping_status":"closed","template":"","meta":{"_lmt_disableupdate":"","_lmt_disable":""},"product_brand":[],"product_cat":[579,506],"product_tag":[],"woo-feed-brand":[],"class_list":{"0":"post-64863","1":"product","2":"type-product","3":"status-publish","4":"has-post-thumbnail","6":"product_cat-krasa-a-zdravi-ditete","7":"product_cat-pece-o-telo","9":"first","10":"instock","11":"taxable","12":"shipping-taxable","13":"purchasable","14":"product-type-simple"},"_links":{"self":[{"href":"https:\/\/www.bojungle.eu\/cs\/wp-json\/wp\/v2\/product\/64863","targetHints":{"allow":["GET"]}}],"collection":[{"href":"https:\/\/www.bojungle.eu\/cs\/wp-json\/wp\/v2\/product"}],"about":[{"href":"https:\/\/www.bojungle.eu\/cs\/wp-json\/wp\/v2\/types\/product"}],"replies":[{"embeddable":true,"href":"https:\/\/www.bojungle.eu\/cs\/wp-json\/wp\/v2\/comments?post=64863"}],"version-history":[{"count":2,"href":"https:\/\/www.bojungle.eu\/cs\/wp-json\/wp\/v2\/product\/64863\/revisions"}],"predecessor-version":[{"id":79741,"href":"https:\/\/www.bojungle.eu\/cs\/wp-json\/wp\/v2\/product\/64863\/revisions\/79741"}],"wp:featuredmedia":[{"embeddable":true,"href":"https:\/\/www.bojungle.eu\/cs\/wp-json\/wp\/v2\/media\/64854"}],"wp:attachment":[{"href":"https:\/\/www.bojungle.eu\/cs\/wp-json\/wp\/v2\/media?parent=64863"}],"wp:term":[{"taxonomy":"product_brand","embeddable":true,"href":"https:\/\/www.bojungle.eu\/cs\/wp-json\/wp\/v2\/product_brand?post=64863"},{"taxonomy":"product_cat","embeddable":true,"href":"https:\/\/www.bojungle.eu\/cs\/wp-json\/wp\/v2\/product_cat?post=64863"},{"taxonomy":"product_tag","embeddable":true,"href":"https:\/\/www.bojungle.eu\/cs\/wp-json\/wp\/v2\/product_tag?post=64863"},{"taxonomy":"woo-feed-brand","embeddable":true,"href":"https:\/\/www.bojungle.eu\/cs\/wp-json\/wp\/v2\/woo-feed-brand?post=64863"}],"curies":[{"name":"wp","href":"https:\/\/api.w.org\/{rel}","templated":true}]}}