{"id":64907,"date":"2024-01-26T14:59:18","date_gmt":"2024-01-26T13:59:18","guid":{"rendered":"https:\/\/www.bojungle.eu\/product\/rumpy-protiskluzova-koupelnova-predlozka\/"},"modified":"2024-08-26T13:50:05","modified_gmt":"2024-08-26T11:50:05","slug":"rumpy-protiskluzova-koupelnova-predlozka","status":"publish","type":"product","link":"https:\/\/www.bojungle.eu\/cs\/produkt\/rumpy-protiskluzova-koupelnova-predlozka\/","title":{"rendered":"Rumpy &#8211; protiskluzov\u00e1 koupelnov\u00e1 p\u0159edlo\u017eka"},"content":{"rendered":"<p>Kluzk\u00e9 st\u011bny vany nebo sprchov\u00e9 vani\u010dky v\u00e1m ztrp\u010duj\u00ed \u017eivot p\u0159i koup\u00e1n\u00ed? S na\u0161\u00ed protiskluzovou podlo\u017ekou Rumpy m\u016f\u017eete koupelnu prom\u011bnit v bezpe\u010dn\u00fd a z\u00e1bavn\u00fd prostor pro va\u0161e d\u00edt\u011b. Tato rozko\u0161n\u00e1 koupelnov\u00e1 podlo\u017eka s vesel\u00fdm hrochem je navr\u017eena tak, aby va\u0161e d\u00edt\u011b bylo p\u0159i koup\u00e1n\u00ed nebo sprchov\u00e1n\u00ed v bezpe\u010d\u00ed a spokojen\u00e9. Protiskluzov\u00e1 roho\u017eka Rumpy je na spodn\u00ed stran\u011b vybavena n\u011bkolika p\u0159\u00edsavkami, kter\u00e9 zaji\u0161\u0165uj\u00ed, \u017ee roho\u017eka pevn\u011b dr\u017e\u00ed na jak\u00e9mkoli hladk\u00e9m povrchu a zabra\u0148uj\u00ed uklouznut\u00ed a p\u00e1du. Promy\u0161len\u00fd design obsahuje praktick\u00fd otvor v oc\u00e1sku, kter\u00fd umo\u017e\u0148uje podlo\u017eku po pou\u017eit\u00ed snadno zav\u011bsit, aby uschla. P\u0159ilo\u017eili jsme tak\u00e9 praktick\u00fd h\u00e1\u010dek s p\u0159\u00edsavkou, tak\u017ee m\u016f\u017eete m\u00edt podlo\u017eku do vany \u00fahledn\u011b ulo\u017eenou a p\u0159ipravenou na dal\u0161\u00ed \u0161plouchav\u00e9 dobrodru\u017estv\u00ed.      <strong>Kl\u00ed\u010dov\u00e9 vlastnosti:<\/strong><\/p>\n<ul>\n<li><strong>Rozko\u0161n\u00e9 n\u00e1vrhy:<\/strong> Vesel\u00fd hroch, se kter\u00fdm bude koup\u00e1n\u00ed z\u00e1bavn\u011bj\u0161\u00ed.<\/li>\n<li><strong>Protiskluzov\u00fd povrch: <\/strong>Udr\u017euje d\u00edt\u011b ve van\u011b nebo ve spr\u0161e v bezpe\u010d\u00ed p\u0159ed uklouznut\u00edm.<\/li>\n<li><strong>Bezpe\u010dn\u00e9 p\u0159\u00edsavky:<\/strong> Pevn\u011b dr\u017e\u00ed na podlaze vany nebo sprchy a zabra\u0148uj\u00ed tak nehod\u00e1m.<\/li>\n<li><strong>Snadno se su\u0161\u00ed:<\/strong> Vlo\u017een\u00fd otvor umo\u017e\u0148uje snadn\u00e9 zav\u011b\u0161en\u00ed a su\u0161en\u00ed na p\u0159ilo\u017een\u00e9m h\u00e1\u010dku.<\/li>\n<li><strong>Pohodln\u00fd h\u00e1\u010dek: <\/strong>Dod\u00e1v\u00e1 se s h\u00e1\u010dkem s p\u0159\u00edsavkou pro snadn\u00e9 ulo\u017een\u00ed, kdy\u017e se nepou\u017e\u00edv\u00e1.<\/li>\n<\/ul>\n<p> S protiskluzovou podlo\u017ekou do vany Rumpy bude koup\u00e1n\u00ed bezpe\u010dn\u00e9 a p\u0159\u00edjemn\u00e9. Je ide\u00e1ln\u00ed pro d\u011bti, kter\u00e9 se r\u00e1dy bav\u00ed, a pro rodi\u010de, kte\u0159\u00ed si cen\u00ed bezpe\u010dnosti.  &nbsp;<\/p>\n","protected":false},"excerpt":{"rendered":"<p>Zdaj\u00ed se v\u00e1m kluzk\u00e9 st\u011bny vany nebo sprchov\u00e9 vani\u010dky tak nebezpe\u010dn\u00e9? Pak jsou tu na\u0161e extr\u00e9mn\u011b roztomil\u00e9 protiskluzov\u00e9 koupelnov\u00e9 p\u0159edlo\u017eky. N\u00e1\u0161 hroch a na\u0161e velryba se postaraj\u00ed o to, aby se va\u0161e d\u011b\u0165\u00e1tko mohlo bezpe\u010dn\u011b vykoupat nebo osprchovat, ani\u017e by uklouzlo. Ve spodn\u00ed \u010d\u00e1sti koupelnov\u00fdch p\u0159edlo\u017eek je n\u011bkolik p\u0159\u00edsavek, tak\u017ee bezpe\u010dn\u011b p\u0159ilnou k povrchu. Krom\u011b toho je zde otvor, tak\u017ee koupelnovou p\u0159edlo\u017eku m\u016f\u017eete po pou\u017eit\u00ed snadno zav\u011bsit na p\u0159ilo\u017een\u00fd h\u00e1\u010dek, kter\u00fd m\u00e1 tak\u00e9 p\u0159\u00edsavku.<\/p>\n","protected":false},"featured_media":64897,"comment_status":"closed","ping_status":"closed","template":"","meta":{"_lmt_disableupdate":"","_lmt_disable":""},"product_brand":[],"product_cat":[578,506],"product_tag":[],"woo-feed-brand":[],"class_list":{"0":"post-64907","1":"product","2":"type-product","3":"status-publish","4":"has-post-thumbnail","6":"product_cat-dite-ve-vane","7":"product_cat-pece-o-telo","9":"first","10":"instock","11":"taxable","12":"shipping-taxable","13":"purchasable","14":"product-type-simple"},"_links":{"self":[{"href":"https:\/\/www.bojungle.eu\/cs\/wp-json\/wp\/v2\/product\/64907","targetHints":{"allow":["GET"]}}],"collection":[{"href":"https:\/\/www.bojungle.eu\/cs\/wp-json\/wp\/v2\/product"}],"about":[{"href":"https:\/\/www.bojungle.eu\/cs\/wp-json\/wp\/v2\/types\/product"}],"replies":[{"embeddable":true,"href":"https:\/\/www.bojungle.eu\/cs\/wp-json\/wp\/v2\/comments?post=64907"}],"version-history":[{"count":2,"href":"https:\/\/www.bojungle.eu\/cs\/wp-json\/wp\/v2\/product\/64907\/revisions"}],"predecessor-version":[{"id":76536,"href":"https:\/\/www.bojungle.eu\/cs\/wp-json\/wp\/v2\/product\/64907\/revisions\/76536"}],"wp:featuredmedia":[{"embeddable":true,"href":"https:\/\/www.bojungle.eu\/cs\/wp-json\/wp\/v2\/media\/64897"}],"wp:attachment":[{"href":"https:\/\/www.bojungle.eu\/cs\/wp-json\/wp\/v2\/media?parent=64907"}],"wp:term":[{"taxonomy":"product_brand","embeddable":true,"href":"https:\/\/www.bojungle.eu\/cs\/wp-json\/wp\/v2\/product_brand?post=64907"},{"taxonomy":"product_cat","embeddable":true,"href":"https:\/\/www.bojungle.eu\/cs\/wp-json\/wp\/v2\/product_cat?post=64907"},{"taxonomy":"product_tag","embeddable":true,"href":"https:\/\/www.bojungle.eu\/cs\/wp-json\/wp\/v2\/product_tag?post=64907"},{"taxonomy":"woo-feed-brand","embeddable":true,"href":"https:\/\/www.bojungle.eu\/cs\/wp-json\/wp\/v2\/woo-feed-brand?post=64907"}],"curies":[{"name":"wp","href":"https:\/\/api.w.org\/{rel}","templated":true}]}}