{"id":64975,"date":"2024-01-29T15:06:24","date_gmt":"2024-01-29T14:06:24","guid":{"rendered":"https:\/\/www.bojungle.eu\/product\/mekke-lzicky-silikonove-bila-seda-modra\/"},"modified":"2024-10-04T13:04:05","modified_gmt":"2024-10-04T11:04:05","slug":"mekke-lzicky-silikonove-bila-seda-modra","status":"publish","type":"product","link":"https:\/\/www.bojungle.eu\/cs\/produkt\/mekke-lzicky-silikonove-bila-seda-modra\/","title":{"rendered":"M\u011bkk\u00e9 l\u017ei\u010dky silikonov\u00e9 (b\u00edl\u00e1-\u0161ed\u00e1-modr\u00e1)"},"content":{"rendered":"<p>S na\u0161imi m\u011bkk\u00fdmi silikonov\u00fdmi d\u011btsk\u00fdmi l\u017ei\u010dkami, kter\u00e9 jsou navr\u017eeny s ohledem na pohodl\u00ed va\u0161eho d\u011b\u0165\u00e1tka, bude j\u00eddlo prob\u00edhat hladce. Jemn\u00e1 silikonov\u00e1 \u0161pi\u010dka chr\u00e1n\u00ed citliv\u00e9 d\u00e1sn\u011b, zat\u00edmco ploch\u00e1 p\u0159edn\u00ed \u010d\u00e1st usnad\u0148uje nab\u00edr\u00e1n\u00ed a odd\u011blov\u00e1n\u00ed j\u00eddla. Tyto l\u017ei\u010dky jsou bezpe\u010dn\u00e9 a pohodln\u00e9, lze je m\u00fdt v my\u010dce n\u00e1dob\u00ed pro snadn\u00e9 \u010di\u0161t\u011bn\u00ed a dod\u00e1vaj\u00ed se v sad\u011b t\u0159\u00ed kus\u016f. Nav\u00edc neobsahuj\u00ed BPA, co\u017e zaji\u0161\u0165uje bezpe\u010dnost va\u0161eho d\u00edt\u011bte p\u0159i ka\u017ed\u00e9m soustu.    <\/p>\n<ul>\n<li><strong>M\u011bkk\u00e1 silikonov\u00e1 \u0161pi\u010dka: <\/strong>\u0161etrn\u00e1 k d\u00e1sn\u00edm a ide\u00e1ln\u00ed pro prvn\u00ed kousnut\u00ed.<\/li>\n<li><strong>Ploch\u00e1 p\u0159edn\u00ed \u010d\u00e1st:<\/strong> Navr\u017eeno pro snadn\u00e9 nab\u00edr\u00e1n\u00ed.<\/li>\n<li><strong>Lze m\u00fdt v my\u010dce n\u00e1dob\u00ed:<\/strong> Bezprobl\u00e9mov\u00e9 \u010di\u0161t\u011bn\u00ed.<\/li>\n<li><strong>Neobsahuje BPA:<\/strong> Bezpe\u010dn\u00e9 a netoxick\u00e9.<\/li>\n<\/ul>\n<p> Ud\u011blejte si krmen\u00ed z\u00e1bavn\u00e9, bezpe\u010dn\u00e9 a snadn\u00e9!<\/p>\n","protected":false},"excerpt":{"rendered":"<div class=\"flex max-w-full flex-col flex-grow\">\n<div class=\"min-h-8 text-message flex w-full flex-col items-end gap-2 whitespace-normal break-words [.text-message+&amp;]:mt-5\" dir=\"auto\" data-message-author-role=\"assistant\" data-message-id=\"fd204360-cbd3-4df0-9ab5-f22ed10ca1b7\">\n<div class=\"flex w-full flex-col gap-1 empty:hidden first:pt-[3px]\">\n<div class=\"markdown prose w-full break-words dark:prose-invert light\"> Sada l\u017ei\u010dek z m\u011bkk\u00e9ho silikonu je ur\u010dena pro prvn\u00ed kous\u00e1n\u00ed va\u0161eho d\u00edt\u011bte a m\u00e1 m\u011bkkou silikonovou \u0161pi\u010dku, kter\u00e1 chr\u00e1n\u00ed citliv\u00e9 d\u00e1sn\u011b, a plochou p\u0159edn\u00ed \u010d\u00e1st pro snadn\u00e9 nab\u00edr\u00e1n\u00ed j\u00eddla. Lze je m\u00fdt v my\u010dce n\u00e1dob\u00ed a neobsahuj\u00ed BPA pro bezpe\u010dn\u00e9 a snadn\u00e9 pou\u017eit\u00ed.  <\/div>\n<\/div>\n<\/div>\n<\/div>\n<div class=\"mb-2 flex gap-3 empty:hidden -ml-2\">\n<div class=\"items-center justify-start rounded-xl p-1 flex\">\n<div class=\"flex items-center\">\n<div class=\"flex\"><\/div>\n<div class=\"flex items-center pb-0\"><\/div>\n<\/div>\n<\/div>\n<\/div>\n","protected":false},"featured_media":64925,"comment_status":"closed","ping_status":"closed","template":"","meta":{"_lmt_disableupdate":"","_lmt_disable":""},"product_brand":[],"product_cat":[561,429],"product_tag":[],"woo-feed-brand":[],"class_list":{"0":"post-64975","1":"product","2":"type-product","3":"status-publish","4":"has-post-thumbnail","6":"product_cat-cas-vecere","7":"product_cat-jidlo-a-piti","9":"first","10":"outofstock","11":"taxable","12":"shipping-taxable","13":"purchasable","14":"product-type-simple"},"_links":{"self":[{"href":"https:\/\/www.bojungle.eu\/cs\/wp-json\/wp\/v2\/product\/64975","targetHints":{"allow":["GET"]}}],"collection":[{"href":"https:\/\/www.bojungle.eu\/cs\/wp-json\/wp\/v2\/product"}],"about":[{"href":"https:\/\/www.bojungle.eu\/cs\/wp-json\/wp\/v2\/types\/product"}],"replies":[{"embeddable":true,"href":"https:\/\/www.bojungle.eu\/cs\/wp-json\/wp\/v2\/comments?post=64975"}],"version-history":[{"count":1,"href":"https:\/\/www.bojungle.eu\/cs\/wp-json\/wp\/v2\/product\/64975\/revisions"}],"predecessor-version":[{"id":78259,"href":"https:\/\/www.bojungle.eu\/cs\/wp-json\/wp\/v2\/product\/64975\/revisions\/78259"}],"wp:featuredmedia":[{"embeddable":true,"href":"https:\/\/www.bojungle.eu\/cs\/wp-json\/wp\/v2\/media\/64925"}],"wp:attachment":[{"href":"https:\/\/www.bojungle.eu\/cs\/wp-json\/wp\/v2\/media?parent=64975"}],"wp:term":[{"taxonomy":"product_brand","embeddable":true,"href":"https:\/\/www.bojungle.eu\/cs\/wp-json\/wp\/v2\/product_brand?post=64975"},{"taxonomy":"product_cat","embeddable":true,"href":"https:\/\/www.bojungle.eu\/cs\/wp-json\/wp\/v2\/product_cat?post=64975"},{"taxonomy":"product_tag","embeddable":true,"href":"https:\/\/www.bojungle.eu\/cs\/wp-json\/wp\/v2\/product_tag?post=64975"},{"taxonomy":"woo-feed-brand","embeddable":true,"href":"https:\/\/www.bojungle.eu\/cs\/wp-json\/wp\/v2\/woo-feed-brand?post=64975"}],"curies":[{"name":"wp","href":"https:\/\/api.w.org\/{rel}","templated":true}]}}