{"id":65039,"date":"2024-01-29T15:20:22","date_gmt":"2024-01-29T14:20:22","guid":{"rendered":"https:\/\/www.bojungle.eu\/product\/mekke-lzicky-silikonove-bila-seda-terakota\/"},"modified":"2024-01-29T15:21:03","modified_gmt":"2024-01-29T14:21:03","slug":"mekke-lzicky-silikonove-bila-seda-terakota","status":"publish","type":"product","link":"https:\/\/www.bojungle.eu\/cs\/produkt\/mekke-lzicky-silikonove-bila-seda-terakota\/","title":{"rendered":"M\u011bkk\u00e9 l\u017ei\u010dky silikonov\u00e9 (b\u00edl\u00e1-\u0161ed\u00e1-terakota)"},"content":{"rendered":"<ul>\n<li>Silikonov\u00e1 m\u011bkk\u00e1 \u0161pi\u010dka<\/li>\n<li>Ploch\u00e1 p\u0159edn\u00ed \u010d\u00e1st<\/li>\n<li>Lze m\u00fdt v my\u010dce n\u00e1dob\u00ed<\/li>\n<li>Neobsahuje BPA<\/li>\n<\/ul>\n","protected":false},"excerpt":{"rendered":"<div class=\"elementor-element elementor-element-80cf67d elementor-widget elementor-widget-jet-single-excerpt\" data-id=\"80cf67d\" data-element_type=\"widget\" data-widget_type=\"jet-single-excerpt.default\">\n<div class=\"elementor-widget-container\">\n<div class=\"elementor-jet-single-excerpt jet-woo-builder\">\n<div class=\"woocommerce-product-details__short-description\">\n<p>Ide\u00e1ln\u00ed l\u017ei\u010dka na prvn\u00ed sousta. D\u00edky m\u011bkk\u00e9 silikonov\u00e9 \u0161pi\u010dce jsou d\u00e1sn\u011b va\u0161eho d\u011b\u0165\u00e1tka v\u017edy chr\u00e1n\u011bny. Ploch\u00e1 p\u0159edn\u00ed strana v\u00fdrazn\u011b usnad\u0148uje vyh\u00e1knut\u00ed j\u00eddla. L\u017e\u00edce lze m\u00fdt v my\u010dce n\u00e1dob\u00ed a prod\u00e1vaj\u00ed se v sad\u011b po 3 kusech.<\/p>\n<\/div>\n<\/div>\n<\/div>\n<\/div>\n<div class=\"elementor-element elementor-element-c5d7d93 elementor-widget elementor-widget-spacer\" data-id=\"c5d7d93\" data-element_type=\"widget\" data-widget_type=\"spacer.default\">\n<div class=\"elementor-widget-container\">\n<div class=\"elementor-spacer\"><\/div>\n<\/div>\n<\/div>\n","protected":false},"featured_media":64989,"comment_status":"closed","ping_status":"closed","template":"","meta":{"_lmt_disableupdate":"","_lmt_disable":""},"product_brand":[],"product_cat":[561,429],"product_tag":[],"woo-feed-brand":[],"class_list":{"0":"post-65039","1":"product","2":"type-product","3":"status-publish","4":"has-post-thumbnail","6":"product_cat-cas-vecere","7":"product_cat-jidlo-a-piti","9":"first","10":"instock","11":"taxable","12":"shipping-taxable","13":"purchasable","14":"product-type-simple"},"_links":{"self":[{"href":"https:\/\/www.bojungle.eu\/cs\/wp-json\/wp\/v2\/product\/65039","targetHints":{"allow":["GET"]}}],"collection":[{"href":"https:\/\/www.bojungle.eu\/cs\/wp-json\/wp\/v2\/product"}],"about":[{"href":"https:\/\/www.bojungle.eu\/cs\/wp-json\/wp\/v2\/types\/product"}],"replies":[{"embeddable":true,"href":"https:\/\/www.bojungle.eu\/cs\/wp-json\/wp\/v2\/comments?post=65039"}],"version-history":[{"count":0,"href":"https:\/\/www.bojungle.eu\/cs\/wp-json\/wp\/v2\/product\/65039\/revisions"}],"wp:featuredmedia":[{"embeddable":true,"href":"https:\/\/www.bojungle.eu\/cs\/wp-json\/wp\/v2\/media\/64989"}],"wp:attachment":[{"href":"https:\/\/www.bojungle.eu\/cs\/wp-json\/wp\/v2\/media?parent=65039"}],"wp:term":[{"taxonomy":"product_brand","embeddable":true,"href":"https:\/\/www.bojungle.eu\/cs\/wp-json\/wp\/v2\/product_brand?post=65039"},{"taxonomy":"product_cat","embeddable":true,"href":"https:\/\/www.bojungle.eu\/cs\/wp-json\/wp\/v2\/product_cat?post=65039"},{"taxonomy":"product_tag","embeddable":true,"href":"https:\/\/www.bojungle.eu\/cs\/wp-json\/wp\/v2\/product_tag?post=65039"},{"taxonomy":"woo-feed-brand","embeddable":true,"href":"https:\/\/www.bojungle.eu\/cs\/wp-json\/wp\/v2\/woo-feed-brand?post=65039"}],"curies":[{"name":"wp","href":"https:\/\/api.w.org\/{rel}","templated":true}]}}