{"id":65091,"date":"2024-01-29T15:41:02","date_gmt":"2024-01-29T14:41:02","guid":{"rendered":"https:\/\/www.bojungle.eu\/product\/bublinkovy-stroj-zippy-zralok\/"},"modified":"2024-02-08T16:36:00","modified_gmt":"2024-02-08T15:36:00","slug":"bublinkovy-stroj-zippy-zralok","status":"publish","type":"product","link":"https:\/\/www.bojungle.eu\/cs\/produkt\/bublinkovy-stroj-zippy-zralok\/","title":{"rendered":"Bublinkov\u00fd stroj &#8211; Zippy \u017eralok"},"content":{"rendered":"<ul>\n<li>V\u00edce ne\u017e 2000 bublin za minutu<\/li>\n<li>R\u016fzn\u00e9 tvary bublin<\/li>\n<li>Barevn\u00e9 bubliny<\/li>\n<li>Snadn\u00e9 pou\u017eit\u00ed<\/li>\n<li>S hudbou nebo bez n\u00ed<\/li>\n<li>Ide\u00e1ln\u00ed d\u00e1rek!<\/li>\n<li>Pro interi\u00e9r i exteri\u00e9r<\/li>\n<li>4x AA baterie (nejsou sou\u010d\u00e1st\u00ed balen\u00ed)<\/li>\n<li>V\u010detn\u011b bublinkov\u00e9ho produktu<\/li>\n<\/ul>\n","protected":false},"excerpt":{"rendered":"<p>Bublifuk Zippy the shark vytv\u00e1\u0159\u00ed bubliny r\u016fzn\u00fdch tvar\u016f, jako jsou mal\u00e9 kruhy, hv\u011bzdy a srdce, kter\u00e9 p\u0159itahuj\u00ed pozornost d\u011bt\u00ed. Dok\u00e1\u017ee vyprodukovat v\u00edce ne\u017e 2000 bublin za minutu a dok\u00e1\u017ee vyfouknout tuny barevn\u00fdch bublin rychleji, v\u00fd\u0161e a d\u00e1le. D\u00edky legra\u010dn\u00edmu tvaru \u017eraloka se surfovac\u00edm prknem se d\u011bti v\u0161ech v\u011bkov\u00fdch kategori\u00ed c\u00edt\u00ed pohodln\u011b, kdy\u017e ze sv\u00e9 tlamy st\u0159\u00edk\u00e1 tuny bublin a l\u00e9t\u00e1 do vzduchu. M\u016f\u017eete jej pou\u017e\u00edvat s hudbou nebo bez n\u00ed. Je to perfektn\u00ed d\u00e1rek a lze jej pou\u017e\u00edt uvnit\u0159 i venku. Za\u0159\u00edzen\u00ed se nav\u00edc velmi snadno pou\u017e\u00edv\u00e1 a brzy si budete p\u0159edstavovat sami sebe v poh\u00e1dkov\u00e9m sv\u011bt\u011b.<\/p>\n","protected":false},"featured_media":65051,"comment_status":"closed","ping_status":"closed","template":"","meta":{"_lmt_disableupdate":"","_lmt_disable":""},"product_brand":[],"product_cat":[483,605,471,806],"product_tag":[],"woo-feed-brand":[],"class_list":{"0":"post-65091","1":"product","2":"type-product","3":"status-publish","4":"has-post-thumbnail","6":"product_cat-barevne-hracky","7":"product_cat-hracky-pro-aktivity","8":"product_cat-playtime-cs","9":"product_cat-v-zahrade","11":"first","12":"instock","13":"taxable","14":"shipping-taxable","15":"purchasable","16":"product-type-simple"},"_links":{"self":[{"href":"https:\/\/www.bojungle.eu\/cs\/wp-json\/wp\/v2\/product\/65091","targetHints":{"allow":["GET"]}}],"collection":[{"href":"https:\/\/www.bojungle.eu\/cs\/wp-json\/wp\/v2\/product"}],"about":[{"href":"https:\/\/www.bojungle.eu\/cs\/wp-json\/wp\/v2\/types\/product"}],"replies":[{"embeddable":true,"href":"https:\/\/www.bojungle.eu\/cs\/wp-json\/wp\/v2\/comments?post=65091"}],"version-history":[{"count":1,"href":"https:\/\/www.bojungle.eu\/cs\/wp-json\/wp\/v2\/product\/65091\/revisions"}],"predecessor-version":[{"id":65404,"href":"https:\/\/www.bojungle.eu\/cs\/wp-json\/wp\/v2\/product\/65091\/revisions\/65404"}],"wp:featuredmedia":[{"embeddable":true,"href":"https:\/\/www.bojungle.eu\/cs\/wp-json\/wp\/v2\/media\/65051"}],"wp:attachment":[{"href":"https:\/\/www.bojungle.eu\/cs\/wp-json\/wp\/v2\/media?parent=65091"}],"wp:term":[{"taxonomy":"product_brand","embeddable":true,"href":"https:\/\/www.bojungle.eu\/cs\/wp-json\/wp\/v2\/product_brand?post=65091"},{"taxonomy":"product_cat","embeddable":true,"href":"https:\/\/www.bojungle.eu\/cs\/wp-json\/wp\/v2\/product_cat?post=65091"},{"taxonomy":"product_tag","embeddable":true,"href":"https:\/\/www.bojungle.eu\/cs\/wp-json\/wp\/v2\/product_tag?post=65091"},{"taxonomy":"woo-feed-brand","embeddable":true,"href":"https:\/\/www.bojungle.eu\/cs\/wp-json\/wp\/v2\/woo-feed-brand?post=65091"}],"curies":[{"name":"wp","href":"https:\/\/api.w.org\/{rel}","templated":true}]}}