{"id":65174,"date":"2024-01-29T16:23:31","date_gmt":"2024-01-29T15:23:31","guid":{"rendered":"https:\/\/www.bojungle.eu\/product\/3-v-1-walker-makova-zelena\/"},"modified":"2025-06-19T15:49:49","modified_gmt":"2025-06-19T13:49:49","slug":"3-v-1-walker-makova-zelena","status":"publish","type":"product","link":"https:\/\/www.bojungle.eu\/cs\/produkt\/3-v-1-walker-makova-zelena\/","title":{"rendered":"3 v 1 Walker Makov\u00e1 zelen\u00e1"},"content":{"rendered":"<div class=\"flex-shrink-0 flex flex-col relative items-end\">\n<div>\n<div class=\"pt-0\">\n<div class=\"gizmo-bot-avatar flex h-8 w-8 items-center justify-center overflow-hidden rounded-full\">\n<div class=\"relative p-1 rounded-sm flex items-center justify-center bg-token-main-surface-primary text-token-text-primary h-8 w-8\">Nechte motor prasknout s na\u0161\u00edm 3-in-1 Walker Poppy Green , va\u0161\u00ed malou z\u00e1vodn\u00ed hv\u011bzdou! Toto v\u0161estrann\u00e9 chod\u00edtko je navr\u017eeno tak, aby rostlo s va\u0161\u00edm d\u00edt\u011btem a prom\u011bnilo se z par\u00e1dn\u00ed z\u00e1vodn\u00ed autoseda\u010dky na chod\u00edtko a dokonce i na ko\u010d\u00e1rek. <\/div>\n<\/div>\n<\/div>\n<\/div>\n<\/div>\n<div class=\"group\/conversation-turn relative flex w-full min-w-0 flex-col agent-turn\">\n<div class=\"flex-col gap-1 md:gap-3\">\n<div class=\"flex max-w-full flex-col flex-grow\">\n<div class=\"min-h-[20px] text-message flex w-full flex-col items-end gap-2 break-words [.text-message+&amp;]:mt-5 overflow-x-auto whitespace-pre-wrap\" dir=\"auto\" data-message-author-role=\"assistant\" data-message-id=\"fedb9589-ff2d-4632-9e0d-009a6d3232ab\">\n<div class=\"flex w-full flex-col gap-1 empty:hidden first:pt-[3px]\">\n<div class=\"markdown prose w-full break-words dark:prose-invert light\">\n<h3>Vlastnosti:<\/h3>\n<ul>\n<li><strong>Roste s va\u0161\u00edm d\u00edt\u011btem: <\/strong>Seda\u010dka se d\u00e1 nastavit do 3 r\u016fzn\u00fdch v\u00fd\u0161ek podle toho, jak d\u00edt\u011b roste, a je tak pohodln\u00e1 v ka\u017ed\u00e9 f\u00e1zi r\u016fstu.<\/li>\n<li><strong>Z\u00e1bavn\u00fd volant:<\/strong> P\u0159\u00edstrojov\u00e1 deska je vybavena volantem, sv\u011btly a r\u016fzn\u00fdmi melodiemi, kter\u00e9 va\u0161e d\u00edt\u011b zabav\u00ed.<\/li>\n<li><strong>Snadn\u00e9 man\u00e9vrov\u00e1n\u00ed: <\/strong>D\u00edky 4 kole\u010dk\u016fm a p\u0159edn\u00edm oto\u010dn\u00fdm kole\u010dk\u016fm o 360\u00b0 se va\u0161e d\u00edt\u011b m\u016f\u017ee snadno a hladce pohybovat.<\/li>\n<li><strong>Jednoduch\u00e9 ukl\u00e1d\u00e1n\u00ed: <\/strong>Chod\u00edtko se rychle skl\u00e1d\u00e1, tak\u017ee ho lze snadno ulo\u017eit nebo vz\u00edt s sebou na cesty.<\/li>\n<li><strong>Design 3 v 1: <\/strong>Snadno se zm\u011bn\u00ed z chod\u00edtka na ko\u010d\u00e1rek, co\u017e v\u00e1m umo\u017en\u00ed flexibilitu p\u0159i jak\u00e9mkoli dobrodru\u017estv\u00ed.<\/li>\n<li><strong>Snadno se \u010dist\u00ed: <\/strong>Potah je sn\u00edmateln\u00fd a prateln\u00fd, tak\u017ee chod\u00edtko z\u016fst\u00e1v\u00e1 sv\u011b\u017e\u00ed a \u010dist\u00e9.<\/li>\n<\/ul>\n<p>Nechte sv\u00e9 ratolest d\u011blat prvn\u00ed kr\u016f\u010dky s radost\u00ed a nad\u0161en\u00edm v bot\u011b Walker Poppy Green 3 v 1. A\u0165 u\u017e se proch\u00e1zej\u00ed po dom\u011b nebo se u\u010d\u00ed chodit, toto chod\u00edtko nab\u00edz\u00ed nekone\u010dnou z\u00e1bavu a podporu. <\/p>\n<table border=\"1\">\n<tbody>\n<tr>\n<td>Manu\u00e1ln\u00ed\n<\/td>\n<td><a href=\"https:\/\/www.bojungle.eu\/wp-content\/uploads\/2025\/06\/B910530-910540-manual.pdf\">Klikn\u011bte zde<\/a><\/td>\n<\/tr>\n<\/tbody>\n<\/table>\n<\/div>\n<\/div>\n<\/div>\n<\/div>\n<\/div>\n<\/div>\n","protected":false},"excerpt":{"rendered":"<div class=\"elementor-element elementor-element-80cf67d elementor-widget elementor-widget-jet-single-excerpt\" data-id=\"80cf67d\" data-element_type=\"widget\" data-widget_type=\"jet-single-excerpt.default\">\n<div class=\"elementor-widget-container\">\n<div class=\"elementor-jet-single-excerpt jet-woo-builder\">\n<div class=\"woocommerce-product-details__short-description\">\n<div class=\"flex max-w-full flex-col flex-grow\">\n<div class=\"min-h-[20px] text-message flex w-full flex-col items-end gap-2 break-words [.text-message+&amp;]:mt-5 overflow-x-auto whitespace-pre-wrap\" dir=\"auto\" data-message-author-role=\"assistant\" data-message-id=\"409651fe-ab51-4f04-83c5-1b327069df1a\">\n<div class=\"flex w-full flex-col gap-1 empty:hidden first:pt-[3px]\">\n<div class=\"markdown prose w-full break-words dark:prose-invert light\">\n<p>Nechte sv\u00e9 ratolest p\u0159ibl\u00ed\u017eit se do akce s na\u0161\u00edm 3-in-1 Walker Poppy Green! Toto z\u00e1bavn\u00e9 a flexibiln\u00ed chod\u00edtko roste s va\u0161\u00edm d\u00edt\u011btem a snadno se prom\u011bn\u00ed ze z\u00e1vodn\u00ed autoseda\u010dky na chod\u00edtko a dokonce i na ko\u010d\u00e1rek. S nastavitelnou v\u00fd\u0161kou, hrav\u00fdm volantem se sv\u011btly a melodiemi, hladk\u00fdmi koly oto\u010dn\u00fdmi o 360\u00b0 a skl\u00e1dac\u00edm designem pro snadn\u00e9 skladov\u00e1n\u00ed je stvo\u0159en pro z\u00e1bavu i pohodl\u00ed. Odn\u00edmateln\u00fd, prateln\u00fd potah ji nav\u00edc udr\u017euje \u010distou a sv\u011b\u017e\u00ed. Ide\u00e1ln\u00ed pro prvn\u00ed kr\u016f\u010dky va\u0161eho d\u00edt\u011bte i po n\u011bm.    <\/p>\n<\/div>\n<\/div>\n<\/div>\n<\/div>\n<\/div>\n<\/div>\n<\/div>\n<\/div>\n<div class=\"elementor-element elementor-element-c5d7d93 elementor-widget elementor-widget-spacer\" data-id=\"c5d7d93\" data-element_type=\"widget\" data-widget_type=\"spacer.default\">\n<div class=\"elementor-widget-container\">\n<div class=\"elementor-spacer\"><\/div>\n<\/div>\n<\/div>\n","protected":false},"featured_media":65114,"comment_status":"closed","ping_status":"closed","template":"","meta":{"_lmt_disableupdate":"","_lmt_disable":""},"product_brand":[],"product_cat":[483,605,471],"product_tag":[],"woo-feed-brand":[],"class_list":{"0":"post-65174","1":"product","2":"type-product","3":"status-publish","4":"has-post-thumbnail","6":"product_cat-barevne-hracky","7":"product_cat-hracky-pro-aktivity","8":"product_cat-playtime-cs","10":"first","11":"instock","12":"taxable","13":"shipping-taxable","14":"purchasable","15":"product-type-simple"},"_links":{"self":[{"href":"https:\/\/www.bojungle.eu\/cs\/wp-json\/wp\/v2\/product\/65174","targetHints":{"allow":["GET"]}}],"collection":[{"href":"https:\/\/www.bojungle.eu\/cs\/wp-json\/wp\/v2\/product"}],"about":[{"href":"https:\/\/www.bojungle.eu\/cs\/wp-json\/wp\/v2\/types\/product"}],"replies":[{"embeddable":true,"href":"https:\/\/www.bojungle.eu\/cs\/wp-json\/wp\/v2\/comments?post=65174"}],"version-history":[{"count":2,"href":"https:\/\/www.bojungle.eu\/cs\/wp-json\/wp\/v2\/product\/65174\/revisions"}],"predecessor-version":[{"id":80527,"href":"https:\/\/www.bojungle.eu\/cs\/wp-json\/wp\/v2\/product\/65174\/revisions\/80527"}],"wp:featuredmedia":[{"embeddable":true,"href":"https:\/\/www.bojungle.eu\/cs\/wp-json\/wp\/v2\/media\/65114"}],"wp:attachment":[{"href":"https:\/\/www.bojungle.eu\/cs\/wp-json\/wp\/v2\/media?parent=65174"}],"wp:term":[{"taxonomy":"product_brand","embeddable":true,"href":"https:\/\/www.bojungle.eu\/cs\/wp-json\/wp\/v2\/product_brand?post=65174"},{"taxonomy":"product_cat","embeddable":true,"href":"https:\/\/www.bojungle.eu\/cs\/wp-json\/wp\/v2\/product_cat?post=65174"},{"taxonomy":"product_tag","embeddable":true,"href":"https:\/\/www.bojungle.eu\/cs\/wp-json\/wp\/v2\/product_tag?post=65174"},{"taxonomy":"woo-feed-brand","embeddable":true,"href":"https:\/\/www.bojungle.eu\/cs\/wp-json\/wp\/v2\/woo-feed-brand?post=65174"}],"curies":[{"name":"wp","href":"https:\/\/api.w.org\/{rel}","templated":true}]}}