{"id":76647,"date":"2024-10-30T12:39:54","date_gmt":"2024-10-30T11:39:54","guid":{"rendered":"https:\/\/www.bojungle.eu\/?post_type=product&#038;p=76647"},"modified":"2025-05-27T16:54:53","modified_gmt":"2025-05-27T14:54:53","slug":"balneo-prebalovaci-pult-ciste-bila","status":"publish","type":"product","link":"https:\/\/www.bojungle.eu\/cs\/produkt\/balneo-prebalovaci-pult-ciste-bila\/","title":{"rendered":"Balneo p\u0159ebalovac\u00ed pult \u010dist\u011b b\u00edl\u00e1"},"content":{"rendered":"<p>P\u0159ebalovac\u00ed pult Balneo je skv\u011bl\u00fdm dopl\u0148kem ka\u017ed\u00e9ho d\u011btsk\u00e9ho pokoje. Kombinuje styl a prakti\u010dnost s jednoduch\u00fdm, modern\u00edm designem, kter\u00fd vypad\u00e1 skv\u011ble v ka\u017ed\u00e9m prostoru. P\u0159ebalovac\u00ed pult se dod\u00e1v\u00e1 ve dvou neutr\u00e1ln\u00edch barv\u00e1ch, \u010dist\u011b b\u00edl\u00e9 a st\u00ednov\u011b \u0161ed\u00e9, tak\u017ee jej lze snadno sladit s ostatn\u00edm n\u00e1bytkem. M\u00e1 tak\u00e9 robustn\u00ed d\u0159ev\u011bn\u00e9 nohy, kter\u00e9 jeho \u010dist\u00e9mu vzhledu dod\u00e1vaj\u00ed h\u0159ejiv\u00fd, p\u0159\u00edrodn\u00ed pocit.   <\/p>\n<p>St\u016fl je navr\u017een tak, aby co nejv\u00edce usnadnil v\u00fdm\u011bnu plenek a p\u00e9\u010di o d\u00edt\u011b. Jeho sou\u010d\u00e1st\u00ed je praktick\u00e1 ta\u0161ka a ko\u0161, tak\u017ee v\u0161echny pot\u0159ebn\u00e9 v\u011bci budete m\u00edt v\u017edy po ruce. Pom\u00e1h\u00e1 tak udr\u017eovat v d\u011btsk\u00e9m pokoji po\u0159\u00e1dek a nepo\u0159\u00e1dek, co\u017e rodi\u010d\u016fm umo\u017e\u0148uje soust\u0159edit se na sv\u00e9 d\u00edt\u011b.  <\/p>\n<p>Pro je\u0161t\u011b v\u011bt\u0161\u00ed pohodl\u00ed jsou potahy na p\u0159ebalovac\u00ed pult k dispozici samostatn\u011b. Tyto kryty pom\u00e1haj\u00ed udr\u017eovat st\u016fl \u010dist\u00fd a uklizen\u00fd a usnad\u0148uj\u00ed jeho \u00fadr\u017ebu. P\u0159ebalovac\u00ed pult Balneo je praktickou a stylovou volbou do ka\u017ed\u00e9ho d\u011btsk\u00e9ho pokoje, proto\u017ee nab\u00edz\u00ed jak funk\u010dnost, tak kr\u00e1sn\u00fd a jednoduch\u00fd design.  <\/p>\n<table border=\"1\">\n<tbody>\n<tr>\n<td>Manu\u00e1ln\u00ed\n<\/td>\n<td><a href=\"https:\/\/www.bojungle.eu\/wp-content\/uploads\/2025\/05\/B430200-B430210-Manual-Changing-Table.pdf\">Klikn\u011bte zde<\/a><\/td>\n<\/tr>\n<\/tbody>\n<\/table>\n","protected":false},"excerpt":{"rendered":"<p><span class=\"OYPEnA font-feature-liga-off font-feature-clig-off font-feature-calt-off text-decoration-none text-strikethrough-none\">P\u0159ebalovac\u00ed pult Balneo je ide\u00e1ln\u00edm dopl\u0148kem do ka\u017ed\u00e9ho d\u011btsk\u00e9ho pokoje. Tento kr\u00e1sn\u00fd p\u0159ebalovac\u00ed pult, kter\u00fd kombinuje funk\u010dnost s \u010dist\u00fdm, minimalistick\u00fdm designem, je dostupn\u00fd ve dvou neutr\u00e1ln\u00edch barv\u00e1ch: Pure White a Shady Grey. Ob\u011b varianty se vyzna\u010duj\u00ed pevn\u00fdmi d\u0159ev\u011bn\u00fdmi nohami, kter\u00e9 dod\u00e1vaj\u00ed modern\u00edmu vzhledu stolu h\u0159ejiv\u00fd p\u0159\u00edrodn\u00ed n\u00e1dech. Pro v\u011bt\u0161\u00ed pohodl\u00ed a ochranu jsou kryty k dispozici samostatn\u011b a udr\u017euj\u00ed p\u0159ebalovac\u00ed pult \u010dist\u00fd a uklizen\u00fd.   <\/span><\/p>\n","protected":false},"featured_media":76548,"comment_status":"closed","ping_status":"closed","template":"","meta":{"_lmt_disableupdate":"","_lmt_disable":""},"product_brand":[],"product_cat":[579,506],"product_tag":[],"woo-feed-brand":[],"class_list":{"0":"post-76647","1":"product","2":"type-product","3":"status-publish","4":"has-post-thumbnail","6":"product_cat-krasa-a-zdravi-ditete","7":"product_cat-pece-o-telo","9":"first","10":"instock","11":"featured","12":"taxable","13":"shipping-taxable","14":"purchasable","15":"product-type-simple"},"_links":{"self":[{"href":"https:\/\/www.bojungle.eu\/cs\/wp-json\/wp\/v2\/product\/76647","targetHints":{"allow":["GET"]}}],"collection":[{"href":"https:\/\/www.bojungle.eu\/cs\/wp-json\/wp\/v2\/product"}],"about":[{"href":"https:\/\/www.bojungle.eu\/cs\/wp-json\/wp\/v2\/types\/product"}],"replies":[{"embeddable":true,"href":"https:\/\/www.bojungle.eu\/cs\/wp-json\/wp\/v2\/comments?post=76647"}],"version-history":[{"count":2,"href":"https:\/\/www.bojungle.eu\/cs\/wp-json\/wp\/v2\/product\/76647\/revisions"}],"predecessor-version":[{"id":80003,"href":"https:\/\/www.bojungle.eu\/cs\/wp-json\/wp\/v2\/product\/76647\/revisions\/80003"}],"wp:featuredmedia":[{"embeddable":true,"href":"https:\/\/www.bojungle.eu\/cs\/wp-json\/wp\/v2\/media\/76548"}],"wp:attachment":[{"href":"https:\/\/www.bojungle.eu\/cs\/wp-json\/wp\/v2\/media?parent=76647"}],"wp:term":[{"taxonomy":"product_brand","embeddable":true,"href":"https:\/\/www.bojungle.eu\/cs\/wp-json\/wp\/v2\/product_brand?post=76647"},{"taxonomy":"product_cat","embeddable":true,"href":"https:\/\/www.bojungle.eu\/cs\/wp-json\/wp\/v2\/product_cat?post=76647"},{"taxonomy":"product_tag","embeddable":true,"href":"https:\/\/www.bojungle.eu\/cs\/wp-json\/wp\/v2\/product_tag?post=76647"},{"taxonomy":"woo-feed-brand","embeddable":true,"href":"https:\/\/www.bojungle.eu\/cs\/wp-json\/wp\/v2\/woo-feed-brand?post=76647"}],"curies":[{"name":"wp","href":"https:\/\/api.w.org\/{rel}","templated":true}]}}