{"id":76780,"date":"2024-08-27T16:36:21","date_gmt":"2024-08-27T14:36:21","guid":{"rendered":"https:\/\/www.bojungle.eu\/?post_type=product&#038;p=76780"},"modified":"2025-04-15T15:07:28","modified_gmt":"2025-04-15T13:07:28","slug":"obal-menici-se-polstar-grey","status":"publish","type":"product","link":"https:\/\/www.bojungle.eu\/cs\/produkt\/obal-menici-se-polstar-grey\/","title":{"rendered":"Obal m\u011bn\u00edc\u00ed se pol\u0161t\u00e1\u0159 Grey"},"content":{"rendered":"<p><span class=\"OYPEnA font-feature-liga-off font-feature-clig-off font-feature-calt-off text-decoration-none text-strikethrough-none\">P\u0159ebalovac\u00ed pol\u0161t\u00e1\u0159 Cover Grey je ide\u00e1ln\u00ed pro p\u0159ebalovac\u00ed pult Balneo od Bo Jungle. M\u011bkk\u00fd materi\u00e1l poskytuje pohodl\u00ed pro jemnou poko\u017eku va\u0161eho d\u00edt\u011bte. Pol\u0161t\u00e1\u0159 lze snadno vym\u011bnit, co\u017e usnad\u0148uje p\u0159ebalov\u00e1n\u00ed a zvy\u0161uje hygienu. <\/span><\/p>\n<ul>\n<li><span class=\"OYPEnA font-feature-liga-off font-feature-clig-off font-feature-calt-off text-decoration-none text-strikethrough-none\">Kompatibiln\u00ed pro P\u0159ebalovac\u00ed st\u016fl Balneo od Bo Jungle<\/span><\/li>\n<li>P\u0159\u00edjemn\u00fd pocit pro jemnou d\u011btskou poko\u017eku<\/li>\n<li>Snadn\u00e1 v\u00fdm\u011bna<\/li>\n<\/ul>\n","protected":false},"excerpt":{"rendered":"<p><span class=\"OYPEnA font-feature-liga-off font-feature-clig-off font-feature-calt-off text-decoration-none text-strikethrough-none\">P\u0159ebalovac\u00ed pol\u0161t\u00e1\u0159 Cover Grey je ide\u00e1ln\u00ed pro p\u0159ebalovac\u00ed pult Balneo od Bo Jungle. M\u011bkk\u00fd materi\u00e1l poskytuje pohodl\u00ed pro jemnou poko\u017eku va\u0161eho d\u00edt\u011bte. Pol\u0161t\u00e1\u0159 lze snadno vym\u011bnit, co\u017e usnad\u0148uje p\u0159ebalov\u00e1n\u00ed a zvy\u0161uje hygienu. <\/span><\/p>\n","protected":false},"featured_media":76728,"comment_status":"closed","ping_status":"closed","template":"","meta":{"_lmt_disableupdate":"no","_lmt_disable":""},"product_brand":[],"product_cat":[579,506],"product_tag":[],"woo-feed-brand":[],"class_list":{"0":"post-76780","1":"product","2":"type-product","3":"status-publish","4":"has-post-thumbnail","6":"product_cat-krasa-a-zdravi-ditete","7":"product_cat-pece-o-telo","9":"first","10":"instock","11":"taxable","12":"shipping-taxable","13":"purchasable","14":"product-type-simple"},"_links":{"self":[{"href":"https:\/\/www.bojungle.eu\/cs\/wp-json\/wp\/v2\/product\/76780","targetHints":{"allow":["GET"]}}],"collection":[{"href":"https:\/\/www.bojungle.eu\/cs\/wp-json\/wp\/v2\/product"}],"about":[{"href":"https:\/\/www.bojungle.eu\/cs\/wp-json\/wp\/v2\/types\/product"}],"replies":[{"embeddable":true,"href":"https:\/\/www.bojungle.eu\/cs\/wp-json\/wp\/v2\/comments?post=76780"}],"version-history":[{"count":1,"href":"https:\/\/www.bojungle.eu\/cs\/wp-json\/wp\/v2\/product\/76780\/revisions"}],"predecessor-version":[{"id":79600,"href":"https:\/\/www.bojungle.eu\/cs\/wp-json\/wp\/v2\/product\/76780\/revisions\/79600"}],"wp:featuredmedia":[{"embeddable":true,"href":"https:\/\/www.bojungle.eu\/cs\/wp-json\/wp\/v2\/media\/76728"}],"wp:attachment":[{"href":"https:\/\/www.bojungle.eu\/cs\/wp-json\/wp\/v2\/media?parent=76780"}],"wp:term":[{"taxonomy":"product_brand","embeddable":true,"href":"https:\/\/www.bojungle.eu\/cs\/wp-json\/wp\/v2\/product_brand?post=76780"},{"taxonomy":"product_cat","embeddable":true,"href":"https:\/\/www.bojungle.eu\/cs\/wp-json\/wp\/v2\/product_cat?post=76780"},{"taxonomy":"product_tag","embeddable":true,"href":"https:\/\/www.bojungle.eu\/cs\/wp-json\/wp\/v2\/product_tag?post=76780"},{"taxonomy":"woo-feed-brand","embeddable":true,"href":"https:\/\/www.bojungle.eu\/cs\/wp-json\/wp\/v2\/woo-feed-brand?post=76780"}],"curies":[{"name":"wp","href":"https:\/\/api.w.org\/{rel}","templated":true}]}}