{"id":76950,"date":"2024-09-10T09:30:51","date_gmt":"2024-09-10T07:30:51","guid":{"rendered":"https:\/\/www.bojungle.eu\/?post_type=product&#038;p=76950"},"modified":"2024-09-10T09:30:51","modified_gmt":"2024-09-10T07:30:51","slug":"ellies-hide-n-seek","status":"publish","type":"product","link":"https:\/\/www.bojungle.eu\/cs\/produkt\/ellies-hide-n-seek\/","title":{"rendered":"ELLIE\u2019s Hide \u2018n Seek"},"content":{"rendered":"<p>ELLIE&#8217;s Hide &#8218;n Seek je rozko\u0161n\u00e1 a hrav\u00e1 hudebn\u00ed hra\u010dka slon, kter\u00e1 p\u0159in\u00e1\u0161\u00ed nekone\u010dnou z\u00e1bavu a u\u010den\u00ed pro va\u0161e d\u00edt\u011b! Tato interaktivn\u00ed hra\u010dka je navr\u017eena tak, aby pobavila a zaujala sv\u00fdmi pestr\u00fdmi barvami a n\u00e1dhern\u00fdmi zvuky.  Vlastnosti: <\/p>\n<ul>\n<li><strong>T\u0159i hrav\u00e9 re\u017eimy: <\/strong>Snadno p\u0159ep\u00ednejte mezi t\u0159emi vzru\u0161uj\u00edc\u00edmi re\u017eimy jedin\u00fdm tla\u010d\u00edtkem! Vyberte si ze skv\u011bl\u00fdch zvukov\u00fdch efekt\u016f, z\u00e1bavn\u00fdch zvuk\u016f zv\u00ed\u0159at nebo chytlav\u00fdch melodi\u00ed. Ka\u017ed\u00fd re\u017eim nab\u00edz\u00ed jin\u00fd zp\u016fsob hran\u00ed a u\u010den\u00ed, d\u00edky \u010demu\u017e se va\u0161e d\u011b\u0165\u00e1tko zabav\u00ed na cel\u00e9 hodiny.  <\/li>\n<li><strong>Interaktivn\u00ed hra: <\/strong>Stisknut\u00edm tla\u010d\u00edtek odhal\u00edte roztomil\u00e1 zv\u00ed\u0159\u00e1tka, kter\u00e1 se skr\u00fdvaj\u00ed uvnit\u0159! Kdy\u017e bude va\u0161e d\u00edt\u011b komunikovat s ELLIE, bude pot\u011b\u0161eno, kdy\u017e uvid\u00ed roztomil\u00e1 zv\u00ed\u0159\u00e1tka vysko\u010dit a p\u0159idat do hry prvek p\u0159ekvapen\u00ed a vzru\u0161en\u00ed. <\/li>\n<li><strong>Poutav\u00e9 u\u010den\u00ed<\/strong>: ELLIE&#8217;s Hide&#8217;n Seek nen\u00ed jen o z\u00e1bav\u011b \u2013 je tak\u00e9 navr\u017een tak, aby podporoval u\u010den\u00ed a objevov\u00e1n\u00ed. Povzbuzuje va\u0161e d\u00edt\u011b, aby prozkoum\u00e1valo zvuky a rozv\u00edjelo jemn\u00e9 motorick\u00e9 dovednosti a p\u0159itom se bavilo! <\/li>\n<li><strong>Nastaviteln\u00e1 hlasitost:<\/strong> S nastaven\u00edm n\u00edzk\u00e9 i vysok\u00e9 hlasitosti m\u016f\u017eete ovl\u00e1dat zvuk tak, aby vyhovoval va\u0161emu prost\u0159ed\u00ed. A\u0165 u\u017e je \u010das ticha nebo hran\u00ed, ELLIE do toho p\u0159esn\u011b zapadne. <\/li>\n<li><strong>P\u0159ipraveno ke h\u0159e:<\/strong> ELLIE je dod\u00e1v\u00e1na se t\u0159emi 1,5V &#8222;AAA&#8220; bateriemi, kter\u00e9 jsou sou\u010d\u00e1st\u00ed balen\u00ed, tak\u017ee va\u0161e d\u00edt\u011b m\u016f\u017ee okam\u017eit\u011b za\u010d\u00edt hr\u00e1t. \u017d\u00e1dn\u00e9 dal\u0161\u00ed n\u00e1kupy nejsou pot\u0159eba! <\/li>\n<\/ul>\n<p> P\u0159ipravte se na nekone\u010dn\u00fd sm\u00edch a dobrodru\u017estv\u00ed s ELLIE&#8217;s Hide &#8218;n Seek \u2013 dokonal\u00fdm slon\u00edm p\u0159\u00edtelem pro interaktivn\u00ed hru a z\u00e1bavu z u\u010den\u00ed!<\/p>\n","protected":false},"excerpt":{"rendered":"<p>Pozdravte \u201eELLIE&#8217;S Hide &#8218;n Seek\u201c &#8211; super z\u00e1bavnou hudebn\u00ed hra\u010dku slona! M\u00e1 t\u0159i re\u017eimy, kter\u00e9 m\u016f\u017eete p\u0159ep\u00ednat jedn\u00edm tla\u010d\u00edtkem: skv\u011bl\u00e9 zvukov\u00e9 efekty, zvuky zv\u00ed\u0159at a chytlav\u00e9 melodie. jedin\u00fdm tla\u010d\u00edtkem najde\u0161 a uvid\u00ed\u0161 vyskakovat roztomil\u00e1 zv\u00ed\u0159\u00e1tka! ELLIE&#8217;S Hide &#8218;n Seek je p\u0159edev\u0161\u00edm o z\u00e1bav\u011b a u\u010den\u00ed. P\u0159ipravte se na spoustu sm\u00edchu a dobrodru\u017estv\u00ed s roztomil\u00fdm slon\u00edm kamar\u00e1dem!    <\/p>\n","protected":false},"featured_media":76890,"comment_status":"closed","ping_status":"closed","template":"","meta":{"_lmt_disableupdate":"","_lmt_disable":""},"product_brand":[],"product_cat":[471,483,608],"product_tag":[],"woo-feed-brand":[],"class_list":{"0":"post-76950","1":"product","2":"type-product","3":"status-publish","4":"has-post-thumbnail","6":"product_cat-playtime-cs","7":"product_cat-barevne-hracky","8":"product_cat-hudebni-hracky","10":"first","11":"instock","12":"taxable","13":"shipping-taxable","14":"purchasable","15":"product-type-simple"},"_links":{"self":[{"href":"https:\/\/www.bojungle.eu\/cs\/wp-json\/wp\/v2\/product\/76950","targetHints":{"allow":["GET"]}}],"collection":[{"href":"https:\/\/www.bojungle.eu\/cs\/wp-json\/wp\/v2\/product"}],"about":[{"href":"https:\/\/www.bojungle.eu\/cs\/wp-json\/wp\/v2\/types\/product"}],"replies":[{"embeddable":true,"href":"https:\/\/www.bojungle.eu\/cs\/wp-json\/wp\/v2\/comments?post=76950"}],"version-history":[{"count":1,"href":"https:\/\/www.bojungle.eu\/cs\/wp-json\/wp\/v2\/product\/76950\/revisions"}],"predecessor-version":[{"id":77485,"href":"https:\/\/www.bojungle.eu\/cs\/wp-json\/wp\/v2\/product\/76950\/revisions\/77485"}],"wp:featuredmedia":[{"embeddable":true,"href":"https:\/\/www.bojungle.eu\/cs\/wp-json\/wp\/v2\/media\/76890"}],"wp:attachment":[{"href":"https:\/\/www.bojungle.eu\/cs\/wp-json\/wp\/v2\/media?parent=76950"}],"wp:term":[{"taxonomy":"product_brand","embeddable":true,"href":"https:\/\/www.bojungle.eu\/cs\/wp-json\/wp\/v2\/product_brand?post=76950"},{"taxonomy":"product_cat","embeddable":true,"href":"https:\/\/www.bojungle.eu\/cs\/wp-json\/wp\/v2\/product_cat?post=76950"},{"taxonomy":"product_tag","embeddable":true,"href":"https:\/\/www.bojungle.eu\/cs\/wp-json\/wp\/v2\/product_tag?post=76950"},{"taxonomy":"woo-feed-brand","embeddable":true,"href":"https:\/\/www.bojungle.eu\/cs\/wp-json\/wp\/v2\/woo-feed-brand?post=76950"}],"curies":[{"name":"wp","href":"https:\/\/api.w.org\/{rel}","templated":true}]}}