{"id":76964,"date":"2024-09-10T09:27:36","date_gmt":"2024-09-10T07:27:36","guid":{"rendered":"https:\/\/www.bojungle.eu\/?post_type=product&#038;p=76964"},"modified":"2024-09-10T09:27:37","modified_gmt":"2024-09-10T07:27:37","slug":"prasteny-klaun","status":"publish","type":"product","link":"https:\/\/www.bojungle.eu\/cs\/produkt\/prasteny-klaun\/","title":{"rendered":"Pra\u0161t\u011bn\u00fd klaun"},"content":{"rendered":"<p>Pono\u0159te se do sv\u011bta z\u00e1bavy a hudby s na\u0161\u00edm Goofy Clownfish, dokonalou hudebn\u00ed hra\u010dkou navr\u017eenou tak, aby va\u0161emu d\u011b\u0165\u00e1tku p\u0159inesla radost a z\u00e1bavu! Tento rozko\u0161n\u00fd klaun je nabit\u00fd interaktivn\u00edmi funkcemi, kter\u00e9 va\u0161e d\u00edt\u011b zabav\u00ed a zabav\u00ed na cel\u00e9 hodiny.  <strong>Vlastnosti:<\/strong><\/p>\n<ul>\n<li><strong>T\u0159i hern\u00ed re\u017eimy: <\/strong>Pomoc\u00ed jednoduch\u00e9ho p\u0159ep\u00ednac\u00edho tla\u010d\u00edtka m\u016f\u017ee va\u0161e d\u00edt\u011b snadno p\u0159ep\u00ednat mezi t\u0159emi vzru\u0161uj\u00edc\u00edmi re\u017eimy: hrav\u00fdmi zvuky zv\u00ed\u0159at, uklid\u0148uj\u00edc\u00edmi ukol\u00e9bavkami a chytlav\u00fdmi melodiemi. Pro ka\u017edou n\u00e1ladu a okam\u017eik je n\u011bco! <\/li>\n<li><strong>Tla\u010d\u00edtko blikaj\u00edc\u00edho sv\u011btla:<\/strong> P\u0159idejte \u0161plouchnut\u00ed vzru\u0161en\u00ed pomoc\u00ed tla\u010d\u00edtka blikaj\u00edc\u00edho sv\u011btla! Je ide\u00e1ln\u00ed pro vizu\u00e1ln\u00ed stimulaci a zv\u00fd\u0161en\u00ed hudebn\u00edho z\u00e1\u017eitku. <\/li>\n<li><strong>P\u011bt hudebn\u00edch tla\u010d\u00edtek<\/strong>: Prozkoumejte nekone\u010dnou hudebn\u00ed z\u00e1bavu s p\u011bti r\u016fzn\u00fdmi tla\u010d\u00edtky, kter\u00e1 se m\u011bn\u00ed v ka\u017ed\u00e9m re\u017eimu a poskytuj\u00ed r\u016fzn\u00e9 skladby a zvuky, kter\u00e9 si m\u016f\u017eete vychutnat. Va\u0161e d\u00edt\u011b bude milovat objevov\u00e1n\u00ed nov\u00fdch melodi\u00ed a rytm\u016f! <\/li>\n<li><strong>P\u0159ipraveno ke h\u0159e:<\/strong> Goofy Clownfish je dod\u00e1v\u00e1n v\u010detn\u011b 2 x 1,5V &#8222;AAA&#8220; bateri\u00ed, tak\u017ee z\u00e1bava m\u016f\u017ee za\u010d\u00edt hned po vybalen\u00ed.<\/li>\n<\/ul>\n<p> P\u0159ipravte se na spoustu chichot\u00e1n\u00ed, hudby a barevn\u00fdch sv\u011btel s na\u0161\u00edm Goofy Clownfish! Tato hra\u010dka je ide\u00e1ln\u00ed pro rozvoj sluchov\u00fdch a smyslov\u00fdch dovednost\u00ed a z\u00e1rove\u0148 vykouzl\u00ed \u00fasm\u011bv na tv\u00e1\u0159i va\u0161eho d\u00edt\u011bte. Pono\u0159te se do hudebn\u00edho dobrodru\u017estv\u00ed je\u0161t\u011b dnes!  <\/p>\n","protected":false},"excerpt":{"rendered":"<p>Seznamte se s na\u0161\u00edm Goofy Clownfish: z\u00e1bavn\u00e1 hudebn\u00ed hra\u010dka pro va\u0161e d\u00edt\u011b! Pomoc\u00ed jednoduch\u00e9ho p\u0159ep\u00ednac\u00edho tla\u010d\u00edtka mohou p\u0159ep\u00ednat mezi zvuky zv\u00ed\u0159at, uklid\u0148uj\u00edc\u00edmi ukol\u00e9bavkami a chytlav\u00fdmi melodiemi. Nav\u00edc je tu tla\u010d\u00edtko, kter\u00e9 umo\u017e\u0148uje blik\u00e1n\u00ed sv\u011btel pro extra z\u00e1bavu! S p\u011bti hudebn\u00edmi tla\u010d\u00edtky, kter\u00e1 se m\u011bn\u00ed s ka\u017ed\u00fdm re\u017eimem, m\u016f\u017eete snadno naj\u00edt nov\u00e9 skladby, kter\u00e9 si m\u016f\u017eete vychutnat. A dod\u00e1v\u00e1 se s 2 x 1,5V &#8222;AAA&#8220; bateriemi, tak\u017ee z\u00e1bava m\u016f\u017ee za\u010d\u00edt hned. P\u0159ipravte se na spoustu chichot\u00e1n\u00ed a hudby s na\u0161\u00edm Goofy Clownfish!     <\/p>\n","protected":false},"featured_media":76976,"comment_status":"closed","ping_status":"closed","template":"","meta":{"_lmt_disableupdate":"","_lmt_disable":""},"product_brand":[],"product_cat":[471,483,608],"product_tag":[],"woo-feed-brand":[],"class_list":{"0":"post-76964","1":"product","2":"type-product","3":"status-publish","4":"has-post-thumbnail","6":"product_cat-playtime-cs","7":"product_cat-barevne-hracky","8":"product_cat-hudebni-hracky","10":"first","11":"instock","12":"taxable","13":"shipping-taxable","14":"purchasable","15":"product-type-simple"},"_links":{"self":[{"href":"https:\/\/www.bojungle.eu\/cs\/wp-json\/wp\/v2\/product\/76964","targetHints":{"allow":["GET"]}}],"collection":[{"href":"https:\/\/www.bojungle.eu\/cs\/wp-json\/wp\/v2\/product"}],"about":[{"href":"https:\/\/www.bojungle.eu\/cs\/wp-json\/wp\/v2\/types\/product"}],"replies":[{"embeddable":true,"href":"https:\/\/www.bojungle.eu\/cs\/wp-json\/wp\/v2\/comments?post=76964"}],"version-history":[{"count":1,"href":"https:\/\/www.bojungle.eu\/cs\/wp-json\/wp\/v2\/product\/76964\/revisions"}],"predecessor-version":[{"id":76965,"href":"https:\/\/www.bojungle.eu\/cs\/wp-json\/wp\/v2\/product\/76964\/revisions\/76965"}],"wp:featuredmedia":[{"embeddable":true,"href":"https:\/\/www.bojungle.eu\/cs\/wp-json\/wp\/v2\/media\/76976"}],"wp:attachment":[{"href":"https:\/\/www.bojungle.eu\/cs\/wp-json\/wp\/v2\/media?parent=76964"}],"wp:term":[{"taxonomy":"product_brand","embeddable":true,"href":"https:\/\/www.bojungle.eu\/cs\/wp-json\/wp\/v2\/product_brand?post=76964"},{"taxonomy":"product_cat","embeddable":true,"href":"https:\/\/www.bojungle.eu\/cs\/wp-json\/wp\/v2\/product_cat?post=76964"},{"taxonomy":"product_tag","embeddable":true,"href":"https:\/\/www.bojungle.eu\/cs\/wp-json\/wp\/v2\/product_tag?post=76964"},{"taxonomy":"woo-feed-brand","embeddable":true,"href":"https:\/\/www.bojungle.eu\/cs\/wp-json\/wp\/v2\/woo-feed-brand?post=76964"}],"curies":[{"name":"wp","href":"https:\/\/api.w.org\/{rel}","templated":true}]}}