{"id":77018,"date":"2024-09-10T09:18:57","date_gmt":"2024-09-10T07:18:57","guid":{"rendered":"https:\/\/www.bojungle.eu\/?post_type=product&#038;p=77018"},"modified":"2024-09-10T09:18:57","modified_gmt":"2024-09-10T07:18:57","slug":"okouzlujici-sova","status":"publish","type":"product","link":"https:\/\/www.bojungle.eu\/cs\/produkt\/okouzlujici-sova\/","title":{"rendered":"Okouzluj\u00edc\u00ed sova"},"content":{"rendered":"<p>Seznamte sv\u00e9 d\u00edt\u011b s kouzlem hudby s O\u010daruj\u00edc\u00ed sovi\u010dkou \u2013 n\u00e1dhern\u00fdm hudebn\u00edm spole\u010dn\u00edkem navr\u017een\u00fdm tak, aby zaujal a pobavil! Tato okouzluj\u00edc\u00ed sova je ide\u00e1ln\u00ed pro nejmen\u0161\u00ed, kte\u0159\u00ed miluj\u00ed objevov\u00e1n\u00ed zvuk\u016f a melodi\u00ed.  <strong>Vlastnosti:<\/strong><\/p>\n<ul>\n<li><strong>T\u0159i hudebn\u00ed re\u017eimy: <\/strong>Pomoc\u00ed jednoduch\u00e9ho p\u0159ep\u00edna\u010de m\u016f\u017ee va\u0161e d\u00edt\u011b snadno p\u0159ep\u00ednat mezi n\u00e1dhern\u00fdmi zvuky zv\u00ed\u0159at, uklid\u0148uj\u00edc\u00edmi ukol\u00e9bavkami a okouzluj\u00edc\u00edmi melodiemi jako \u201eDo Re Mi\u201c. Ka\u017ed\u00fd re\u017eim nab\u00edz\u00ed jedine\u010dn\u00fd sluchov\u00fd z\u00e1\u017eitek, d\u00edky kter\u00e9mu je hra z\u00e1bavn\u00e1 a poutav\u00e1. <\/li>\n<li><strong>Zvuky zv\u00ed\u0159at: <\/strong>Poslouchejte okouzluj\u00edc\u00ed zvuky r\u016fzn\u00fdch zv\u00ed\u0159at, v\u010detn\u011b ps\u016f, ko\u010dek, opic a zaj\u00ed\u010dk\u016f! Tyto hrav\u00e9 zvuky pom\u00e1haj\u00ed stimulovat p\u0159edstavivost a zv\u011bdavost va\u0161eho d\u00edt\u011bte. <\/li>\n<li><strong>Nastaviteln\u00e1 hlasitost: <\/strong>Enchanting Owl nab\u00edz\u00ed pohodln\u00e9 ovl\u00e1d\u00e1n\u00ed hlasitosti, kter\u00e9 v\u00e1m umo\u017en\u00ed upravit zvuk podle va\u0161ich preferenc\u00ed. A\u0165 u\u017e je to tich\u00e1 ukol\u00e9bavka pro zd\u0159\u00edmnut\u00ed nebo \u017eiv\u00e9 melodie pro hran\u00ed, m\u016f\u017eete vytvo\u0159it dokonal\u00e9 poslechov\u00e9 prost\u0159ed\u00ed. <\/li>\n<li><strong>P\u0159ipraveno ke h\u0159e: <\/strong>D\u00edky 2 x 1,5V &#8222;AA&#8220; bateri\u00edm, kter\u00e9 jsou sou\u010d\u00e1st\u00ed balen\u00ed, m\u016f\u017ee va\u0161e ratolest za\u010d\u00edt sv\u00e9 hudebn\u00ed dobrodru\u017estv\u00ed hned po vybalen\u00ed. Nen\u00ed pot\u0159eba dal\u0161\u00edch bateri\u00ed \u2013 jen nekone\u010dn\u00e1 z\u00e1bava! <\/li>\n<\/ul>\n<p> P\u0159ineste si dom\u016f kouzelnou sovu a sledujte, jak se va\u0161e d\u00edt\u011b vyd\u00e1v\u00e1 na hudebn\u00ed cestu plnou radosti, sm\u00edchu a objevov\u00e1n\u00ed!<\/p>\n","protected":false},"excerpt":{"rendered":"<p>Seznamte se s na\u0161\u00ed \u010carod\u011bjnou sovou &#8211; kouzeln\u00fdm hudebn\u00edm spole\u010dn\u00edkem pro va\u0161e nejmen\u0161\u00ed! Pomoc\u00ed jednoduch\u00e9ho p\u0159ep\u00ednac\u00edho tla\u010d\u00edtka mohou p\u0159ep\u00ednat mezi n\u00e1dhern\u00fdmi zvuky zv\u00ed\u0159at, uklid\u0148uj\u00edc\u00edmi ukol\u00e9bavkami a okouzluj\u00edc\u00edmi melodiemi, jako je Do Re Mi. Budou tak\u00e9 r\u00e1di poslouchat zvuky r\u016fzn\u00fdch zv\u00ed\u0159at, jako jsou psi, ko\u010dky, opice a zaj\u00ed\u010dci! Nav\u00edc m\u016f\u017eete zv\u00fd\u0161it nebo sn\u00ed\u017eit hlasitost pro dokonal\u00fd z\u00e1\u017eitek z poslechu. Tato okouzluj\u00edc\u00ed sova je dod\u00e1v\u00e1na s 2 x 1,5V &#8222;AA&#8220; bateriemi, kter\u00e9 jsou sou\u010d\u00e1st\u00ed balen\u00ed, tak\u017ee z\u00e1bava nikdy nekon\u010d\u00ed. P\u0159ipravte se na nekone\u010dn\u00e1 hudebn\u00ed dobrodru\u017estv\u00ed s na\u0161\u00ed Okouzluj\u00edc\u00ed sovou!     <\/p>\n","protected":false},"featured_media":77024,"comment_status":"closed","ping_status":"closed","template":"","meta":{"_lmt_disableupdate":"","_lmt_disable":""},"product_brand":[],"product_cat":[471,483,605],"product_tag":[],"woo-feed-brand":[],"class_list":{"0":"post-77018","1":"product","2":"type-product","3":"status-publish","4":"has-post-thumbnail","6":"product_cat-playtime-cs","7":"product_cat-barevne-hracky","8":"product_cat-hracky-pro-aktivity","10":"first","11":"instock","12":"taxable","13":"shipping-taxable","14":"purchasable","15":"product-type-simple"},"_links":{"self":[{"href":"https:\/\/www.bojungle.eu\/cs\/wp-json\/wp\/v2\/product\/77018","targetHints":{"allow":["GET"]}}],"collection":[{"href":"https:\/\/www.bojungle.eu\/cs\/wp-json\/wp\/v2\/product"}],"about":[{"href":"https:\/\/www.bojungle.eu\/cs\/wp-json\/wp\/v2\/types\/product"}],"replies":[{"embeddable":true,"href":"https:\/\/www.bojungle.eu\/cs\/wp-json\/wp\/v2\/comments?post=77018"}],"version-history":[{"count":1,"href":"https:\/\/www.bojungle.eu\/cs\/wp-json\/wp\/v2\/product\/77018\/revisions"}],"predecessor-version":[{"id":77453,"href":"https:\/\/www.bojungle.eu\/cs\/wp-json\/wp\/v2\/product\/77018\/revisions\/77453"}],"wp:featuredmedia":[{"embeddable":true,"href":"https:\/\/www.bojungle.eu\/cs\/wp-json\/wp\/v2\/media\/77024"}],"wp:attachment":[{"href":"https:\/\/www.bojungle.eu\/cs\/wp-json\/wp\/v2\/media?parent=77018"}],"wp:term":[{"taxonomy":"product_brand","embeddable":true,"href":"https:\/\/www.bojungle.eu\/cs\/wp-json\/wp\/v2\/product_brand?post=77018"},{"taxonomy":"product_cat","embeddable":true,"href":"https:\/\/www.bojungle.eu\/cs\/wp-json\/wp\/v2\/product_cat?post=77018"},{"taxonomy":"product_tag","embeddable":true,"href":"https:\/\/www.bojungle.eu\/cs\/wp-json\/wp\/v2\/product_tag?post=77018"},{"taxonomy":"woo-feed-brand","embeddable":true,"href":"https:\/\/www.bojungle.eu\/cs\/wp-json\/wp\/v2\/woo-feed-brand?post=77018"}],"curies":[{"name":"wp","href":"https:\/\/api.w.org\/{rel}","templated":true}]}}