{"id":77102,"date":"2024-09-10T09:24:05","date_gmt":"2024-09-10T07:24:05","guid":{"rendered":"https:\/\/www.bojungle.eu\/?post_type=product&#038;p=77102"},"modified":"2024-09-10T09:24:05","modified_gmt":"2024-09-10T07:24:05","slug":"hudebni-klice-od-auta","status":"publish","type":"product","link":"https:\/\/www.bojungle.eu\/cs\/produkt\/hudebni-klice-od-auta\/","title":{"rendered":"Hudebn\u00ed kl\u00ed\u010de od auta"},"content":{"rendered":"<p>Zabavte sv\u00e9 d\u011b\u0165\u00e1tko s hudebn\u00edmi kl\u00ed\u010dky od auta, kter\u00e9 jsou perfektn\u00ed hra\u010dkou na cesty! Tyto z\u00e1\u0159iv\u00e9 kl\u00ed\u010de, navr\u017een\u00e9 s ohledem na bezpe\u010dnost a z\u00e1bavu, jsou vyrobeny z m\u011bkk\u00fdch materi\u00e1l\u016f bezpe\u010dn\u00fdch pro d\u011bti a jsou ide\u00e1ln\u00ed pro pro\u0159ez\u00e1v\u00e1n\u00ed zoubk\u016f a mal\u00e9 ru\u010di\u010dky. Pouh\u00fdm stisknut\u00edm tla\u010d\u00edtka m\u016f\u017ee va\u0161e d\u00edt\u011b za\u017e\u00edt n\u00e1dhern\u00e9 zvuky trouben\u00ed a startov\u00e1n\u00ed motoru, doprov\u00e1zen\u00e9 jasn\u00fdmi blikaj\u00edc\u00edmi sv\u011btly, kter\u00e1 jist\u011b upoutaj\u00ed jeho pozornost. Stisknut\u00edm tla\u010d\u00edtka kl\u00ed\u010dku se ozvou realistick\u00e9 zvuky motoru auta nebo stisknut\u00edm tla\u010d\u00edtka klaksonu usly\u0161\u00edte \u017eiv\u00fd zvuk klaksonu se synchronizovan\u00fdm blik\u00e1n\u00edm. Hudebn\u00ed kl\u00ed\u010de k autu jsou jednoduch\u00e9, poutav\u00e9 a navr\u017een\u00e9 tak, aby poskytovaly hodiny interaktivn\u00ed hry a pom\u00e1haly rozv\u00edjet smyslov\u00e9 dovednosti a koordinaci ruky a oka va\u0161eho d\u00edt\u011bte.     <strong>Vlastnosti:<\/strong><\/p>\n<ul>\n<li><strong>Barevn\u00e9 kl\u00e1vesy vhodn\u00e9 k rozkous\u00e1n\u00ed: <\/strong>Vyrobeno z m\u011bkk\u00fdch materi\u00e1l\u016f vhodn\u00fdch pro kous\u00e1n\u00ed, kter\u00e9 jsou pro d\u00edt\u011b bezpe\u010dn\u00e9.<\/li>\n<li><strong>Interaktivn\u00ed zvuky a sv\u011btla: <\/strong>Zapn\u011bte a poslechn\u011bte si z\u00e1bavn\u00fd zvuk trouben\u00ed a startov\u00e1n\u00ed motoru dopln\u011bn\u00fd blikaj\u00edc\u00edmi sv\u011btly.<\/li>\n<li><strong>Realistick\u00e9 zvuky motoru a klaksonu auta:<\/strong> Stisknut\u00edm tla\u010d\u00edtka kl\u00ed\u010de se ozve autentick\u00fd zvuk motoru nebo tla\u010d\u00edtka klaksonu klasick\u00fd zvuk klaksonu s doprovodn\u00fdmi z\u00e1blesky.<\/li>\n<li><strong>Ide\u00e1ln\u00ed na cesty:<\/strong> Lehk\u00fd a p\u0159enosn\u00fd, tak\u017ee je ide\u00e1ln\u00edm spole\u010dn\u00edkem na cesty, kter\u00fd va\u0161e d\u00edt\u011b zabav\u00ed kdekoli.<\/li>\n<\/ul>\n<p> Nechte sv\u00e9 d\u00edt\u011b objevovat a u\u010dit se s hudebn\u00edmi kl\u00ed\u010di od auta, kde ka\u017ed\u00e9 stisknut\u00ed a oto\u010den\u00ed o\u017eiv\u00ed sv\u011bt zvuk\u016f a sv\u011btel!<\/p>\n","protected":false},"excerpt":{"rendered":"<p>Froemmm, tyto hudebn\u00ed kl\u00ed\u010de od auta jsou perfektn\u00ed hra\u010dkou pro va\u0161e d\u00edt\u011b! Samotn\u00e9 kl\u00ed\u010de jsou vyrobeny z m\u011bkk\u00e9ho materi\u00e1lu, tak\u017ee jsou ide\u00e1ln\u00ed pro pro\u0159ez\u00e1v\u00e1n\u00ed zoubk\u016f. Zapn\u011bte aut\u00ed\u010dko, aby se ozvalo z\u00e1bavn\u00e9 trouben\u00ed a startov\u00e1n\u00ed s blikaj\u00edc\u00edmi sv\u011btly. Stisknut\u00edm tla\u010d\u00edtka kl\u00ed\u010dku se ozve zvuk motoru nebo klaksonu. Je to jednoduch\u00e9, poutav\u00e9 a jist\u011b va\u0161e d\u00edt\u011b zabav\u00ed na dlouh\u00e9 hodiny!    <\/p>\n","protected":false},"featured_media":77063,"comment_status":"closed","ping_status":"closed","template":"","meta":{"_lmt_disableupdate":"","_lmt_disable":""},"product_brand":[],"product_cat":[608,483,605,471],"product_tag":[],"woo-feed-brand":[],"class_list":{"0":"post-77102","1":"product","2":"type-product","3":"status-publish","4":"has-post-thumbnail","6":"product_cat-hudebni-hracky","7":"product_cat-barevne-hracky","8":"product_cat-hracky-pro-aktivity","9":"product_cat-playtime-cs","11":"first","12":"instock","13":"taxable","14":"shipping-taxable","15":"purchasable","16":"product-type-simple"},"_links":{"self":[{"href":"https:\/\/www.bojungle.eu\/cs\/wp-json\/wp\/v2\/product\/77102","targetHints":{"allow":["GET"]}}],"collection":[{"href":"https:\/\/www.bojungle.eu\/cs\/wp-json\/wp\/v2\/product"}],"about":[{"href":"https:\/\/www.bojungle.eu\/cs\/wp-json\/wp\/v2\/types\/product"}],"replies":[{"embeddable":true,"href":"https:\/\/www.bojungle.eu\/cs\/wp-json\/wp\/v2\/comments?post=77102"}],"version-history":[{"count":1,"href":"https:\/\/www.bojungle.eu\/cs\/wp-json\/wp\/v2\/product\/77102\/revisions"}],"predecessor-version":[{"id":77471,"href":"https:\/\/www.bojungle.eu\/cs\/wp-json\/wp\/v2\/product\/77102\/revisions\/77471"}],"wp:featuredmedia":[{"embeddable":true,"href":"https:\/\/www.bojungle.eu\/cs\/wp-json\/wp\/v2\/media\/77063"}],"wp:attachment":[{"href":"https:\/\/www.bojungle.eu\/cs\/wp-json\/wp\/v2\/media?parent=77102"}],"wp:term":[{"taxonomy":"product_brand","embeddable":true,"href":"https:\/\/www.bojungle.eu\/cs\/wp-json\/wp\/v2\/product_brand?post=77102"},{"taxonomy":"product_cat","embeddable":true,"href":"https:\/\/www.bojungle.eu\/cs\/wp-json\/wp\/v2\/product_cat?post=77102"},{"taxonomy":"product_tag","embeddable":true,"href":"https:\/\/www.bojungle.eu\/cs\/wp-json\/wp\/v2\/product_tag?post=77102"},{"taxonomy":"woo-feed-brand","embeddable":true,"href":"https:\/\/www.bojungle.eu\/cs\/wp-json\/wp\/v2\/woo-feed-brand?post=77102"}],"curies":[{"name":"wp","href":"https:\/\/api.w.org\/{rel}","templated":true}]}}