{"id":77156,"date":"2024-09-10T09:21:12","date_gmt":"2024-09-10T07:21:12","guid":{"rendered":"https:\/\/www.bojungle.eu\/?post_type=product&#038;p=77156"},"modified":"2024-09-10T09:21:12","modified_gmt":"2024-09-10T07:21:12","slug":"lokomotivni-dobrodruzstvi","status":"publish","type":"product","link":"https:\/\/www.bojungle.eu\/cs\/produkt\/lokomotivni-dobrodruzstvi\/","title":{"rendered":"Lokomotivn\u00ed dobrodru\u017estv\u00ed"},"content":{"rendered":"<p>P\u0159edstavujeme Locomotive&#8217;s Adventure, dokonalou sadu vl\u00e1\u010dk\u016f, kter\u00e1 p\u0159in\u00e1\u0161\u00ed vzru\u0161en\u00ed a p\u0159edstavivost do ka\u017ed\u00e9 hry! Pouh\u00fdm zatla\u010den\u00edm sledujte, jak se ozuben\u00e1 kola ot\u00e1\u010d\u00ed spole\u010dn\u011b a vytv\u00e1\u0159\u00ed poutav\u00fd a pohlcuj\u00edc\u00ed z\u00e1\u017eitek, kter\u00fd si d\u011bti zamiluj\u00ed. Locomotive&#8217;s Adventure, navr\u017een\u00fd s nastaviteln\u00fdm nastaven\u00edm hlasitosti, v\u00e1m umo\u017e\u0148uje vybrat si mezi vysokou a n\u00edzkou \u00farovn\u00ed, tak\u017ee je ide\u00e1ln\u00ed pro jak\u00e9koli hern\u00ed prost\u0159ed\u00ed. Tato v\u0161estrann\u00e1 sada vl\u00e1\u010dk\u016f obsahuje t\u0159i r\u016fzn\u00e9 re\u017eimy, z nich\u017e ka\u017ed\u00fd nab\u00edz\u00ed jedine\u010dnou kombinaci zvuk\u016f, aby bylo dobrodru\u017estv\u00ed sv\u011b\u017e\u00ed a vzru\u0161uj\u00edc\u00ed:    <\/p>\n<ul>\n<li>Re\u017eim 1: Objevte t\u0159i n\u00e1dhern\u00e9 zvuky zv\u00ed\u0159at spojen\u00e9 se \u010dty\u0159mi vesel\u00fdmi hudebn\u00edmi t\u00f3ny.<\/li>\n<li>Re\u017eim 2: U\u017eijte si t\u0159i hrav\u00e9 zvukov\u00e9 efekty v kombinaci se \u010dty\u0159mi \u017eiv\u00fdmi melodiemi.<\/li>\n<li>Re\u017eim 3: Za\u017eijte sm\u011bs t\u0159\u00ed z\u00e1bavn\u00fdch hudebn\u00edch skladeb a \u010dty\u0159 podmaniv\u00fdch zvukov\u00fdch efekt\u016f.<\/li>\n<\/ul>\n<p> Nemus\u00edte si d\u011blat starosti s n\u00e1kupem bateri\u00ed \u2013 Locomotive&#8217;s Adventure se dod\u00e1v\u00e1 se t\u0159emi 1,5V \u201eAA\u201c bateriemi, kter\u00e9 jsou sou\u010d\u00e1st\u00ed balen\u00ed, tak\u017ee z\u00e1bava m\u016f\u017ee za\u010d\u00edt hned po vybalen\u00ed! P\u0159ipravte se na hodiny kreativn\u00edch a nap\u00ednav\u00fdch dobrodru\u017estv\u00ed s Locomotive&#8217;s Adventure, perfektn\u00edm dopl\u0148kem do ka\u017ed\u00e9 herny! <\/p>\n","protected":false},"excerpt":{"rendered":"<p>P\u0159edstavujeme Locomotive&#8217;s Adventure: vzru\u0161uj\u00edc\u00ed soupravu vl\u00e1\u010dk\u016f pro nekone\u010dnou z\u00e1bavu! Jednodu\u0161e zatla\u010dte na vlak a sledujte, jak se ozuben\u00e1 kola ot\u00e1\u010dej\u00ed dohromady, co\u017e vytv\u00e1\u0159\u00ed pohlcuj\u00edc\u00ed z\u00e1\u017eitek. D\u00edky nastaviteln\u00e9mu nastaven\u00ed hlasitosti pro vysokou a n\u00edzkou \u00farove\u0148 je ide\u00e1ln\u00ed pro jak\u00fdkoli sc\u00e9n\u00e1\u0159 hran\u00ed. Prozkoumejte t\u0159i r\u016fzn\u00e9 re\u017eimy, ka\u017ed\u00fd s jedine\u010dnou kombinac\u00ed zv\u00ed\u0159ec\u00edch zvuk\u016f, hudebn\u00edch not a zvukov\u00fdch efekt\u016f. A nebojte se bateri\u00ed: dod\u00e1v\u00e1 se se t\u0159emi 1,5V &#8222;AA&#8220; bateriemi. P\u0159ipravte se za\u017e\u00edt vzru\u0161uj\u00edc\u00ed dobrodru\u017estv\u00ed s Locomotive&#8217;s Adventure!     <\/p>\n","protected":false},"featured_media":77117,"comment_status":"closed","ping_status":"closed","template":"","meta":{"_lmt_disableupdate":"","_lmt_disable":""},"product_brand":[],"product_cat":[483,605,471],"product_tag":[],"woo-feed-brand":[],"class_list":{"0":"post-77156","1":"product","2":"type-product","3":"status-publish","4":"has-post-thumbnail","6":"product_cat-barevne-hracky","7":"product_cat-hracky-pro-aktivity","8":"product_cat-playtime-cs","10":"first","11":"instock","12":"taxable","13":"shipping-taxable","14":"purchasable","15":"product-type-simple"},"_links":{"self":[{"href":"https:\/\/www.bojungle.eu\/cs\/wp-json\/wp\/v2\/product\/77156","targetHints":{"allow":["GET"]}}],"collection":[{"href":"https:\/\/www.bojungle.eu\/cs\/wp-json\/wp\/v2\/product"}],"about":[{"href":"https:\/\/www.bojungle.eu\/cs\/wp-json\/wp\/v2\/types\/product"}],"replies":[{"embeddable":true,"href":"https:\/\/www.bojungle.eu\/cs\/wp-json\/wp\/v2\/comments?post=77156"}],"version-history":[{"count":1,"href":"https:\/\/www.bojungle.eu\/cs\/wp-json\/wp\/v2\/product\/77156\/revisions"}],"predecessor-version":[{"id":77157,"href":"https:\/\/www.bojungle.eu\/cs\/wp-json\/wp\/v2\/product\/77156\/revisions\/77157"}],"wp:featuredmedia":[{"embeddable":true,"href":"https:\/\/www.bojungle.eu\/cs\/wp-json\/wp\/v2\/media\/77117"}],"wp:attachment":[{"href":"https:\/\/www.bojungle.eu\/cs\/wp-json\/wp\/v2\/media?parent=77156"}],"wp:term":[{"taxonomy":"product_brand","embeddable":true,"href":"https:\/\/www.bojungle.eu\/cs\/wp-json\/wp\/v2\/product_brand?post=77156"},{"taxonomy":"product_cat","embeddable":true,"href":"https:\/\/www.bojungle.eu\/cs\/wp-json\/wp\/v2\/product_cat?post=77156"},{"taxonomy":"product_tag","embeddable":true,"href":"https:\/\/www.bojungle.eu\/cs\/wp-json\/wp\/v2\/product_tag?post=77156"},{"taxonomy":"woo-feed-brand","embeddable":true,"href":"https:\/\/www.bojungle.eu\/cs\/wp-json\/wp\/v2\/woo-feed-brand?post=77156"}],"curies":[{"name":"wp","href":"https:\/\/api.w.org\/{rel}","templated":true}]}}