{"id":77301,"date":"2024-09-19T10:49:14","date_gmt":"2024-09-19T08:49:14","guid":{"rendered":"https:\/\/www.bojungle.eu\/?post_type=product&#038;p=77301"},"modified":"2025-06-16T13:18:04","modified_gmt":"2025-06-16T11:18:04","slug":"rostou-se-mnou-bouncer","status":"publish","type":"product","link":"https:\/\/www.bojungle.eu\/cs\/produkt\/rostou-se-mnou-bouncer\/","title":{"rendered":"Rostou se mnou Bouncer"},"content":{"rendered":"<div class=\"flex max-w-full flex-col flex-grow\">\n<div class=\"min-h-[20px] text-message flex w-full flex-col items-end gap-2 break-words [.text-message+&amp;]:mt-5 overflow-x-auto whitespace-normal\" dir=\"auto\" data-message-author-role=\"assistant\" data-message-id=\"d7faf530-0734-48f0-96fc-80ad607d2a5f\">\n<div class=\"flex w-full flex-col gap-1 empty:hidden first:pt-[3px]\">\n<div class=\"markdown prose w-full break-words dark:prose-invert light\">\n<p>Seznamte se s na\u0161\u00edm odr\u00e1\u017eedlem Grow With Me Bouncer Pure White \u2013 jednoduchou a stylovou autoseda\u010dkou pro va\u0161e d\u00edt\u011b. Je ide\u00e1ln\u00ed pro to, aby va\u0161e d\u00edt\u011b odpo\u010d\u00edvalo, nebo pro p\u0159ipevn\u011bn\u00ed k vysok\u00e9 \u017eidli\u010dce Grow With Me p\u0159i j\u00eddle. Leh\u00e1tko m\u00e1 bezpe\u010dnostn\u00ed popruh, kter\u00fd udr\u017e\u00ed va\u0161e d\u00edt\u011b v bezpe\u010d\u00ed, m\u011bkk\u00fd pol\u0161t\u00e1\u0159, kter\u00fd m\u016f\u017eete vyjmout, a lze jej slo\u017eit do mal\u00e9 \u010d\u00e1sti pro snadn\u00e9 skladov\u00e1n\u00ed. Potah lze tak\u00e9 pr\u00e1t v pra\u010dce, tak\u017ee se snadno udr\u017euje v \u010distot\u011b. Toto odr\u00e1\u017eedlo kombinuje pohodl\u00ed a komfort v elegantn\u00edm designu, co\u017e z n\u011bj d\u011bl\u00e1 skv\u011bl\u00fd dopln\u011bk do va\u0161\u00ed dom\u00e1cnosti.    <\/p>\n<p><strong>Vezm\u011bte pros\u00edm na v\u011bdom\u00ed, \u017ee vysok\u00e1 \u017eidle nen\u00ed sou\u010d\u00e1st\u00ed balen\u00ed, ale je t\u0159eba ji zakoupit zvl\u00e1\u0161\u0165.<\/strong><\/p>\n<table border=\"1\">\n<tbody>\n<tr>\n<td>Manu\u00e1ln\u00ed\n<\/td>\n<td><a href=\"https:\/\/www.bojungle.eu\/cs\/produkt\/balneo-prebalovaci-pult-ciste-bila\/\" target=\"_blank\" rel=\"noopener\">Klikn\u011bte zde<\/a><\/td>\n<\/tr>\n<\/tbody>\n<\/table>\n<\/div>\n<\/div>\n<\/div>\n<\/div>\n","protected":false},"excerpt":{"rendered":"<p>N\u00e1\u0161 odr\u00e1\u017eedlo Grow With Me Bouncer Pure white je dokonalou kombinac\u00ed funk\u010dnosti a designu. M\u016f\u017ee b\u00fdt pou\u017eit jako jemn\u00e1 \u017eidle pro va\u0161e mal\u00e9 pod\u0159imov\u00e1n\u00ed nebo jako sed\u00e1tko pro novorozence pro vysokou \u017eidli\u010dku Grow With Me u stolu. <\/p>\n","protected":false},"featured_media":77239,"comment_status":"closed","ping_status":"closed","template":"","meta":{"_lmt_disableupdate":"","_lmt_disable":""},"product_brand":[],"product_cat":[533],"product_tag":[],"woo-feed-brand":[],"class_list":{"0":"post-77301","1":"product","2":"type-product","3":"status-publish","4":"has-post-thumbnail","6":"product_cat-houpacky-a-houpadla","8":"first","9":"instock","10":"taxable","11":"shipping-taxable","12":"purchasable","13":"product-type-simple"},"_links":{"self":[{"href":"https:\/\/www.bojungle.eu\/cs\/wp-json\/wp\/v2\/product\/77301","targetHints":{"allow":["GET"]}}],"collection":[{"href":"https:\/\/www.bojungle.eu\/cs\/wp-json\/wp\/v2\/product"}],"about":[{"href":"https:\/\/www.bojungle.eu\/cs\/wp-json\/wp\/v2\/types\/product"}],"replies":[{"embeddable":true,"href":"https:\/\/www.bojungle.eu\/cs\/wp-json\/wp\/v2\/comments?post=77301"}],"version-history":[{"count":2,"href":"https:\/\/www.bojungle.eu\/cs\/wp-json\/wp\/v2\/product\/77301\/revisions"}],"predecessor-version":[{"id":80259,"href":"https:\/\/www.bojungle.eu\/cs\/wp-json\/wp\/v2\/product\/77301\/revisions\/80259"}],"wp:featuredmedia":[{"embeddable":true,"href":"https:\/\/www.bojungle.eu\/cs\/wp-json\/wp\/v2\/media\/77239"}],"wp:attachment":[{"href":"https:\/\/www.bojungle.eu\/cs\/wp-json\/wp\/v2\/media?parent=77301"}],"wp:term":[{"taxonomy":"product_brand","embeddable":true,"href":"https:\/\/www.bojungle.eu\/cs\/wp-json\/wp\/v2\/product_brand?post=77301"},{"taxonomy":"product_cat","embeddable":true,"href":"https:\/\/www.bojungle.eu\/cs\/wp-json\/wp\/v2\/product_cat?post=77301"},{"taxonomy":"product_tag","embeddable":true,"href":"https:\/\/www.bojungle.eu\/cs\/wp-json\/wp\/v2\/product_tag?post=77301"},{"taxonomy":"woo-feed-brand","embeddable":true,"href":"https:\/\/www.bojungle.eu\/cs\/wp-json\/wp\/v2\/woo-feed-brand?post=77301"}],"curies":[{"name":"wp","href":"https:\/\/api.w.org\/{rel}","templated":true}]}}