{"id":77714,"date":"2024-09-10T12:44:27","date_gmt":"2024-09-10T10:44:27","guid":{"rendered":"https:\/\/www.bojungle.eu\/?post_type=product&#038;p=77714"},"modified":"2025-06-19T15:02:24","modified_gmt":"2025-06-19T13:02:24","slug":"vysoka-zidle-grow-with-me-shady-grey","status":"publish","type":"product","link":"https:\/\/www.bojungle.eu\/cs\/produkt\/vysoka-zidle-grow-with-me-shady-grey\/","title":{"rendered":"Vysok\u00e1 \u017eidle Grow With Me Shady Grey"},"content":{"rendered":"<p>Vysok\u00e1 \u017eidle Grow With Me v odst\u00ednu Shady Grey je dokonal\u00fdm \u0159e\u0161en\u00edm pro rodiny, kter\u00e9 cht\u011bj\u00ed pro sv\u00e9 nejmen\u0161\u00ed dlouhotrvaj\u00edc\u00ed pohodl\u00ed a styl. Tato v\u0161estrann\u00e1 \u017eidle je navr\u017eena tak, aby se p\u0159izp\u016fsobila ka\u017ed\u00e9 f\u00e1zi v\u00fdvoje va\u0161eho d\u00edt\u011bte, a udr\u017e\u00ed va\u0161e d\u00edt\u011b na o\u010d\u00edch s rodinou od d\u011btstv\u00ed a\u017e do dosp\u011blosti. <\/p>\n<p>Vlastnosti:<\/p>\n<ul>\n<li><strong>Vyj\u00edmateln\u00fd z\u00e1sobn\u00edk <\/strong>pro snadn\u00e9 \u010di\u0161t\u011bn\u00ed a v\u0161estrann\u00e9 pou\u017eit\u00ed.<\/li>\n<li><strong>Removable baby seat<\/strong>, making it perfect for babies and toddlers.<\/li>\n<li><strong>Nastaviteln\u00fd sed\u00e1k a podno\u017eka umo\u017e\u0148uj\u00ed<\/strong>, aby \u017eidle rostla s va\u0161\u00edm d\u00edt\u011btem.<\/li>\n<li><strong>Zajist\u011bte si bezpe\u010dnostn\u00ed p\u00e1s<\/strong> pro v\u011bt\u0161\u00ed bezpe\u010dnost.<\/li>\n<li><strong>Kompatibiln\u00ed s novorozenci:<\/strong> Pro v\u011bt\u0161\u00ed pohodl\u00ed od prvn\u00edho dne \u017eivota jej m\u016f\u017eete kombinovat s na\u0161\u00edm odr\u00e1\u017eedlem Grow With Me.<\/li>\n<\/ul>\n<p>Zajist\u011bte sv\u00e9mu d\u00edt\u011bti ergonomickou a pohodlnou polohu vsed\u011b v ka\u017ed\u00e9m v\u011bku s touto elegantn\u00ed modern\u00ed vysokou \u017eidli\u010dkou.<\/p>\n<table border=\"1\">\n<tbody>\n<tr>\n<td>Manu\u00e1ln\u00ed\n<\/td>\n<td><a href=\"https:\/\/www.bojungle.eu\/wp-content\/uploads\/2025\/06\/Manual-High-Chair.pdf\" target=\"_blank\" rel=\"noopener\">Klikn\u011bte zde<\/a><\/td>\n<\/tr>\n<\/tbody>\n<\/table>\n","protected":false},"excerpt":{"rendered":"<p><span class=\"OYPEnA font-feature-liga-off font-feature-clig-off font-feature-calt-off text-decoration-none text-strikethrough-none\">S vysokou \u017eidli\u010dkou Grow With Me Shady Grey bude va\u0161e ratolest v\u017edy pohodln\u011b sed\u011bt u stolu ve v\u00fd\u0161ce o\u010d\u00ed. Jak va\u0161e d\u00edt\u011b roste, m\u016f\u017eete autoseda\u010dku snadno nastavit. D\u00edky odn\u00edmateln\u00e9 d\u011btsk\u00e9 seda\u010dce a nastaviteln\u00e9 patce \u017eidli\u010dka roste s v\u00e1mi, od miminka a\u017e po dosp\u011bl\u00e9ho. Va\u0161e d\u00edt\u011b m\u00e1 v\u017edy pohodlnou a ergonomickou polohu vsed\u011b.     <\/span><\/p>\n","protected":false},"featured_media":77604,"comment_status":"closed","ping_status":"closed","template":"","meta":{"_lmt_disableupdate":"","_lmt_disable":""},"product_brand":[],"product_cat":[429,651],"product_tag":[],"woo-feed-brand":[],"class_list":{"0":"post-77714","1":"product","2":"type-product","3":"status-publish","4":"has-post-thumbnail","6":"product_cat-jidlo-a-piti","7":"product_cat-vysoke-zidlicky-a-detske-sedacky","9":"first","10":"instock","11":"taxable","12":"shipping-taxable","13":"purchasable","14":"product-type-simple"},"_links":{"self":[{"href":"https:\/\/www.bojungle.eu\/cs\/wp-json\/wp\/v2\/product\/77714","targetHints":{"allow":["GET"]}}],"collection":[{"href":"https:\/\/www.bojungle.eu\/cs\/wp-json\/wp\/v2\/product"}],"about":[{"href":"https:\/\/www.bojungle.eu\/cs\/wp-json\/wp\/v2\/types\/product"}],"replies":[{"embeddable":true,"href":"https:\/\/www.bojungle.eu\/cs\/wp-json\/wp\/v2\/comments?post=77714"}],"version-history":[{"count":2,"href":"https:\/\/www.bojungle.eu\/cs\/wp-json\/wp\/v2\/product\/77714\/revisions"}],"predecessor-version":[{"id":80506,"href":"https:\/\/www.bojungle.eu\/cs\/wp-json\/wp\/v2\/product\/77714\/revisions\/80506"}],"wp:featuredmedia":[{"embeddable":true,"href":"https:\/\/www.bojungle.eu\/cs\/wp-json\/wp\/v2\/media\/77604"}],"wp:attachment":[{"href":"https:\/\/www.bojungle.eu\/cs\/wp-json\/wp\/v2\/media?parent=77714"}],"wp:term":[{"taxonomy":"product_brand","embeddable":true,"href":"https:\/\/www.bojungle.eu\/cs\/wp-json\/wp\/v2\/product_brand?post=77714"},{"taxonomy":"product_cat","embeddable":true,"href":"https:\/\/www.bojungle.eu\/cs\/wp-json\/wp\/v2\/product_cat?post=77714"},{"taxonomy":"product_tag","embeddable":true,"href":"https:\/\/www.bojungle.eu\/cs\/wp-json\/wp\/v2\/product_tag?post=77714"},{"taxonomy":"woo-feed-brand","embeddable":true,"href":"https:\/\/www.bojungle.eu\/cs\/wp-json\/wp\/v2\/woo-feed-brand?post=77714"}],"curies":[{"name":"wp","href":"https:\/\/api.w.org\/{rel}","templated":true}]}}