{"id":78123,"date":"2024-09-19T16:45:13","date_gmt":"2024-09-19T14:45:13","guid":{"rendered":"https:\/\/www.bojungle.eu\/?post_type=product&#038;p=78123"},"modified":"2024-09-19T16:45:13","modified_gmt":"2024-09-19T14:45:13","slug":"kompletni-sada-grow-with-me-shady-grey","status":"publish","type":"product","link":"https:\/\/www.bojungle.eu\/cs\/produkt\/kompletni-sada-grow-with-me-shady-grey\/","title":{"rendered":"Kompletn\u00ed sada Grow With Me Shady Grey"},"content":{"rendered":"<p>Kompletn\u00ed souprava Grow With Me Shady Grey je dokonal\u00fdm \u0159e\u0161en\u00edm sezen\u00ed pro cestu va\u0161eho d\u00edt\u011bte od novorozeneck\u00e9ho v\u011bku a\u017e po dosp\u011blost. Tato stylov\u00e1 a v\u0161estrann\u00e1 sada obsahuje jak \u017eidli\u010dku Grow With Me High Chair, tak odr\u00e1\u017eedlo Grow With Me Bouncer, kter\u00e9 v sob\u011b bez probl\u00e9m\u016f kombinuj\u00ed pohodl\u00ed, bezpe\u010dnost a p\u0159izp\u016fsobivost pro ka\u017edou f\u00e1zi v\u00fdvoje.  <strong>Vlastnosti:<\/strong><\/p>\n<ul>\n<li><strong>Vysok\u00e1 \u017eidle:<\/strong>\n<ul>\n<li>Vyj\u00edmateln\u00fd z\u00e1sobn\u00edk pro snadn\u00e9 \u010di\u0161t\u011bn\u00ed a v\u00edcen\u00e1sobn\u00e9 pou\u017eit\u00ed.<\/li>\n<li>Nastaviteln\u00fd sed\u00e1k a podno\u017eka rostou spole\u010dn\u011b s d\u00edt\u011btem.<\/li>\n<li>Bezpe\u010dn\u00e9 p\u0159ipout\u00e1n\u00ed bezpe\u010dnostn\u00edm p\u00e1sem pro v\u011bt\u0161\u00ed bezpe\u010dnost a klid.<\/li>\n<li>Ergonomick\u00fd design zaji\u0161\u0165uje optim\u00e1ln\u00ed pohodl\u00ed p\u0159i sezen\u00ed pro v\u0161echny v\u011bkov\u00e9 kategorie.<\/li>\n<\/ul>\n<\/li>\n<li><strong>Vyhazova\u010d:<\/strong>\n<ul>\n<li>P\u0159ipojte odr\u00e1\u017eedlo Grow With Me k vysok\u00e9 \u017eidli\u010dce a vytvo\u0159te dokonalou novorozeneckou sestavu.<\/li>\n<li>M\u011bkk\u00fd odn\u00edmateln\u00fd pol\u0161t\u00e1\u0159 a potah, kter\u00fd lze pr\u00e1t v pra\u010dce, usnad\u0148uj\u00ed \u00fadr\u017ebu.<\/li>\n<li>Skl\u00e1d\u00e1 se pro kompaktn\u00ed skladov\u00e1n\u00ed a pohodln\u00e9 cestov\u00e1n\u00ed.<\/li>\n<\/ul>\n<\/li>\n<\/ul>\n<p> A\u0165 u\u017e je \u010das na j\u00eddlo nebo na hran\u00ed, kompletn\u00ed sada Grow With Me je dokonal\u00fdm spole\u010dn\u00edkem va\u0161\u00ed rodiny a poskytuje dlouhotrvaj\u00edc\u00ed pohodl\u00ed a flexibilitu &#8211; to v\u0161e v modern\u00edm, elegantn\u00edm designu Shady Grey.<\/p>\n","protected":false},"excerpt":{"rendered":"<div class=\"flex max-w-full flex-col flex-grow\">\n<div class=\"min-h-[20px] text-message flex w-full flex-col items-end gap-2 whitespace-normal break-words [.text-message+&amp;]:mt-5\" dir=\"auto\" data-message-author-role=\"assistant\" data-message-id=\"86751314-bcc5-4504-a219-4bf3f1df37bb\">\n<div class=\"flex w-full flex-col gap-1 empty:hidden first:pt-[3px]\">\n<div class=\"markdown prose w-full break-words dark:prose-invert light\"> Kompletn\u00ed souprava Grow With Me v \u0161ed\u00e9 barv\u011b Shady Grey nab\u00edz\u00ed dokonal\u00e9 \u0159e\u0161en\u00ed sezen\u00ed pro va\u0161e d\u00edt\u011b od novorozeneck\u00e9ho v\u011bku a\u017e po dosp\u011blost. Tato v\u0161estrann\u00e1 sada obsahuje vysokou \u017eidli Grow With Me a odr\u00e1\u017eedlo, kter\u00e9 jsou navr\u017eeny pro pohodl\u00ed, bezpe\u010dnost a p\u0159izp\u016fsobivost v ka\u017ed\u00e9 f\u00e1zi. D\u00edky nastaviteln\u00fdm funkc\u00edm, odn\u00edmateln\u00e9mu podnosu a kompaktn\u00edmu, skl\u00e1dac\u00edmu odr\u00e1\u017eedlu p\u0159edstavuje dokonalou kombinaci stylu a prakti\u010dnosti pro modern\u00ed rodiny.   <\/div>\n<\/div>\n<\/div>\n<\/div>\n","protected":false},"featured_media":77664,"comment_status":"closed","ping_status":"closed","template":"","meta":{"_lmt_disableupdate":"","_lmt_disable":""},"product_brand":[],"product_cat":[651,533,429],"product_tag":[],"woo-feed-brand":[],"class_list":{"0":"post-78123","1":"product","2":"type-product","3":"status-publish","4":"has-post-thumbnail","6":"product_cat-vysoke-zidlicky-a-detske-sedacky","7":"product_cat-houpacky-a-houpadla","8":"product_cat-jidlo-a-piti","10":"first","11":"instock","12":"featured","13":"taxable","14":"shipping-taxable","15":"purchasable","16":"product-type-simple"},"_links":{"self":[{"href":"https:\/\/www.bojungle.eu\/cs\/wp-json\/wp\/v2\/product\/78123","targetHints":{"allow":["GET"]}}],"collection":[{"href":"https:\/\/www.bojungle.eu\/cs\/wp-json\/wp\/v2\/product"}],"about":[{"href":"https:\/\/www.bojungle.eu\/cs\/wp-json\/wp\/v2\/types\/product"}],"replies":[{"embeddable":true,"href":"https:\/\/www.bojungle.eu\/cs\/wp-json\/wp\/v2\/comments?post=78123"}],"version-history":[{"count":1,"href":"https:\/\/www.bojungle.eu\/cs\/wp-json\/wp\/v2\/product\/78123\/revisions"}],"predecessor-version":[{"id":78132,"href":"https:\/\/www.bojungle.eu\/cs\/wp-json\/wp\/v2\/product\/78123\/revisions\/78132"}],"wp:featuredmedia":[{"embeddable":true,"href":"https:\/\/www.bojungle.eu\/cs\/wp-json\/wp\/v2\/media\/77664"}],"wp:attachment":[{"href":"https:\/\/www.bojungle.eu\/cs\/wp-json\/wp\/v2\/media?parent=78123"}],"wp:term":[{"taxonomy":"product_brand","embeddable":true,"href":"https:\/\/www.bojungle.eu\/cs\/wp-json\/wp\/v2\/product_brand?post=78123"},{"taxonomy":"product_cat","embeddable":true,"href":"https:\/\/www.bojungle.eu\/cs\/wp-json\/wp\/v2\/product_cat?post=78123"},{"taxonomy":"product_tag","embeddable":true,"href":"https:\/\/www.bojungle.eu\/cs\/wp-json\/wp\/v2\/product_tag?post=78123"},{"taxonomy":"woo-feed-brand","embeddable":true,"href":"https:\/\/www.bojungle.eu\/cs\/wp-json\/wp\/v2\/woo-feed-brand?post=78123"}],"curies":[{"name":"wp","href":"https:\/\/api.w.org\/{rel}","templated":true}]}}