{"id":80455,"date":"2025-06-18T11:42:52","date_gmt":"2025-06-18T09:42:52","guid":{"rendered":"https:\/\/www.bojungle.eu\/product\/prenosna-houpacka-dolphy-shady-grey\/"},"modified":"2025-06-18T11:59:34","modified_gmt":"2025-06-18T09:59:34","slug":"prenosna-houpacka-dolphy-shady-grey","status":"publish","type":"product","link":"https:\/\/www.bojungle.eu\/cs\/produkt\/prenosna-houpacka-dolphy-shady-grey\/","title":{"rendered":"P\u0159enosn\u00e1 houpa\u010dka Dolphy Shady Grey"},"content":{"rendered":"<p>Objevte p\u0159enosnou houpa\u010dku Dolphy Shady Grey, kter\u00e1 je dokonalou kombinac\u00ed komfortu, pohodl\u00ed a z\u00e1bavy pro va\u0161e d\u00edt\u011b. Tato p\u0159enosn\u00e1 houpa\u010dka je navr\u017eena tak, aby vyhovovala pot\u0159eb\u00e1m rodi\u010d\u016f a pohodl\u00ed d\u011bt\u00ed od novorozence do 9 kg, a nab\u00edz\u00ed jedine\u010dnou kombinaci funkc\u00ed, kter\u00e9 z n\u00ed \u010din\u00ed nezbytnou sou\u010d\u00e1st va\u0161\u00ed sb\u00edrky d\u011btsk\u00e9ho vybaven\u00ed.<\/p>\n<p><strong>V\u0161estrann\u00e9 mo\u017enosti nap\u00e1jen\u00ed<\/strong><br \/>\nNikdy nebu\u010fte v\u00e1z\u00e1ni pouze na jedno m\u00edsto! P\u0159enosn\u00e1 houpa\u010dka Dolphy Shady Grey funguje bez probl\u00e9m\u016f pomoc\u00ed dodan\u00e9ho nap\u00e1jec\u00edho kabelu nebo 4 bateri\u00ed C\/LR14 (nejsou sou\u010d\u00e1st\u00ed balen\u00ed), tak\u017ee si va\u0161e d\u00edt\u011b m\u016f\u017ee u\u017e\u00edvat uklid\u0148uj\u00edc\u00ed houp\u00e1n\u00ed, a\u0165 u\u017e jste doma nebo na cest\u00e1ch.<\/p>\n<p><strong>P\u0159izp\u016fsobiteln\u00e9 pohodl\u00ed<\/strong><br \/>\nD\u00edky op\u011bradlu nastaviteln\u00e9mu do dvou poloh se tato houpa\u010dka snadno p\u0159izp\u016fsob\u00ed pot\u0159eb\u00e1m pohodl\u00ed va\u0161eho d\u00edt\u011bte a zajist\u00ed, \u017ee bude v\u017edy na ide\u00e1ln\u00edm m\u00edst\u011b pro odpo\u010dinek nebo pozorov\u00e1n\u00ed<\/p>\n<p><strong>Intuitivn\u00ed funkce \u010dasova\u010de<\/strong><br \/>\nP\u0159enosn\u00e1 houpa\u010dka Dolphy Shady Grey je vybavena funkc\u00ed \u010dasova\u010de s nastaven\u00edm na 15, 30, 45 nebo 60 minut a umo\u017e\u0148uje p\u0159izp\u016fsobit dobu houp\u00e1n\u00ed n\u00e1lad\u011b a pot\u0159eb\u00e1m d\u00edt\u011bte, aby se uklidnilo a zabavilo tak akor\u00e1t.<\/p>\n<p><strong>V\u00edce rychlost\u00ed houp\u00e1n\u00ed a melodi\u00ed<\/strong><br \/>\nVyberte si z 5 r\u016fzn\u00fdch rychlost\u00ed houp\u00e1n\u00ed, abyste na\u0161li ide\u00e1ln\u00ed rytmus pro sv\u00e9 d\u00edt\u011b, a zlep\u0161ete jeho relaxaci a z\u00e1bavu pomoc\u00ed 8 r\u016fzn\u00fdch melodi\u00ed. Je to ide\u00e1ln\u00ed zp\u016fsob, jak uklidnit nebo zaujmout va\u0161e d\u011b\u0165\u00e1tko v jeho ran\u00fdch f\u00e1z\u00edch.<\/p>\n<p><strong>V\u00edce rychlost\u00ed houp\u00e1n\u00ed a melodi\u00ed<\/strong><br \/>\nVyberte si z 5 r\u016fzn\u00fdch rychlost\u00ed houp\u00e1n\u00ed, abyste na\u0161li ide\u00e1ln\u00ed rytmus pro sv\u00e9 d\u00edt\u011b, a zlep\u0161ete jeho relaxaci a z\u00e1bavu pomoc\u00ed 8 r\u016fzn\u00fdch melodi\u00ed. P\u011btibodov\u00e9 bezpe\u010dnostn\u00ed p\u00e1sy udr\u017e\u00ed va\u0161e d\u00edt\u011b v bezpe\u010d\u00ed a vy budete m\u00edt klid. <\/p>\n<p><strong>V\u00edce rychlost\u00ed houp\u00e1n\u00ed a melodi\u00ed<\/strong><br \/>\nVyberte si z 5 r\u016fzn\u00fdch rychlost\u00ed houp\u00e1n\u00ed, abyste na\u0161li ide\u00e1ln\u00ed rytmus pro sv\u00e9 d\u00edt\u011b, a zlep\u0161ete jeho relaxaci a z\u00e1bavu pomoc\u00ed 8 r\u016fzn\u00fdch melodi\u00ed.<\/p>\n<p><strong>Pohodln\u00e9 p\u0159en\u00e1\u0161en\u00ed<\/strong><br \/>\nK\u0159eslo Dolphy Shady Grey bylo navr\u017eeno s ohledem na zanepr\u00e1zdn\u011bn\u00e9 rodiny a m\u00e1 snadno skl\u00e1dac\u00ed konstrukci pro efektivn\u00ed skladov\u00e1n\u00ed a p\u0159epravu, tak\u017ee si m\u016f\u017eete vz\u00edt pohodl\u00ed domova, a\u0165 u\u017e jste kdekoli.<\/p>\n<p>P\u0159enosn\u00e1 houpa\u010dka Dolphy Shady Grey nen\u00ed jen houpa\u010dka; je to \u00fatuln\u00e9, z\u00e1bavn\u00e9 a bezpe\u010dn\u00e9 \u00fato\u010di\u0161t\u011b pro va\u0161e d\u00edt\u011b. P\u0159edstavuje dokonalou kombinaci funk\u010dnosti a z\u00e1bavy, tak\u017ee je nezbytn\u00fdm dopl\u0148kem va\u0161ich pot\u0159eb pro p\u00e9\u010di o d\u00edt\u011b.<\/p>\n<table border=\"1\">\n<tbody>\n<tr>\n<td>Manu\u00e1ln\u00ed\n<\/td>\n<td><a href=\"https:\/\/www.bojungle.eu\/wp-content\/uploads\/2025\/06\/Handleiding-B-Dolphy-Portable-Swing.pdf\" target=\"_blank\" rel=\"noopener\">Klikn\u011bte zde<\/a><\/td>\n<\/tr>\n<\/tbody>\n<\/table>\n","protected":false},"excerpt":{"rendered":"<div class=\"elementor-element elementor-element-80cf67d elementor-widget elementor-widget-jet-single-excerpt\" data-id=\"80cf67d\" data-element_type=\"widget\" data-widget_type=\"jet-single-excerpt.default\">\n<div class=\"elementor-widget-container\">\n<div class=\"elementor-jet-single-excerpt jet-woo-builder\">\n<div class=\"woocommerce-product-details__short-description\">\n<div class=\"flex-1 overflow-hidden\">\n<div class=\"react-scroll-to-bottom--css-fpkau-79elbk h-full\">\n<div class=\"react-scroll-to-bottom--css-fpkau-1n7m0yu\">\n<div class=\"flex flex-col text-sm pb-9\">\n<div class=\"w-full text-token-text-primary\" data-testid=\"conversation-turn-8\">\n<div class=\"px-4 py-2 justify-center text-base md:gap-6 m-auto\">\n<div class=\"flex flex-1 text-base mx-auto gap-3 md:px-5 lg:px-1 xl:px-5 md:max-w-3xl lg:max-w-[40rem] xl:max-w-[48rem] group final-completion\">\n<div class=\"relative flex w-full flex-col agent-turn\">\n<div class=\"flex-col gap-1 md:gap-3\">\n<div class=\"flex flex-grow flex-col max-w-full\">\n<div class=\"min-h-[20px] text-message flex flex-col items-start gap-3 whitespace-pre-wrap break-words [.text-message+&amp;]:mt-5 overflow-x-auto\" data-message-author-role=\"assistant\" data-message-id=\"fbd77af2-e82b-4b38-a269-e92651bbb0c3\">\n<div class=\"markdown prose w-full break-words dark:prose-invert light\">\n<p>P\u0159iv\u00edtejte p\u0159enosnou houpa\u010dku Dolphy Shady Grey: praktick\u00fd zp\u016fsob, jak zajistit va\u0161emu d\u00edt\u011bti pohodl\u00ed a spokojenost, a\u0165 jste kdekoli. M\u00e1 nastaviteln\u00e1 nastaven\u00ed, aby se va\u0161e d\u00edt\u011b c\u00edtilo pohodln\u011b, r\u016fzn\u00e9 rychlosti houp\u00e1n\u00ed a p\u0159ehr\u00e1v\u00e1 p\u0159\u00edjemn\u00e9 melodie. Nav\u00edc je va\u0161e d\u00edt\u011b v bezpe\u010d\u00ed d\u00edky bezpe\u010dnostn\u00edm p\u00e1s\u016fm a z\u00e1bav\u011b s hra\u010dkami. A kdy\u017e skon\u010d\u00edte, sta\u010d\u00ed ji slo\u017eit pro snadn\u00e9 skladov\u00e1n\u00ed nebo cestov\u00e1n\u00ed. Skv\u011bl\u00e1 pro d\u011bti do 9 kg a ide\u00e1ln\u00ed pro zanepr\u00e1zdn\u011bn\u00e9 rodiny!  <\/p>\n<\/div>\n<\/div>\n<\/div>\n<\/div>\n<\/div>\n<\/div>\n<\/div>\n<\/div>\n<\/div>\n<\/div>\n<\/div>\n<\/div>\n<\/div>\n<\/div>\n<\/div>\n<\/div>\n","protected":false},"featured_media":80335,"comment_status":"open","ping_status":"closed","template":"","meta":{"_lmt_disableupdate":"","_lmt_disable":""},"product_brand":[],"product_cat":[533],"product_tag":[],"woo-feed-brand":[],"class_list":{"0":"post-80455","1":"product","2":"type-product","3":"status-publish","4":"has-post-thumbnail","6":"product_cat-houpacky-a-houpadla","8":"first","9":"instock","10":"taxable","11":"shipping-taxable","12":"purchasable","13":"product-type-simple"},"_links":{"self":[{"href":"https:\/\/www.bojungle.eu\/cs\/wp-json\/wp\/v2\/product\/80455","targetHints":{"allow":["GET"]}}],"collection":[{"href":"https:\/\/www.bojungle.eu\/cs\/wp-json\/wp\/v2\/product"}],"about":[{"href":"https:\/\/www.bojungle.eu\/cs\/wp-json\/wp\/v2\/types\/product"}],"replies":[{"embeddable":true,"href":"https:\/\/www.bojungle.eu\/cs\/wp-json\/wp\/v2\/comments?post=80455"}],"version-history":[{"count":1,"href":"https:\/\/www.bojungle.eu\/cs\/wp-json\/wp\/v2\/product\/80455\/revisions"}],"predecessor-version":[{"id":80460,"href":"https:\/\/www.bojungle.eu\/cs\/wp-json\/wp\/v2\/product\/80455\/revisions\/80460"}],"wp:featuredmedia":[{"embeddable":true,"href":"https:\/\/www.bojungle.eu\/cs\/wp-json\/wp\/v2\/media\/80335"}],"wp:attachment":[{"href":"https:\/\/www.bojungle.eu\/cs\/wp-json\/wp\/v2\/media?parent=80455"}],"wp:term":[{"taxonomy":"product_brand","embeddable":true,"href":"https:\/\/www.bojungle.eu\/cs\/wp-json\/wp\/v2\/product_brand?post=80455"},{"taxonomy":"product_cat","embeddable":true,"href":"https:\/\/www.bojungle.eu\/cs\/wp-json\/wp\/v2\/product_cat?post=80455"},{"taxonomy":"product_tag","embeddable":true,"href":"https:\/\/www.bojungle.eu\/cs\/wp-json\/wp\/v2\/product_tag?post=80455"},{"taxonomy":"woo-feed-brand","embeddable":true,"href":"https:\/\/www.bojungle.eu\/cs\/wp-json\/wp\/v2\/woo-feed-brand?post=80455"}],"curies":[{"name":"wp","href":"https:\/\/api.w.org\/{rel}","templated":true}]}}