{"id":82268,"date":"2025-11-26T14:58:45","date_gmt":"2025-11-26T13:58:45","guid":{"rendered":"https:\/\/www.bojungle.eu\/?post_type=product&#038;p=82268"},"modified":"2025-12-18T10:16:53","modified_gmt":"2025-12-18T09:16:53","slug":"skladaci-cviciste-s-mickovym-bazenem-palenquo","status":"publish","type":"product","link":"https:\/\/www.bojungle.eu\/cs\/produkt\/skladaci-cviciste-s-mickovym-bazenem-palenquo\/","title":{"rendered":"Skl\u00e1dac\u00ed cvi\u010di\u0161t\u011b s m\u00ed\u010dkov\u00fdm baz\u00e9nem &#8218;Palenquo&#8216;"},"content":{"rendered":"<p>V\u00edtejte v barevn\u00e9 d\u017eungli pln\u00e9 roztomil\u00fdch mal\u00fdch zv\u00ed\u0159at! Tato podlo\u017eka stimuluje smysly va\u0161eho miminka jasn\u00fdmi barvami, z\u00e1bavn\u00fdmi zvuky a r\u016fzn\u00fdmi texturami. Obsahuje 30 vesel\u00fdch, barevn\u00fdch m\u00ed\u010dk\u016f ulo\u017een\u00fdch v roztomil\u00e9 mal\u00e9 s\u00edti \u2013 ide\u00e1ln\u00ed na chyt\u00e1n\u00ed, kut\u00e1len\u00ed nebo prost\u011b hran\u00ed. M\u011bkk\u00fd materi\u00e1l poskytuje pohodln\u00fd prostor pro hru, ide\u00e1ln\u00ed pro ty \u00fapln\u011b prvn\u00ed objevy. Tato podlo\u017eka vytv\u00e1\u0159\u00ed bezpe\u010dn\u00e9 a podn\u011btn\u00e9 prost\u0159ed\u00ed, kde hra a rozvoj jdou ruku v ruce.<\/p>\n<ul>\n<li>Barevn\u00fd design30<\/li>\n<li>Barevn\u00e9 m\u00ed\u010dky v roztomil\u00e9 \u00falo\u017en\u00e9 s\u00edti<\/li>\n<li>Podporuje motorick\u00fd rozvoj<\/li>\n<li>Podporuje kognitivn\u00ed rozvoj<\/li>\n<li>P\u0159estaviteln\u00fd na m\u00ed\u010dovou j\u00e1mu<\/li>\n<li>R\u016fzn\u00e1 chrast\u00edtka<\/li>\n<li>Velk\u00e9 zrcadlo pro sebepozn\u00e1n\u00ed<\/li>\n<\/ul>\n","protected":false},"excerpt":{"rendered":"<p>V\u00edtejte v barevn\u00e9 d\u017eungli pln\u00e9 roztomil\u00fdch mal\u00fdch zv\u00ed\u0159at! Tato podlo\u017eka stimuluje smysly va\u0161eho miminka jasn\u00fdmi barvami, z\u00e1bavn\u00fdmi zvuky a r\u016fzn\u00fdmi texturami. Obsahuje 30 vesel\u00fdch, barevn\u00fdch m\u00ed\u010dk\u016f ulo\u017een\u00fdch v roztomil\u00e9 mal\u00e9 s\u00edti \u2013 ide\u00e1ln\u00ed na chyt\u00e1n\u00ed, kut\u00e1len\u00ed nebo prost\u011b hran\u00ed. M\u011bkk\u00fd materi\u00e1l poskytuje pohodln\u00fd prostor pro hru, ide\u00e1ln\u00ed pro ty \u00fapln\u011b prvn\u00ed objevy. Tato podlo\u017eka vytv\u00e1\u0159\u00ed bezpe\u010dn\u00e9 a podn\u011btn\u00e9 prost\u0159ed\u00ed, kde hra a rozvoj jdou ruku v ruce.<\/p>\n","protected":false},"featured_media":82278,"comment_status":"closed","ping_status":"closed","template":"","meta":{"_lmt_disableupdate":"no","_lmt_disable":""},"product_brand":[],"product_cat":[471,605],"product_tag":[],"woo-feed-brand":[],"class_list":{"0":"post-82268","1":"product","2":"type-product","3":"status-publish","4":"has-post-thumbnail","6":"product_cat-playtime-cs","7":"product_cat-hracky-pro-aktivity","9":"first","10":"instock","11":"taxable","12":"shipping-taxable","13":"purchasable","14":"product-type-simple"},"_links":{"self":[{"href":"https:\/\/www.bojungle.eu\/cs\/wp-json\/wp\/v2\/product\/82268","targetHints":{"allow":["GET"]}}],"collection":[{"href":"https:\/\/www.bojungle.eu\/cs\/wp-json\/wp\/v2\/product"}],"about":[{"href":"https:\/\/www.bojungle.eu\/cs\/wp-json\/wp\/v2\/types\/product"}],"replies":[{"embeddable":true,"href":"https:\/\/www.bojungle.eu\/cs\/wp-json\/wp\/v2\/comments?post=82268"}],"version-history":[{"count":2,"href":"https:\/\/www.bojungle.eu\/cs\/wp-json\/wp\/v2\/product\/82268\/revisions"}],"predecessor-version":[{"id":83467,"href":"https:\/\/www.bojungle.eu\/cs\/wp-json\/wp\/v2\/product\/82268\/revisions\/83467"}],"wp:featuredmedia":[{"embeddable":true,"href":"https:\/\/www.bojungle.eu\/cs\/wp-json\/wp\/v2\/media\/82278"}],"wp:attachment":[{"href":"https:\/\/www.bojungle.eu\/cs\/wp-json\/wp\/v2\/media?parent=82268"}],"wp:term":[{"taxonomy":"product_brand","embeddable":true,"href":"https:\/\/www.bojungle.eu\/cs\/wp-json\/wp\/v2\/product_brand?post=82268"},{"taxonomy":"product_cat","embeddable":true,"href":"https:\/\/www.bojungle.eu\/cs\/wp-json\/wp\/v2\/product_cat?post=82268"},{"taxonomy":"product_tag","embeddable":true,"href":"https:\/\/www.bojungle.eu\/cs\/wp-json\/wp\/v2\/product_tag?post=82268"},{"taxonomy":"woo-feed-brand","embeddable":true,"href":"https:\/\/www.bojungle.eu\/cs\/wp-json\/wp\/v2\/woo-feed-brand?post=82268"}],"curies":[{"name":"wp","href":"https:\/\/api.w.org\/{rel}","templated":true}]}}