{"id":82608,"date":"2025-11-26T15:05:46","date_gmt":"2025-11-26T14:05:46","guid":{"rendered":"https:\/\/www.bojungle.eu\/?post_type=product&#038;p=82608"},"modified":"2026-01-14T15:37:36","modified_gmt":"2026-01-14T14:37:36","slug":"skladaci-cviciste-s-mickem-midnight-expedition","status":"publish","type":"product","link":"https:\/\/www.bojungle.eu\/cs\/produkt\/skladaci-cviciste-s-mickem-midnight-expedition\/","title":{"rendered":"Skl\u00e1dac\u00ed cvi\u010di\u0161t\u011b s m\u00ed\u010dkem &#8218;Midnight Expedition&#8216;"},"content":{"rendered":"<p>Probu\u010fte smysly a nechte sv\u00e9 d\u00edt\u011b vydat se na kouzelnou cestu plnou barev, zvuk\u016f a pohybu. Tato podlo\u017eka na aktivity je speci\u00e1ln\u011b navr\u017eena tak, aby prvn\u00ed dobrodru\u017estv\u00ed miminka byla skute\u010dn\u011b nezapomenuteln\u00e1. S pe\u010dliv\u011b vybranou barevnou paletou, kter\u00e1 stimuluje smysly u\u017e od prvn\u00edch zn\u00e1mek vizu\u00e1ln\u00edho rozpozn\u00e1n\u00ed, ka\u017ed\u00fd detail zve k \u00fa\u017easu a h\u0159e. Jemn\u00e9 textury a hrav\u00e9 prvky d\u011blaj\u00ed z t\u00e9to podlo\u017eky nejen pohodlnou, ale tak\u00e9 neodolateln\u011b z\u00e1bavnou.<\/p>\n<ul>\n<li>M\u011bkk\u00fd design<\/li>\n<li>30 barevn\u00fdch m\u00ed\u010dk\u016f v roztomil\u00e9 \u00falo\u017en\u00e9 s\u00edti<\/li>\n<li>Podporuje motorick\u00fd rozvoj<\/li>\n<li>Podporuje kognitivn\u00ed rozvoj<\/li>\n<li>P\u0159estaviteln\u00fd na m\u00ed\u010dovou j\u00e1mu<\/li>\n<li>R\u016fzn\u00e1 chrast\u00edtka<\/li>\n<li>Velk\u00e9 zrcadlo pro sebepozn\u00e1n\u00ed<\/li>\n<\/ul>\n","protected":false},"excerpt":{"rendered":"<p>Probu\u010fte smysly a nechte sv\u00e9 d\u00edt\u011b vydat se na kouzelnou cestu plnou barev, zvuk\u016f a pohybu. Tato podlo\u017eka na aktivity je speci\u00e1ln\u011b navr\u017eena tak, aby prvn\u00ed dobrodru\u017estv\u00ed miminka byla skute\u010dn\u011b nezapomenuteln\u00e1. S pe\u010dliv\u011b vybranou barevnou paletou, kter\u00e1 stimuluje smysly u\u017e od prvn\u00edch zn\u00e1mek vizu\u00e1ln\u00edho rozpozn\u00e1n\u00ed, ka\u017ed\u00fd detail zve k \u00fa\u017easu a h\u0159e. Jemn\u00e9 textury a hrav\u00e9 prvky d\u011blaj\u00ed z t\u00e9to podlo\u017eky nejen pohodlnou, ale tak\u00e9 neodolateln\u011b z\u00e1bavnou.<\/p>\n","protected":false},"featured_media":82778,"comment_status":"closed","ping_status":"closed","template":"","meta":{"_lmt_disableupdate":"no","_lmt_disable":""},"product_brand":[],"product_cat":[605,471],"product_tag":[],"woo-feed-brand":[],"class_list":{"0":"post-82608","1":"product","2":"type-product","3":"status-publish","4":"has-post-thumbnail","6":"product_cat-hracky-pro-aktivity","7":"product_cat-playtime-cs","9":"first","10":"instock","11":"taxable","12":"shipping-taxable","13":"purchasable","14":"product-type-simple"},"_links":{"self":[{"href":"https:\/\/www.bojungle.eu\/cs\/wp-json\/wp\/v2\/product\/82608","targetHints":{"allow":["GET"]}}],"collection":[{"href":"https:\/\/www.bojungle.eu\/cs\/wp-json\/wp\/v2\/product"}],"about":[{"href":"https:\/\/www.bojungle.eu\/cs\/wp-json\/wp\/v2\/types\/product"}],"replies":[{"embeddable":true,"href":"https:\/\/www.bojungle.eu\/cs\/wp-json\/wp\/v2\/comments?post=82608"}],"version-history":[{"count":3,"href":"https:\/\/www.bojungle.eu\/cs\/wp-json\/wp\/v2\/product\/82608\/revisions"}],"predecessor-version":[{"id":83859,"href":"https:\/\/www.bojungle.eu\/cs\/wp-json\/wp\/v2\/product\/82608\/revisions\/83859"}],"wp:featuredmedia":[{"embeddable":true,"href":"https:\/\/www.bojungle.eu\/cs\/wp-json\/wp\/v2\/media\/82778"}],"wp:attachment":[{"href":"https:\/\/www.bojungle.eu\/cs\/wp-json\/wp\/v2\/media?parent=82608"}],"wp:term":[{"taxonomy":"product_brand","embeddable":true,"href":"https:\/\/www.bojungle.eu\/cs\/wp-json\/wp\/v2\/product_brand?post=82608"},{"taxonomy":"product_cat","embeddable":true,"href":"https:\/\/www.bojungle.eu\/cs\/wp-json\/wp\/v2\/product_cat?post=82608"},{"taxonomy":"product_tag","embeddable":true,"href":"https:\/\/www.bojungle.eu\/cs\/wp-json\/wp\/v2\/product_tag?post=82608"},{"taxonomy":"woo-feed-brand","embeddable":true,"href":"https:\/\/www.bojungle.eu\/cs\/wp-json\/wp\/v2\/woo-feed-brand?post=82608"}],"curies":[{"name":"wp","href":"https:\/\/api.w.org\/{rel}","templated":true}]}}