{"id":82798,"date":"2025-11-26T15:15:45","date_gmt":"2025-11-26T14:15:45","guid":{"rendered":"https:\/\/www.bojungle.eu\/?post_type=product&#038;p=82798"},"modified":"2026-01-14T15:25:42","modified_gmt":"2026-01-14T14:25:42","slug":"sticky-spinner-toys-buddies","status":"publish","type":"product","link":"https:\/\/www.bojungle.eu\/cs\/produkt\/sticky-spinner-toys-buddies\/","title":{"rendered":"Sticky Spinner Toys Buddies"},"content":{"rendered":"<p>P\u0159ineste si z\u00e1bavu na cestu s t\u011bmito barevn\u00fdmi hra\u010dkami s motivem hmyzu s p\u0159\u00edsavkami! Siln\u00e9 p\u0159\u00edsavky se snadno p\u0159ichyt\u00ed na hladk\u00e9 povrchy, tak\u017ee jsou ide\u00e1ln\u00ed na vysok\u00e9 \u017eidli\u010dky, okna nebo dokonce na koup\u00e1n\u00ed.<\/p>\n<ul>\n<li>Sada t\u0159\u00ed barevn\u00fdch to\u010d\u00edc\u00edch se podstavc\u016f: beru\u0161ka, v\u010dela a v\u00e1\u017eka<\/li>\n<li>Siln\u00e9 p\u0159\u00edsavky pro snadn\u00e9 p\u0159ipevn\u011bn\u00ed na rovn\u00e9 povrchy<\/li>\n<li>Ot\u00e1\u010d\u00ed se plynule, aby podpo\u0159il vizu\u00e1ln\u00ed sledov\u00e1n\u00ed a jemnou motoriku<\/li>\n<li>Obsahuje tla\u010d\u00edtka na vyp\u00ednac\u00ed za\u0159\u00edzen\u00ed pro v\u011bt\u0161\u00ed smyslovou z\u00e1bavu<\/li>\n<li>Ide\u00e1ln\u00ed pro dom\u00e1c\u00ed nebo stravovac\u00ed z\u00e1bavu<\/li>\n<li>Vhodn\u00e9 pro d\u011bti od 6 m\u011bs\u00edc\u016f a v\u00fd\u0161, bez BPA a bezpe\u010dn\u00e9 na \u017ev\u00fdk\u00e1n\u00ed<\/li>\n<\/ul>\n","protected":false},"excerpt":{"rendered":"<p>Zat\u0159este zv\u00ed\u0159\u00e1tkem a pou\u017eijte ho jako chrast\u00edtko nebo na n\u011bj klepn\u011bte, aby se oto\u010dilo a vyd\u00e1valo zvuk.<\/p>\n","protected":false},"featured_media":82818,"comment_status":"closed","ping_status":"closed","template":"","meta":{"_lmt_disableupdate":"no","_lmt_disable":""},"product_brand":[],"product_cat":[483,669,605,471],"product_tag":[],"woo-feed-brand":[],"class_list":{"0":"post-82798","1":"product","2":"type-product","3":"status-publish","4":"has-post-thumbnail","6":"product_cat-barevne-hracky","7":"product_cat-chrastitka","8":"product_cat-hracky-pro-aktivity","9":"product_cat-playtime-cs","11":"first","12":"outofstock","13":"taxable","14":"shipping-taxable","15":"purchasable","16":"product-type-simple"},"_links":{"self":[{"href":"https:\/\/www.bojungle.eu\/cs\/wp-json\/wp\/v2\/product\/82798","targetHints":{"allow":["GET"]}}],"collection":[{"href":"https:\/\/www.bojungle.eu\/cs\/wp-json\/wp\/v2\/product"}],"about":[{"href":"https:\/\/www.bojungle.eu\/cs\/wp-json\/wp\/v2\/types\/product"}],"replies":[{"embeddable":true,"href":"https:\/\/www.bojungle.eu\/cs\/wp-json\/wp\/v2\/comments?post=82798"}],"version-history":[{"count":3,"href":"https:\/\/www.bojungle.eu\/cs\/wp-json\/wp\/v2\/product\/82798\/revisions"}],"predecessor-version":[{"id":83851,"href":"https:\/\/www.bojungle.eu\/cs\/wp-json\/wp\/v2\/product\/82798\/revisions\/83851"}],"wp:featuredmedia":[{"embeddable":true,"href":"https:\/\/www.bojungle.eu\/cs\/wp-json\/wp\/v2\/media\/82818"}],"wp:attachment":[{"href":"https:\/\/www.bojungle.eu\/cs\/wp-json\/wp\/v2\/media?parent=82798"}],"wp:term":[{"taxonomy":"product_brand","embeddable":true,"href":"https:\/\/www.bojungle.eu\/cs\/wp-json\/wp\/v2\/product_brand?post=82798"},{"taxonomy":"product_cat","embeddable":true,"href":"https:\/\/www.bojungle.eu\/cs\/wp-json\/wp\/v2\/product_cat?post=82798"},{"taxonomy":"product_tag","embeddable":true,"href":"https:\/\/www.bojungle.eu\/cs\/wp-json\/wp\/v2\/product_tag?post=82798"},{"taxonomy":"woo-feed-brand","embeddable":true,"href":"https:\/\/www.bojungle.eu\/cs\/wp-json\/wp\/v2\/woo-feed-brand?post=82798"}],"curies":[{"name":"wp","href":"https:\/\/api.w.org\/{rel}","templated":true}]}}