{"id":82998,"date":"2025-11-26T15:27:14","date_gmt":"2025-11-26T14:27:14","guid":{"rendered":"https:\/\/www.bojungle.eu\/?post_type=product&#038;p=82998"},"modified":"2026-01-14T15:02:55","modified_gmt":"2026-01-14T14:02:55","slug":"motyl-vodni-kousatko-2-kusy","status":"publish","type":"product","link":"https:\/\/www.bojungle.eu\/cs\/produkt\/motyl-vodni-kousatko-2-kusy\/","title":{"rendered":"Mot\u00fdl Vodn\u00ed kous\u00e1tko 2 kusy"},"content":{"rendered":"<p>Chladic\u00ed krou\u017eky ve tvaru vesel\u00e9ho mot\u00fdla, ide\u00e1ln\u00ed pro uklidn\u011bn\u00ed d\u00e1sn\u00ed va\u0161eho d\u00edt\u011bte b\u011bhem pro\u0159ez\u00e1v\u00e1n\u00ed zoubk\u016f. Z\u00e1bavn\u00e9 barvy a tvary tak\u00e9 stimuluj\u00ed smysly va\u0161eho d\u00edt\u011bte.<\/p>\n<ul>\n<li>Sada 2 barevn\u00fdch krou\u017ek\u016f ve tvaru mot\u00fdl\u00edch zub\u016f<\/li>\n<li>Napln\u011bn\u00fd bezpe\u010dnou, sterilizovanou vodou pro chlazen\u00ed<\/li>\n<li>Lehk\u00fd a snadno dr\u017eiteln\u00fd pro mal\u00e9 ruce<\/li>\n<li>Textura na k\u0159\u00eddlech pro extra mas\u00e1\u017e d\u00e1sn\u00ed<\/li>\n<li>Lze ji chladit v lednici pro extra uklidn\u011bn\u00ed<\/li>\n<li>Bez BPA a bezpe\u010dn\u00e9 na \u017ev\u00fdk\u00e1n\u00ed<\/li>\n<\/ul>\n","protected":false},"excerpt":{"rendered":"<p>Chladic\u00ed krou\u017eky ve tvaru vesel\u00e9ho mot\u00fdla, ide\u00e1ln\u00ed pro uklidn\u011bn\u00ed d\u00e1sn\u00ed va\u0161eho d\u00edt\u011bte b\u011bhem pro\u0159ez\u00e1v\u00e1n\u00ed zoubk\u016f. Z\u00e1bavn\u00e9 barvy a tvary tak\u00e9 stimuluj\u00ed smysly va\u0161eho d\u00edt\u011bte.<\/p>\n","protected":false},"featured_media":83008,"comment_status":"closed","ping_status":"closed","template":"","meta":{"_lmt_disableupdate":"no","_lmt_disable":""},"product_brand":[],"product_cat":[483,605,471],"product_tag":[],"woo-feed-brand":[],"class_list":{"0":"post-82998","1":"product","2":"type-product","3":"status-publish","4":"has-post-thumbnail","6":"product_cat-barevne-hracky","7":"product_cat-hracky-pro-aktivity","8":"product_cat-playtime-cs","10":"first","11":"instock","12":"taxable","13":"shipping-taxable","14":"purchasable","15":"product-type-simple"},"_links":{"self":[{"href":"https:\/\/www.bojungle.eu\/cs\/wp-json\/wp\/v2\/product\/82998","targetHints":{"allow":["GET"]}}],"collection":[{"href":"https:\/\/www.bojungle.eu\/cs\/wp-json\/wp\/v2\/product"}],"about":[{"href":"https:\/\/www.bojungle.eu\/cs\/wp-json\/wp\/v2\/types\/product"}],"replies":[{"embeddable":true,"href":"https:\/\/www.bojungle.eu\/cs\/wp-json\/wp\/v2\/comments?post=82998"}],"version-history":[{"count":3,"href":"https:\/\/www.bojungle.eu\/cs\/wp-json\/wp\/v2\/product\/82998\/revisions"}],"predecessor-version":[{"id":83841,"href":"https:\/\/www.bojungle.eu\/cs\/wp-json\/wp\/v2\/product\/82998\/revisions\/83841"}],"wp:featuredmedia":[{"embeddable":true,"href":"https:\/\/www.bojungle.eu\/cs\/wp-json\/wp\/v2\/media\/83008"}],"wp:attachment":[{"href":"https:\/\/www.bojungle.eu\/cs\/wp-json\/wp\/v2\/media?parent=82998"}],"wp:term":[{"taxonomy":"product_brand","embeddable":true,"href":"https:\/\/www.bojungle.eu\/cs\/wp-json\/wp\/v2\/product_brand?post=82998"},{"taxonomy":"product_cat","embeddable":true,"href":"https:\/\/www.bojungle.eu\/cs\/wp-json\/wp\/v2\/product_cat?post=82998"},{"taxonomy":"product_tag","embeddable":true,"href":"https:\/\/www.bojungle.eu\/cs\/wp-json\/wp\/v2\/product_tag?post=82998"},{"taxonomy":"woo-feed-brand","embeddable":true,"href":"https:\/\/www.bojungle.eu\/cs\/wp-json\/wp\/v2\/woo-feed-brand?post=82998"}],"curies":[{"name":"wp","href":"https:\/\/api.w.org\/{rel}","templated":true}]}}