{"id":83158,"date":"2025-11-26T15:40:07","date_gmt":"2025-11-26T14:40:07","guid":{"rendered":"https:\/\/www.bojungle.eu\/?post_type=product&#038;p=83158"},"modified":"2025-12-18T09:52:12","modified_gmt":"2025-12-18T08:52:12","slug":"vodni-kousatko-cool-shapes-3-kusy","status":"publish","type":"product","link":"https:\/\/www.bojungle.eu\/cs\/produkt\/vodni-kousatko-cool-shapes-3-kusy\/","title":{"rendered":"Vodn\u00ed kous\u00e1tko Cool Shapes 3 kusy"},"content":{"rendered":"<p>Chladic\u00ed krou\u017eky r\u016fzn\u00fdch tvar\u016f, ide\u00e1ln\u00ed pro uklidn\u011bn\u00ed d\u00e1sn\u00ed va\u0161eho d\u00edt\u011bte b\u011bhem pro\u0159ez\u00e1v\u00e1n\u00ed zub\u016f. Z\u00e1bavn\u00e9 barvy a tvary tak\u00e9 stimuluj\u00ed smysly va\u0161eho d\u00edt\u011bte.<\/p>\n<ul>\n<li>Sada t\u0159\u00ed barevn\u00fdch kous\u00e1tk\u016f<\/li>\n<li>Napln\u011bn\u00fd bezpe\u010dnou, sterilizovanou vodou pro chlazen\u00ed<\/li>\n<li>Lehk\u00fd a snadno dr\u017eiteln\u00fd pro mal\u00e9 ruce<\/li>\n<li>Textura kous\u00e1tek pro extra mas\u00e1\u017e d\u00e1sn\u00ed<\/li>\n<li>Lze ji chladit v lednici pro extra uklidn\u011bn\u00ed<\/li>\n<li>Bez BPA a bezpe\u010dn\u00e9 na \u017ev\u00fdk\u00e1n\u00ed<\/li>\n<\/ul>\n","protected":false},"excerpt":{"rendered":"<p>Chladic\u00ed krou\u017eky r\u016fzn\u00fdch tvar\u016f, ide\u00e1ln\u00ed pro uklidn\u011bn\u00ed d\u00e1sn\u00ed va\u0161eho d\u00edt\u011bte b\u011bhem pro\u0159ez\u00e1v\u00e1n\u00ed zub\u016f. Z\u00e1bavn\u00e9 barvy a tvary tak\u00e9 stimuluj\u00ed smysly va\u0161eho d\u00edt\u011bte.<\/p>\n","protected":false},"featured_media":83168,"comment_status":"closed","ping_status":"closed","template":"","meta":{"_lmt_disableupdate":"no","_lmt_disable":""},"product_brand":[],"product_cat":[599,483,471],"product_tag":[],"woo-feed-brand":[],"class_list":{"0":"post-83158","1":"product","2":"type-product","3":"status-publish","4":"has-post-thumbnail","6":"product_cat-hracky-na-kousani","7":"product_cat-barevne-hracky","8":"product_cat-playtime-cs","10":"first","11":"instock","12":"taxable","13":"shipping-taxable","14":"purchasable","15":"product-type-simple"},"_links":{"self":[{"href":"https:\/\/www.bojungle.eu\/cs\/wp-json\/wp\/v2\/product\/83158","targetHints":{"allow":["GET"]}}],"collection":[{"href":"https:\/\/www.bojungle.eu\/cs\/wp-json\/wp\/v2\/product"}],"about":[{"href":"https:\/\/www.bojungle.eu\/cs\/wp-json\/wp\/v2\/types\/product"}],"replies":[{"embeddable":true,"href":"https:\/\/www.bojungle.eu\/cs\/wp-json\/wp\/v2\/comments?post=83158"}],"version-history":[{"count":4,"href":"https:\/\/www.bojungle.eu\/cs\/wp-json\/wp\/v2\/product\/83158\/revisions"}],"predecessor-version":[{"id":83694,"href":"https:\/\/www.bojungle.eu\/cs\/wp-json\/wp\/v2\/product\/83158\/revisions\/83694"}],"wp:featuredmedia":[{"embeddable":true,"href":"https:\/\/www.bojungle.eu\/cs\/wp-json\/wp\/v2\/media\/83168"}],"wp:attachment":[{"href":"https:\/\/www.bojungle.eu\/cs\/wp-json\/wp\/v2\/media?parent=83158"}],"wp:term":[{"taxonomy":"product_brand","embeddable":true,"href":"https:\/\/www.bojungle.eu\/cs\/wp-json\/wp\/v2\/product_brand?post=83158"},{"taxonomy":"product_cat","embeddable":true,"href":"https:\/\/www.bojungle.eu\/cs\/wp-json\/wp\/v2\/product_cat?post=83158"},{"taxonomy":"product_tag","embeddable":true,"href":"https:\/\/www.bojungle.eu\/cs\/wp-json\/wp\/v2\/product_tag?post=83158"},{"taxonomy":"woo-feed-brand","embeddable":true,"href":"https:\/\/www.bojungle.eu\/cs\/wp-json\/wp\/v2\/woo-feed-brand?post=83158"}],"curies":[{"name":"wp","href":"https:\/\/api.w.org\/{rel}","templated":true}]}}