{"id":83278,"date":"2025-10-22T10:09:26","date_gmt":"2025-10-22T08:09:26","guid":{"rendered":"https:\/\/www.bojungle.eu\/product\/mrazaci-tac-na-ovocne-krmitko\/"},"modified":"2025-12-10T14:08:58","modified_gmt":"2025-12-10T13:08:58","slug":"mrazaci-tac-na-ovocne-krmitko","status":"publish","type":"product","link":"https:\/\/www.bojungle.eu\/cs\/produkt\/mrazaci-tac-na-ovocne-krmitko\/","title":{"rendered":"Mrazac\u00ed t\u00e1c na ovocn\u00e9 krm\u00edtko"},"content":{"rendered":"<p data-start=\"1748\" data-end=\"2051\">S t\u00edmto praktick\u00fdm mraz\u00edc\u00edm podnosem na krm\u00edtko ovoce je p\u0159\u00edprava zdrav\u00fdch mra\u017een\u00fdch dobrot pro va\u0161e d\u00edt\u011b rychl\u00e1 a snadn\u00e1. Jednodu\u0161e napl\u0148te t\u00e1c \u010derstv\u00fdm ovocem, ovocn\u00fdm nebo zeleninov\u00fdm pyr\u00e9, p\u0159\u00edpadn\u011b i d\u011btsk\u00fdm ml\u00e9kem. Dej ho do mraz\u00e1ku a brzy bude\u0161 m\u00edt chutn\u00e9, osv\u011b\u017euj\u00edc\u00ed kostky, kter\u00e9 se perfektn\u011b vejdou do na\u0161ich krm\u00edtek na ovoce.  <\/p>\n<p data-start=\"2053\" data-end=\"2341\">Tyto p\u0159\u00edrodn\u00ed mra\u017een\u00e9 pochoutky jsou ide\u00e1ln\u00ed pro miminka p\u0159i pro\u0159ez\u00e1v\u00e1n\u00ed zoubk\u016f, uklid\u0148uj\u00ed bolav\u00e9 d\u00e1sn\u011b a z\u00e1rove\u0148 p\u0159edstavuj\u00ed va\u0161emu d\u00edt\u011bti \u010derstv\u00e9, zdrav\u00e9 chut\u011b. \u017d\u00e1dn\u00fd p\u0159idan\u00fd cukr, \u017e\u00e1dn\u00e9 komplikace, jen zdrav\u00e1, dom\u00e1c\u00ed dobrota.<br data-start=\"2259\" data-end=\"2262\">Praktick\u00fd, uklid\u0148uj\u00edc\u00ed a zdrav\u00fd zp\u016fsob, jak udr\u017eet va\u0161e miminko \u0161\u0165astn\u00e9 a sv\u011b\u017e\u00ed. <\/p>\n","protected":false},"excerpt":{"rendered":"<p data-start=\"1466\" data-end=\"1715\">Vytvo\u0159te zdrav\u00e9, osv\u011b\u017euj\u00edc\u00ed d\u011btsk\u00e9 sva\u010diny b\u011bhem chvilky s t\u00edmto mraz\u00edc\u00edm podnosem na krmen\u00ed ovoce. Napl\u0148te ho ovocem, pyr\u00e9 nebo d\u011btsk\u00fdm ml\u00e9kem, zmrazte a vychutnejte si p\u0159\u00edrodn\u00ed kostky, kter\u00e9 perfektn\u011b zapadnou do na\u0161ich krm\u00edtek na ovoce, ide\u00e1ln\u00ed pro zm\u00edrn\u011bn\u00ed bolav\u00fdch d\u00e1sn\u00ed p\u0159i pro\u0159ez\u00e1v\u00e1n\u00ed zoubk\u016f. <\/p>\n<h3 data-start=\"1717\" data-end=\"1747\"><\/h3>\n","protected":false},"featured_media":81063,"comment_status":"open","ping_status":"closed","template":"","meta":{"_lmt_disableupdate":"","_lmt_disable":""},"product_brand":[],"product_cat":[429,433,431],"product_tag":[],"woo-feed-brand":[],"class_list":{"0":"post-83278","1":"product","2":"type-product","3":"status-publish","4":"has-post-thumbnail","6":"product_cat-jidlo-a-piti","7":"product_cat-priprava-jidla","8":"product_cat-silikonova-rada","10":"first","11":"instock","12":"taxable","13":"shipping-taxable","14":"purchasable","15":"product-type-simple"},"_links":{"self":[{"href":"https:\/\/www.bojungle.eu\/cs\/wp-json\/wp\/v2\/product\/83278","targetHints":{"allow":["GET"]}}],"collection":[{"href":"https:\/\/www.bojungle.eu\/cs\/wp-json\/wp\/v2\/product"}],"about":[{"href":"https:\/\/www.bojungle.eu\/cs\/wp-json\/wp\/v2\/types\/product"}],"replies":[{"embeddable":true,"href":"https:\/\/www.bojungle.eu\/cs\/wp-json\/wp\/v2\/comments?post=83278"}],"version-history":[{"count":0,"href":"https:\/\/www.bojungle.eu\/cs\/wp-json\/wp\/v2\/product\/83278\/revisions"}],"wp:featuredmedia":[{"embeddable":true,"href":"https:\/\/www.bojungle.eu\/cs\/wp-json\/wp\/v2\/media\/81063"}],"wp:attachment":[{"href":"https:\/\/www.bojungle.eu\/cs\/wp-json\/wp\/v2\/media?parent=83278"}],"wp:term":[{"taxonomy":"product_brand","embeddable":true,"href":"https:\/\/www.bojungle.eu\/cs\/wp-json\/wp\/v2\/product_brand?post=83278"},{"taxonomy":"product_cat","embeddable":true,"href":"https:\/\/www.bojungle.eu\/cs\/wp-json\/wp\/v2\/product_cat?post=83278"},{"taxonomy":"product_tag","embeddable":true,"href":"https:\/\/www.bojungle.eu\/cs\/wp-json\/wp\/v2\/product_tag?post=83278"},{"taxonomy":"woo-feed-brand","embeddable":true,"href":"https:\/\/www.bojungle.eu\/cs\/wp-json\/wp\/v2\/woo-feed-brand?post=83278"}],"curies":[{"name":"wp","href":"https:\/\/api.w.org\/{rel}","templated":true}]}}