{"id":83356,"date":"2025-10-22T12:53:38","date_gmt":"2025-10-22T10:53:38","guid":{"rendered":"https:\/\/www.bojungle.eu\/product\/ohebna-lzice-a-vidlicka-duna\/"},"modified":"2025-12-10T14:12:39","modified_gmt":"2025-12-10T13:12:39","slug":"ohebna-lzice-a-vidlicka-duna","status":"publish","type":"product","link":"https:\/\/www.bojungle.eu\/cs\/produkt\/ohebna-lzice-a-vidlicka-duna\/","title":{"rendered":"Ohebn\u00e1 l\u017e\u00edce a vidli\u010dka Duna"},"content":{"rendered":"<ul>\n<li>Ide\u00e1ln\u00ed p\u0159\u00edbor pro batolata, kter\u00e1 se u\u010d\u00ed sama j\u00edst<\/li>\n<li>Vidli\u010dku a l\u017e\u00edci lze oh\u00fdbat v po\u017eadovan\u00e9m sm\u011bru.<\/li>\n<li>sm\u011bru, aby se va\u0161e batole mohlo sn\u00e1ze naj\u00edst samo.<\/li>\n<li>Vidli\u010dka m\u00e1 zaoblen\u00e9 \u0161pi\u010dky, aby se d\u011bti p\u0159i j\u00eddle nemohly poranit.<\/li>\n<li>Vhodn\u00e9 pro myt\u00ed v my\u010dce n\u00e1dob\u00ed<\/li>\n<\/ul>\n","protected":false},"excerpt":{"rendered":"<p>Ide\u00e1ln\u00ed p\u0159\u00edbor pro batolata, kter\u00e1 se u\u010d\u00ed sama j\u00edst<\/p>\n","protected":false},"featured_media":81834,"comment_status":"closed","ping_status":"closed","template":"","meta":{"_lmt_disableupdate":"","_lmt_disable":""},"product_brand":[],"product_cat":[561,429],"product_tag":[],"woo-feed-brand":[],"class_list":{"0":"post-83356","1":"product","2":"type-product","3":"status-publish","4":"has-post-thumbnail","6":"product_cat-cas-vecere","7":"product_cat-jidlo-a-piti","9":"first","10":"instock","11":"taxable","12":"shipping-taxable","13":"purchasable","14":"product-type-simple"},"_links":{"self":[{"href":"https:\/\/www.bojungle.eu\/cs\/wp-json\/wp\/v2\/product\/83356","targetHints":{"allow":["GET"]}}],"collection":[{"href":"https:\/\/www.bojungle.eu\/cs\/wp-json\/wp\/v2\/product"}],"about":[{"href":"https:\/\/www.bojungle.eu\/cs\/wp-json\/wp\/v2\/types\/product"}],"replies":[{"embeddable":true,"href":"https:\/\/www.bojungle.eu\/cs\/wp-json\/wp\/v2\/comments?post=83356"}],"version-history":[{"count":0,"href":"https:\/\/www.bojungle.eu\/cs\/wp-json\/wp\/v2\/product\/83356\/revisions"}],"wp:featuredmedia":[{"embeddable":true,"href":"https:\/\/www.bojungle.eu\/cs\/wp-json\/wp\/v2\/media\/81834"}],"wp:attachment":[{"href":"https:\/\/www.bojungle.eu\/cs\/wp-json\/wp\/v2\/media?parent=83356"}],"wp:term":[{"taxonomy":"product_brand","embeddable":true,"href":"https:\/\/www.bojungle.eu\/cs\/wp-json\/wp\/v2\/product_brand?post=83356"},{"taxonomy":"product_cat","embeddable":true,"href":"https:\/\/www.bojungle.eu\/cs\/wp-json\/wp\/v2\/product_cat?post=83356"},{"taxonomy":"product_tag","embeddable":true,"href":"https:\/\/www.bojungle.eu\/cs\/wp-json\/wp\/v2\/product_tag?post=83356"},{"taxonomy":"woo-feed-brand","embeddable":true,"href":"https:\/\/www.bojungle.eu\/cs\/wp-json\/wp\/v2\/woo-feed-brand?post=83356"}],"curies":[{"name":"wp","href":"https:\/\/api.w.org\/{rel}","templated":true}]}}