{"id":83371,"date":"2025-10-22T12:41:32","date_gmt":"2025-10-22T10:41:32","guid":{"rendered":"https:\/\/www.bojungle.eu\/product\/silikon-soft-spoons-white-dune-terra\/"},"modified":"2025-12-10T14:12:56","modified_gmt":"2025-12-10T13:12:56","slug":"silikon-soft-spoons-white-dune-terra","status":"publish","type":"product","link":"https:\/\/www.bojungle.eu\/cs\/produkt\/silikon-soft-spoons-white-dune-terra\/","title":{"rendered":"Silikon Soft Spoons (White-Dune-Terra)"},"content":{"rendered":"<p>Uklidn\u011bte j\u00eddlo s na\u0161imi m\u011bkk\u00fdmi silikonov\u00fdmi l\u017ei\u010dkami pro miminka, navr\u017een\u00fdmi s ohledem na pohodl\u00ed va\u0161eho miminka. Jemn\u00fd silikonov\u00fd hrot chr\u00e1n\u00ed citliv\u00e9 d\u00e1sn\u011b, zat\u00edmco ploch\u00fd p\u0159edn\u00ed d\u00edl usnad\u0148uje nab\u00edr\u00e1n\u00ed a odpojov\u00e1n\u00ed j\u00eddla. Bezpe\u010dn\u00e9 a pohodln\u00e9, tyto l\u017ei\u010dky jsou vhodn\u00e9 do my\u010dky pro snadn\u00e9 \u010di\u0161t\u011bn\u00ed a jsou k dispozici ve t\u0159ech sad\u00e1ch. Nav\u00edc jsou bez BPA, co\u017e zaji\u0161\u0165uje bezpe\u010dnost va\u0161eho d\u00edt\u011bte p\u0159i ka\u017ed\u00e9m soustu.   <\/p>\n<ul>\n<li><strong>M\u011bkk\u00e1 silikonov\u00e1 \u0161pi\u010dka: <\/strong>\u0161etrn\u00e1 k d\u00e1sn\u00edm a ide\u00e1ln\u00ed pro prvn\u00ed kousnut\u00ed.<\/li>\n<li><strong>Ploch\u00e1 p\u0159edn\u00ed \u010d\u00e1st:<\/strong> Navr\u017eeno pro snadn\u00e9 nab\u00edr\u00e1n\u00ed.<\/li>\n<li><strong>Lze m\u00fdt v my\u010dce n\u00e1dob\u00ed:<\/strong> Bezprobl\u00e9mov\u00e9 \u010di\u0161t\u011bn\u00ed.<\/li>\n<li><strong>Neobsahuje BPA:<\/strong> Bezpe\u010dn\u00e9 a netoxick\u00e9.<\/li>\n<\/ul>\n<p>Ud\u011blejte krmen\u00ed z\u00e1bavn\u00e9, bezpe\u010dn\u00e9 a snadn\u00e9!<\/p>\n","protected":false},"excerpt":{"rendered":"<div class=\"flex max-w-full flex-col flex-grow\">\n<div class=\"min-h-8 text-message flex w-full flex-col items-end gap-2 whitespace-normal break-words [.text-message+&amp;]:mt-5\" dir=\"auto\" data-message-author-role=\"assistant\" data-message-id=\"fd204360-cbd3-4df0-9ab5-f22ed10ca1b7\">\n<div class=\"flex w-full flex-col gap-1 empty:hidden first:pt-[3px]\">\n<div class=\"markdown prose w-full break-words dark:prose-invert light\">\n<p>M\u011bkk\u00e1 silikonov\u00e1 sada je navr\u017eena pro prvn\u00ed sousta va\u0161eho miminka, tyto l\u017ei\u010dky maj\u00ed m\u011bkk\u00fd silikonov\u00fd hrot na ochranu citliv\u00fdch d\u00e1sn\u00ed a ploch\u00fd p\u0159edn\u00ed kus pro snadn\u00e9 nab\u00edr\u00e1n\u00ed j\u00eddla. Je vhodn\u00e9 do my\u010dky a bez BPA pro bezpe\u010dn\u00e9 a snadn\u00e9 pou\u017eit\u00ed. <\/p>\n<\/div>\n<\/div>\n<\/div>\n<\/div>\n<div class=\"mb-2 flex gap-3 empty:hidden -ml-2\">\n<div class=\"items-center justify-start rounded-xl p-1 flex\">\n<div class=\"flex items-center\">\n<div class=\"flex\"><\/div>\n<div class=\"flex items-center pb-0\"><\/div>\n<\/div>\n<\/div>\n<\/div>\n","protected":false},"featured_media":81790,"comment_status":"closed","ping_status":"closed","template":"","meta":{"_lmt_disableupdate":"","_lmt_disable":""},"product_brand":[],"product_cat":[561,429],"product_tag":[],"woo-feed-brand":[],"class_list":{"0":"post-83371","1":"product","2":"type-product","3":"status-publish","4":"has-post-thumbnail","6":"product_cat-cas-vecere","7":"product_cat-jidlo-a-piti","9":"first","10":"instock","11":"taxable","12":"shipping-taxable","13":"purchasable","14":"product-type-simple"},"_links":{"self":[{"href":"https:\/\/www.bojungle.eu\/cs\/wp-json\/wp\/v2\/product\/83371","targetHints":{"allow":["GET"]}}],"collection":[{"href":"https:\/\/www.bojungle.eu\/cs\/wp-json\/wp\/v2\/product"}],"about":[{"href":"https:\/\/www.bojungle.eu\/cs\/wp-json\/wp\/v2\/types\/product"}],"replies":[{"embeddable":true,"href":"https:\/\/www.bojungle.eu\/cs\/wp-json\/wp\/v2\/comments?post=83371"}],"version-history":[{"count":0,"href":"https:\/\/www.bojungle.eu\/cs\/wp-json\/wp\/v2\/product\/83371\/revisions"}],"wp:featuredmedia":[{"embeddable":true,"href":"https:\/\/www.bojungle.eu\/cs\/wp-json\/wp\/v2\/media\/81790"}],"wp:attachment":[{"href":"https:\/\/www.bojungle.eu\/cs\/wp-json\/wp\/v2\/media?parent=83371"}],"wp:term":[{"taxonomy":"product_brand","embeddable":true,"href":"https:\/\/www.bojungle.eu\/cs\/wp-json\/wp\/v2\/product_brand?post=83371"},{"taxonomy":"product_cat","embeddable":true,"href":"https:\/\/www.bojungle.eu\/cs\/wp-json\/wp\/v2\/product_cat?post=83371"},{"taxonomy":"product_tag","embeddable":true,"href":"https:\/\/www.bojungle.eu\/cs\/wp-json\/wp\/v2\/product_tag?post=83371"},{"taxonomy":"woo-feed-brand","embeddable":true,"href":"https:\/\/www.bojungle.eu\/cs\/wp-json\/wp\/v2\/woo-feed-brand?post=83371"}],"curies":[{"name":"wp","href":"https:\/\/api.w.org\/{rel}","templated":true}]}}