{"id":83375,"date":"2025-10-22T11:35:24","date_gmt":"2025-10-22T09:35:24","guid":{"rendered":"https:\/\/www.bojungle.eu\/product\/b-dose-jade\/"},"modified":"2025-12-10T14:13:02","modified_gmt":"2025-12-10T13:13:02","slug":"b-dose-jade","status":"publish","type":"product","link":"https:\/\/www.bojungle.eu\/cs\/produkt\/b-dose-jade\/","title":{"rendered":"B-Dose Jade"},"content":{"rendered":"<ul>\n<li>Stohovac\u00ed d\u00e1vkova\u010d su\u0161en\u00e9ho d\u011btsk\u00e9ho ml\u00e9ka se samostatn\u00fdm nal\u00e9vac\u00edm hrdlem pro ka\u017edou p\u0159ihr\u00e1dku<\/li>\n<li>Snadn\u00e9 bran\u00ed na cesty<\/li>\n<li>Uzav\u00edr\u00e1 se 100% hermeticky<\/li>\n<li>4 samostatn\u00e9 odd\u00edly, ka\u017ed\u00fd m\u00e1 vlastn\u00ed nal\u00e9vac\u00ed v\u00fdtok<\/li>\n<li>Lze sterilizovat<\/li>\n<li>Stohovateln\u00e9<\/li>\n<\/ul>\n","protected":false},"excerpt":{"rendered":"<p>Stohovac\u00ed d\u00e1vkova\u010d su\u0161en\u00e9ho d\u011btsk\u00e9ho ml\u00e9ka se samostatn\u00fdm nal\u00e9vac\u00edm hrdlem pro ka\u017edou p\u0159ihr\u00e1dku<\/p>\n","protected":false},"featured_media":81472,"comment_status":"closed","ping_status":"closed","template":"","meta":{"_lmt_disableupdate":"","_lmt_disable":""},"product_brand":[],"product_cat":[429,433],"product_tag":[],"woo-feed-brand":[],"class_list":{"0":"post-83375","1":"product","2":"type-product","3":"status-publish","4":"has-post-thumbnail","6":"product_cat-jidlo-a-piti","7":"product_cat-priprava-jidla","9":"first","10":"instock","11":"taxable","12":"shipping-taxable","13":"purchasable","14":"product-type-simple"},"_links":{"self":[{"href":"https:\/\/www.bojungle.eu\/cs\/wp-json\/wp\/v2\/product\/83375","targetHints":{"allow":["GET"]}}],"collection":[{"href":"https:\/\/www.bojungle.eu\/cs\/wp-json\/wp\/v2\/product"}],"about":[{"href":"https:\/\/www.bojungle.eu\/cs\/wp-json\/wp\/v2\/types\/product"}],"replies":[{"embeddable":true,"href":"https:\/\/www.bojungle.eu\/cs\/wp-json\/wp\/v2\/comments?post=83375"}],"version-history":[{"count":0,"href":"https:\/\/www.bojungle.eu\/cs\/wp-json\/wp\/v2\/product\/83375\/revisions"}],"wp:featuredmedia":[{"embeddable":true,"href":"https:\/\/www.bojungle.eu\/cs\/wp-json\/wp\/v2\/media\/81472"}],"wp:attachment":[{"href":"https:\/\/www.bojungle.eu\/cs\/wp-json\/wp\/v2\/media?parent=83375"}],"wp:term":[{"taxonomy":"product_brand","embeddable":true,"href":"https:\/\/www.bojungle.eu\/cs\/wp-json\/wp\/v2\/product_brand?post=83375"},{"taxonomy":"product_cat","embeddable":true,"href":"https:\/\/www.bojungle.eu\/cs\/wp-json\/wp\/v2\/product_cat?post=83375"},{"taxonomy":"product_tag","embeddable":true,"href":"https:\/\/www.bojungle.eu\/cs\/wp-json\/wp\/v2\/product_tag?post=83375"},{"taxonomy":"woo-feed-brand","embeddable":true,"href":"https:\/\/www.bojungle.eu\/cs\/wp-json\/wp\/v2\/woo-feed-brand?post=83375"}],"curies":[{"name":"wp","href":"https:\/\/api.w.org\/{rel}","templated":true}]}}