{"id":83381,"date":"2025-10-22T13:07:27","date_gmt":"2025-10-22T11:07:27","guid":{"rendered":"https:\/\/www.bojungle.eu\/product\/sadova-sada-stetcu-na-lahve-jade\/"},"modified":"2025-12-10T14:13:22","modified_gmt":"2025-12-10T13:13:22","slug":"sadova-sada-stetcu-na-lahve-jade","status":"publish","type":"product","link":"https:\/\/www.bojungle.eu\/cs\/produkt\/sadova-sada-stetcu-na-lahve-jade\/","title":{"rendered":"Sadov\u00e1 sada \u0161t\u011btc\u016f na lahve Jade"},"content":{"rendered":"<p data-start=\"45\" data-end=\"161\">Udr\u017eujte l\u00e1hve sv\u00e9ho d\u00edt\u011bte bez poskvrnky d\u00edky t\u00e9to dvoud\u00edln\u00e9 sad\u011b kart\u00e1\u010d\u016f na l\u00e1hve v elegantn\u00edm designu. Sada obsahuje: <\/p>\n<ul>\n<li data-start=\"163\" data-end=\"384\"><strong data-start=\"165\" data-end=\"204\">Rota\u010dn\u00ed kart\u00e1\u010d na l\u00e1hve na ml\u00e9ko (velk\u00fd): <\/strong>Snadno vy\u010dist\u00ed lahve a dos\u00e1hne i na ta nejobt\u00ed\u017en\u011bj\u0161\u00ed m\u00edsta.<\/li>\n<li data-start=\"163\" data-end=\"384\"><strong data-start=\"278\" data-end=\"303\">Kart\u00e1\u010dek na bradavky (mal\u00fd): <\/strong>Speci\u00e1ln\u011b navr\u017een\u00fd pro p\u0159esn\u00e9 \u010di\u0161t\u011bn\u00ed savi\u010dek a dal\u0161\u00edch mal\u00fdch \u010d\u00e1st\u00ed lahv\u00ed.<\/li>\n<\/ul>\n<p><strong data-start=\"386\" data-end=\"403\">Kl\u00ed\u010dov\u00e9 vlastnosti:<\/strong><\/p>\n<ul>\n<li><strong data-start=\"408\" data-end=\"445\">Ur\u010deno pro kojeneck\u00e9 l\u00e1hve a savi\u010dky &#8211; <\/strong>zaji\u0161\u0165uje d\u016fkladn\u00e9 \u010di\u0161t\u011bn\u00ed pro hygienick\u00e9 krmen\u00ed.<\/li>\n<li><strong data-start=\"513\" data-end=\"546\">Vyrobeno z vysoce kvalitn\u00edho silikonu <\/strong>&#8211; odoln\u00e9, dlouhotrvaj\u00edc\u00ed a \u0161etrn\u00e9 k lahv\u00edm.<\/li>\n<li><strong data-start=\"599\" data-end=\"618\">Snadn\u00e9 uchopen\u00ed a pou\u017eit\u00ed &#8211;<\/strong> Ergonomick\u00e1 rukoje\u0165 pro pohodln\u00e9 dr\u017een\u00ed bez sklouz\u00e1v\u00e1n\u00ed.<\/li>\n<li><strong data-start=\"677\" data-end=\"705\">Snadn\u00e9 uchopen\u00ed a pou\u017eit\u00ed &#8211; <\/strong>Ergonomick\u00e1 rukoje\u0165 pro pohodln\u00e9 dr\u017een\u00ed bez sklouz\u00e1v\u00e1n\u00ed.<\/li>\n<li><strong data-start=\"767\" data-end=\"786\">Bez BPA a bezpe\u010dn\u00e9<\/strong> &#8211; Vyrobeno z materi\u00e1l\u016f bezpe\u010dn\u00fdch pro d\u011bti, abyste m\u011bli klid.<\/li>\n<\/ul>\n<p data-start=\"841\" data-end=\"935\" data-is-last-node=\"\" data-is-only-node=\"\">Tato sada kart\u00e1\u010d\u016f na l\u00e1hve je ide\u00e1ln\u00ed pro ka\u017edodenn\u00ed pou\u017eit\u00ed a umo\u017e\u0148uje rychl\u00e9, snadn\u00e9 a \u00fa\u010dinn\u00e9 \u010di\u0161t\u011bn\u00ed!<\/p>\n","protected":false},"excerpt":{"rendered":"<div id=\"description\" class=\"tab-pane fade in active\" role=\"tabpanel\">\n<div class=\"product-description\">\n<div id=\"description\" class=\"tab-pane fade in active\" role=\"tabpanel\">\n<div class=\"product-description\">\n<div class=\"flex max-w-full flex-col flex-grow\">\n<div class=\"min-h-8 text-message relative flex w-full flex-col items-end gap-2 whitespace-normal break-words text-start [.text-message+&amp;]:mt-5\" dir=\"auto\" data-message-author-role=\"assistant\" data-message-id=\"2c69c7b1-f02a-4e43-a887-8feda05d7654\" data-message-model-slug=\"gpt-4o\">\n<div class=\"flex w-full flex-col gap-1 empty:hidden first:pt-[3px]\">\n<div class=\"markdown prose w-full break-words dark:prose-invert light\">\n<div class=\"flex max-w-full flex-col flex-grow\">\n<div class=\"min-h-8 text-message relative flex w-full flex-col items-end gap-2 whitespace-normal break-words text-start [.text-message+&amp;]:mt-5\" dir=\"auto\" data-message-author-role=\"assistant\" data-message-id=\"2c69c7b1-f02a-4e43-a887-8feda05d7654\" data-message-model-slug=\"gpt-4o\">\n<div class=\"flex w-full flex-col gap-1 empty:hidden first:pt-[3px]\">\n<div class=\"markdown prose w-full break-words dark:prose-invert light\">\n<p data-start=\"41\" data-end=\"300\" data-is-last-node=\"\" data-is-only-node=\"\">Udr\u017eujte d\u011btsk\u00e9 lahve bez poskvrny s touto sadou silikonov\u00fdch \u0161t\u011btc\u016f na lahvi\u010dky! Obsahuje rotuj\u00edc\u00ed velk\u00fd kart\u00e1\u010d na lahve a mal\u00fd kart\u00e1\u010dek na dudlov\u00e9 bradavky, kter\u00e9 snadno dos\u00e1hnou do ka\u017ed\u00e9ho rohu. Snadn\u00e9 uchopen\u00ed a snadn\u00e9 \u010di\u0161t\u011bn\u00ed \u2013 ide\u00e1ln\u00ed pro ka\u017edodenn\u00ed no\u0161en\u00ed!  <\/p>\n<\/div>\n<\/div>\n<\/div>\n<\/div>\n<\/div>\n<\/div>\n<\/div>\n<\/div>\n<div class=\"mb-2 flex gap-3 -ml-2\" tabindex=\"0\">\n<div class=\"flex items-center justify-start rounded-xl p-1\">\n<div class=\"flex items-center\">\n<div class=\"flex items-center pb-0\"><\/div>\n<\/div>\n<\/div>\n<\/div>\n<\/div>\n<\/div>\n<div id=\"product-details\" class=\"tab-pane fade\" style=\"box-sizing: inherit; opacity: 1; transition: opacity 0.15s linear 0s; display: block; margin-bottom: 20px; color: #000000; font-family: Roboto, Arial, Helvetica, sans-serif; font-size: 13px; font-style: normal; font-variant-ligatures: normal; font-variant-caps: normal; font-weight: 400; letter-spacing: normal; orphans: 2; text-align: start; text-indent: 0px; text-transform: none; white-space: normal; widows: 2; word-spacing: 0px; -webkit-text-stroke-width: 0px; background-color: #ffffff; text-decoration-thickness: initial; text-decoration-style: initial; text-decoration-color: initial;\" role=\"tabpanel\" data-product=\"{\"id_shop_default\":\"1\",\"id_manufacturer\":\"0\",\"id_supplier\":\"0\",\"reference\":\"B540220\",\"is_virtual\":\"0\",\"delivery_in_stock\":\"\",\"delivery_out_stock\":\"\",\"id_category_default\":\"322\",\"on_sale\":\"0\",\"online_only\":\"0\",\"ecotax\":0,\"minimal_quantity\":\"1\",\"low_stock_threshold\":null,\"low_stock_alert\":\"0\",\"price\":\"u20ac0.00\",\"unity\":\"\",\"unit_price_ratio\":\"0.000000\",\"additional_shipping_cost\":\"0.000000\",\"customizable\":\"0\",\"text_fields\":\"0\",\"uploadable_files\":\"0\",\"redirect_type\":\"301-category\",\"id_type_redirected\":\"0\",\"available_for_order\":\"1\",\"available_date\":\"0000-00-00\",\"show_condition\":\"0\",\"condition\":\"new\",\"show_price\":\"1\",\"indexed\":\"0\",\"visibility\":\"both\",\"cache_default_attribute\":\"0\",\"advanced_stock_management\":\"0\",\"date_add\":\"2021-01-20 14:58:05\",\"date_upd\":\"2022-02-01 10:25:04\",\"pack_stock_type\":\"0\",\"meta_description\":\"The B-Bottle Brush Set is a rotating Milk Bottle Brush (large) and a Nipple Brush (small) that reaches even the most difficult places.\",\"meta_keywords\":\"\",\"meta_title\":\"B-Bottle Brush Set Pink| Bo Jungle\",\"link_rewrite\":\"b-bottle-brush-set-blue\",\"name\":\"B-Bottle Brush Set Blue\",\"description\":\"&lt;p&gt;u2022 Set of 2 pieces to clean your baby bottles&lt;\/p&gt;r &lt;p&gt;u2022 A rotating Milk Bottle Brush (large) and a Nipple Brush (small) that reaches even the u0003u00a0 most difficult places.&lt;\/p&gt;r &lt;p&gt;u2022 For baby milk bottle and teat&lt;\/p&gt;r &lt;p&gt;u2022 Cleaning before first usage\/ Easy to clean&lt;\/p&gt;r &lt;p&gt;u2022 Made of silicone&lt;\/p&gt;r &lt;p&gt;u2022 Easy grip \/ Easy to use&lt;\/p&gt;r &lt;p&gt;u2022 BPA free&lt;\/p&gt;\",\"description_short\":\"&lt;p&gt;B-Bottle Brush Set Blue&lt;\/p&gt;\",\"available_now\":\"\",\"available_later\":\"\",\"id\":1013,\"id_product\":1013,\"out_of_stock\":0,\"new\":0,\"id_product_attribute\":\"0\",\"quantity_wanted\":1,\"extraContent\":[],\"allow_oosp\":true,\"category\":\"in-the-kitchen\",\"category_name\":\"In the Kitchen\",\"link\":\"https:\/\/bojungle.eu\/gb\/in-the-kitchen\/1013-b-bottle-brush-set-blue.html\",\"attribute_price\":0,\"price_tax_exc\":0,\"price_without_reduction\":0,\"reduction\":0,\"specific_prices\":[],\"quantity\":0,\"quantity_all_versions\":0,\"id_image\":\"gb-default\",\"features\":[],\"attachments\":[],\"virtual\":0,\"pack\":0,\"packItems\":[],\"nopackprice\":0,\"customization_required\":false,\"rate\":0,\"tax_name\":\"\",\"ecotax_rate\":0,\"unit_price\":\"\",\"customizations\":{\"fields\":[]},\"id_customization\":0,\"is_customizable\":false,\"show_quantities\":false,\"quantity_label\":\"Item\",\"quantity_discounts\":[],\"customer_group_discount\":0,\"images\":[{\"bySize\":{\"small_default\":{\"url\":\"https:\/\/bojungle.eu\/2988-small_default\/b-bottle-brush-set-blue.jpg\",\"width\":98,\"height\":98},\"cart_default\":{\"url\":\"https:\/\/bojungle.eu\/2988-cart_default\/b-bottle-brush-set-blue.jpg\",\"width\":125,\"height\":125},\"home_default\":{\"url\":\"https:\/\/bojungle.eu\/2988-home_default\/b-bottle-brush-set-blue.jpg\",\"width\":259,\"height\":259},\"medium_default\":{\"url\":\"https:\/\/bojungle.eu\/2988-medium_default\/b-bottle-brush-set-blue.jpg\",\"width\":452,\"height\":452},\"large_default\":{\"url\":\"https:\/\/bojungle.eu\/2988-large_default\/b-bottle-brush-set-blue.jpg\",\"width\":800,\"height\":800}},\"small\":{\"url\":\"https:\/\/bojungle.eu\/2988-small_default\/b-bottle-brush-set-blue.jpg\",\"width\":98,\"height\":98},\"medium\":{\"url\":\"https:\/\/bojungle.eu\/2988-home_default\/b-bottle-brush-set-blue.jpg\",\"width\":259,\"height\":259},\"large\":{\"url\":\"https:\/\/bojungle.eu\/2988-large_default\/b-bottle-brush-set-blue.jpg\",\"width\":800,\"height\":800},\"legend\":\"\",\"id_image\":\"2988\",\"cover\":\"1\",\"position\":\"1\",\"associatedVariants\":[]}],\"cover\":{\"bySize\":{\"small_default\":{\"url\":\"https:\/\/bojungle.eu\/2988-small_default\/b-bottle-brush-set-blue.jpg\",\"width\":98,\"height\":98},\"cart_default\":{\"url\":\"https:\/\/bojungle.eu\/2988-cart_default\/b-bottle-brush-set-blue.jpg\",\"width\":125,\"height\":125},\"home_default\":{\"url\":\"https:\/\/bojungle.eu\/2988-home_default\/b-bottle-brush-set-blue.jpg\",\"width\":259,\"height\":259},\"medium_default\":{\"url\":\"https:\/\/bojungle.eu\/2988-medium_default\/b-bottle-brush-set-blue.jpg\",\"width\":452,\"height\":452},\"large_default\":{\"url\":\"https:\/\/bojungle.eu\/2988-large_default\/b-bottle-brush-set-blue.jpg\",\"width\":800,\"height\":800}},\"small\":{\"url\":\"https:\/\/bojungle.eu\/2988-small_default\/b-bottle-brush-set-blue.jpg\",\"width\":98,\"height\":98},\"medium\":{\"url\":\"https:\/\/bojungle.eu\/2988-home_default\/b-bottle-brush-set-blue.jpg\",\"width\":259,\"height\":259},\"large\":{\"url\":\"https:\/\/bojungle.eu\/2988-large_default\/b-bottle-brush-set-blue.jpg\",\"width\":800,\"height\":800},\"legend\":\"\",\"id_image\":\"2988\",\"cover\":\"1\",\"position\":\"1\",\"associatedVariants\":[]},\"has_discount\":false,\"discount_type\":null,\"discount_percentage\":null,\"discount_percentage_absolute\":null,\"discount_amount\":null,\"discount_amount_to_display\":null,\"price_amount\":0,\"unit_price_full\":\"\",\"show_availability\":false,\"availability_message\":null,\"availability_date\":null,\"availability\":null}\"><\/div>\n<p>&nbsp;<\/p>\n<\/div>\n<\/div>\n<div id=\"product-details\" class=\"tab-pane fade\" style=\"box-sizing: inherit; opacity: 1; transition: opacity 0.15s linear 0s; display: block; margin-bottom: 20px; color: #000000; font-family: Roboto, Arial, Helvetica, sans-serif; font-size: 13px; font-style: normal; font-variant-ligatures: normal; font-variant-caps: normal; font-weight: 400; letter-spacing: normal; orphans: 2; text-align: start; text-indent: 0px; text-transform: none; white-space: normal; widows: 2; word-spacing: 0px; -webkit-text-stroke-width: 0px; background-color: #ffffff; text-decoration-thickness: initial; text-decoration-style: initial; text-decoration-color: initial;\" role=\"tabpanel\" data-product=\"{\"id_shop_default\":\"1\",\"id_manufacturer\":\"0\",\"id_supplier\":\"0\",\"reference\":\"B540220\",\"is_virtual\":\"0\",\"delivery_in_stock\":\"\",\"delivery_out_stock\":\"\",\"id_category_default\":\"322\",\"on_sale\":\"0\",\"online_only\":\"0\",\"ecotax\":0,\"minimal_quantity\":\"1\",\"low_stock_threshold\":null,\"low_stock_alert\":\"0\",\"price\":\"u20ac0.00\",\"unity\":\"\",\"unit_price_ratio\":\"0.000000\",\"additional_shipping_cost\":\"0.000000\",\"customizable\":\"0\",\"text_fields\":\"0\",\"uploadable_files\":\"0\",\"redirect_type\":\"301-category\",\"id_type_redirected\":\"0\",\"available_for_order\":\"1\",\"available_date\":\"0000-00-00\",\"show_condition\":\"0\",\"condition\":\"new\",\"show_price\":\"1\",\"indexed\":\"0\",\"visibility\":\"both\",\"cache_default_attribute\":\"0\",\"advanced_stock_management\":\"0\",\"date_add\":\"2021-01-20 14:58:05\",\"date_upd\":\"2022-02-01 10:25:04\",\"pack_stock_type\":\"0\",\"meta_description\":\"The B-Bottle Brush Set is a rotating Milk Bottle Brush (large) and a Nipple Brush (small) that reaches even the most difficult places.\",\"meta_keywords\":\"\",\"meta_title\":\"B-Bottle Brush Set Pink| Bo Jungle\",\"link_rewrite\":\"b-bottle-brush-set-blue\",\"name\":\"B-Bottle Brush Set Blue\",\"description\":\"&lt;p&gt;u2022 Set of 2 pieces to clean your baby bottles&lt;\/p&gt;r &lt;p&gt;u2022 A rotating Milk Bottle Brush (large) and a Nipple Brush (small) that reaches even the u0003u00a0 most difficult places.&lt;\/p&gt;r &lt;p&gt;u2022 For baby milk bottle and teat&lt;\/p&gt;r &lt;p&gt;u2022 Cleaning before first usage\/ Easy to clean&lt;\/p&gt;r &lt;p&gt;u2022 Made of silicone&lt;\/p&gt;r &lt;p&gt;u2022 Easy grip \/ Easy to use&lt;\/p&gt;r &lt;p&gt;u2022 BPA free&lt;\/p&gt;\",\"description_short\":\"&lt;p&gt;B-Bottle Brush Set Blue&lt;\/p&gt;\",\"available_now\":\"\",\"available_later\":\"\",\"id\":1013,\"id_product\":1013,\"out_of_stock\":0,\"new\":0,\"id_product_attribute\":\"0\",\"quantity_wanted\":1,\"extraContent\":[],\"allow_oosp\":true,\"category\":\"in-the-kitchen\",\"category_name\":\"In the Kitchen\",\"link\":\"https:\/\/bojungle.eu\/gb\/in-the-kitchen\/1013-b-bottle-brush-set-blue.html\",\"attribute_price\":0,\"price_tax_exc\":0,\"price_without_reduction\":0,\"reduction\":0,\"specific_prices\":[],\"quantity\":0,\"quantity_all_versions\":0,\"id_image\":\"gb-default\",\"features\":[],\"attachments\":[],\"virtual\":0,\"pack\":0,\"packItems\":[],\"nopackprice\":0,\"customization_required\":false,\"rate\":0,\"tax_name\":\"\",\"ecotax_rate\":0,\"unit_price\":\"\",\"customizations\":{\"fields\":[]},\"id_customization\":0,\"is_customizable\":false,\"show_quantities\":false,\"quantity_label\":\"Item\",\"quantity_discounts\":[],\"customer_group_discount\":0,\"images\":[{\"bySize\":{\"small_default\":{\"url\":\"https:\/\/bojungle.eu\/2988-small_default\/b-bottle-brush-set-blue.jpg\",\"width\":98,\"height\":98},\"cart_default\":{\"url\":\"https:\/\/bojungle.eu\/2988-cart_default\/b-bottle-brush-set-blue.jpg\",\"width\":125,\"height\":125},\"home_default\":{\"url\":\"https:\/\/bojungle.eu\/2988-home_default\/b-bottle-brush-set-blue.jpg\",\"width\":259,\"height\":259},\"medium_default\":{\"url\":\"https:\/\/bojungle.eu\/2988-medium_default\/b-bottle-brush-set-blue.jpg\",\"width\":452,\"height\":452},\"large_default\":{\"url\":\"https:\/\/bojungle.eu\/2988-large_default\/b-bottle-brush-set-blue.jpg\",\"width\":800,\"height\":800}},\"small\":{\"url\":\"https:\/\/bojungle.eu\/2988-small_default\/b-bottle-brush-set-blue.jpg\",\"width\":98,\"height\":98},\"medium\":{\"url\":\"https:\/\/bojungle.eu\/2988-home_default\/b-bottle-brush-set-blue.jpg\",\"width\":259,\"height\":259},\"large\":{\"url\":\"https:\/\/bojungle.eu\/2988-large_default\/b-bottle-brush-set-blue.jpg\",\"width\":800,\"height\":800},\"legend\":\"\",\"id_image\":\"2988\",\"cover\":\"1\",\"position\":\"1\",\"associatedVariants\":[]}],\"cover\":{\"bySize\":{\"small_default\":{\"url\":\"https:\/\/bojungle.eu\/2988-small_default\/b-bottle-brush-set-blue.jpg\",\"width\":98,\"height\":98},\"cart_default\":{\"url\":\"https:\/\/bojungle.eu\/2988-cart_default\/b-bottle-brush-set-blue.jpg\",\"width\":125,\"height\":125},\"home_default\":{\"url\":\"https:\/\/bojungle.eu\/2988-home_default\/b-bottle-brush-set-blue.jpg\",\"width\":259,\"height\":259},\"medium_default\":{\"url\":\"https:\/\/bojungle.eu\/2988-medium_default\/b-bottle-brush-set-blue.jpg\",\"width\":452,\"height\":452},\"large_default\":{\"url\":\"https:\/\/bojungle.eu\/2988-large_default\/b-bottle-brush-set-blue.jpg\",\"width\":800,\"height\":800}},\"small\":{\"url\":\"https:\/\/bojungle.eu\/2988-small_default\/b-bottle-brush-set-blue.jpg\",\"width\":98,\"height\":98},\"medium\":{\"url\":\"https:\/\/bojungle.eu\/2988-home_default\/b-bottle-brush-set-blue.jpg\",\"width\":259,\"height\":259},\"large\":{\"url\":\"https:\/\/bojungle.eu\/2988-large_default\/b-bottle-brush-set-blue.jpg\",\"width\":800,\"height\":800},\"legend\":\"\",\"id_image\":\"2988\",\"cover\":\"1\",\"position\":\"1\",\"associatedVariants\":[]},\"has_discount\":false,\"discount_type\":null,\"discount_percentage\":null,\"discount_percentage_absolute\":null,\"discount_amount\":null,\"discount_amount_to_display\":null,\"price_amount\":0,\"unit_price_full\":\"\",\"show_availability\":false,\"availability_message\":null,\"availability_date\":null,\"availability\":null}\"><\/div>\n","protected":false},"featured_media":81871,"comment_status":"closed","ping_status":"closed","template":"","meta":{"_lmt_disableupdate":"","_lmt_disable":""},"product_brand":[],"product_cat":[429,433,431],"product_tag":[],"woo-feed-brand":[],"class_list":{"0":"post-83381","1":"product","2":"type-product","3":"status-publish","4":"has-post-thumbnail","6":"product_cat-jidlo-a-piti","7":"product_cat-priprava-jidla","8":"product_cat-silikonova-rada","10":"first","11":"instock","12":"taxable","13":"shipping-taxable","14":"purchasable","15":"product-type-simple"},"_links":{"self":[{"href":"https:\/\/www.bojungle.eu\/cs\/wp-json\/wp\/v2\/product\/83381","targetHints":{"allow":["GET"]}}],"collection":[{"href":"https:\/\/www.bojungle.eu\/cs\/wp-json\/wp\/v2\/product"}],"about":[{"href":"https:\/\/www.bojungle.eu\/cs\/wp-json\/wp\/v2\/types\/product"}],"replies":[{"embeddable":true,"href":"https:\/\/www.bojungle.eu\/cs\/wp-json\/wp\/v2\/comments?post=83381"}],"version-history":[{"count":0,"href":"https:\/\/www.bojungle.eu\/cs\/wp-json\/wp\/v2\/product\/83381\/revisions"}],"wp:featuredmedia":[{"embeddable":true,"href":"https:\/\/www.bojungle.eu\/cs\/wp-json\/wp\/v2\/media\/81871"}],"wp:attachment":[{"href":"https:\/\/www.bojungle.eu\/cs\/wp-json\/wp\/v2\/media?parent=83381"}],"wp:term":[{"taxonomy":"product_brand","embeddable":true,"href":"https:\/\/www.bojungle.eu\/cs\/wp-json\/wp\/v2\/product_brand?post=83381"},{"taxonomy":"product_cat","embeddable":true,"href":"https:\/\/www.bojungle.eu\/cs\/wp-json\/wp\/v2\/product_cat?post=83381"},{"taxonomy":"product_tag","embeddable":true,"href":"https:\/\/www.bojungle.eu\/cs\/wp-json\/wp\/v2\/product_tag?post=83381"},{"taxonomy":"woo-feed-brand","embeddable":true,"href":"https:\/\/www.bojungle.eu\/cs\/wp-json\/wp\/v2\/woo-feed-brand?post=83381"}],"curies":[{"name":"wp","href":"https:\/\/api.w.org\/{rel}","templated":true}]}}