{"id":83423,"date":"2025-10-22T11:42:19","date_gmt":"2025-10-22T09:42:19","guid":{"rendered":"https:\/\/www.bojungle.eu\/product\/nomadska-pusna-bedna-duna\/"},"modified":"2025-12-10T14:14:00","modified_gmt":"2025-12-10T13:14:00","slug":"nomadska-pusna-bedna-duna","status":"publish","type":"product","link":"https:\/\/www.bojungle.eu\/cs\/produkt\/nomadska-pusna-bedna-duna\/","title":{"rendered":"Nom\u00e1dsk\u00e1 pu\u0161n\u00e1 bedna Duna"},"content":{"rendered":"<p>Nomadic Powder Box je dokonal\u00fdm spole\u010dn\u00edkem pro rodi\u010de na cest\u00e1ch. Tento box je ur\u010den k uchov\u00e1v\u00e1n\u00ed su\u0161en\u00e9ho ml\u00e9ka nebo jin\u00fdch su\u0161en\u00fdch p\u0159\u00edkrm\u016f a nab\u00edz\u00ed maxim\u00e1ln\u00ed pohodl\u00ed. Jeho kompaktn\u00ed, p\u0159enosn\u00fd design umo\u017e\u0148uje snadn\u00e9 p\u0159en\u00e1\u0161en\u00ed kamkoli v\u00e1s \u017eivot zavede. A\u0165 u\u017e jste na cest\u00e1ch, v parku nebo prost\u011b jen na poch\u016fzk\u00e1ch, Nomadic Powder Box uchov\u00e1 v\u00e1\u0161 pr\u00e1\u0161ek \u010derstv\u00fd a dostupn\u00fd.   <\/p>\n<p>Kl\u00ed\u010dov\u00e9 vlastnosti:<\/p>\n<ul>\n<li><strong>Skladov\u00e1n\u00ed su\u0161en\u00e9ho ml\u00e9ka: <\/strong>Ide\u00e1ln\u00ed pro skladov\u00e1n\u00ed su\u0161en\u00e9ho ml\u00e9ka nebo jin\u00fdch su\u0161en\u00fdch potravin.<\/li>\n<li><strong>P\u0159enosn\u00e9 a praktick\u00e9: <\/strong>Lehk\u00fd a snadno p\u0159enosn\u00fd, snadno se vejde do ta\u0161ky nebo ko\u010d\u00e1rku.<\/li>\n<li><strong>Snadno se \u010dist\u00ed: <\/strong>Snadno se ot\u00edr\u00e1, co\u017e zaji\u0161\u0165uje hygienu a pohodl\u00ed.<\/li>\n<li><strong>V\u010detn\u011b l\u017e\u00edce: <\/strong>Dod\u00e1v\u00e1 se s praktickou l\u017ei\u010dkou pro snadn\u00e9 nab\u00edr\u00e1n\u00ed a odm\u011b\u0159ov\u00e1n\u00ed.<\/li>\n<\/ul>\n<p>Udr\u017eujte su\u0161en\u00e9 ml\u00e9ko nebo dopl\u0148ky stravy sv\u00e9ho d\u00edt\u011bte p\u0159ehledn\u011b uspo\u0159\u00e1dan\u00e9 a dostupn\u00e9 s boxem na pr\u00e1\u0161ek Nomadic &#8211; nezbytnou v\u00fdbavou pro ka\u017ed\u00e9ho zanepr\u00e1zdn\u011bn\u00e9ho rodi\u010de!<\/p>\n","protected":false},"excerpt":{"rendered":"<div class=\"elementor-element elementor-element-80cf67d elementor-widget elementor-widget-jet-single-excerpt\" data-id=\"80cf67d\" data-element_type=\"widget\" data-widget_type=\"jet-single-excerpt.default\">\n<div class=\"elementor-widget-container\">\n<div class=\"elementor-jet-single-excerpt jet-woo-builder\">\n<div class=\"woocommerce-product-details__short-description\">\n<p>Box na su\u0161en\u00e9 ml\u00e9ko Nomadic je kompaktn\u00ed, p\u0159enosn\u00e9 \u0159e\u0161en\u00ed pro skladov\u00e1n\u00ed su\u0161en\u00e9ho ml\u00e9ka. Je lehk\u00fd a snadno p\u0159enosn\u00fd, obsahuje l\u017ei\u010dku pro v\u011bt\u0161\u00ed pohodl\u00ed a snadno se \u010dist\u00ed, tak\u017ee je ide\u00e1ln\u00ed pro rodi\u010de na cest\u00e1ch. <\/p>\n<\/div>\n<\/div>\n<\/div>\n<\/div>\n<div class=\"elementor-element elementor-element-c5d7d93 elementor-widget elementor-widget-spacer\" data-id=\"c5d7d93\" data-element_type=\"widget\" data-widget_type=\"spacer.default\">\n<div class=\"elementor-widget-container\">\n<div class=\"elementor-spacer\"><\/div>\n<\/div>\n<\/div>\n","protected":false},"featured_media":81495,"comment_status":"closed","ping_status":"closed","template":"","meta":{"_lmt_disableupdate":"","_lmt_disable":""},"product_brand":[],"product_cat":[429,433],"product_tag":[],"woo-feed-brand":[],"class_list":{"0":"post-83423","1":"product","2":"type-product","3":"status-publish","4":"has-post-thumbnail","6":"product_cat-jidlo-a-piti","7":"product_cat-priprava-jidla","9":"first","10":"instock","11":"featured","12":"taxable","13":"shipping-taxable","14":"purchasable","15":"product-type-simple"},"_links":{"self":[{"href":"https:\/\/www.bojungle.eu\/cs\/wp-json\/wp\/v2\/product\/83423","targetHints":{"allow":["GET"]}}],"collection":[{"href":"https:\/\/www.bojungle.eu\/cs\/wp-json\/wp\/v2\/product"}],"about":[{"href":"https:\/\/www.bojungle.eu\/cs\/wp-json\/wp\/v2\/types\/product"}],"replies":[{"embeddable":true,"href":"https:\/\/www.bojungle.eu\/cs\/wp-json\/wp\/v2\/comments?post=83423"}],"version-history":[{"count":0,"href":"https:\/\/www.bojungle.eu\/cs\/wp-json\/wp\/v2\/product\/83423\/revisions"}],"wp:featuredmedia":[{"embeddable":true,"href":"https:\/\/www.bojungle.eu\/cs\/wp-json\/wp\/v2\/media\/81495"}],"wp:attachment":[{"href":"https:\/\/www.bojungle.eu\/cs\/wp-json\/wp\/v2\/media?parent=83423"}],"wp:term":[{"taxonomy":"product_brand","embeddable":true,"href":"https:\/\/www.bojungle.eu\/cs\/wp-json\/wp\/v2\/product_brand?post=83423"},{"taxonomy":"product_cat","embeddable":true,"href":"https:\/\/www.bojungle.eu\/cs\/wp-json\/wp\/v2\/product_cat?post=83423"},{"taxonomy":"product_tag","embeddable":true,"href":"https:\/\/www.bojungle.eu\/cs\/wp-json\/wp\/v2\/product_tag?post=83423"},{"taxonomy":"woo-feed-brand","embeddable":true,"href":"https:\/\/www.bojungle.eu\/cs\/wp-json\/wp\/v2\/woo-feed-brand?post=83423"}],"curies":[{"name":"wp","href":"https:\/\/api.w.org\/{rel}","templated":true}]}}