{"id":83430,"date":"2025-10-22T10:49:18","date_gmt":"2025-10-22T08:49:18","guid":{"rendered":"https:\/\/www.bojungle.eu\/product\/fruit-feeder-4-v-1-jade\/"},"modified":"2025-12-10T14:14:08","modified_gmt":"2025-12-10T13:14:08","slug":"fruit-feeder-4-v-1-jade","status":"publish","type":"product","link":"https:\/\/www.bojungle.eu\/cs\/produkt\/fruit-feeder-4-v-1-jade\/","title":{"rendered":"Fruit Feeder 4-v-1 Jade"},"content":{"rendered":"<p>P\u0159edstavujeme Fruit Feeder 4-in-1 \u2013 z\u00e1bavn\u00fd a bezpe\u010dn\u00fd zp\u016fsob, jak m\u016f\u017ee va\u0161e d\u00edt\u011b vyzkou\u0161et r\u016fzn\u00e1 j\u00eddla!<\/p>\n<p><strong>Vlastnosti:<\/strong><\/p>\n<ul>\n<li><strong>Bezpe\u010dn\u00e9 stravov\u00e1n\u00ed: <\/strong> Sta\u010d\u00ed nakr\u00e1jet ovoce nebo zeleninu na mal\u00e9 kousky a vlo\u017eit je dovnit\u0159. Va\u0161e d\u00edt\u011b si m\u016f\u017ee vychutnat chutn\u00e1 sousta bez obav z udu\u0161en\u00ed.<\/li>\n<li><strong>4 zp\u016fsoby krmen\u00ed: <\/strong> M\u016f\u017eete si vybrat, co nejl\u00e9pe vyhovuje v\u011bku a chuti va\u0161eho d\u00edt\u011bte.<\/li>\n<li><strong>Snadno se \u010dist\u00ed: <\/strong> \u017d\u00e1dn\u00fd rozruch! Kdy\u017e ji pot\u0159ebujete um\u00fdt, sta\u010d\u00ed ji hodit do my\u010dky.<\/li>\n<li><strong>\u017d\u00e1dn\u00fd nepo\u0159\u00e1dek: <\/strong> D\u00edky v\u00edku ji m\u016f\u017eete ulo\u017eit bez rozlit\u00ed.<\/li>\n<li><strong>Bezpe\u010dn\u00fd materi\u00e1l: <\/strong> Je vyroben bez \u0161kodliv\u00fdch chemik\u00e1li\u00ed, tak\u017ee je pro va\u0161e d\u00edt\u011b bezpe\u010dn\u00fd.<\/li>\n<\/ul>\n<p>S Fruit Feeder 4-in-1 je j\u00eddlo snadn\u00e9 i z\u00e1bavn\u00e9!<\/p>\n","protected":false},"excerpt":{"rendered":"<div class=\"elementor-element elementor-element-80cf67d elementor-widget elementor-widget-jet-single-excerpt\" data-id=\"80cf67d\" data-element_type=\"widget\" data-widget_type=\"jet-single-excerpt.default\">\n<div class=\"elementor-widget-container\">\n<div class=\"elementor-jet-single-excerpt jet-woo-builder\">\n<div class=\"woocommerce-product-details__short-description\">\n<p><span class=\"OYPEnA text-decoration-none text-strikethrough-none\">S t\u00edmto roztomil\u00fdm ovocn\u00fdm krm\u00edtkem 4 v 1 m\u016f\u017ee va\u0161e d\u00edt\u011b ochutn\u00e1vat v\u0161echny mo\u017en\u00e9 lah\u016fdky do slibosti a p\u0159edev\u0161\u00edm bezpe\u010dn\u011b. S t\u00edmto roztomil\u00fdm kr\u00e1l\u00ed\u010dkov\u00fdm podava\u010dem ovoce m\u016f\u017ee va\u0161e d\u011b\u0165\u00e1tko ochutn\u00e1vat nejr\u016fzn\u011bj\u0161\u00ed pochoutky podle sv\u00e9ho gusta a p\u0159edev\u0161\u00edm bezpe\u010dn\u011b. T\u00edmto zp\u016fsobem objevuj\u00ed nov\u00e9 chut\u011b bez rizika udu\u0161en\u00ed. D\u00edky praktick\u00e9mu v\u00edku m\u016f\u017eete podava\u010d ovoce skladovat bez n\u00e1sledn\u00e9ho nepo\u0159\u00e1dku.   <\/span><\/p>\n<\/div>\n<\/div>\n<\/div>\n<\/div>\n<div class=\"elementor-element elementor-element-c5d7d93 elementor-widget elementor-widget-spacer\" data-id=\"c5d7d93\" data-element_type=\"widget\" data-widget_type=\"spacer.default\">\n<div class=\"elementor-widget-container\">\n<div class=\"elementor-spacer\"><\/div>\n<\/div>\n<\/div>\n","protected":false},"featured_media":81348,"comment_status":"closed","ping_status":"closed","template":"","meta":{"_lmt_disableupdate":"","_lmt_disable":""},"product_brand":[],"product_cat":[561,429],"product_tag":[],"woo-feed-brand":[],"class_list":{"0":"post-83430","1":"product","2":"type-product","3":"status-publish","4":"has-post-thumbnail","6":"product_cat-cas-vecere","7":"product_cat-jidlo-a-piti","9":"first","10":"instock","11":"taxable","12":"shipping-taxable","13":"purchasable","14":"product-type-simple"},"_links":{"self":[{"href":"https:\/\/www.bojungle.eu\/cs\/wp-json\/wp\/v2\/product\/83430","targetHints":{"allow":["GET"]}}],"collection":[{"href":"https:\/\/www.bojungle.eu\/cs\/wp-json\/wp\/v2\/product"}],"about":[{"href":"https:\/\/www.bojungle.eu\/cs\/wp-json\/wp\/v2\/types\/product"}],"replies":[{"embeddable":true,"href":"https:\/\/www.bojungle.eu\/cs\/wp-json\/wp\/v2\/comments?post=83430"}],"version-history":[{"count":0,"href":"https:\/\/www.bojungle.eu\/cs\/wp-json\/wp\/v2\/product\/83430\/revisions"}],"wp:featuredmedia":[{"embeddable":true,"href":"https:\/\/www.bojungle.eu\/cs\/wp-json\/wp\/v2\/media\/81348"}],"wp:attachment":[{"href":"https:\/\/www.bojungle.eu\/cs\/wp-json\/wp\/v2\/media?parent=83430"}],"wp:term":[{"taxonomy":"product_brand","embeddable":true,"href":"https:\/\/www.bojungle.eu\/cs\/wp-json\/wp\/v2\/product_brand?post=83430"},{"taxonomy":"product_cat","embeddable":true,"href":"https:\/\/www.bojungle.eu\/cs\/wp-json\/wp\/v2\/product_cat?post=83430"},{"taxonomy":"product_tag","embeddable":true,"href":"https:\/\/www.bojungle.eu\/cs\/wp-json\/wp\/v2\/product_tag?post=83430"},{"taxonomy":"woo-feed-brand","embeddable":true,"href":"https:\/\/www.bojungle.eu\/cs\/wp-json\/wp\/v2\/woo-feed-brand?post=83430"}],"curies":[{"name":"wp","href":"https:\/\/api.w.org\/{rel}","templated":true}]}}