{"id":83440,"date":"2025-10-22T10:38:43","date_gmt":"2025-10-22T08:38:43","guid":{"rendered":"https:\/\/www.bojungle.eu\/product\/tepelne-lzicky-4-pcs\/"},"modified":"2025-12-10T14:14:19","modified_gmt":"2025-12-10T13:14:19","slug":"tepelne-lzicky-4-pcs","status":"publish","type":"product","link":"https:\/\/www.bojungle.eu\/cs\/produkt\/tepelne-lzicky-4-pcs\/","title":{"rendered":"Tepeln\u00e9 l\u017ei\u010dky 4 PCS"},"content":{"rendered":"<p data-start=\"545\" data-end=\"749\">Ud\u011blejte j\u00eddlo bezpe\u010dn\u00e9 a jednoduch\u00e9 pomoc\u00ed na\u0161ich l\u017ei\u010dek citliv\u00fdch na teplo. Tyto chytr\u00e9 l\u017ei\u010dky okam\u017eit\u011b m\u011bn\u00ed barvu, kdy\u017e je j\u00eddlo p\u0159\u00edli\u0161 hork\u00e9, co\u017e v\u00e1m d\u00e1v\u00e1 jasn\u00fd vizu\u00e1ln\u00ed sign\u00e1l, \u017ee j\u00eddlo va\u0161eho miminka pot\u0159ebuje vychladnout. <\/p>\n<p data-start=\"751\" data-end=\"1034\">Ka\u017ed\u00e1 l\u017ei\u010dka je navr\u017eena speci\u00e1ln\u011b pro miminka a mal\u00e9 d\u011bti, vyrobena z m\u011bkk\u00e9ho, d\u011btem p\u0159\u00edv\u011btiv\u00e9ho a bez BPA materi\u00e1lu, kter\u00fd je \u0161etrn\u00fd k d\u00e1sn\u00edm a bezpe\u010dn\u00fd pro ka\u017edodenn\u00ed pou\u017eit\u00ed. Lehk\u00e9, odoln\u00e9 a snadno \u010distiteln\u00e9, jsou ide\u00e1ln\u00ed volbou pro bezstresov\u00e9 krmen\u00ed doma i na cest\u00e1ch. <\/p>\n<p data-start=\"1036\" data-end=\"1140\">Praktick\u00e9, bezpe\u010dn\u00e9 a uklid\u0148uj\u00edc\u00ed, ide\u00e1ln\u00ed pro rodi\u010de, kte\u0159\u00ed cht\u011bj\u00ed, aby j\u00eddlo bylo z\u00e1bavn\u00e9 a bez starost\u00ed.<\/p>\n","protected":false},"excerpt":{"rendered":"<p>Na\u0161e l\u017ei\u010dky citliv\u00e9 na teplo m\u011bn\u00ed barvu, kdy\u017e je j\u00eddlo p\u0159\u00edli\u0161 hork\u00e9, co\u017e v\u00e1m pom\u016f\u017ee zajistit, \u017ee ka\u017ed\u00e9 j\u00eddlo bude bezpe\u010dn\u00e9 pro va\u0161e d\u00edt\u011b. Vyrobeno z m\u011bkk\u00e9ho, bez BPA materi\u00e1lu a snadno se \u010dist\u00ed. <\/p>\n","protected":false},"featured_media":81134,"comment_status":"open","ping_status":"closed","template":"","meta":{"_lmt_disableupdate":"","_lmt_disable":""},"product_brand":[],"product_cat":[561,429],"product_tag":[],"woo-feed-brand":[],"class_list":{"0":"post-83440","1":"product","2":"type-product","3":"status-publish","4":"has-post-thumbnail","6":"product_cat-cas-vecere","7":"product_cat-jidlo-a-piti","9":"first","10":"instock","11":"taxable","12":"shipping-taxable","13":"purchasable","14":"product-type-simple"},"_links":{"self":[{"href":"https:\/\/www.bojungle.eu\/cs\/wp-json\/wp\/v2\/product\/83440","targetHints":{"allow":["GET"]}}],"collection":[{"href":"https:\/\/www.bojungle.eu\/cs\/wp-json\/wp\/v2\/product"}],"about":[{"href":"https:\/\/www.bojungle.eu\/cs\/wp-json\/wp\/v2\/types\/product"}],"replies":[{"embeddable":true,"href":"https:\/\/www.bojungle.eu\/cs\/wp-json\/wp\/v2\/comments?post=83440"}],"version-history":[{"count":0,"href":"https:\/\/www.bojungle.eu\/cs\/wp-json\/wp\/v2\/product\/83440\/revisions"}],"wp:featuredmedia":[{"embeddable":true,"href":"https:\/\/www.bojungle.eu\/cs\/wp-json\/wp\/v2\/media\/81134"}],"wp:attachment":[{"href":"https:\/\/www.bojungle.eu\/cs\/wp-json\/wp\/v2\/media?parent=83440"}],"wp:term":[{"taxonomy":"product_brand","embeddable":true,"href":"https:\/\/www.bojungle.eu\/cs\/wp-json\/wp\/v2\/product_brand?post=83440"},{"taxonomy":"product_cat","embeddable":true,"href":"https:\/\/www.bojungle.eu\/cs\/wp-json\/wp\/v2\/product_cat?post=83440"},{"taxonomy":"product_tag","embeddable":true,"href":"https:\/\/www.bojungle.eu\/cs\/wp-json\/wp\/v2\/product_tag?post=83440"},{"taxonomy":"woo-feed-brand","embeddable":true,"href":"https:\/\/www.bojungle.eu\/cs\/wp-json\/wp\/v2\/woo-feed-brand?post=83440"}],"curies":[{"name":"wp","href":"https:\/\/api.w.org\/{rel}","templated":true}]}}