{"id":83448,"date":"2025-11-26T14:31:24","date_gmt":"2025-11-26T13:31:24","guid":{"rendered":"https:\/\/www.bojungle.eu\/product\/duna-detska-zdrava-sada\/"},"modified":"2025-12-10T14:14:39","modified_gmt":"2025-12-10T13:14:39","slug":"duna-detska-zdrava-sada","status":"publish","type":"product","link":"https:\/\/www.bojungle.eu\/cs\/produkt\/duna-detska-zdrava-sada\/","title":{"rendered":"Duna \u2013 D\u011btsk\u00e1 zdrav\u00e1 sada"},"content":{"rendered":"<p>Jede\u0161 na v\u00fdlet, nebo si jen chce\u0161 u\u0161et\u0159it m\u00edsto doma? S touto klasickou sadou m\u00e1te v\u0161e pot\u0159ebn\u00e9 na dosah ruky v kompaktn\u00ed podob\u011b. Tato sada obsahuje v\u0161e nezbytn\u00e9 pro p\u00e9\u010di o va\u0161e d\u00edt\u011b. Ta\u0161ka je vyrobena z kvalitn\u00edch l\u00e1tek a d\u00e1 se pr\u00e1t v pra\u010dce.   <\/p>\n<ul>\n<li>Piln\u00edky na nehty<\/li>\n<li>Mal\u00e9 n\u016f\u017eky<\/li>\n<li>Kart\u00e1\u010dek na prsty<\/li>\n<li>H\u0159eben<\/li>\n<li>M\u011bkk\u00fd kart\u00e1\u010d<\/li>\n<li>Flexibiln\u00ed digit\u00e1ln\u00ed teplom\u011br<\/li>\n<li>Nosn\u00ed ba\u0148ka<\/li>\n<li>Kle\u0161ti\u010dky na nehty<\/li>\n<\/ul>\n","protected":false},"excerpt":{"rendered":"<p>Jede\u0161 na v\u00fdlet, nebo si jen chce\u0161 u\u0161et\u0159it m\u00edsto doma? S touto klasickou sadou m\u00e1te v\u0161e pot\u0159ebn\u00e9 na dosah ruky v kompaktn\u00ed podob\u011b. Tato sada obsahuje v\u0161e nezbytn\u00e9 pro p\u00e9\u010di o va\u0161e d\u00edt\u011b. Ta\u0161ka je vyrobena z kvalitn\u00edch l\u00e1tek a d\u00e1 se pr\u00e1t v pra\u010dce.   <\/p>\n","protected":false},"featured_media":82106,"comment_status":"closed","ping_status":"closed","template":"","meta":{"_lmt_disableupdate":"","_lmt_disable":""},"product_brand":[],"product_cat":[579,506],"product_tag":[],"woo-feed-brand":[],"class_list":{"0":"post-83448","1":"product","2":"type-product","3":"status-publish","4":"has-post-thumbnail","6":"product_cat-krasa-a-zdravi-ditete","7":"product_cat-pece-o-telo","9":"first","10":"instock","11":"featured","12":"taxable","13":"shipping-taxable","14":"purchasable","15":"product-type-simple"},"_links":{"self":[{"href":"https:\/\/www.bojungle.eu\/cs\/wp-json\/wp\/v2\/product\/83448","targetHints":{"allow":["GET"]}}],"collection":[{"href":"https:\/\/www.bojungle.eu\/cs\/wp-json\/wp\/v2\/product"}],"about":[{"href":"https:\/\/www.bojungle.eu\/cs\/wp-json\/wp\/v2\/types\/product"}],"replies":[{"embeddable":true,"href":"https:\/\/www.bojungle.eu\/cs\/wp-json\/wp\/v2\/comments?post=83448"}],"version-history":[{"count":0,"href":"https:\/\/www.bojungle.eu\/cs\/wp-json\/wp\/v2\/product\/83448\/revisions"}],"wp:featuredmedia":[{"embeddable":true,"href":"https:\/\/www.bojungle.eu\/cs\/wp-json\/wp\/v2\/media\/82106"}],"wp:attachment":[{"href":"https:\/\/www.bojungle.eu\/cs\/wp-json\/wp\/v2\/media?parent=83448"}],"wp:term":[{"taxonomy":"product_brand","embeddable":true,"href":"https:\/\/www.bojungle.eu\/cs\/wp-json\/wp\/v2\/product_brand?post=83448"},{"taxonomy":"product_cat","embeddable":true,"href":"https:\/\/www.bojungle.eu\/cs\/wp-json\/wp\/v2\/product_cat?post=83448"},{"taxonomy":"product_tag","embeddable":true,"href":"https:\/\/www.bojungle.eu\/cs\/wp-json\/wp\/v2\/product_tag?post=83448"},{"taxonomy":"woo-feed-brand","embeddable":true,"href":"https:\/\/www.bojungle.eu\/cs\/wp-json\/wp\/v2\/woo-feed-brand?post=83448"}],"curies":[{"name":"wp","href":"https:\/\/api.w.org\/{rel}","templated":true}]}}