{"id":83468,"date":"2025-10-22T13:13:54","date_gmt":"2025-10-22T11:13:54","guid":{"rendered":"https:\/\/www.bojungle.eu\/product\/termo-organizator-odsavacek-dune\/"},"modified":"2025-12-10T14:15:10","modified_gmt":"2025-12-10T13:15:10","slug":"termo-organizator-odsavacek-dune","status":"publish","type":"product","link":"https:\/\/www.bojungle.eu\/cs\/produkt\/termo-organizator-odsavacek-dune\/","title":{"rendered":"Termo organiz\u00e1tor ods\u00e1va\u010dek Dune"},"content":{"rendered":"<p>N\u00e1\u0161 termo organiz\u00e9r ods\u00e1va\u010dky je nezbytn\u00fdm \u0159e\u0161en\u00edm pro koj\u00edc\u00ed maminky, kter\u00e9 jsou neust\u00e1le na cest\u00e1ch. Vytvo\u0159en\u00fd s ohledem na pohodl\u00ed a diskr\u00e9tnost, tento organiz\u00e9r je navr\u017een tak, aby se bezprobl\u00e9mov\u011b za\u010dlenil do va\u0161eho ru\u0161n\u00e9ho \u017eivotn\u00edho stylu a z\u00e1rove\u0148 udr\u017eel va\u0161e pot\u0159eby kojen\u00ed pe\u010dliv\u011b ulo\u017een\u00e9 a snadno dostupn\u00e9. <\/p>\n<p>S diskr\u00e9tn\u00edm designem, kter\u00fd se bez n\u00e1mahy spojuje s nejmodern\u011bj\u0161\u00edmi trendy a na\u0161\u00ed pr\u00e9miovou \u0159adou produkt\u016f, v\u00e1m tento organiz\u00e1tor zajist\u00ed, \u017ee m\u016f\u017eete pokra\u010dovat ve sv\u00e9 cest\u011b kojen\u00ed s jistotou a stylem. A\u0165 u\u017e m\u00ed\u0159\u00edte do kancel\u00e1\u0159e nebo se vyd\u00e1v\u00e1te na v\u00edkendov\u00e9 dobrodru\u017estv\u00ed, tato elegantn\u00ed ta\u0161ka v\u00e1m vyhovuje. <\/p>\n<p>N\u00e1\u0161 organiz\u00e9r je vybaven termoizola\u010dn\u00ed p\u0159ihr\u00e1dkou, kter\u00e1 udr\u017euje optim\u00e1ln\u00ed teplotu pro va\u0161e mate\u0159sk\u00e9 ml\u00e9ko nebo pozd\u011bji sklenice d\u011btsk\u00e9 v\u00fd\u017eivy, \u010d\u00edm\u017e zaji\u0161\u0165uje \u010derstvost kamkoli jdete.<\/p>\n<p>D\u00edky dv\u011bma samostatn\u00fdm p\u0159ihr\u00e1dk\u00e1m si m\u016f\u017eete efektivn\u011b uspo\u0159\u00e1dat sv\u00e9 nezbytnosti. Horn\u00ed p\u0159ihr\u00e1dka pevn\u011b pojme ods\u00e1va\u010dku, zat\u00edmco spodn\u00ed p\u0159ihr\u00e1dka poskytuje dostatek prostoru pro ulo\u017een\u00ed lahv\u00ed s ml\u00e9kem a dal\u0161\u00edch nepot\u0159ebnost\u00ed. S dostatkem m\u00edsta na ods\u00e1va\u010dku, dv\u011b lahvi\u010dky, vlo\u017eky a dal\u0161\u00ed drobnosti m\u00e1te v\u0161e pot\u0159ebn\u00e9 na dosah ruky.  <\/p>\n<p>Uvnit\u0159 jsou strategicky um\u00edst\u011bn\u00e9 kapsy, kter\u00e9 udr\u017euj\u00ed va\u0161e v\u011bci bezpe\u010dn\u011b a snadno dostupn\u00e9. U\u017e \u017e\u00e1dn\u00e9 hled\u00e1n\u00ed ztracen\u00fdch v\u011bc\u00ed; V\u0161e z\u016fst\u00e1v\u00e1 na sv\u00e9m m\u00edst\u011b, tak\u017ee se m\u016f\u017eete soust\u0159edit na p\u00e9\u010di o sv\u00e9ho mal\u00e9ho. <\/p>\n<p>Vylep\u0161ete svou cestu kojen\u00ed s na\u0161\u00edm termo organiz\u00e9rem na ods\u00e1v\u00e1n\u00ed. Je praktick\u00e1, stylov\u00e1 a v\u0161estrann\u00e1 a p\u0159edstavuje dokonal\u00e9ho spole\u010dn\u00edka pro ka\u017edou koj\u00edc\u00ed maminku na cest\u00e1ch.<\/p>\n","protected":false},"excerpt":{"rendered":"<ul>\n<li>Thermo Breastpump Organiser jsme navrhli tak, abychom koj\u00edc\u00edm mamink\u00e1m usnadnili vz\u00edt si s sebou v\u0161e, co pot\u0159ebuj\u00ed, kdy\u017e se nap\u0159. vr\u00e1t\u00ed do pr\u00e1ce a cht\u011bj\u00ed pokra\u010dovat v kojen\u00ed. Kdy\u017e d\u00edt\u011b p\u0159estane kojit, lze tuto diskr\u00e9tn\u00ed ta\u0161ku v\u017edy pou\u017e\u00edt na cesty apod.!<\/li>\n<li>Diskr\u00e9tn\u00ed design podle nejnov\u011bj\u0161\u00edch trend\u016f a v souladu s na\u0161imi ostatn\u00edmi produkty.<\/li>\n<li>Termoizola\u010dn\u00ed s\u00e1\u010dek na uskladn\u011bn\u00ed mate\u0159sk\u00e9ho ml\u00e9ka (nebo pozd\u011bji sklenic s d\u011btskou v\u00fd\u017eivou apod.) a jeho uchov\u00e1n\u00ed v chladu.<\/li>\n<li>Dv\u011b odd\u011blen\u00e9 p\u0159ihr\u00e1dky: horn\u00ed p\u0159ihr\u00e1dka na ods\u00e1va\u010dku mate\u0159sk\u00e9ho ml\u00e9ka, spodn\u00ed p\u0159ihr\u00e1dka na l\u00e1hve s ml\u00e9kem atd.<\/li>\n<li>Dostatek m\u00edsta pro ulo\u017een\u00ed ods\u00e1va\u010dky mate\u0159sk\u00e9ho ml\u00e9ka, dvou kojeneck\u00fdch lahv\u00ed, kojic\u00edch vlo\u017eek a dal\u0161\u00edch drobn\u00fdch v\u011bc\u00ed.<\/li>\n<li>Kapsy na vnit\u0159n\u00ed stran\u011b, aby v\u0161e z\u016fstalo na sv\u00e9m m\u00edst\u011b<\/li>\n<\/ul>\n","protected":false},"featured_media":81914,"comment_status":"closed","ping_status":"closed","template":"","meta":{"_lmt_disableupdate":"","_lmt_disable":""},"product_brand":[],"product_cat":[627,628],"product_tag":[],"woo-feed-brand":[],"class_list":{"0":"post-83468","1":"product","2":"type-product","3":"status-publish","4":"has-post-thumbnail","6":"product_cat-venkovni","7":"product_cat-venkovni-prislusenstvi","9":"first","10":"instock","11":"taxable","12":"shipping-taxable","13":"purchasable","14":"product-type-simple"},"_links":{"self":[{"href":"https:\/\/www.bojungle.eu\/cs\/wp-json\/wp\/v2\/product\/83468","targetHints":{"allow":["GET"]}}],"collection":[{"href":"https:\/\/www.bojungle.eu\/cs\/wp-json\/wp\/v2\/product"}],"about":[{"href":"https:\/\/www.bojungle.eu\/cs\/wp-json\/wp\/v2\/types\/product"}],"replies":[{"embeddable":true,"href":"https:\/\/www.bojungle.eu\/cs\/wp-json\/wp\/v2\/comments?post=83468"}],"version-history":[{"count":0,"href":"https:\/\/www.bojungle.eu\/cs\/wp-json\/wp\/v2\/product\/83468\/revisions"}],"wp:featuredmedia":[{"embeddable":true,"href":"https:\/\/www.bojungle.eu\/cs\/wp-json\/wp\/v2\/media\/81914"}],"wp:attachment":[{"href":"https:\/\/www.bojungle.eu\/cs\/wp-json\/wp\/v2\/media?parent=83468"}],"wp:term":[{"taxonomy":"product_brand","embeddable":true,"href":"https:\/\/www.bojungle.eu\/cs\/wp-json\/wp\/v2\/product_brand?post=83468"},{"taxonomy":"product_cat","embeddable":true,"href":"https:\/\/www.bojungle.eu\/cs\/wp-json\/wp\/v2\/product_cat?post=83468"},{"taxonomy":"product_tag","embeddable":true,"href":"https:\/\/www.bojungle.eu\/cs\/wp-json\/wp\/v2\/product_tag?post=83468"},{"taxonomy":"woo-feed-brand","embeddable":true,"href":"https:\/\/www.bojungle.eu\/cs\/wp-json\/wp\/v2\/woo-feed-brand?post=83468"}],"curies":[{"name":"wp","href":"https:\/\/api.w.org\/{rel}","templated":true}]}}