{"id":83869,"date":"2026-01-15T10:08:52","date_gmt":"2026-01-15T09:08:52","guid":{"rendered":"https:\/\/www.bojungle.eu\/?post_type=product&#038;p=83869"},"modified":"2026-01-15T10:41:12","modified_gmt":"2026-01-15T09:41:12","slug":"kvet-motyla-walker","status":"publish","type":"product","link":"https:\/\/www.bojungle.eu\/cs\/produkt\/kvet-motyla-walker\/","title":{"rendered":"Kv\u011bt mot\u00fdla Walker"},"content":{"rendered":"<div class=\"flex-shrink-0 flex flex-col relative items-end\">\n<div class=\"pt-0\">\n<div class=\"gizmo-bot-avatar flex h-8 w-8 items-center justify-center overflow-hidden rounded-full\">\n<div class=\"relative p-1 rounded-sm flex items-center justify-center bg-token-main-surface-primary text-token-text-primary h-8 w-8\">\n<p class=\"cvGsUA direction-ltr align-start para-style-body\"><span class=\"a_GcMg font-feature-liga-off font-feature-clig-off font-feature-calt-off text-decoration-none text-strikethrough-none\">Prvn\u00ed kroky pln\u00e9 z\u00e1bavy!<\/span><\/p>\n<p class=\"cvGsUA direction-ltr align-start para-style-body\"><span class=\"a_GcMg font-feature-liga-off font-feature-clig-off font-feature-calt-off text-decoration-none text-strikethrough-none\">Tento vesel\u00fd chod\u00edtko povzbuzuje va\u0161e d\u00edt\u011b, aby samo objevovalo. Pohodln\u00e1 seda\u010dka a barevn\u00fd t\u00e1c s interaktivn\u00edmi hra\u010dkami poskytuj\u00ed hodiny z\u00e1bavy, zat\u00edmco se va\u0161e miminko u\u010d\u00ed pohybovat se bezpe\u010dn\u011b. D\u00edky skl\u00e1dac\u00edmu designu je tak\u00e9 snadn\u00e9 ji ulo\u017eit nebo vz\u00edt s sebou. <\/span><\/p>\n<p class=\"cvGsUA direction-ltr align-start para-style-body\"><strong>Funkce:<\/strong><\/p>\n<\/div>\n<\/div>\n<\/div>\n<\/div>\n<div class=\"group\/conversation-turn relative flex w-full min-w-0 flex-col agent-turn\">\n<div class=\"flex-col gap-1 md:gap-3\">\n<div class=\"flex max-w-full flex-col flex-grow\">\n<div class=\"min-h-[20px] text-message flex w-full flex-col items-end gap-2 break-words [.text-message+&amp;]:mt-5 overflow-x-auto whitespace-pre-wrap\" dir=\"auto\" data-message-author-role=\"assistant\" data-message-id=\"fedb9589-ff2d-4632-9e0d-009a6d3232ab\">\n<div class=\"flex w-full flex-col gap-1 empty:hidden first:pt-[3px]\">\n<div class=\"markdown prose w-full break-words dark:prose-invert light\">\n<ul>\n<li><span class=\"a_GcMg font-feature-liga-off font-feature-clig-off font-feature-calt-off text-decoration-none text-strikethrough-none\">Na t\u00e1cku s hra\u010dkami, kter\u00e9 se h\u00fdbou a vytv\u00e1\u0159ej\u00ed zvuk, jsou z\u00e1bavn\u00e9 a zvukov\u00e9<\/span><\/li>\n<li><span class=\"a_GcMg font-feature-liga-off font-feature-clig-off font-feature-calt-off text-decoration-none text-strikethrough-none\">Pohodln\u00e9, polstrovan\u00e9 op\u011bradlo<\/span><\/li>\n<li><span class=\"a_GcMg font-feature-liga-off font-feature-clig-off font-feature-calt-off text-decoration-none text-strikethrough-none\">V\u00fd\u0161kov\u011b nastaviteln\u00fd pro r\u016fst s d\u00edt\u011btem<\/span><\/li>\n<li><span class=\"a_GcMg font-feature-liga-off font-feature-clig-off font-feature-calt-off text-decoration-none text-strikethrough-none\">Pevn\u00fd r\u00e1m se 4 koly pro plynul\u00fd pohyb<\/span><\/li>\n<li><span class=\"a_GcMg font-feature-liga-off font-feature-clig-off font-feature-calt-off text-decoration-none text-strikethrough-none\">Kompaktn\u00ed skl\u00e1dac\u00ed pro snadn\u00e9 skladov\u00e1n\u00ed<\/span><\/li>\n<li><span class=\"a_GcMg font-feature-liga-off font-feature-clig-off font-feature-calt-off text-decoration-none text-strikethrough-none\">Vhodn\u00e9 p\u0159ibli\u017en\u011b od 6 m\u011bs\u00edc\u016f (nebo kdy\u017e d\u00edt\u011b dok\u00e1\u017ee samostatn\u011b sed\u011bt)<\/span><\/li>\n<\/ul>\n<\/div>\n<\/div>\n<\/div>\n<\/div>\n<\/div>\n<\/div>\n","protected":false},"excerpt":{"rendered":"<div class=\"elementor-element elementor-element-80cf67d elementor-widget elementor-widget-jet-single-excerpt\" data-id=\"80cf67d\" data-element_type=\"widget\" data-widget_type=\"jet-single-excerpt.default\">\n<div class=\"elementor-widget-container\">\n<div class=\"elementor-jet-single-excerpt jet-woo-builder\">\n<div class=\"woocommerce-product-details__short-description\">\n<div class=\"flex max-w-full flex-col flex-grow\">\n<div class=\"min-h-[20px] text-message flex w-full flex-col items-end gap-2 break-words [.text-message+&amp;]:mt-5 overflow-x-auto whitespace-pre-wrap\" dir=\"auto\" data-message-author-role=\"assistant\" data-message-id=\"409651fe-ab51-4f04-83c5-1b327069df1a\">\n<div class=\"flex w-full flex-col gap-1 empty:hidden first:pt-[3px]\">\n<div class=\"markdown prose w-full break-words dark:prose-invert light\">\n<p class=\"cvGsUA direction-ltr align-start para-style-body\"><span class=\"a_GcMg font-feature-liga-off font-feature-clig-off font-feature-calt-off text-decoration-none text-strikethrough-none\">Prvn\u00ed kroky pln\u00e9 z\u00e1bavy!<\/span><\/p>\n<p class=\"cvGsUA direction-ltr align-start para-style-body\"><span class=\"a_GcMg font-feature-liga-off font-feature-clig-off font-feature-calt-off text-decoration-none text-strikethrough-none\">Tento vesel\u00fd chod\u00edtko povzbuzuje va\u0161e d\u00edt\u011b, aby samo objevovalo. Pohodln\u00e1 seda\u010dka a barevn\u00fd t\u00e1c s interaktivn\u00edmi hra\u010dkami poskytuj\u00ed hodiny z\u00e1bavy, zat\u00edmco se va\u0161e miminko u\u010d\u00ed pohybovat se bezpe\u010dn\u011b. D\u00edky skl\u00e1dac\u00edmu designu je tak\u00e9 snadn\u00e9 ji ulo\u017eit nebo vz\u00edt s sebou. <\/span><\/p>\n<\/div>\n<\/div>\n<\/div>\n<\/div>\n<\/div>\n<\/div>\n<\/div>\n<\/div>\n","protected":false},"featured_media":83879,"comment_status":"closed","ping_status":"closed","template":"","meta":{"_lmt_disableupdate":"no","_lmt_disable":""},"product_brand":[],"product_cat":[483,605,471],"product_tag":[],"woo-feed-brand":[],"class_list":{"0":"post-83869","1":"product","2":"type-product","3":"status-publish","4":"has-post-thumbnail","6":"product_cat-barevne-hracky","7":"product_cat-hracky-pro-aktivity","8":"product_cat-playtime-cs","10":"first","11":"outofstock","12":"taxable","13":"shipping-taxable","14":"purchasable","15":"product-type-simple"},"_links":{"self":[{"href":"https:\/\/www.bojungle.eu\/cs\/wp-json\/wp\/v2\/product\/83869","targetHints":{"allow":["GET"]}}],"collection":[{"href":"https:\/\/www.bojungle.eu\/cs\/wp-json\/wp\/v2\/product"}],"about":[{"href":"https:\/\/www.bojungle.eu\/cs\/wp-json\/wp\/v2\/types\/product"}],"replies":[{"embeddable":true,"href":"https:\/\/www.bojungle.eu\/cs\/wp-json\/wp\/v2\/comments?post=83869"}],"version-history":[{"count":3,"href":"https:\/\/www.bojungle.eu\/cs\/wp-json\/wp\/v2\/product\/83869\/revisions"}],"predecessor-version":[{"id":83988,"href":"https:\/\/www.bojungle.eu\/cs\/wp-json\/wp\/v2\/product\/83869\/revisions\/83988"}],"wp:featuredmedia":[{"embeddable":true,"href":"https:\/\/www.bojungle.eu\/cs\/wp-json\/wp\/v2\/media\/83879"}],"wp:attachment":[{"href":"https:\/\/www.bojungle.eu\/cs\/wp-json\/wp\/v2\/media?parent=83869"}],"wp:term":[{"taxonomy":"product_brand","embeddable":true,"href":"https:\/\/www.bojungle.eu\/cs\/wp-json\/wp\/v2\/product_brand?post=83869"},{"taxonomy":"product_cat","embeddable":true,"href":"https:\/\/www.bojungle.eu\/cs\/wp-json\/wp\/v2\/product_cat?post=83869"},{"taxonomy":"product_tag","embeddable":true,"href":"https:\/\/www.bojungle.eu\/cs\/wp-json\/wp\/v2\/product_tag?post=83869"},{"taxonomy":"woo-feed-brand","embeddable":true,"href":"https:\/\/www.bojungle.eu\/cs\/wp-json\/wp\/v2\/woo-feed-brand?post=83869"}],"curies":[{"name":"wp","href":"https:\/\/api.w.org\/{rel}","templated":true}]}}