{"id":84156,"date":"2026-01-15T13:31:34","date_gmt":"2026-01-15T12:31:34","guid":{"rendered":"https:\/\/www.bojungle.eu\/product\/tropicana-music-light-mobile\/"},"modified":"2026-03-31T14:28:42","modified_gmt":"2026-03-31T12:28:42","slug":"tropicana-music-light-mobile","status":"publish","type":"product","link":"https:\/\/www.bojungle.eu\/cs\/produkt\/tropicana-music-light-mobile\/","title":{"rendered":"Tropicana Music &amp; Light Mobile"},"content":{"rendered":"<div class=\"flex max-w-full flex-col grow\">\n<div class=\"min-h-8 text-message relative flex w-full flex-col items-end gap-2 text-start break-words whitespace-normal [.text-message+&amp;]:mt-1\" dir=\"auto\" data-message-author-role=\"assistant\" data-message-id=\"a6da9f1d-4477-442f-909e-eaae6d7883f1\" data-message-model-slug=\"gpt-5-2\">\n<div class=\"flex w-full flex-col gap-1 empty:hidden first:pt-[1px]\">\n<div class=\"markdown prose dark:prose-invert w-full break-words light markdown-new-styling\">\n<p>D\u011btsk\u00e1 mobiln\u00ed hra\u010dka Tropicana Music &amp; Light je navr\u017eena tak, aby uklid\u0148ovala a bavila va\u0161e d\u00edt\u011b b\u011bhem odpo\u010dinku, p\u0159ed span\u00edm a v klidn\u00fdch chv\u00edl\u00edch v d\u011btsk\u00e9m pokoji.<\/p>\n<p>Barevn\u00e9 ply\u0161ov\u00e9 hra\u010dky se jemn\u011b ot\u00e1\u010dej\u00ed nad post\u00fdlkou a podporuj\u00ed tak vizu\u00e1ln\u00ed vjemy a ran\u00fd smyslov\u00fd v\u00fdvoj.<br \/>\nZ\u00e1rove\u0148 vestav\u011bn\u00e9 funkce hudby a b\u00edl\u00e9ho \u0161umu pom\u00e1haj\u00ed vytvo\u0159it klidn\u00e9 a uklid\u0148uj\u00edc\u00ed prost\u0159ed\u00ed pro sp\u00e1nek.<\/p>\n<p>D\u00edky vestav\u011bn\u00e9mu no\u010dn\u00edmu sv\u011btlu a projektoru obr\u00e1zk\u016f dod\u00e1v\u00e1 tento mobil do d\u011btsk\u00e9ho pokoje jemnou a uklid\u0148uj\u00edc\u00ed atmosf\u00e9ru.<br \/>\nRodi\u010de mohou pomoc\u00ed p\u0159ilo\u017een\u00e9ho d\u00e1lkov\u00e9ho ovlada\u010de snadno p\u0159ep\u00ednat mezi jednotliv\u00fdmi funkcemi a p\u0159izp\u016fsobovat si z\u00e1\u017eitek, \u010d\u00edm\u017e se ve\u010dern\u00ed ritu\u00e1ly st\u00e1vaj\u00ed snaz\u0161\u00edmi a p\u0159\u00edjemn\u011bj\u0161\u00edmi.<\/p>\n<p>Toto mobiln\u00ed za\u0159\u00edzen\u00ed nad d\u011btskou post\u00fdlku na baterie je praktickou volbou pro rodi\u010de, kte\u0159\u00ed hledaj\u00ed mobiln\u00ed za\u0159\u00edzen\u00ed s hudbou, sv\u011btly a projektorem v jednom komplexn\u00edm \u0159e\u0161en\u00ed pro us\u00edn\u00e1n\u00ed.<\/p>\n<p>\u2022 Mobil nad d\u011btskou post\u00fdlku na baterie<br \/>\n\u2022 M\u011bkk\u00e9 ply\u0161ov\u00e9 z\u00e1v\u011bsn\u00e9 hra\u010dky<br \/>\n\u2022 Jemn\u00fd rota\u010dn\u00ed pohyb<br \/>\n\u2022 Uklid\u0148uj\u00edc\u00ed hudba a b\u00edl\u00fd \u0161um<br \/>\n\u2022 No\u010dn\u00ed sv\u011btlo pro p\u0159\u00edjemnou atmosf\u00e9ru<br \/>\n\u2022 Vestav\u011bn\u00fd projektor obr\u00e1zk\u016f<br \/>\n\u2022 V\u010detn\u011b d\u00e1lkov\u00e9ho ovlada\u010de<br \/>\n\u2022 Ide\u00e1ln\u00ed pro odpoledn\u00ed sp\u00e1nek a ve\u010dern\u00ed ritu\u00e1ly p\u0159ed span\u00edm<\/p>\n<p data-start=\"457\" data-end=\"850\" data-is-last-node=\"\" data-is-only-node=\"\">\n<\/div>\n<\/div>\n<\/div>\n<\/div>\n","protected":false},"excerpt":{"rendered":"<p>Vytvo\u0159te klidn\u00fd a uklid\u0148uj\u00edc\u00ed ritu\u00e1l p\u0159ed span\u00edm s mobilem Tropicana Music &amp; Light Baby Mobile.<br \/>\nTento mobil do d\u011btsk\u00e9 post\u00fdlky kombinuje m\u011bkk\u00e9 ply\u0161ov\u00e9 hra\u010dky, jemn\u00fd rota\u010dn\u00ed pohyb, uklid\u0148uj\u00edc\u00ed hudbu, b\u00edl\u00fd \u0161um, no\u010dn\u00ed sv\u011btlo a projektor obr\u00e1zk\u016f, kter\u00e9 va\u0161eho mal\u00e9ho uklidn\u00ed a zabav\u00ed.<br \/>\nSnadn\u00e9 ovl\u00e1d\u00e1n\u00ed pomoc\u00ed p\u0159ilo\u017een\u00e9ho d\u00e1lkov\u00e9ho ovlada\u010de.<\/p>\n","protected":false},"featured_media":84103,"comment_status":"open","ping_status":"closed","template":"","meta":{"_lmt_disableupdate":"","_lmt_disable":""},"product_brand":[],"product_cat":[483,605,608,471,536,485],"product_tag":[1366,1365,1364,1362,1363,1367],"woo-feed-brand":[],"class_list":{"0":"post-84156","1":"product","2":"type-product","3":"status-publish","4":"has-post-thumbnail","6":"product_cat-barevne-hracky","7":"product_cat-hracky-pro-aktivity","8":"product_cat-hudebni-hracky","9":"product_cat-playtime-cs","10":"product_cat-spanek","11":"product_cat-zavesne-hracky","12":"product_tag-bily-sum-pro-miminko","13":"product_tag-detsky-projektor","14":"product_tag-hudebni-mobil","15":"product_tag-miminko-mobilni","16":"product_tag-mobil-nad-postylku","17":"product_tag-night-light-baby","19":"first","20":"instock","21":"taxable","22":"shipping-taxable","23":"purchasable","24":"product-type-simple"},"_links":{"self":[{"href":"https:\/\/www.bojungle.eu\/cs\/wp-json\/wp\/v2\/product\/84156","targetHints":{"allow":["GET"]}}],"collection":[{"href":"https:\/\/www.bojungle.eu\/cs\/wp-json\/wp\/v2\/product"}],"about":[{"href":"https:\/\/www.bojungle.eu\/cs\/wp-json\/wp\/v2\/types\/product"}],"replies":[{"embeddable":true,"href":"https:\/\/www.bojungle.eu\/cs\/wp-json\/wp\/v2\/comments?post=84156"}],"version-history":[{"count":1,"href":"https:\/\/www.bojungle.eu\/cs\/wp-json\/wp\/v2\/product\/84156\/revisions"}],"predecessor-version":[{"id":85356,"href":"https:\/\/www.bojungle.eu\/cs\/wp-json\/wp\/v2\/product\/84156\/revisions\/85356"}],"wp:featuredmedia":[{"embeddable":true,"href":"https:\/\/www.bojungle.eu\/cs\/wp-json\/wp\/v2\/media\/84103"}],"wp:attachment":[{"href":"https:\/\/www.bojungle.eu\/cs\/wp-json\/wp\/v2\/media?parent=84156"}],"wp:term":[{"taxonomy":"product_brand","embeddable":true,"href":"https:\/\/www.bojungle.eu\/cs\/wp-json\/wp\/v2\/product_brand?post=84156"},{"taxonomy":"product_cat","embeddable":true,"href":"https:\/\/www.bojungle.eu\/cs\/wp-json\/wp\/v2\/product_cat?post=84156"},{"taxonomy":"product_tag","embeddable":true,"href":"https:\/\/www.bojungle.eu\/cs\/wp-json\/wp\/v2\/product_tag?post=84156"},{"taxonomy":"woo-feed-brand","embeddable":true,"href":"https:\/\/www.bojungle.eu\/cs\/wp-json\/wp\/v2\/woo-feed-brand?post=84156"}],"curies":[{"name":"wp","href":"https:\/\/api.w.org\/{rel}","templated":true}]}}