{"id":84261,"date":"2026-01-15T13:42:10","date_gmt":"2026-01-15T12:42:10","guid":{"rendered":"https:\/\/www.bojungle.eu\/product\/bath-seat-dune-5m\/"},"modified":"2026-01-15T13:43:41","modified_gmt":"2026-01-15T12:43:41","slug":"bath-seat-dune-5m","status":"publish","type":"product","link":"https:\/\/www.bojungle.eu\/cs\/produkt\/bath-seat-dune-5m\/","title":{"rendered":"Bath Seat Dune (5M+)"},"content":{"rendered":"<p><span class=\"a_GcMg font-feature-liga-off font-feature-clig-off font-feature-calt-off text-decoration-none text-strikethrough-none\">Na\u0161e seda\u010dko do koupele nab\u00edz\u00ed ve vod\u011b extra z\u00e1bavu! D\u00edky \u010dty\u0159em siln\u00fdm p\u0159\u00edsavk\u00e1m je stabiln\u00ed a bezpe\u010dn\u00fd pro pou\u017eit\u00ed ve van\u011b. Nav\u00edc lze otev\u0159\u00edt vp\u0159edu, co\u017e umo\u017en\u00ed va\u0161emu d\u00edt\u011bti snadno nastupovat a vystupovat z sedadla bez zran\u011bn\u00ed.  <\/span><\/p>\n<p>&nbsp;<\/p>\n<ul>\n<li><span class=\"a_GcMg font-feature-liga-off font-feature-clig-off font-feature-calt-off text-decoration-none text-strikethrough-none\">Vysok\u00e9 op\u011bradlo a loketn\u00ed op\u011brka<\/span><\/li>\n<li><span class=\"a_GcMg font-feature-liga-off font-feature-clig-off font-feature-calt-off text-decoration-none text-strikethrough-none\">lze otev\u0159\u00edt zep\u0159edu<\/span><\/li>\n<li><span class=\"a_GcMg font-feature-liga-off font-feature-clig-off font-feature-calt-off text-decoration-none text-strikethrough-none\">Zahrnuty 3 hra\u010dky<\/span><\/li>\n<\/ul>\n","protected":false},"excerpt":{"rendered":"<p><span class=\"a_GcMg font-feature-liga-off font-feature-clig-off font-feature-calt-off text-decoration-none text-strikethrough-none\">Na\u0161e seda\u010dko do koupele nab\u00edz\u00ed ve vod\u011b extra z\u00e1bavu! D\u00edky \u010dty\u0159em siln\u00fdm p\u0159\u00edsavk\u00e1m je stabiln\u00ed a bezpe\u010dn\u00fd pro pou\u017eit\u00ed ve van\u011b. Nav\u00edc lze otev\u0159\u00edt vp\u0159edu, co\u017e umo\u017en\u00ed va\u0161emu d\u00edt\u011bti snadno nastupovat a vystupovat z sedadla bez zran\u011bn\u00ed.  <\/span><\/p>\n","protected":false},"featured_media":84164,"comment_status":"open","ping_status":"closed","template":"","meta":{"_lmt_disableupdate":"","_lmt_disable":""},"product_brand":[],"product_cat":[578,506],"product_tag":[],"woo-feed-brand":[],"class_list":{"0":"post-84261","1":"product","2":"type-product","3":"status-publish","4":"has-post-thumbnail","6":"product_cat-dite-ve-vane","7":"product_cat-pece-o-telo","9":"first","10":"instock","11":"taxable","12":"shipping-taxable","13":"purchasable","14":"product-type-simple"},"_links":{"self":[{"href":"https:\/\/www.bojungle.eu\/cs\/wp-json\/wp\/v2\/product\/84261","targetHints":{"allow":["GET"]}}],"collection":[{"href":"https:\/\/www.bojungle.eu\/cs\/wp-json\/wp\/v2\/product"}],"about":[{"href":"https:\/\/www.bojungle.eu\/cs\/wp-json\/wp\/v2\/types\/product"}],"replies":[{"embeddable":true,"href":"https:\/\/www.bojungle.eu\/cs\/wp-json\/wp\/v2\/comments?post=84261"}],"version-history":[{"count":0,"href":"https:\/\/www.bojungle.eu\/cs\/wp-json\/wp\/v2\/product\/84261\/revisions"}],"wp:featuredmedia":[{"embeddable":true,"href":"https:\/\/www.bojungle.eu\/cs\/wp-json\/wp\/v2\/media\/84164"}],"wp:attachment":[{"href":"https:\/\/www.bojungle.eu\/cs\/wp-json\/wp\/v2\/media?parent=84261"}],"wp:term":[{"taxonomy":"product_brand","embeddable":true,"href":"https:\/\/www.bojungle.eu\/cs\/wp-json\/wp\/v2\/product_brand?post=84261"},{"taxonomy":"product_cat","embeddable":true,"href":"https:\/\/www.bojungle.eu\/cs\/wp-json\/wp\/v2\/product_cat?post=84261"},{"taxonomy":"product_tag","embeddable":true,"href":"https:\/\/www.bojungle.eu\/cs\/wp-json\/wp\/v2\/product_tag?post=84261"},{"taxonomy":"woo-feed-brand","embeddable":true,"href":"https:\/\/www.bojungle.eu\/cs\/wp-json\/wp\/v2\/woo-feed-brand?post=84261"}],"curies":[{"name":"wp","href":"https:\/\/api.w.org\/{rel}","templated":true}]}}