{"id":84425,"date":"2026-01-15T14:19:02","date_gmt":"2026-01-15T13:19:02","guid":{"rendered":"https:\/\/www.bojungle.eu\/product\/latkove-raminka-duna-8-dilu\/"},"modified":"2026-01-15T14:24:53","modified_gmt":"2026-01-15T13:24:53","slug":"latkove-raminka-duna-8-dilu","status":"publish","type":"product","link":"https:\/\/www.bojungle.eu\/cs\/produkt\/latkove-raminka-duna-8-dilu\/","title":{"rendered":"L\u00e1tkov\u00e9 ram\u00ednka Duna 8 d\u00edl\u016f"},"content":{"rendered":"<p><span class=\"a_GcMg font-feature-liga-off font-feature-clig-off font-feature-calt-off text-decoration-none text-strikethrough-none\">Tyto cenov\u011b dostupn\u00e9 ram\u00ednka jsou k dispozici v sad\u00e1ch po 8 kusech a ve 2 barv\u00e1ch: Duna &#8211; B\u00edl\u00e1<\/span><\/p>\n<ul>\n<li><span class=\"a_GcMg font-feature-liga-off font-feature-clig-off font-feature-calt-off text-decoration-none text-strikethrough-none\">Cenov\u011b dostupn\u00e9<\/span><\/li>\n<li><span class=\"a_GcMg font-feature-liga-off font-feature-clig-off font-feature-calt-off text-decoration-none text-strikethrough-none\">Sada 8<\/span><\/li>\n<li><span class=\"a_GcMg font-feature-liga-off font-feature-clig-off font-feature-calt-off text-decoration-none text-strikethrough-none\">Vhodn\u00e9 na ko\u0161ile, topy, \u0161aty a kalhoty<\/span><\/li>\n<\/ul>\n","protected":false},"excerpt":{"rendered":"<p><span class=\"a_GcMg font-feature-liga-off font-feature-clig-off font-feature-calt-off text-decoration-none text-strikethrough-none\">Tyto cenov\u011b dostupn\u00e9 ram\u00ednka jsou k dispozici v sad\u00e1ch po 8 kusech a ve 2 barv\u00e1ch: Duna &#8211; B\u00edl\u00e1<\/span><\/p>\n","protected":false},"featured_media":84397,"comment_status":"open","ping_status":"closed","template":"","meta":{"_lmt_disableupdate":"","_lmt_disable":""},"product_brand":[],"product_cat":[506],"product_tag":[],"woo-feed-brand":[],"class_list":{"0":"post-84425","1":"product","2":"type-product","3":"status-publish","4":"has-post-thumbnail","6":"product_cat-pece-o-telo","8":"first","9":"instock","10":"taxable","11":"shipping-taxable","12":"purchasable","13":"product-type-simple"},"_links":{"self":[{"href":"https:\/\/www.bojungle.eu\/cs\/wp-json\/wp\/v2\/product\/84425","targetHints":{"allow":["GET"]}}],"collection":[{"href":"https:\/\/www.bojungle.eu\/cs\/wp-json\/wp\/v2\/product"}],"about":[{"href":"https:\/\/www.bojungle.eu\/cs\/wp-json\/wp\/v2\/types\/product"}],"replies":[{"embeddable":true,"href":"https:\/\/www.bojungle.eu\/cs\/wp-json\/wp\/v2\/comments?post=84425"}],"version-history":[{"count":0,"href":"https:\/\/www.bojungle.eu\/cs\/wp-json\/wp\/v2\/product\/84425\/revisions"}],"wp:featuredmedia":[{"embeddable":true,"href":"https:\/\/www.bojungle.eu\/cs\/wp-json\/wp\/v2\/media\/84397"}],"wp:attachment":[{"href":"https:\/\/www.bojungle.eu\/cs\/wp-json\/wp\/v2\/media?parent=84425"}],"wp:term":[{"taxonomy":"product_brand","embeddable":true,"href":"https:\/\/www.bojungle.eu\/cs\/wp-json\/wp\/v2\/product_brand?post=84425"},{"taxonomy":"product_cat","embeddable":true,"href":"https:\/\/www.bojungle.eu\/cs\/wp-json\/wp\/v2\/product_cat?post=84425"},{"taxonomy":"product_tag","embeddable":true,"href":"https:\/\/www.bojungle.eu\/cs\/wp-json\/wp\/v2\/product_tag?post=84425"},{"taxonomy":"woo-feed-brand","embeddable":true,"href":"https:\/\/www.bojungle.eu\/cs\/wp-json\/wp\/v2\/woo-feed-brand?post=84425"}],"curies":[{"name":"wp","href":"https:\/\/api.w.org\/{rel}","templated":true}]}}