{"id":84565,"date":"2026-01-15T14:48:08","date_gmt":"2026-01-15T13:48:08","guid":{"rendered":"https:\/\/www.bojungle.eu\/product\/b-cosy-dune-memory-foam\/"},"modified":"2026-01-15T14:58:28","modified_gmt":"2026-01-15T13:58:28","slug":"b-cosy-dune-memory-foam","status":"publish","type":"product","link":"https:\/\/www.bojungle.eu\/cs\/produkt\/b-cosy-dune-memory-foam\/","title":{"rendered":"B-Cosy Dune (Memory Foam)"},"content":{"rendered":"<p><span class=\"a_GcMg font-feature-liga-off font-feature-clig-off font-feature-calt-off text-decoration-none text-strikethrough-none\">Ergonomick\u00fd pol\u0161t\u00e1\u0159 pro kr\u00e1snou kulatou hlavu. B-Cosy lze pou\u017e\u00edvat od narozen\u00ed a je vhodn\u00fd pro f\u00e1zi, kdy d\u00edt\u011b sp\u00ed na z\u00e1dech. Vyrobeno z m\u011bkk\u00e9, prody\u0161n\u00e9 bavlny.  <\/span><\/p>\n<ul>\n<li><span class=\"a_GcMg font-feature-liga-off font-feature-clig-off font-feature-calt-off text-decoration-none text-strikethrough-none\">Pam\u011b\u0165ov\u00e1 p\u011bna<\/span><\/li>\n<li><span class=\"a_GcMg font-feature-liga-off font-feature-clig-off font-feature-calt-off text-decoration-none text-strikethrough-none\">M\u011bkk\u00e1 prody\u0161n\u00e1 bavlna<\/span><\/li>\n<li><span class=\"a_GcMg font-feature-liga-off font-feature-clig-off font-feature-calt-off text-decoration-none text-strikethrough-none\">Roztomil\u00fd design<\/span><\/li>\n<li><span class=\"a_GcMg font-feature-liga-off font-feature-clig-off font-feature-calt-off text-decoration-none text-strikethrough-none\">Prateln\u00e9 v pra\u010dce p\u0159i 30\u00b0C<\/span><\/li>\n<\/ul>\n<p>&nbsp;<\/p>\n","protected":false},"excerpt":{"rendered":"<p><span class=\"a_GcMg font-feature-liga-off font-feature-clig-off font-feature-calt-off text-decoration-none text-strikethrough-none\">Ergonomick\u00fd pol\u0161t\u00e1\u0159 pro kr\u00e1snou kulatou hlavu. B-Cosy lze pou\u017e\u00edvat od narozen\u00ed a je vhodn\u00fd pro f\u00e1zi, kdy d\u00edt\u011b sp\u00ed na z\u00e1dech. Vyrobeno z m\u011bkk\u00e9, prody\u0161n\u00e9 bavlny.  <\/span><\/p>\n","protected":false},"featured_media":84439,"comment_status":"open","ping_status":"closed","template":"","meta":{"_lmt_disableupdate":"","_lmt_disable":""},"product_brand":[],"product_cat":[799,536],"product_tag":[],"woo-feed-brand":[],"class_list":{"0":"post-84565","1":"product","2":"type-product","3":"status-publish","4":"has-post-thumbnail","6":"product_cat-polstare","7":"product_cat-spanek","9":"first","10":"instock","11":"taxable","12":"shipping-taxable","13":"purchasable","14":"product-type-simple"},"_links":{"self":[{"href":"https:\/\/www.bojungle.eu\/cs\/wp-json\/wp\/v2\/product\/84565","targetHints":{"allow":["GET"]}}],"collection":[{"href":"https:\/\/www.bojungle.eu\/cs\/wp-json\/wp\/v2\/product"}],"about":[{"href":"https:\/\/www.bojungle.eu\/cs\/wp-json\/wp\/v2\/types\/product"}],"replies":[{"embeddable":true,"href":"https:\/\/www.bojungle.eu\/cs\/wp-json\/wp\/v2\/comments?post=84565"}],"version-history":[{"count":0,"href":"https:\/\/www.bojungle.eu\/cs\/wp-json\/wp\/v2\/product\/84565\/revisions"}],"wp:featuredmedia":[{"embeddable":true,"href":"https:\/\/www.bojungle.eu\/cs\/wp-json\/wp\/v2\/media\/84439"}],"wp:attachment":[{"href":"https:\/\/www.bojungle.eu\/cs\/wp-json\/wp\/v2\/media?parent=84565"}],"wp:term":[{"taxonomy":"product_brand","embeddable":true,"href":"https:\/\/www.bojungle.eu\/cs\/wp-json\/wp\/v2\/product_brand?post=84565"},{"taxonomy":"product_cat","embeddable":true,"href":"https:\/\/www.bojungle.eu\/cs\/wp-json\/wp\/v2\/product_cat?post=84565"},{"taxonomy":"product_tag","embeddable":true,"href":"https:\/\/www.bojungle.eu\/cs\/wp-json\/wp\/v2\/product_tag?post=84565"},{"taxonomy":"woo-feed-brand","embeddable":true,"href":"https:\/\/www.bojungle.eu\/cs\/wp-json\/wp\/v2\/woo-feed-brand?post=84565"}],"curies":[{"name":"wp","href":"https:\/\/api.w.org\/{rel}","templated":true}]}}