{"id":84804,"date":"2026-01-15T15:17:15","date_gmt":"2026-01-15T14:17:15","guid":{"rendered":"https:\/\/www.bojungle.eu\/product\/potty-bear-salvejova-zelena\/"},"modified":"2026-03-31T15:47:57","modified_gmt":"2026-03-31T13:47:57","slug":"potty-bear-salvejova-zelena","status":"publish","type":"product","link":"https:\/\/www.bojungle.eu\/cs\/produkt\/potty-bear-salvejova-zelena\/","title":{"rendered":"Potty Bear \u0161alv\u011bjov\u00e1 zelen\u00e1"},"content":{"rendered":"<p>No\u010dn\u00edk Potty Bear v barv\u011b Sage Green je navr\u017een tak, aby va\u0161emu d\u00edt\u011bti usnadnil n\u00e1cvik pou\u017e\u00edv\u00e1n\u00ed no\u010dn\u00edku, u\u010dinil jej pohodln\u011bj\u0161\u00edm a p\u0159ita\u017eliv\u011bj\u0161\u00edm.<\/p>\n<p>D\u00edky roztomil\u00e9mu designu inspirovan\u00e9mu medv\u00eddkem a jemn\u00e9 barv\u011b Sage Green tento no\u010dn\u00edk povzbuzuje d\u011bti, aby hravou a uklid\u0148uj\u00edc\u00ed formou u\u010dinily prvn\u00ed kr\u016f\u010dky k samostatn\u00e9mu pou\u017e\u00edv\u00e1n\u00ed toalety.<\/p>\n<p>Ergonomick\u00e9 sed\u00e1tko a op\u011brka zad pom\u00e1haj\u00ed va\u0161emu d\u00edt\u011bti pohodln\u011b sed\u011bt, zat\u00edmco stabiln\u00ed z\u00e1kladna dod\u00e1v\u00e1 p\u0159i pou\u017e\u00edv\u00e1n\u00ed v\u011bt\u0161\u00ed jistotu. D\u00edky vyj\u00edmateln\u00e9 vnit\u0159n\u00ed n\u00e1dob\u011b je \u010di\u0161t\u011bn\u00ed rychl\u00e9 a snadn\u00e9, co\u017e \u010din\u00ed tento no\u010dn\u00edk praktick\u00fdm pro ka\u017edodenn\u00ed pou\u017eit\u00ed doma. <\/p>\n<p>No\u010dn\u00edk Potty Bear Sage Green je stylov\u00fd a funk\u010dn\u00ed pomocn\u00edk p\u0159i u\u010den\u00ed na no\u010dn\u00edk, kter\u00fd je nezbytn\u00fd pro rodi\u010de hledaj\u00edc\u00ed pohodl\u00ed, prakti\u010dnost a design vhodn\u00fd pro d\u011bti.<\/p>\n<p>\u2022 Design vhodn\u00fd pro d\u011bti p\u0159i u\u010den\u00ed na no\u010dn\u00edk<br \/>\n\u2022 Pohodln\u00e9 ergonomick\u00e9 sed\u00e1tko<br \/>\n\u2022 Op\u011brka zad<br \/>\n\u2022 Vyj\u00edmateln\u00e1 vnit\u0159n\u00ed n\u00e1doba pro snadn\u00e9 \u010di\u0161t\u011bn\u00ed<br \/>\n\u2022 Stabiln\u00ed z\u00e1kladna pro jist\u00e9 pou\u017e\u00edv\u00e1n\u00ed<br \/>\n\u2022 Ide\u00e1ln\u00ed pro ka\u017edodenn\u00ed n\u00e1cvik pou\u017e\u00edv\u00e1n\u00ed no\u010dn\u00edku<br \/>\n\u2022 Stylov\u00e1 barva Sage Green<\/p>\n","protected":false},"excerpt":{"rendered":"<p>Make potty training more comfortable and fun with the Potty Bear Sage Green.<br \/>\nThis child-friendly training potty features a comfortable backrest, a removable inner pot for easy cleaning and a stable design to help your little one feel safe and confident during every potty training step.<\/p>\n<p>&nbsp;<\/p>\n","protected":false},"featured_media":84748,"comment_status":"open","ping_status":"closed","template":"","meta":{"_lmt_disableupdate":"","_lmt_disable":""},"product_brand":[],"product_cat":[506,547],"product_tag":[1434,1433,1439,1435,1432,1438,1436,1437],"woo-feed-brand":[],"class_list":{"0":"post-84804","1":"product","2":"type-product","3":"status-publish","4":"has-post-thumbnail","6":"product_cat-pece-o-telo","7":"product_cat-toaletni-potreby","8":"product_tag-detska-nocnik","9":"product_tag-nocnik-na-uceni","10":"product_tag-nocnik-s-operkou","11":"product_tag-potty-bear","12":"product_tag-potty-training","13":"product_tag-removable-potty","14":"product_tag-sage-green-potty","15":"product_tag-toddler-potty","17":"first","18":"instock","19":"taxable","20":"shipping-taxable","21":"purchasable","22":"product-type-simple"},"_links":{"self":[{"href":"https:\/\/www.bojungle.eu\/cs\/wp-json\/wp\/v2\/product\/84804","targetHints":{"allow":["GET"]}}],"collection":[{"href":"https:\/\/www.bojungle.eu\/cs\/wp-json\/wp\/v2\/product"}],"about":[{"href":"https:\/\/www.bojungle.eu\/cs\/wp-json\/wp\/v2\/types\/product"}],"replies":[{"embeddable":true,"href":"https:\/\/www.bojungle.eu\/cs\/wp-json\/wp\/v2\/comments?post=84804"}],"version-history":[{"count":1,"href":"https:\/\/www.bojungle.eu\/cs\/wp-json\/wp\/v2\/product\/84804\/revisions"}],"predecessor-version":[{"id":85381,"href":"https:\/\/www.bojungle.eu\/cs\/wp-json\/wp\/v2\/product\/84804\/revisions\/85381"}],"wp:featuredmedia":[{"embeddable":true,"href":"https:\/\/www.bojungle.eu\/cs\/wp-json\/wp\/v2\/media\/84748"}],"wp:attachment":[{"href":"https:\/\/www.bojungle.eu\/cs\/wp-json\/wp\/v2\/media?parent=84804"}],"wp:term":[{"taxonomy":"product_brand","embeddable":true,"href":"https:\/\/www.bojungle.eu\/cs\/wp-json\/wp\/v2\/product_brand?post=84804"},{"taxonomy":"product_cat","embeddable":true,"href":"https:\/\/www.bojungle.eu\/cs\/wp-json\/wp\/v2\/product_cat?post=84804"},{"taxonomy":"product_tag","embeddable":true,"href":"https:\/\/www.bojungle.eu\/cs\/wp-json\/wp\/v2\/product_tag?post=84804"},{"taxonomy":"woo-feed-brand","embeddable":true,"href":"https:\/\/www.bojungle.eu\/cs\/wp-json\/wp\/v2\/woo-feed-brand?post=84804"}],"curies":[{"name":"wp","href":"https:\/\/api.w.org\/{rel}","templated":true}]}}