{"id":84813,"date":"2026-01-15T15:13:17","date_gmt":"2026-01-15T14:13:17","guid":{"rendered":"https:\/\/www.bojungle.eu\/product\/nugat-medvidek\/"},"modified":"2026-04-01T10:05:50","modified_gmt":"2026-04-01T08:05:50","slug":"nugat-medvidek","status":"publish","type":"product","link":"https:\/\/www.bojungle.eu\/cs\/produkt\/nugat-medvidek\/","title":{"rendered":"Nug\u00e1t Medv\u00eddek"},"content":{"rendered":"<p>Nug\u00e1t pro no\u010dn\u00edka je navr\u017een tak, aby usnadnil u\u010den\u00ed na no\u010dn\u00edk pro va\u0161eho mal\u00e9ho jednodu\u0161\u0161\u00ed, pohodln\u011bji a p\u0159\u00edjemn\u011bji.<\/p>\n<p>D\u00edky roztomil\u00e9mu designu inspirovan\u00e9mu medv\u011bdem a jemn\u00e9 barv\u011b nug\u00e1tu tento tr\u00e9ninkov\u00fd no\u010dn\u00edk povzbuzuje d\u011bti, aby ud\u011blaly prvn\u00ed kroky k samostatn\u00e9mu v\u00fdcviku na toalet\u011b hrav\u00fdm a uklid\u0148uj\u00edc\u00edm zp\u016fsobem.<\/p>\n<p>Ergonomick\u00e9 sed\u00e1tko a op\u011brka zad pom\u00e1haj\u00ed va\u0161emu d\u00edt\u011bti pohodln\u011b sed\u011bt, zat\u00edmco stabiln\u00ed z\u00e1kladna dod\u00e1v\u00e1 p\u0159i pou\u017e\u00edv\u00e1n\u00ed v\u011bt\u0161\u00ed jistotu. D\u00edky vyj\u00edmateln\u00e9 vnit\u0159n\u00ed n\u00e1dob\u011b je \u010di\u0161t\u011bn\u00ed rychl\u00e9 a snadn\u00e9, co\u017e \u010din\u00ed tento no\u010dn\u00edk praktick\u00fdm pro ka\u017edodenn\u00ed pou\u017eit\u00ed doma. <\/p>\n<p>Potty Bear Nougat je stylov\u00fd a funk\u010dn\u00ed v\u00fdcvik na no\u010dn\u00edk, kter\u00fd je nezbytn\u00fd pro rodi\u010de, kte\u0159\u00ed hledaj\u00ed pohodl\u00ed, pohodl\u00ed a design vhodn\u00fd pro d\u011bti.<\/p>\n<p>\u2022 D\u011btem p\u0159\u00e1telsk\u00fd design<br \/>\n na v\u00fdcvik na no\u010dn\u00edk \u2022 Pohodln\u00e9 ergonomick\u00e9 sedadlo<br \/>\n \u2022 Podp\u016frn\u00e9 op\u011bradlo<br \/>\n \u2022 Odn\u00edmateln\u00fd vnit\u0159n\u00ed hrnec pro snadn\u00e9 \u010di\u0161t\u011bn\u00ed<br \/>\n \u2022 Stabiln\u00ed z\u00e1klad pro sebev\u011bdom\u00e9 pou\u017e\u00edv\u00e1n\u00ed<br \/>\n \u2022 Ide\u00e1ln\u00ed pro ka\u017edodenn\u00ed v\u00fdcvik<br \/>\n na no\u010dn\u00edk \u2022 Stylov\u00e1 barva nug\u00e1tu<\/p>\n","protected":false},"excerpt":{"rendered":"<p>U\u010di\u0148te se na no\u010dn\u00edk pohodln\u011bj\u0161\u00edm a z\u00e1bavn\u011bj\u0161\u00edm s Potty Bear Nougat.<br \/>\nTento d\u011btsk\u00fd tr\u00e9ninkov\u00fd no\u010dn\u00edk m\u00e1 pohodln\u00e9 op\u011bradlo, odn\u00edmateln\u00fd vnit\u0159n\u00ed hrnec pro snadn\u00e9 \u010di\u0161t\u011bn\u00ed a stabiln\u00ed design, kter\u00fd pom\u00e1h\u00e1 va\u0161emu d\u00edt\u011bti c\u00edtit se bezpe\u010dn\u011b a sebev\u011bdom\u011b p\u0159i ka\u017ed\u00e9m kroku u\u010den\u00ed na no\u010dn\u00edk.<\/p>\n","protected":false},"featured_media":84696,"comment_status":"open","ping_status":"closed","template":"","meta":{"_lmt_disableupdate":"","_lmt_disable":""},"product_brand":[],"product_cat":[506,547],"product_tag":[1434,1433,1439,1435,1432,1438,1436,1437],"woo-feed-brand":[],"class_list":{"0":"post-84813","1":"product","2":"type-product","3":"status-publish","4":"has-post-thumbnail","6":"product_cat-pece-o-telo","7":"product_cat-toaletni-potreby","8":"product_tag-detska-nocnik","9":"product_tag-nocnik-na-uceni","10":"product_tag-nocnik-s-operkou","11":"product_tag-potty-bear","12":"product_tag-potty-training","13":"product_tag-removable-potty","14":"product_tag-sage-green-potty","15":"product_tag-toddler-potty","17":"first","18":"outofstock","19":"taxable","20":"shipping-taxable","21":"purchasable","22":"product-type-simple"},"_links":{"self":[{"href":"https:\/\/www.bojungle.eu\/cs\/wp-json\/wp\/v2\/product\/84813","targetHints":{"allow":["GET"]}}],"collection":[{"href":"https:\/\/www.bojungle.eu\/cs\/wp-json\/wp\/v2\/product"}],"about":[{"href":"https:\/\/www.bojungle.eu\/cs\/wp-json\/wp\/v2\/types\/product"}],"replies":[{"embeddable":true,"href":"https:\/\/www.bojungle.eu\/cs\/wp-json\/wp\/v2\/comments?post=84813"}],"version-history":[{"count":1,"href":"https:\/\/www.bojungle.eu\/cs\/wp-json\/wp\/v2\/product\/84813\/revisions"}],"predecessor-version":[{"id":85424,"href":"https:\/\/www.bojungle.eu\/cs\/wp-json\/wp\/v2\/product\/84813\/revisions\/85424"}],"wp:featuredmedia":[{"embeddable":true,"href":"https:\/\/www.bojungle.eu\/cs\/wp-json\/wp\/v2\/media\/84696"}],"wp:attachment":[{"href":"https:\/\/www.bojungle.eu\/cs\/wp-json\/wp\/v2\/media?parent=84813"}],"wp:term":[{"taxonomy":"product_brand","embeddable":true,"href":"https:\/\/www.bojungle.eu\/cs\/wp-json\/wp\/v2\/product_brand?post=84813"},{"taxonomy":"product_cat","embeddable":true,"href":"https:\/\/www.bojungle.eu\/cs\/wp-json\/wp\/v2\/product_cat?post=84813"},{"taxonomy":"product_tag","embeddable":true,"href":"https:\/\/www.bojungle.eu\/cs\/wp-json\/wp\/v2\/product_tag?post=84813"},{"taxonomy":"woo-feed-brand","embeddable":true,"href":"https:\/\/www.bojungle.eu\/cs\/wp-json\/wp\/v2\/woo-feed-brand?post=84813"}],"curies":[{"name":"wp","href":"https:\/\/api.w.org\/{rel}","templated":true}]}}