{"id":84829,"date":"2026-01-15T15:04:40","date_gmt":"2026-01-15T14:04:40","guid":{"rendered":"https:\/\/www.bojungle.eu\/product\/medvidek-potty-grey\/"},"modified":"2026-01-15T15:19:30","modified_gmt":"2026-01-15T14:19:30","slug":"medvidek-potty-grey","status":"publish","type":"product","link":"https:\/\/www.bojungle.eu\/cs\/produkt\/medvidek-potty-grey\/","title":{"rendered":"Medv\u00eddek Potty Grey"},"content":{"rendered":"<p><span class=\"a_GcMg font-feature-liga-off font-feature-clig-off font-feature-calt-off text-decoration-none text-strikethrough-none\">V\u00fdcvik na no\u010dn\u00edk nikdy nebyl tak z\u00e1bavn\u00fd! Jak roztomil\u00e9 jsou ty medv\u011bd\u00ed no\u010dn\u00edky? Atraktivn\u00ed pro va\u0161e d\u00edt\u011b, snadno se \u010dist\u00ed d\u00edky odn\u00edmateln\u00e9mu no\u010dn\u00edku a pohodln\u00e9 d\u00edky pevn\u00e9mu op\u011bradlu a protismykov\u00fdm noh\u00e1m.  <\/span><\/p>\n<ul>\n<li><span class=\"a_GcMg font-feature-liga-off font-feature-clig-off font-feature-calt-off text-decoration-none text-strikethrough-none\">Atraktivn\u00ed design<\/span><\/li>\n<li><span class=\"a_GcMg font-feature-liga-off font-feature-clig-off font-feature-calt-off text-decoration-none text-strikethrough-none\">Snadn\u00e9 \u010di\u0161t\u011bn\u00ed<\/span><\/li>\n<li><span class=\"a_GcMg font-feature-liga-off font-feature-clig-off font-feature-calt-off text-decoration-none text-strikethrough-none\">Odn\u00edmateln\u00fd no\u010dn\u00edk<\/span><\/li>\n<li><span class=\"a_GcMg font-feature-liga-off font-feature-clig-off font-feature-calt-off text-decoration-none text-strikethrough-none\">Pohodln\u00e9 sezen\u00ed d\u00edky pevn\u00e9mu op\u011bradlu<\/span><\/li>\n<li><span class=\"a_GcMg font-feature-liga-off font-feature-clig-off font-feature-calt-off text-decoration-none text-strikethrough-none\">Protiskluzov\u00e9 no\u017ei\u010dky<\/span><\/li>\n<li><span class=\"a_GcMg font-feature-liga-off font-feature-clig-off font-feature-calt-off text-decoration-none text-strikethrough-none\">Pr\u00fd na toaletu prateln\u00fd pol\u0161t\u00e1\u0159<\/span><\/li>\n<\/ul>\n","protected":false},"excerpt":{"rendered":"<p><span class=\"a_GcMg font-feature-liga-off font-feature-clig-off font-feature-calt-off text-decoration-none text-strikethrough-none\">V\u00fdcvik na no\u010dn\u00edk nikdy nebyl tak z\u00e1bavn\u00fd! Jak roztomil\u00e9 jsou ty medv\u011bd\u00ed no\u010dn\u00edky? Atraktivn\u00ed pro va\u0161e d\u00edt\u011b, snadno se \u010dist\u00ed d\u00edky odn\u00edmateln\u00e9mu no\u010dn\u00edku a pohodln\u00e9 d\u00edky pevn\u00e9mu op\u011bradlu a protismykov\u00fdm noh\u00e1m.  <\/span><\/p>\n","protected":false},"featured_media":84572,"comment_status":"open","ping_status":"closed","template":"","meta":{"_lmt_disableupdate":"","_lmt_disable":""},"product_brand":[],"product_cat":[506,547],"product_tag":[],"woo-feed-brand":[],"class_list":{"0":"post-84829","1":"product","2":"type-product","3":"status-publish","4":"has-post-thumbnail","6":"product_cat-pece-o-telo","7":"product_cat-toaletni-potreby","9":"first","10":"instock","11":"taxable","12":"shipping-taxable","13":"purchasable","14":"product-type-simple"},"_links":{"self":[{"href":"https:\/\/www.bojungle.eu\/cs\/wp-json\/wp\/v2\/product\/84829","targetHints":{"allow":["GET"]}}],"collection":[{"href":"https:\/\/www.bojungle.eu\/cs\/wp-json\/wp\/v2\/product"}],"about":[{"href":"https:\/\/www.bojungle.eu\/cs\/wp-json\/wp\/v2\/types\/product"}],"replies":[{"embeddable":true,"href":"https:\/\/www.bojungle.eu\/cs\/wp-json\/wp\/v2\/comments?post=84829"}],"version-history":[{"count":0,"href":"https:\/\/www.bojungle.eu\/cs\/wp-json\/wp\/v2\/product\/84829\/revisions"}],"wp:featuredmedia":[{"embeddable":true,"href":"https:\/\/www.bojungle.eu\/cs\/wp-json\/wp\/v2\/media\/84572"}],"wp:attachment":[{"href":"https:\/\/www.bojungle.eu\/cs\/wp-json\/wp\/v2\/media?parent=84829"}],"wp:term":[{"taxonomy":"product_brand","embeddable":true,"href":"https:\/\/www.bojungle.eu\/cs\/wp-json\/wp\/v2\/product_brand?post=84829"},{"taxonomy":"product_cat","embeddable":true,"href":"https:\/\/www.bojungle.eu\/cs\/wp-json\/wp\/v2\/product_cat?post=84829"},{"taxonomy":"product_tag","embeddable":true,"href":"https:\/\/www.bojungle.eu\/cs\/wp-json\/wp\/v2\/product_tag?post=84829"},{"taxonomy":"woo-feed-brand","embeddable":true,"href":"https:\/\/www.bojungle.eu\/cs\/wp-json\/wp\/v2\/woo-feed-brand?post=84829"}],"curies":[{"name":"wp","href":"https:\/\/api.w.org\/{rel}","templated":true}]}}