{"id":41827,"date":"2022-05-29T09:55:52","date_gmt":"2022-05-29T09:55:52","guid":{"rendered":"https:\/\/dev.authority.biz\/boj\/datenschutzbestimmungen\/"},"modified":"2023-02-06T12:30:31","modified_gmt":"2023-02-06T12:30:31","slug":"datenschutzbestimmungen","status":"publish","type":"page","link":"https:\/\/www.bojungle.eu\/de\/datenschutzbestimmungen\/","title":{"rendered":"Datenschutzbestimmungen"},"content":{"rendered":"\t\t<div data-elementor-type=\"wp-page\" data-elementor-id=\"41827\" class=\"elementor elementor-41827 elementor-3\" data-elementor-post-type=\"page\">\n\t\t\t\t\t\t<section class=\"elementor-section elementor-top-section elementor-element elementor-element-1711ebdd elementor-section-boxed elementor-section-height-default elementor-section-height-default rael-particle-no\" data-id=\"1711ebdd\" data-element_type=\"section\" data-e-type=\"section\" data-settings=\"{&quot;rae_animations_entrance&quot;:&quot;none&quot;}\">\n\t\t\t\t\t\t<div class=\"elementor-container elementor-column-gap-default\">\n\t\t\t\t\t<div class=\"elementor-column elementor-col-100 elementor-top-column elementor-element elementor-element-2999eab rael-particle-no\" data-id=\"2999eab\" data-element_type=\"column\" data-e-type=\"column\">\n\t\t\t<div class=\"elementor-widget-wrap elementor-element-populated\">\n\t\t\t\t\t\t<div class=\"elementor-element elementor-element-48a44f04 elementor-widget elementor-widget-text-editor\" data-id=\"48a44f04\" data-element_type=\"widget\" data-e-type=\"widget\" data-widget_type=\"text-editor.default\">\n\t\t\t\t<div class=\"elementor-widget-container\">\n\t\t\t\t\t\t\t\t\t<p><\/p>\n<p id=\"tw-target-text\" class=\"tw-data-text tw-text-large tw-ta\" dir=\"ltr\" data-placeholder=\"Vertaling\"><span class=\"Y2IQFc\" lang=\"en\">Bo Jungle, mit Sitz in Brambroek 23b Geraadsbergen 9500, ist verantwortlich f\u00fcr die Verarbeitung der personenbezogenen Daten, wie in dieser Datenschutzerkl\u00e4rung angegeben.  <\/span><\/p>\n<p class=\"tw-data-text tw-text-large tw-ta\" dir=\"ltr\" data-placeholder=\"Vertaling\"><span class=\"Y2IQFc\" lang=\"en\">Kontaktinformationen: http:\/\/www.bojungle.eu Brambroek 23b Geraadsbergen 9500 +32 54 24 03 31 Pers\u00f6nliche Daten, die wir verarbeiten  <\/span><\/p>\n<p class=\"tw-data-text tw-text-large tw-ta\" dir=\"ltr\" data-placeholder=\"Vertaling\"><span class=\"Y2IQFc\" lang=\"en\">Bo Jungle verarbeitet Ihre personenbezogenen Daten, weil Sie unsere Dienste in Anspruch nehmen und\/oder weil Sie sie uns selbst zur Verf\u00fcgung stellen. Nachstehend finden Sie einen \u00dcberblick \u00fcber die von uns verarbeiteten personenbezogenen Daten:<\/span><\/p>\n<ol>\n<li class=\"tw-data-text tw-text-large tw-ta\" dir=\"ltr\" data-placeholder=\"Vertaling\"><span class=\"Y2IQFc\" lang=\"en\">Vor- und Nachname  <\/span><\/li>\n<li class=\"tw-data-text tw-text-large tw-ta\" dir=\"ltr\" data-placeholder=\"Vertaling\"><span class=\"Y2IQFc\" lang=\"en\">Sex  <\/span><\/li>\n<li class=\"tw-data-text tw-text-large tw-ta\" dir=\"ltr\" data-placeholder=\"Vertaling\"><span class=\"Y2IQFc\" lang=\"en\">Datum der Geburt  <\/span><\/li>\n<li class=\"tw-data-text tw-text-large tw-ta\" dir=\"ltr\" data-placeholder=\"Vertaling\"><span class=\"Y2IQFc\" lang=\"en\">Geburtsort  <\/span><\/li>\n<li class=\"tw-data-text tw-text-large tw-ta\" dir=\"ltr\" data-placeholder=\"Vertaling\"><span class=\"Y2IQFc\" lang=\"en\">Adressdaten  <\/span><\/li>\n<li class=\"tw-data-text tw-text-large tw-ta\" dir=\"ltr\" data-placeholder=\"Vertaling\"><span class=\"Y2IQFc\" lang=\"en\">Rufnummer  <\/span><\/li>\n<li class=\"tw-data-text tw-text-large tw-ta\" dir=\"ltr\" data-placeholder=\"Vertaling\"><span class=\"Y2IQFc\" lang=\"en\">E-Mail Adresse  <\/span><\/li>\n<li class=\"tw-data-text tw-text-large tw-ta\" dir=\"ltr\" data-placeholder=\"Vertaling\"><span class=\"Y2IQFc\" lang=\"en\">IP-Adresse  <\/span><\/li>\n<li class=\"tw-data-text tw-text-large tw-ta\" dir=\"ltr\" data-placeholder=\"Vertaling\"><span class=\"Y2IQFc\" lang=\"en\">Andere personenbezogene Daten, die Sie aktiv zur Verf\u00fcgung stellen, z. B. durch die Erstellung eines Profils auf dieser Website, in der Korrespondenz und per Telefon  <\/span><\/li>\n<li class=\"tw-data-text tw-text-large tw-ta\" dir=\"ltr\" data-placeholder=\"Vertaling\"><span class=\"Y2IQFc\" lang=\"en\">Standortdaten  <\/span><\/li>\n<li class=\"tw-data-text tw-text-large tw-ta\" dir=\"ltr\" data-placeholder=\"Vertaling\"><span class=\"Y2IQFc\" lang=\"en\">Informationen \u00fcber Ihre Aktivit\u00e4ten auf unserer Website  <\/span><\/li>\n<li class=\"tw-data-text tw-text-large tw-ta\" dir=\"ltr\" data-placeholder=\"Vertaling\"><span class=\"Y2IQFc\" lang=\"en\">Daten \u00fcber Ihr Surfverhalten auf verschiedenen Websites (z. B. weil dieses Unternehmen Teil eines Werbenetzwerks ist)  <\/span><\/li>\n<li class=\"tw-data-text tw-text-large tw-ta\" dir=\"ltr\" data-placeholder=\"Vertaling\"><span class=\"Y2IQFc\" lang=\"en\">Internet-Browser und Ger\u00e4tetyp<\/span><\/li>\n<\/ol>\n<p dir=\"ltr\" data-placeholder=\"Vertaling\"> <\/p>\n<p id=\"tw-target-text\" class=\"tw-data-text tw-text-large tw-ta\" dir=\"ltr\" data-placeholder=\"Vertaling\"><span class=\"Y2IQFc\" lang=\"en\">Besondere und\/oder sensible personenbezogene Daten, die wir verarbeiten Unsere Website und\/oder unser Dienst hat nicht die Absicht, Daten \u00fcber Website-Besucher zu sammeln, die j\u00fcnger als 16 Jahre sind. Es sei denn, sie haben die Erlaubnis ihrer Eltern oder Erziehungsberechtigten. Wir k\u00f6nnen jedoch nicht \u00fcberpr\u00fcfen, ob ein Besucher \u00e4lter als 16 Jahre ist. Wir raten daher den Eltern, sich an den Online-Aktivit\u00e4ten ihrer Kinder zu beteiligen, um zu verhindern, dass Daten \u00fcber Kinder ohne die Zustimmung der Eltern gesammelt werden. Wenn Sie davon \u00fcberzeugt sind, dass wir personenbezogene Daten \u00fcber einen Minderj\u00e4hrigen ohne diese Erlaubnis gesammelt haben, wenden Sie sich bitte an marketing@bojungle.eu und wir werden diese Daten l\u00f6schen. Zu welchem Zweck und auf welcher Grundlage wir personenbezogene Daten verarbeiten Bo Jungle verarbeitet Ihre personenbezogenen Daten f\u00fcr die folgenden Zwecke:  <\/span><\/p>\n<ol>\n<li class=\"tw-data-text tw-text-large tw-ta\" dir=\"ltr\" data-placeholder=\"Vertaling\"><span class=\"Y2IQFc\" lang=\"en\">Zusendung unseres Newsletters und\/oder unserer Werbebrosch\u00fcre  <\/span><\/li>\n<li class=\"tw-data-text tw-text-large tw-ta\" dir=\"ltr\" data-placeholder=\"Vertaling\"><span class=\"Y2IQFc\" lang=\"en\">Sie \u00fcber \u00c4nderungen an unseren Dienstleistungen und Produkten zu informieren  <\/span><\/li>\n<li class=\"tw-data-text tw-text-large tw-ta\" dir=\"ltr\" data-placeholder=\"Vertaling\"><span class=\"Y2IQFc\" lang=\"en\">Ihnen die M\u00f6glichkeit bieten, ein Konto zu erstellen  <\/span><\/li>\n<li class=\"tw-data-text tw-text-large tw-ta\" dir=\"ltr\" data-placeholder=\"Vertaling\"><span class=\"Y2IQFc\" lang=\"en\">um Ihnen Waren und Dienstleistungen zu liefern  <\/span><\/li>\n<li class=\"tw-data-text tw-text-large tw-ta\" dir=\"ltr\" data-placeholder=\"Vertaling\"><span class=\"Y2IQFc\" lang=\"en\">Bo Jungle analysiert Ihr Verhalten auf der Website, um die Website zu verbessern und das Angebot an Produkten und Dienstleistungen auf Ihre Pr\u00e4ferenzen zuzuschneiden.  <\/span><\/li>\n<li class=\"tw-data-text tw-text-large tw-ta\" dir=\"ltr\" data-placeholder=\"Vertaling\"><span class=\"Y2IQFc\" lang=\"en\">Bo Jungle verfolgt Ihr Surfverhalten auf verschiedenen Websites, mit denen wir unsere Produkte und Dienstleistungen auf Ihre Bed\u00fcrfnisse zuschneiden.  <\/span><\/li>\n<li class=\"tw-data-text tw-text-large tw-ta\" dir=\"ltr\" data-placeholder=\"Vertaling\"><span class=\"Y2IQFc\" lang=\"en\">Bo Jungle verarbeitet auch personenbezogene Daten, wenn wir gesetzlich dazu verpflichtet sind, wie z. B. Daten, die wir f\u00fcr unsere Steuererkl\u00e4rung ben\u00f6tigen.<\/span><\/li>\n<\/ol>\n<p dir=\"ltr\" data-placeholder=\"Vertaling\"> <\/p>\n<p id=\"tw-target-text\" class=\"tw-data-text tw-text-large tw-ta\" dir=\"ltr\" data-placeholder=\"Vertaling\"><span class=\"Y2IQFc\" lang=\"en\">Automatisierte Entscheidungsfindung  <\/span><\/p>\n<p class=\"tw-data-text tw-text-large tw-ta\" dir=\"ltr\" data-placeholder=\"Vertaling\"><span class=\"Y2IQFc\" lang=\"en\">Bo Dschungel nimmt  <\/span><span class=\"Y2IQFc\" lang=\"en\">#Zust\u00e4ndigkeitsentscheidungen auf der Grundlage automatisierter Verarbeitung in Angelegenheiten, die (erhebliche) Auswirkungen auf Menschen haben k\u00f6nnen. Dies sind Entscheidungen, die von Computerprogrammen oder -systemen getroffen werden, ohne dass ein Mensch (z. B. ein Mitarbeiter von Bo Jungle) beteiligt ist. Bo Jungle verwendet die folgenden Computerprogramme oder -systeme:  <\/span><\/p>\n<p class=\"tw-data-text tw-text-large tw-ta\" dir=\"ltr\" data-placeholder=\"Vertaling\"><span class=\"Y2IQFc\" lang=\"en\">#Verwendung_Erkl\u00e4rung  <\/span><\/p>\n<p class=\"tw-data-text tw-text-large tw-ta\" dir=\"ltr\" data-placeholder=\"Vertaling\"><span class=\"Y2IQFc\" lang=\"en\">Wie lange wir personenbezogene Daten aufbewahren Bo Jungle speichert Ihre personenbezogenen Daten nicht l\u00e4nger als unbedingt notwendig, um die Zwecke, f\u00fcr die Ihre Daten erhoben wurden, zu erf\u00fcllen. Wir verwenden die folgenden Aufbewahrungsfristen f\u00fcr die folgenden (Kategorien) von personenbezogenen Daten:  <\/span><\/p>\n<p class=\"tw-data-text tw-text-large tw-ta\" dir=\"ltr\" data-placeholder=\"Vertaling\"><span class=\"Y2IQFc\" lang=\"en\">#Verweildauer_Zeitraum  <\/span><\/p>\n<p class=\"tw-data-text tw-text-large tw-ta\" dir=\"ltr\" data-placeholder=\"Vertaling\"><span class=\"Y2IQFc\" lang=\"en\">Weitergabe personenbezogener Daten an Dritte Bo Jungle verkauft Ihre Daten nicht an Dritte und stellt sie nur dann zur Verf\u00fcgung, wenn dies f\u00fcr die Durchf\u00fchrung unseres Vertrags mit Ihnen oder zur Erf\u00fcllung einer gesetzlichen Verpflichtung erforderlich ist. Mit den Unternehmen, die Ihre Daten in unserem Auftrag verarbeiten, schlie\u00dfen wir einen Verarbeitungsvertrag ab, um das gleiche Ma\u00df an Sicherheit und Vertraulichkeit Ihrer Daten zu gew\u00e4hrleisten. Bo Jungle bleibt f\u00fcr diese Verarbeitungen verantwortlich. Cookies oder \u00e4hnliche Techniken, die wir verwenden Bo Jungle verwendet nur technische und funktionale Cookies. Und analytische Cookies, die Ihre Privatsph\u00e4re nicht verletzen. Ein Cookie ist eine kleine Textdatei, die auf Ihrem Computer, Tablet oder Smartphone gespeichert wird, wenn Sie diese Website zum ersten Mal besuchen. Die von uns verwendeten Cookies sind f\u00fcr das technische Funktionieren der Website und Ihre Benutzerfreundlichkeit erforderlich. Sie sorgen daf\u00fcr, dass die Website ordnungsgem\u00e4\u00df funktioniert und merken sich zum Beispiel Ihre bevorzugten Einstellungen. Damit k\u00f6nnen wir auch unsere Website optimieren. Sie k\u00f6nnen Cookies ablehnen, indem Sie Ihren Internet-Browser so einstellen, dass er keine Cookies mehr speichert. Dar\u00fcber hinaus k\u00f6nnen Sie \u00fcber die Einstellungen Ihres Browsers alle bisher gespeicherten Informationen l\u00f6schen.<\/span><\/p>\n<p id=\"tw-target-text\" class=\"tw-data-text tw-text-large tw-ta\" dir=\"ltr\" data-placeholder=\"Vertaling\"><span class=\"Y2IQFc\" lang=\"en\">Einsichtnahme, \u00c4nderung oder L\u00f6schung von Daten Sie haben das Recht, Ihre personenbezogenen Daten einzusehen, zu korrigieren oder zu l\u00f6schen. Sie k\u00f6nnen dies selbst \u00fcber die pers\u00f6nlichen Einstellungen Ihres Kontos tun. Dar\u00fcber hinaus haben Sie das Recht, Ihre Zustimmung zur Datenverarbeitung zu widerrufen oder der Verarbeitung Ihrer personenbezogenen Daten durch unser Unternehmen zu widersprechen, und Sie haben das Recht auf Daten\u00fcbertragbarkeit. Das bedeutet, dass Sie uns auffordern k\u00f6nnen, die personenbezogenen Daten, die wir \u00fcber Sie in einer Computerdatei gespeichert haben, an Sie oder eine andere von Ihnen genannte Organisation zu \u00fcbermitteln. Wenn Sie von Ihrem Widerspruchsrecht und\/oder Ihrem Recht auf Daten\u00fcbertragbarkeit Gebrauch machen m\u00f6chten oder wenn Sie andere Fragen\/Anmerkungen zur Datenverarbeitung haben, senden Sie bitte eine entsprechende Anfrage an marketing@bojungle.eu. Um sicherzustellen, dass der Antrag auf Zugang von Ihnen gestellt wurde, bitten wir Sie, dem Antrag eine Kopie Ihres Identit\u00e4tsnachweises beizuf\u00fcgen. Machen Sie Ihr Passfoto, die MRZ (maschinenlesbare Zone, der Streifen mit Zahlen am unteren Rand des Passes), die Passnummer und die B\u00fcrgerservicenummer (BSN) in dieser Kopie schwarz. Dies dient dem Schutz Ihrer Privatsph\u00e4re. Bo Jungle wird Ihre Anfrage so schnell wie m\u00f6glich, in jedem Fall aber innerhalb von vier Wochen beantworten. Bo Jungle m\u00f6chte Sie auch darauf hinweisen, dass Sie die M\u00f6glichkeit haben, bei der nationalen Aufsichtsbeh\u00f6rde, der niederl\u00e4ndischen Datenschutzbeh\u00f6rde, eine Beschwerde einzureichen. Sie k\u00f6nnen dies \u00fcber den folgenden Link tun: https:\/\/autoriteitpersoonsgegevens.nl\/nl\/contact-met-de-autoriteit-persoonsgegevens\/tip-ons Wie wir pers\u00f6nliche Daten sch\u00fctzen Bo Jungle nimmt den Schutz Ihrer Daten ernst und ergreift geeignete Ma\u00dfnahmen, um Missbrauch, Verlust, unbefugten Zugriff, unerw\u00fcnschte Offenlegung und unbefugte \u00c4nderung zu verhindern. Wenn Sie den Eindruck haben, dass Ihre Daten nicht ordnungsgem\u00e4\u00df gesichert sind oder es Anzeichen f\u00fcr einen Missbrauch gibt, wenden Sie sich bitte an unseren Kundendienst oder \u00fcber marketing@bojungle.eu.<\/span><\/p>\n<p><\/p>\t\t\t\t\t\t\t\t<\/div>\n\t\t\t\t<\/div>\n\t\t\t\t\t<\/div>\n\t\t<\/div>\n\t\t\t\t\t<\/div>\n\t\t<\/section>\n\t\t\t\t<\/div>\n\t\t","protected":false},"excerpt":{"rendered":"<p>Bo Jungle, mit Sitz in Brambroek 23b Geraadsbergen 9500, ist verantwortlich f\u00fcr die Verarbeitung der personenbezogenen Daten, wie in dieser Datenschutzerkl\u00e4rung angegeben. Kontaktinformationen: http:\/\/www.bojungle.eu Brambroek 23b Geraadsbergen 9500 +32 54 24 03 31 Pers\u00f6nliche Daten, die wir verarbeiten Bo Jungle verarbeitet Ihre personenbezogenen Daten, weil Sie unsere Dienste in Anspruch nehmen und\/oder weil Sie sie [&hellip;]<\/p>\n","protected":false},"author":6,"featured_media":0,"parent":0,"menu_order":0,"comment_status":"closed","ping_status":"closed","template":"elementor_theme","meta":{"_lmt_disableupdate":"","_lmt_disable":"","footnotes":""},"categories":[],"tags":[],"class_list":["post-41827","page","type-page","status-publish","hentry"],"_links":{"self":[{"href":"https:\/\/www.bojungle.eu\/de\/wp-json\/wp\/v2\/pages\/41827","targetHints":{"allow":["GET"]}}],"collection":[{"href":"https:\/\/www.bojungle.eu\/de\/wp-json\/wp\/v2\/pages"}],"about":[{"href":"https:\/\/www.bojungle.eu\/de\/wp-json\/wp\/v2\/types\/page"}],"author":[{"embeddable":true,"href":"https:\/\/www.bojungle.eu\/de\/wp-json\/wp\/v2\/users\/6"}],"replies":[{"embeddable":true,"href":"https:\/\/www.bojungle.eu\/de\/wp-json\/wp\/v2\/comments?post=41827"}],"version-history":[{"count":3,"href":"https:\/\/www.bojungle.eu\/de\/wp-json\/wp\/v2\/pages\/41827\/revisions"}],"predecessor-version":[{"id":41835,"href":"https:\/\/www.bojungle.eu\/de\/wp-json\/wp\/v2\/pages\/41827\/revisions\/41835"}],"wp:attachment":[{"href":"https:\/\/www.bojungle.eu\/de\/wp-json\/wp\/v2\/media?parent=41827"}],"wp:term":[{"taxonomy":"category","embeddable":true,"href":"https:\/\/www.bojungle.eu\/de\/wp-json\/wp\/v2\/categories?post=41827"},{"taxonomy":"post_tag","embeddable":true,"href":"https:\/\/www.bojungle.eu\/de\/wp-json\/wp\/v2\/tags?post=41827"}],"curies":[{"name":"wp","href":"https:\/\/api.w.org\/{rel}","templated":true}]}}