{"id":41853,"date":"2020-01-13T06:50:18","date_gmt":"2020-01-13T05:50:18","guid":{"rendered":"https:\/\/dev.authority.biz\/boj\/ueber-uns\/"},"modified":"2025-04-07T11:18:39","modified_gmt":"2025-04-07T09:18:39","slug":"ueber-uns","status":"publish","type":"page","link":"https:\/\/www.bojungle.eu\/de\/ueber-uns\/","title":{"rendered":"\u00dcber uns"},"content":{"rendered":"\t\t<div data-elementor-type=\"wp-page\" data-elementor-id=\"41853\" class=\"elementor elementor-41853 elementor-9095\" data-elementor-post-type=\"page\">\n\t\t\t\t<div class=\"elementor-element elementor-element-6ff7069 e-flex e-con-boxed rael-particle-no e-con e-parent\" data-id=\"6ff7069\" data-element_type=\"container\" data-e-type=\"container\" data-settings=\"{&quot;rae_animations_entrance&quot;:&quot;none&quot;}\">\n\t\t\t\t\t<div class=\"e-con-inner\">\n\t\t<div class=\"elementor-element elementor-element-8640da8 e-con-full e-flex rael-particle-no e-con e-child\" data-id=\"8640da8\" data-element_type=\"container\" data-e-type=\"container\" data-settings=\"{&quot;rae_animations_entrance&quot;:&quot;none&quot;}\">\n\t\t\t\t<div class=\"elementor-element elementor-element-cec6c05 img-radius-10 elementor-widget elementor-widget-image\" data-id=\"cec6c05\" data-element_type=\"widget\" data-e-type=\"widget\" data-widget_type=\"image.default\">\n\t\t\t\t<div class=\"elementor-widget-container\">\n\t\t\t\t\t\t\t\t\t\t\t\t\t\t\t<img fetchpriority=\"high\" decoding=\"async\" width=\"800\" height=\"533\" src=\"https:\/\/www.bojungle.eu\/wp-content\/uploads\/2023\/06\/Bojungle_About_us_1.jpg\" class=\"attachment-large size-large wp-image-45233\" alt=\"\" srcset=\"https:\/\/www.bojungle.eu\/wp-content\/uploads\/2023\/06\/Bojungle_About_us_1.jpg 800w, https:\/\/www.bojungle.eu\/wp-content\/uploads\/2023\/06\/Bojungle_About_us_1-300x200.jpg 300w, https:\/\/www.bojungle.eu\/wp-content\/uploads\/2023\/06\/Bojungle_About_us_1-768x512.jpg 768w, https:\/\/www.bojungle.eu\/wp-content\/uploads\/2023\/06\/Bojungle_About_us_1-600x400.jpg 600w\" sizes=\"(max-width: 800px) 100vw, 800px\" title=\"\">\t\t\t\t\t\t\t\t\t\t\t\t\t\t\t<\/div>\n\t\t\t\t<\/div>\n\t\t\t\t<\/div>\n\t\t<div class=\"elementor-element elementor-element-88afedc e-con-full e-flex rael-particle-no e-con e-child\" data-id=\"88afedc\" data-element_type=\"container\" data-e-type=\"container\" data-settings=\"{&quot;rae_animations_entrance&quot;:&quot;none&quot;}\">\n\t\t\t\t<div class=\"elementor-element elementor-element-a194950 title-block-1 elementor-widget elementor-widget-heading\" data-id=\"a194950\" data-element_type=\"widget\" data-e-type=\"widget\" data-widget_type=\"heading.default\">\n\t\t\t\t<div class=\"elementor-widget-container\">\n\t\t\t\t\t<h2 class=\"elementor-heading-title elementor-size-default\">Eine belgische Premium-Marke!<\/h2>\t\t\t\t<\/div>\n\t\t\t\t<\/div>\n\t\t\t\t<div class=\"elementor-element elementor-element-0176aa0 elementor-widget elementor-widget-text-editor\" data-id=\"0176aa0\" data-element_type=\"widget\" data-e-type=\"widget\" data-widget_type=\"text-editor.default\">\n\t\t\t\t<div class=\"elementor-widget-container\">\n\t\t\t\t\t\t\t\t\t<p>Wir wissen, dass Ihr Baby Ihr wertvollster Besitz ist, deshalb bem\u00fchen wir uns, Ihr Vertrauen zu verdienen, indem wir <strong>gleichbleibende Qualit\u00e4t zu einem fairen Preis<\/strong> anbieten. Wir m\u00f6chten Teil Ihrer Reise als Eltern sein und Sie mit Produkten unterst\u00fctzen, die Sie mit Zuversicht verwenden k\u00f6nnen.<\/p>\n<p>Derzeit haben wir bereits Produkte in verschiedenen Kategorien, wie <a href=\"https:\/\/www.bojungle.eu\/de\/product-category\/essen-trinken\/\">z.B. F\u00fcttern<\/a>, <a href=\"https:\/\/www.bojungle.eu\/de\/product-category\/spielzeit\/\">Spielen<\/a>, <a href=\"https:\/\/www.bojungle.eu\/de\/product-category\/schlaf\/\">Schlafen<\/a> usw., aber wir sind damit besch\u00e4ftigt, unser Sortiment zu erweitern.<\/p>\n<p>Bei der Entwicklung dieser neuen Produkte versuchen wir immer, <strong>die Bed\u00fcrfnisse von Babys und Eltern<\/strong> mit Liebe zum Detail und Funktionalit\u00e4t zu erf\u00fcllen.<\/p>\n<p><strong>Nachhaltigkeit<\/strong> ist ein weiterer Aspekt, auf den wir gro\u00dfen Wert legen. Deshalb bem\u00fchen wir uns, Produkte zu entwickeln, die nicht nur <strong>Komfort und Spa\u00df bieten<\/strong>, sondern auch <strong>lange halten<\/strong>.<\/p>\n<p>Unsere Designs werden von <strong>europ\u00e4ischen Produktspezialisten<\/strong> mit viel Berufserfahrung in der Branche entwickelt und von M\u00fcttern getestet, um ihre <strong>Qualit\u00e4t<\/strong> und auch <strong>Benutzerfreundlichkeit<\/strong> zu gew\u00e4hrleisten.<\/p><\/p>\n\t\t\t\t\t\t\t\t<\/div>\n\t\t\t\t<\/div>\n\t\t\t\t<\/div>\n\t\t\t\t\t<\/div>\n\t\t\t\t<\/div>\n\t\t<div class=\"elementor-element elementor-element-e4fdf98 e-flex e-con-boxed rael-particle-no e-con e-parent\" data-id=\"e4fdf98\" data-element_type=\"container\" data-e-type=\"container\" data-settings=\"{&quot;background_background&quot;:&quot;classic&quot;,&quot;rae_animations_entrance&quot;:&quot;none&quot;}\">\n\t\t\t\t\t<div class=\"e-con-inner\">\n\t\t<div class=\"elementor-element elementor-element-e3d5a8e wpb-col-sm-50 e-con-full e-flex rael-particle-no e-con e-child\" data-id=\"e3d5a8e\" data-element_type=\"container\" data-e-type=\"container\" data-settings=\"{&quot;rae_animations_entrance&quot;:&quot;none&quot;}\">\n\t\t\t\t<div class=\"elementor-element elementor-element-b3096c5 elementor-position-inline-start elementor-view-default elementor-mobile-position-block-start elementor-widget elementor-widget-icon-box\" data-id=\"b3096c5\" data-element_type=\"widget\" data-e-type=\"widget\" data-widget_type=\"icon-box.default\">\n\t\t\t\t<div class=\"elementor-widget-container\">\n\t\t\t\t\t\t\t<div class=\"elementor-icon-box-wrapper\">\n\n\t\t\t\t\t\t<div class=\"elementor-icon-box-icon\">\n\t\t\t\t<span  class=\"elementor-icon elementor-animation-wobble-horizontal\">\n\t\t\t\t\t\t\t\t<\/span>\n\t\t\t<\/div>\n\t\t\t\n\t\t\t\t\t\t<div class=\"elementor-icon-box-content\">\n\n\t\t\t\t\t\t\t\t\t<div class=\"elementor-icon-box-title\">\n\t\t\t\t\t\t<span  >\n\t\t\t\t\t\t\tInternationale Marke\t\t\t\t\t\t<\/span>\n\t\t\t\t\t<\/div>\n\t\t\t\t\n\t\t\t\t\t\t\t\t\t<p class=\"elementor-icon-box-description\">\n\t\t\t\t\t\tWir vertreiben unsere Produkte in mehr als 10 L\u00e4ndern.\t\t\t\t\t<\/p>\n\t\t\t\t\n\t\t\t<\/div>\n\t\t\t\n\t\t<\/div>\n\t\t\t\t\t\t<\/div>\n\t\t\t\t<\/div>\n\t\t\t\t<\/div>\n\t\t<div class=\"elementor-element elementor-element-776e3aa wpb-col-sm-50 e-con-full e-flex rael-particle-no e-con e-child\" data-id=\"776e3aa\" data-element_type=\"container\" data-e-type=\"container\" data-settings=\"{&quot;rae_animations_entrance&quot;:&quot;none&quot;}\">\n\t\t\t\t<div class=\"elementor-element elementor-element-afef27f elementor-position-inline-start elementor-view-default elementor-mobile-position-block-start elementor-widget elementor-widget-icon-box\" data-id=\"afef27f\" data-element_type=\"widget\" data-e-type=\"widget\" data-widget_type=\"icon-box.default\">\n\t\t\t\t<div class=\"elementor-widget-container\">\n\t\t\t\t\t\t\t<div class=\"elementor-icon-box-wrapper\">\n\n\t\t\t\t\t\t<div class=\"elementor-icon-box-icon\">\n\t\t\t\t<span  class=\"elementor-icon elementor-animation-wobble-horizontal\">\n\t\t\t\t\t\t\t\t<\/span>\n\t\t\t<\/div>\n\t\t\t\n\t\t\t\t\t\t<div class=\"elementor-icon-box-content\">\n\n\t\t\t\t\t\t\t\t\t<div class=\"elementor-icon-box-title\">\n\t\t\t\t\t\t<span  >\n\t\t\t\t\t\t\tImmer verf\u00fcgbar\t\t\t\t\t\t<\/span>\n\t\t\t\t\t<\/div>\n\t\t\t\t\n\t\t\t\t\t\t\t\t\t<p class=\"elementor-icon-box-description\">\n\t\t\t\t\t\tContact us anytime by email, phone or socials.\t\t\t\t\t<\/p>\n\t\t\t\t\n\t\t\t<\/div>\n\t\t\t\n\t\t<\/div>\n\t\t\t\t\t\t<\/div>\n\t\t\t\t<\/div>\n\t\t\t\t<\/div>\n\t\t<div class=\"elementor-element elementor-element-87076e1 wpb-col-sm-50 m-t-30 e-con-full e-flex rael-particle-no e-con e-child\" data-id=\"87076e1\" data-element_type=\"container\" data-e-type=\"container\" data-settings=\"{&quot;rae_animations_entrance&quot;:&quot;none&quot;}\">\n\t\t\t\t<div class=\"elementor-element elementor-element-d07853a elementor-position-inline-start elementor-view-default elementor-mobile-position-block-start elementor-widget elementor-widget-icon-box\" data-id=\"d07853a\" data-element_type=\"widget\" data-e-type=\"widget\" data-widget_type=\"icon-box.default\">\n\t\t\t\t<div class=\"elementor-widget-container\">\n\t\t\t\t\t\t\t<div class=\"elementor-icon-box-wrapper\">\n\n\t\t\t\t\t\t<div class=\"elementor-icon-box-icon\">\n\t\t\t\t<span  class=\"elementor-icon elementor-animation-wobble-horizontal\">\n\t\t\t\t\t\t\t\t<\/span>\n\t\t\t<\/div>\n\t\t\t\n\t\t\t\t\t\t<div class=\"elementor-icon-box-content\">\n\n\t\t\t\t\t\t\t\t\t<div class=\"elementor-icon-box-title\">\n\t\t\t\t\t\t<span  >\n\t\t\t\t\t\t\tGetestet von M\u00fcttern\t\t\t\t\t\t<\/span>\n\t\t\t\t\t<\/div>\n\t\t\t\t\n\t\t\t\t\t\t\t\t\t<p class=\"elementor-icon-box-description\">\n\t\t\t\t\t\tAlle unsere Produkte wurden von echten M\u00fcttern getestet.\t\t\t\t\t<\/p>\n\t\t\t\t\n\t\t\t<\/div>\n\t\t\t\n\t\t<\/div>\n\t\t\t\t\t\t<\/div>\n\t\t\t\t<\/div>\n\t\t\t\t<\/div>\n\t\t<div class=\"elementor-element elementor-element-5dac2a2 wpb-col-sm-50 m-t-30 e-con-full e-flex rael-particle-no e-con e-child\" data-id=\"5dac2a2\" data-element_type=\"container\" data-e-type=\"container\" data-settings=\"{&quot;rae_animations_entrance&quot;:&quot;none&quot;}\">\n\t\t\t\t<div class=\"elementor-element elementor-element-bf673c7 elementor-position-inline-start elementor-view-default elementor-mobile-position-block-start elementor-widget elementor-widget-icon-box\" data-id=\"bf673c7\" data-element_type=\"widget\" data-e-type=\"widget\" data-widget_type=\"icon-box.default\">\n\t\t\t\t<div class=\"elementor-widget-container\">\n\t\t\t\t\t\t\t<div class=\"elementor-icon-box-wrapper\">\n\n\t\t\t\t\t\t<div class=\"elementor-icon-box-icon\">\n\t\t\t\t<span  class=\"elementor-icon elementor-animation-wobble-horizontal\">\n\t\t\t\t\t\t\t\t<\/span>\n\t\t\t<\/div>\n\t\t\t\n\t\t\t\t\t\t<div class=\"elementor-icon-box-content\">\n\n\t\t\t\t\t\t\t\t\t<div class=\"elementor-icon-box-title\">\n\t\t\t\t\t\t<span  >\n\t\t\t\t\t\t\tBelgische A-Marke\t\t\t\t\t\t<\/span>\n\t\t\t\t\t<\/div>\n\t\t\t\t\n\t\t\t\t\t\t\t\t\t<p class=\"elementor-icon-box-description\">\n\t\t\t\t\t\tAlle unsere Produkte wurden in Belgien entwickelt.\t\t\t\t\t<\/p>\n\t\t\t\t\n\t\t\t<\/div>\n\t\t\t\n\t\t<\/div>\n\t\t\t\t\t\t<\/div>\n\t\t\t\t<\/div>\n\t\t\t\t<\/div>\n\t\t\t\t\t<\/div>\n\t\t\t\t<\/div>\n\t\t<div class=\"elementor-element elementor-element-49761fb e-flex e-con-boxed rael-particle-no e-con e-parent\" data-id=\"49761fb\" data-element_type=\"container\" data-e-type=\"container\" data-settings=\"{&quot;background_background&quot;:&quot;gradient&quot;,&quot;rae_animations_entrance&quot;:&quot;none&quot;}\">\n\t\t\t\t\t<div class=\"e-con-inner\">\n\t\t<div class=\"elementor-element elementor-element-baa5fed e-con-full e-flex rael-particle-no e-con e-child\" data-id=\"baa5fed\" data-element_type=\"container\" data-e-type=\"container\" data-settings=\"{&quot;rae_animations_entrance&quot;:&quot;none&quot;}\">\n\t\t\t\t<div class=\"elementor-element elementor-element-18e94f0 elementor-widget elementor-widget-text-editor\" data-id=\"18e94f0\" data-element_type=\"widget\" data-e-type=\"widget\" data-widget_type=\"text-editor.default\">\n\t\t\t\t<div class=\"elementor-widget-container\">\n\t\t\t\t\t\t\t\t\t<p>Unser Team<\/p>\n\t\t\t\t\t\t\t\t<\/div>\n\t\t\t\t<\/div>\n\t\t\t\t<\/div>\n\t\t<div class=\"elementor-element elementor-element-229a99b e-con-full e-flex rael-particle-no e-con e-child\" data-id=\"229a99b\" data-element_type=\"container\" data-e-type=\"container\" data-settings=\"{&quot;rae_animations_entrance&quot;:&quot;none&quot;}\">\n\t\t\t\t<\/div>\n\t\t\t\t\t<\/div>\n\t\t\t\t<\/div>\n\t\t\t\t<\/div>\n\t\t","protected":false},"excerpt":{"rendered":"<p>Eine belgische Premium-Marke! Wir wissen, dass Ihr Baby Ihr wertvollster Besitz ist, deshalb bem\u00fchen wir uns, Ihr Vertrauen zu verdienen, indem wir gleichbleibende Qualit\u00e4t zu einem fairen Preis anbieten. Wir m\u00f6chten Teil Ihrer Reise als Eltern sein und Sie mit Produkten unterst\u00fctzen, die Sie mit Zuversicht verwenden k\u00f6nnen. Derzeit haben wir bereits Produkte in verschiedenen [&hellip;]<\/p>\n","protected":false},"author":6,"featured_media":0,"parent":0,"menu_order":0,"comment_status":"closed","ping_status":"closed","template":"elementor_header_footer","meta":{"_lmt_disableupdate":"","_lmt_disable":"","footnotes":""},"categories":[],"tags":[],"class_list":["post-41853","page","type-page","status-publish","hentry"],"_links":{"self":[{"href":"https:\/\/www.bojungle.eu\/de\/wp-json\/wp\/v2\/pages\/41853","targetHints":{"allow":["GET"]}}],"collection":[{"href":"https:\/\/www.bojungle.eu\/de\/wp-json\/wp\/v2\/pages"}],"about":[{"href":"https:\/\/www.bojungle.eu\/de\/wp-json\/wp\/v2\/types\/page"}],"author":[{"embeddable":true,"href":"https:\/\/www.bojungle.eu\/de\/wp-json\/wp\/v2\/users\/6"}],"replies":[{"embeddable":true,"href":"https:\/\/www.bojungle.eu\/de\/wp-json\/wp\/v2\/comments?post=41853"}],"version-history":[{"count":4,"href":"https:\/\/www.bojungle.eu\/de\/wp-json\/wp\/v2\/pages\/41853\/revisions"}],"predecessor-version":[{"id":79536,"href":"https:\/\/www.bojungle.eu\/de\/wp-json\/wp\/v2\/pages\/41853\/revisions\/79536"}],"wp:attachment":[{"href":"https:\/\/www.bojungle.eu\/de\/wp-json\/wp\/v2\/media?parent=41853"}],"wp:term":[{"taxonomy":"category","embeddable":true,"href":"https:\/\/www.bojungle.eu\/de\/wp-json\/wp\/v2\/categories?post=41853"},{"taxonomy":"post_tag","embeddable":true,"href":"https:\/\/www.bojungle.eu\/de\/wp-json\/wp\/v2\/tags?post=41853"}],"curies":[{"name":"wp","href":"https:\/\/api.w.org\/{rel}","templated":true}]}}