{"id":64754,"date":"2020-08-19T07:40:26","date_gmt":"2020-08-19T05:40:26","guid":{"rendered":"https:\/\/www.bojungle.eu\/faq\/"},"modified":"2024-01-23T10:57:37","modified_gmt":"2024-01-23T09:57:37","slug":"faq","status":"publish","type":"page","link":"https:\/\/www.bojungle.eu\/de\/faq\/","title":{"rendered":"Faq"},"content":{"rendered":"\t\t<div data-elementor-type=\"wp-page\" data-elementor-id=\"64754\" class=\"elementor elementor-64754 elementor-14474\" data-elementor-post-type=\"page\">\n\t\t\t\t<div class=\"elementor-element elementor-element-223e7ce e-flex e-con-boxed rael-particle-no e-con e-parent\" data-id=\"223e7ce\" data-element_type=\"container\" data-e-type=\"container\" data-settings=\"{&quot;rae_animations_entrance&quot;:&quot;none&quot;}\">\n\t\t\t\t\t<div class=\"e-con-inner\">\n\t\t<div class=\"elementor-element elementor-element-534d81a e-con-full e-flex rael-particle-no e-con e-child\" data-id=\"534d81a\" data-element_type=\"container\" data-e-type=\"container\" data-settings=\"{&quot;rae_animations_entrance&quot;:&quot;none&quot;}\">\n\t\t\t\t<div class=\"elementor-element elementor-element-a5c7eab title-block-1 elementor-widget elementor-widget-heading\" data-id=\"a5c7eab\" data-element_type=\"widget\" data-e-type=\"widget\" data-widget_type=\"heading.default\">\n\t\t\t\t<div class=\"elementor-widget-container\">\n\t\t\t\t\t<h2 class=\"elementor-heading-title elementor-size-default\">H\u00e4ufig gestellte Fragen<\/h2>\t\t\t\t<\/div>\n\t\t\t\t<\/div>\n\t\t\t\t<\/div>\n\t\t\t\t\t<\/div>\n\t\t\t\t<\/div>\n\t\t<div class=\"elementor-element elementor-element-2b1cb52 e-flex e-con-boxed rael-particle-no e-con e-parent\" data-id=\"2b1cb52\" data-element_type=\"container\" data-e-type=\"container\" data-settings=\"{&quot;rae_animations_entrance&quot;:&quot;none&quot;}\">\n\t\t\t\t\t<div class=\"e-con-inner\">\n\t\t<div class=\"elementor-element elementor-element-f2c3de9 e-flex e-con-boxed rael-particle-no e-con e-child\" data-id=\"f2c3de9\" data-element_type=\"container\" data-e-type=\"container\" data-settings=\"{&quot;rae_animations_entrance&quot;:&quot;none&quot;}\">\n\t\t\t\t\t<div class=\"e-con-inner\">\n\t\t\t\t<div class=\"elementor-element elementor-element-b20a25a elementor-widget elementor-widget-toggle\" data-id=\"b20a25a\" data-element_type=\"widget\" data-e-type=\"widget\" data-widget_type=\"toggle.default\">\n\t\t\t\t<div class=\"elementor-widget-container\">\n\t\t\t\t\t\t\t<div class=\"elementor-toggle\">\n\t\t\t\t\t\t\t<div class=\"elementor-toggle-item\">\n\t\t\t\t\t<div id=\"elementor-tab-title-1861\" class=\"elementor-tab-title\" data-tab=\"1\" role=\"button\" aria-controls=\"elementor-tab-content-1861\" aria-expanded=\"false\">\n\t\t\t\t\t\t\t\t\t\t\t\t<span class=\"elementor-toggle-icon elementor-toggle-icon-left\" aria-hidden=\"true\">\n\t\t\t\t\t\t\t\t\t\t\t\t\t\t\t<span class=\"elementor-toggle-icon-closed\"><i class=\"fas fa-caret-right\"><\/i><\/span>\n\t\t\t\t\t\t\t\t<span class=\"elementor-toggle-icon-opened\"><i class=\"elementor-toggle-icon-opened fas fa-caret-up\"><\/i><\/span>\n\t\t\t\t\t\t\t\t\t\t\t\t\t<\/span>\n\t\t\t\t\t\t\t\t\t\t\t\t<a class=\"elementor-toggle-title\" tabindex=\"0\">Wof\u00fcr steht Bo Jungle?<\/a>\n\t\t\t\t\t<\/div>\n\n\t\t\t\t\t<div id=\"elementor-tab-content-1861\" class=\"elementor-tab-content elementor-clearfix\" data-tab=\"1\" role=\"region\" aria-labelledby=\"elementor-tab-title-1861\"><p style=\"border: 0px solid #d9d9e3; --tw-border-spacing-x: 0; --tw-border-spacing-y: 0; --tw-translate-x: 0; --tw-translate-y: 0; --tw-rotate: 0; --tw-skew-x: 0; --tw-skew-y: 0; --tw-scale-x: 1; --tw-scale-y: 1; --tw-scroll-snap-strictness: proximity; --tw-ring-offset-width: 0px; --tw-ring-offset-color: #fff; --tw-ring-color: rgba(69,89,164,.5); --tw-ring-offset-shadow: 0 0 transparent; --tw-ring-shadow: 0 0 transparent; --tw-shadow: 0 0 transparent; --tw-shadow-colored: 0 0 transparent; margin: 1.25em 0px; color: #374151; font-family: S\u00f6hne, ui-sans-serif, system-ui, -apple-system, 'Segoe UI', Roboto, Ubuntu, Cantarell, 'Noto Sans', sans-serif, 'Helvetica Neue', Arial, 'Apple Color Emoji', 'Segoe UI Emoji', 'Segoe UI Symbol', 'Noto Color Emoji'; letter-spacing: normal; white-space-collapse: preserve;\">Bo Jungle ist mehr als nur eine Marke; Es ist eine Verpflichtung, Eltern und Betreuer bei der lohnenden Reise der Erziehung ihrer Kleinen zu unterst\u00fctzen. Unser aus Belgien stammendes Ziel ist es, umfassende Unterst\u00fctzung in verschiedenen Aspekten der Elternschaft zu bieten, darunter Essen, Ausfl\u00fcge, Betreuung, Spielzeit, Schlaf, Sicherheit und mehr. <\/p>\n<p style=\"border: 0px solid #d9d9e3; --tw-border-spacing-x: 0; --tw-border-spacing-y: 0; --tw-translate-x: 0; --tw-translate-y: 0; --tw-rotate: 0; --tw-skew-x: 0; --tw-skew-y: 0; --tw-scale-x: 1; --tw-scale-y: 1; --tw-scroll-snap-strictness: proximity; --tw-ring-offset-width: 0px; --tw-ring-offset-color: #fff; --tw-ring-color: rgba(69,89,164,.5); --tw-ring-offset-shadow: 0 0 transparent; --tw-ring-shadow: 0 0 transparent; --tw-shadow: 0 0 transparent; --tw-shadow-colored: 0 0 transparent; margin: 1.25em 0px 0px; color: #374151; font-family: S\u00f6hne, ui-sans-serif, system-ui, -apple-system, 'Segoe UI', Roboto, Ubuntu, Cantarell, 'Noto Sans', sans-serif, 'Helvetica Neue', Arial, 'Apple Color Emoji', 'Segoe UI Emoji', 'Segoe UI Symbol', 'Noto Color Emoji'; letter-spacing: normal; white-space-collapse: preserve;\">Unser umfangreiches Sortiment an erschwinglichen Produkten ist sorgf\u00e4ltig darauf ausgelegt, den Alltag von Eltern und Kindern zu verbessern. Mit einem Fokus auf sch\u00f6nes Design, Innovation und vor allem hochwertige Handwerkskunst ist Bo Jungle bestrebt, das Elternerlebnis angenehmer und erf\u00fcllender zu gestalten. Wir glauben daran, Produkte zu schaffen, die nicht nur die praktischen Bed\u00fcrfnisse der Eltern erf\u00fcllen, sondern auch einen Hauch von Freude und Komfort in das Leben der Kleinen bringen, die wir lieben.  <\/p><\/p>\n<\/div>\n\t\t\t\t<\/div>\n\t\t\t\t\t\t\t<div class=\"elementor-toggle-item\">\n\t\t\t\t\t<div id=\"elementor-tab-title-1862\" class=\"elementor-tab-title\" data-tab=\"2\" role=\"button\" aria-controls=\"elementor-tab-content-1862\" aria-expanded=\"false\">\n\t\t\t\t\t\t\t\t\t\t\t\t<span class=\"elementor-toggle-icon elementor-toggle-icon-left\" aria-hidden=\"true\">\n\t\t\t\t\t\t\t\t\t\t\t\t\t\t\t<span class=\"elementor-toggle-icon-closed\"><i class=\"fas fa-caret-right\"><\/i><\/span>\n\t\t\t\t\t\t\t\t<span class=\"elementor-toggle-icon-opened\"><i class=\"elementor-toggle-icon-opened fas fa-caret-up\"><\/i><\/span>\n\t\t\t\t\t\t\t\t\t\t\t\t\t<\/span>\n\t\t\t\t\t\t\t\t\t\t\t\t<a class=\"elementor-toggle-title\" tabindex=\"0\">Was passiert, wenn ich eine Beschwerde \u00fcber ein Bo Jungle-Produkt habe?<\/a>\n\t\t\t\t\t<\/div>\n\n\t\t\t\t\t<div id=\"elementor-tab-content-1862\" class=\"elementor-tab-content elementor-clearfix\" data-tab=\"2\" role=\"region\" aria-labelledby=\"elementor-tab-title-1862\"><p>Wenn Ihr Produkt defekt ist, wenden Sie sich bitte mit Ihrem Kaufbeleg an das Gesch\u00e4ft, in dem Sie es gekauft haben. Sie k\u00f6nnen Ihnen weiterhelfen. <br \/>Wenn es um etwas anderes geht, k\u00f6nnen Sie uns jederzeit eine Nachricht \u00fcber die Seite<a href=\"https:\/\/www.bojungle.eu\/de\/kontakt\/\">&#8222;Kontakt<\/a>&#8220; schicken.<\/p><\/p>\n<\/div>\n\t\t\t\t<\/div>\n\t\t\t\t\t\t\t<div class=\"elementor-toggle-item\">\n\t\t\t\t\t<div id=\"elementor-tab-title-1863\" class=\"elementor-tab-title\" data-tab=\"3\" role=\"button\" aria-controls=\"elementor-tab-content-1863\" aria-expanded=\"false\">\n\t\t\t\t\t\t\t\t\t\t\t\t<span class=\"elementor-toggle-icon elementor-toggle-icon-left\" aria-hidden=\"true\">\n\t\t\t\t\t\t\t\t\t\t\t\t\t\t\t<span class=\"elementor-toggle-icon-closed\"><i class=\"fas fa-caret-right\"><\/i><\/span>\n\t\t\t\t\t\t\t\t<span class=\"elementor-toggle-icon-opened\"><i class=\"elementor-toggle-icon-opened fas fa-caret-up\"><\/i><\/span>\n\t\t\t\t\t\t\t\t\t\t\t\t\t<\/span>\n\t\t\t\t\t\t\t\t\t\t\t\t<a class=\"elementor-toggle-title\" tabindex=\"0\">Welchen Versandservice nutzt Bo Jungle?<\/a>\n\t\t\t\t\t<\/div>\n\n\t\t\t\t\t<div id=\"elementor-tab-content-1863\" class=\"elementor-tab-content elementor-clearfix\" data-tab=\"3\" role=\"region\" aria-labelledby=\"elementor-tab-title-1863\"><p>\n            <span style=\"color: #374151; font-family: S\u00f6hne, ui-sans-serif, system-ui, -apple-system, 'Segoe UI', Roboto, Ubuntu, Cantarell, 'Noto Sans', sans-serif, 'Helvetica Neue', Arial, 'Apple Color Emoji', 'Segoe UI Emoji', 'Segoe UI Symbol', 'Noto Color Emoji'; letter-spacing: normal; white-space-collapse: preserve;\">Bo Jungle nutzt den DPD-Versandservice.<\/span>\n          <\/p>\n<\/div>\n\t\t\t\t<\/div>\n\t\t\t\t\t\t\t<div class=\"elementor-toggle-item\">\n\t\t\t\t\t<div id=\"elementor-tab-title-1864\" class=\"elementor-tab-title\" data-tab=\"4\" role=\"button\" aria-controls=\"elementor-tab-content-1864\" aria-expanded=\"false\">\n\t\t\t\t\t\t\t\t\t\t\t\t<span class=\"elementor-toggle-icon elementor-toggle-icon-left\" aria-hidden=\"true\">\n\t\t\t\t\t\t\t\t\t\t\t\t\t\t\t<span class=\"elementor-toggle-icon-closed\"><i class=\"fas fa-caret-right\"><\/i><\/span>\n\t\t\t\t\t\t\t\t<span class=\"elementor-toggle-icon-opened\"><i class=\"elementor-toggle-icon-opened fas fa-caret-up\"><\/i><\/span>\n\t\t\t\t\t\t\t\t\t\t\t\t\t<\/span>\n\t\t\t\t\t\t\t\t\t\t\t\t<a class=\"elementor-toggle-title\" tabindex=\"0\">Ab welchem Betrag sind Artikel versandkostenfrei?<\/a>\n\t\t\t\t\t<\/div>\n\n\t\t\t\t\t<div id=\"elementor-tab-content-1864\" class=\"elementor-tab-content elementor-clearfix\" data-tab=\"4\" role=\"region\" aria-labelledby=\"elementor-tab-title-1864\"><p>\n            <span style=\"color: #374151; font-family: S\u00f6hne, ui-sans-serif, system-ui, -apple-system, 'Segoe UI', Roboto, Ubuntu, Cantarell, 'Noto Sans', sans-serif, 'Helvetica Neue', Arial, 'Apple Color Emoji', 'Segoe UI Emoji', 'Segoe UI Symbol', 'Noto Color Emoji'; letter-spacing: normal; white-space-collapse: preserve;\">Ab einem Bestellwert von 40 \u20ac ist der Artikel versandkostenfrei.<\/span>\n          <\/p>\n<\/div>\n\t\t\t\t<\/div>\n\t\t\t\t\t\t\t<div class=\"elementor-toggle-item\">\n\t\t\t\t\t<div id=\"elementor-tab-title-1865\" class=\"elementor-tab-title\" data-tab=\"5\" role=\"button\" aria-controls=\"elementor-tab-content-1865\" aria-expanded=\"false\">\n\t\t\t\t\t\t\t\t\t\t\t\t<span class=\"elementor-toggle-icon elementor-toggle-icon-left\" aria-hidden=\"true\">\n\t\t\t\t\t\t\t\t\t\t\t\t\t\t\t<span class=\"elementor-toggle-icon-closed\"><i class=\"fas fa-caret-right\"><\/i><\/span>\n\t\t\t\t\t\t\t\t<span class=\"elementor-toggle-icon-opened\"><i class=\"elementor-toggle-icon-opened fas fa-caret-up\"><\/i><\/span>\n\t\t\t\t\t\t\t\t\t\t\t\t\t<\/span>\n\t\t\t\t\t\t\t\t\t\t\t\t<a class=\"elementor-toggle-title\" tabindex=\"0\">Was bedeutet die Funktion \u201eStore Locator\u201c?<\/a>\n\t\t\t\t\t<\/div>\n\n\t\t\t\t\t<div id=\"elementor-tab-content-1865\" class=\"elementor-tab-content elementor-clearfix\" data-tab=\"5\" role=\"region\" aria-labelledby=\"elementor-tab-title-1865\"><p>Mit der Filialsuche k\u00f6nnen Sie physische Gesch\u00e4fte finden, die Bo Jungle-Produkte f\u00fchren. Bitte beachten Sie jedoch, dass dies keine Garantie daf\u00fcr ist, dass alle Produkte in jedem aufgef\u00fchrten Gesch\u00e4ft verf\u00fcgbar sind. <\/p>\n<\/div>\n\t\t\t\t<\/div>\n\t\t\t\t\t\t\t<div class=\"elementor-toggle-item\">\n\t\t\t\t\t<div id=\"elementor-tab-title-1866\" class=\"elementor-tab-title\" data-tab=\"6\" role=\"button\" aria-controls=\"elementor-tab-content-1866\" aria-expanded=\"false\">\n\t\t\t\t\t\t\t\t\t\t\t\t<span class=\"elementor-toggle-icon elementor-toggle-icon-left\" aria-hidden=\"true\">\n\t\t\t\t\t\t\t\t\t\t\t\t\t\t\t<span class=\"elementor-toggle-icon-closed\"><i class=\"fas fa-caret-right\"><\/i><\/span>\n\t\t\t\t\t\t\t\t<span class=\"elementor-toggle-icon-opened\"><i class=\"elementor-toggle-icon-opened fas fa-caret-up\"><\/i><\/span>\n\t\t\t\t\t\t\t\t\t\t\t\t\t<\/span>\n\t\t\t\t\t\t\t\t\t\t\t\t<a class=\"elementor-toggle-title\" tabindex=\"0\">Hat Bo Jungle einen eigenen physischen Laden?<\/a>\n\t\t\t\t\t<\/div>\n\n\t\t\t\t\t<div id=\"elementor-tab-content-1866\" class=\"elementor-tab-content elementor-clearfix\" data-tab=\"6\" role=\"region\" aria-labelledby=\"elementor-tab-title-1866\"><p>Nein, Bo Jungle betreibt ausschlie\u00dflich Online-Verk\u00e4ufe und verf\u00fcgt \u00fcber keine station\u00e4ren Gesch\u00e4fte. Sie k\u00f6nnen Bo Jungle-Produkte jedoch in verschiedenen physischen Gesch\u00e4ften finden. Nutzen Sie unsere Filialsuche, um herauszufinden, welche Gesch\u00e4fte Bo Jungle-Artikel f\u00fchren. Beachten Sie, dass m\u00f6glicherweise nicht alle Produkte in jedem aufgef\u00fchrten Gesch\u00e4ft erh\u00e4ltlich sind.   <\/p>\n<\/div>\n\t\t\t\t<\/div>\n\t\t\t\t\t\t\t<div class=\"elementor-toggle-item\">\n\t\t\t\t\t<div id=\"elementor-tab-title-1867\" class=\"elementor-tab-title\" data-tab=\"7\" role=\"button\" aria-controls=\"elementor-tab-content-1867\" aria-expanded=\"false\">\n\t\t\t\t\t\t\t\t\t\t\t\t<span class=\"elementor-toggle-icon elementor-toggle-icon-left\" aria-hidden=\"true\">\n\t\t\t\t\t\t\t\t\t\t\t\t\t\t\t<span class=\"elementor-toggle-icon-closed\"><i class=\"fas fa-caret-right\"><\/i><\/span>\n\t\t\t\t\t\t\t\t<span class=\"elementor-toggle-icon-opened\"><i class=\"elementor-toggle-icon-opened fas fa-caret-up\"><\/i><\/span>\n\t\t\t\t\t\t\t\t\t\t\t\t\t<\/span>\n\t\t\t\t\t\t\t\t\t\t\t\t<a class=\"elementor-toggle-title\" tabindex=\"0\">Ich suche ein Ersatzteil, wie finde ich dieses?<\/a>\n\t\t\t\t\t<\/div>\n\n\t\t\t\t\t<div id=\"elementor-tab-content-1867\" class=\"elementor-tab-content elementor-clearfix\" data-tab=\"7\" role=\"region\" aria-labelledby=\"elementor-tab-title-1867\"><p>Bei Anfragen zu Ersatzteilen k\u00f6nnen Sie eine E-Mail an <a target=\"_new\">office@bojungle<\/a>.eu senden, um zu pr\u00fcfen, ob Hilfe geleistet werden kann. Bitte beachten Sie, dass Ersatzteile m\u00f6glicherweise nicht immer verf\u00fcgbar sind.<\/p>\n<\/div>\n\t\t\t\t<\/div>\n\t\t\t\t\t\t\t<div class=\"elementor-toggle-item\">\n\t\t\t\t\t<div id=\"elementor-tab-title-1868\" class=\"elementor-tab-title\" data-tab=\"8\" role=\"button\" aria-controls=\"elementor-tab-content-1868\" aria-expanded=\"false\">\n\t\t\t\t\t\t\t\t\t\t\t\t<span class=\"elementor-toggle-icon elementor-toggle-icon-left\" aria-hidden=\"true\">\n\t\t\t\t\t\t\t\t\t\t\t\t\t\t\t<span class=\"elementor-toggle-icon-closed\"><i class=\"fas fa-caret-right\"><\/i><\/span>\n\t\t\t\t\t\t\t\t<span class=\"elementor-toggle-icon-opened\"><i class=\"elementor-toggle-icon-opened fas fa-caret-up\"><\/i><\/span>\n\t\t\t\t\t\t\t\t\t\t\t\t\t<\/span>\n\t\t\t\t\t\t\t\t\t\t\t\t<a class=\"elementor-toggle-title\" tabindex=\"0\">Kann ich Bo Jungle-Produkte in einem physischen Gesch\u00e4ft kaufen?<\/a>\n\t\t\t\t\t<\/div>\n\n\t\t\t\t\t<div id=\"elementor-tab-content-1868\" class=\"elementor-tab-content elementor-clearfix\" data-tab=\"8\" role=\"region\" aria-labelledby=\"elementor-tab-title-1868\"><p>Sicherlich! Nutzen Sie unsere Filialsuche, um Gesch\u00e4fte zu finden, die Bo Jungle-Produkte verkaufen. Es ist jedoch wichtig zu beachten, dass m\u00f6glicherweise nicht alle Produkte in jedem aufgef\u00fchrten Gesch\u00e4ft erh\u00e4ltlich sind.  <\/p>\n<\/div>\n\t\t\t\t<\/div>\n\t\t\t\t\t\t\t<div class=\"elementor-toggle-item\">\n\t\t\t\t\t<div id=\"elementor-tab-title-1869\" class=\"elementor-tab-title\" data-tab=\"9\" role=\"button\" aria-controls=\"elementor-tab-content-1869\" aria-expanded=\"false\">\n\t\t\t\t\t\t\t\t\t\t\t\t<span class=\"elementor-toggle-icon elementor-toggle-icon-left\" aria-hidden=\"true\">\n\t\t\t\t\t\t\t\t\t\t\t\t\t\t\t<span class=\"elementor-toggle-icon-closed\"><i class=\"fas fa-caret-right\"><\/i><\/span>\n\t\t\t\t\t\t\t\t<span class=\"elementor-toggle-icon-opened\"><i class=\"elementor-toggle-icon-opened fas fa-caret-up\"><\/i><\/span>\n\t\t\t\t\t\t\t\t\t\t\t\t\t<\/span>\n\t\t\t\t\t\t\t\t\t\t\t\t<a class=\"elementor-toggle-title\" tabindex=\"0\">In welchen L\u00e4ndern ist Bo Jungle k\u00e4uflich zu erwerben?<\/a>\n\t\t\t\t\t<\/div>\n\n\t\t\t\t\t<div id=\"elementor-tab-content-1869\" class=\"elementor-tab-content elementor-clearfix\" data-tab=\"9\" role=\"region\" aria-labelledby=\"elementor-tab-title-1869\"><p>Bo Jungle-Produkte sind in mehreren L\u00e4ndern erh\u00e4ltlich; Allerdings erm\u00f6glicht diese Website derzeit nur Lieferungen in die Benelux-L\u00e4nder und nach Frankreich. F\u00fcr Kunden in anderen L\u00e4ndern, einschlie\u00dflich der Tschechischen Republik, Polen, Spanien, Malta, Italien, Portugal, Griechenland, Deutschland, S\u00fcdafrika, Kasachstan, Kirgisistan, Albanien und Bulgarien, empfehlen wir, sich direkt an uns zu wenden. Wenden Sie sich an unseren Kundensupport. Wir helfen Ihnen gerne dabei, das n\u00e4chstgelegene Gesch\u00e4ft oder den n\u00e4chstgelegenen H\u00e4ndler in Ihrem Land zu finden, damit Sie bequem auf Bo Jungle-Produkte zugreifen k\u00f6nnen.  <\/p>\n<\/div>\n\t\t\t\t<\/div>\n\t\t\t\t\t\t\t\t\t\t<script type=\"application\/ld+json\">{\"@context\":\"https:\\\/\\\/schema.org\",\"@type\":\"FAQPage\",\"mainEntity\":[{\"@type\":\"Question\",\"name\":\"Wof\\u00fcr steht Bo Jungle?\",\"acceptedAnswer\":{\"@type\":\"Answer\",\"text\":\"<p style=\\\"border: 0px solid #d9d9e3; --tw-border-spacing-x: 0; --tw-border-spacing-y: 0; --tw-translate-x: 0; --tw-translate-y: 0; --tw-rotate: 0; --tw-skew-x: 0; --tw-skew-y: 0; --tw-scale-x: 1; --tw-scale-y: 1; --tw-scroll-snap-strictness: proximity; --tw-ring-offset-width: 0px; --tw-ring-offset-color: #fff; --tw-ring-color: rgba(69,89,164,.5); --tw-ring-offset-shadow: 0 0 transparent; --tw-ring-shadow: 0 0 transparent; --tw-shadow: 0 0 transparent; --tw-shadow-colored: 0 0 transparent; margin: 1.25em 0px; color: #374151; font-family: S\\u00f6hne, ui-sans-serif, system-ui, -apple-system, 'Segoe UI', Roboto, Ubuntu, Cantarell, 'Noto Sans', sans-serif, 'Helvetica Neue', Arial, 'Apple Color Emoji', 'Segoe UI Emoji', 'Segoe UI Symbol', 'Noto Color Emoji'; letter-spacing: normal; white-space-collapse: preserve;\\\">Bo Jungle ist mehr als nur eine Marke; Es ist eine Verpflichtung, Eltern und Betreuer bei der lohnenden Reise der Erziehung ihrer Kleinen zu unterst\\u00fctzen. Unser aus Belgien stammendes Ziel ist es, umfassende Unterst\\u00fctzung in verschiedenen Aspekten der Elternschaft zu bieten, darunter Essen, Ausfl\\u00fcge, Betreuung, Spielzeit, Schlaf, Sicherheit und mehr. <\\\/p>\\n<p style=\\\"border: 0px solid #d9d9e3; --tw-border-spacing-x: 0; --tw-border-spacing-y: 0; --tw-translate-x: 0; --tw-translate-y: 0; --tw-rotate: 0; --tw-skew-x: 0; --tw-skew-y: 0; --tw-scale-x: 1; --tw-scale-y: 1; --tw-scroll-snap-strictness: proximity; --tw-ring-offset-width: 0px; --tw-ring-offset-color: #fff; --tw-ring-color: rgba(69,89,164,.5); --tw-ring-offset-shadow: 0 0 transparent; --tw-ring-shadow: 0 0 transparent; --tw-shadow: 0 0 transparent; --tw-shadow-colored: 0 0 transparent; margin: 1.25em 0px 0px; color: #374151; font-family: S\\u00f6hne, ui-sans-serif, system-ui, -apple-system, 'Segoe UI', Roboto, Ubuntu, Cantarell, 'Noto Sans', sans-serif, 'Helvetica Neue', Arial, 'Apple Color Emoji', 'Segoe UI Emoji', 'Segoe UI Symbol', 'Noto Color Emoji'; letter-spacing: normal; white-space-collapse: preserve;\\\">Unser umfangreiches Sortiment an erschwinglichen Produkten ist sorgf\\u00e4ltig darauf ausgelegt, den Alltag von Eltern und Kindern zu verbessern. Mit einem Fokus auf sch\\u00f6nes Design, Innovation und vor allem hochwertige Handwerkskunst ist Bo Jungle bestrebt, das Elternerlebnis angenehmer und erf\\u00fcllender zu gestalten. Wir glauben daran, Produkte zu schaffen, die nicht nur die praktischen Bed\\u00fcrfnisse der Eltern erf\\u00fcllen, sondern auch einen Hauch von Freude und Komfort in das Leben der Kleinen bringen, die wir lieben.  <\\\/p><\\\/p>\\n\"}},{\"@type\":\"Question\",\"name\":\"Was passiert, wenn ich eine Beschwerde \\u00fcber ein Bo Jungle-Produkt habe?\",\"acceptedAnswer\":{\"@type\":\"Answer\",\"text\":\"<p>Wenn Ihr Produkt defekt ist, wenden Sie sich bitte mit Ihrem Kaufbeleg an das Gesch\\u00e4ft, in dem Sie es gekauft haben. Sie k\\u00f6nnen Ihnen weiterhelfen. <br \\\/>Wenn es um etwas anderes geht, k\\u00f6nnen Sie uns jederzeit eine Nachricht \\u00fcber die Seite<a href=\\\"https:\\\/\\\/www.bojungle.eu\\\/de\\\/kontakt\\\/\\\">&#8222;Kontakt<\\\/a>&#8220; schicken.<\\\/p><\\\/p>\\n\"}},{\"@type\":\"Question\",\"name\":\"Welchen Versandservice nutzt Bo Jungle?\",\"acceptedAnswer\":{\"@type\":\"Answer\",\"text\":\"<p>\\n            <span style=\\\"color: #374151; font-family: S\\u00f6hne, ui-sans-serif, system-ui, -apple-system, 'Segoe UI', Roboto, Ubuntu, Cantarell, 'Noto Sans', sans-serif, 'Helvetica Neue', Arial, 'Apple Color Emoji', 'Segoe UI Emoji', 'Segoe UI Symbol', 'Noto Color Emoji'; letter-spacing: normal; white-space-collapse: preserve;\\\">Bo Jungle nutzt den DPD-Versandservice.<\\\/span>\\n          <\\\/p>\\n\"}},{\"@type\":\"Question\",\"name\":\"Ab welchem Betrag sind Artikel versandkostenfrei?\",\"acceptedAnswer\":{\"@type\":\"Answer\",\"text\":\"<p>\\n            <span style=\\\"color: #374151; font-family: S\\u00f6hne, ui-sans-serif, system-ui, -apple-system, 'Segoe UI', Roboto, Ubuntu, Cantarell, 'Noto Sans', sans-serif, 'Helvetica Neue', Arial, 'Apple Color Emoji', 'Segoe UI Emoji', 'Segoe UI Symbol', 'Noto Color Emoji'; letter-spacing: normal; white-space-collapse: preserve;\\\">Ab einem Bestellwert von 40 \\u20ac ist der Artikel versandkostenfrei.<\\\/span>\\n          <\\\/p>\\n\"}},{\"@type\":\"Question\",\"name\":\"Was bedeutet die Funktion \\u201eStore Locator\\u201c?\",\"acceptedAnswer\":{\"@type\":\"Answer\",\"text\":\"<p>Mit der Filialsuche k\\u00f6nnen Sie physische Gesch\\u00e4fte finden, die Bo Jungle-Produkte f\\u00fchren. Bitte beachten Sie jedoch, dass dies keine Garantie daf\\u00fcr ist, dass alle Produkte in jedem aufgef\\u00fchrten Gesch\\u00e4ft verf\\u00fcgbar sind. <\\\/p>\\n\"}},{\"@type\":\"Question\",\"name\":\"Hat Bo Jungle einen eigenen physischen Laden?\",\"acceptedAnswer\":{\"@type\":\"Answer\",\"text\":\"<p>Nein, Bo Jungle betreibt ausschlie\\u00dflich Online-Verk\\u00e4ufe und verf\\u00fcgt \\u00fcber keine station\\u00e4ren Gesch\\u00e4fte. Sie k\\u00f6nnen Bo Jungle-Produkte jedoch in verschiedenen physischen Gesch\\u00e4ften finden. Nutzen Sie unsere Filialsuche, um herauszufinden, welche Gesch\\u00e4fte Bo Jungle-Artikel f\\u00fchren. Beachten Sie, dass m\\u00f6glicherweise nicht alle Produkte in jedem aufgef\\u00fchrten Gesch\\u00e4ft erh\\u00e4ltlich sind.   <\\\/p>\\n\"}},{\"@type\":\"Question\",\"name\":\"Ich suche ein Ersatzteil, wie finde ich dieses?\",\"acceptedAnswer\":{\"@type\":\"Answer\",\"text\":\"<p>Bei Anfragen zu Ersatzteilen k\\u00f6nnen Sie eine E-Mail an <a target=\\\"_new\\\">office@bojungle<\\\/a>.eu senden, um zu pr\\u00fcfen, ob Hilfe geleistet werden kann. Bitte beachten Sie, dass Ersatzteile m\\u00f6glicherweise nicht immer verf\\u00fcgbar sind.<\\\/p>\\n\"}},{\"@type\":\"Question\",\"name\":\"Kann ich Bo Jungle-Produkte in einem physischen Gesch\\u00e4ft kaufen?\",\"acceptedAnswer\":{\"@type\":\"Answer\",\"text\":\"<p>Sicherlich! Nutzen Sie unsere Filialsuche, um Gesch\\u00e4fte zu finden, die Bo Jungle-Produkte verkaufen. Es ist jedoch wichtig zu beachten, dass m\\u00f6glicherweise nicht alle Produkte in jedem aufgef\\u00fchrten Gesch\\u00e4ft erh\\u00e4ltlich sind.  <\\\/p>\\n\"}},{\"@type\":\"Question\",\"name\":\"In welchen L\\u00e4ndern ist Bo Jungle k\\u00e4uflich zu erwerben?\",\"acceptedAnswer\":{\"@type\":\"Answer\",\"text\":\"<p>Bo Jungle-Produkte sind in mehreren L\\u00e4ndern erh\\u00e4ltlich; Allerdings erm\\u00f6glicht diese Website derzeit nur Lieferungen in die Benelux-L\\u00e4nder und nach Frankreich. F\\u00fcr Kunden in anderen L\\u00e4ndern, einschlie\\u00dflich der Tschechischen Republik, Polen, Spanien, Malta, Italien, Portugal, Griechenland, Deutschland, S\\u00fcdafrika, Kasachstan, Kirgisistan, Albanien und Bulgarien, empfehlen wir, sich direkt an uns zu wenden. Wenden Sie sich an unseren Kundensupport. Wir helfen Ihnen gerne dabei, das n\\u00e4chstgelegene Gesch\\u00e4ft oder den n\\u00e4chstgelegenen H\\u00e4ndler in Ihrem Land zu finden, damit Sie bequem auf Bo Jungle-Produkte zugreifen k\\u00f6nnen.  <\\\/p>\\n\"}}]}<\/script>\n\t\t\t\t\t<\/div>\n\t\t\t\t\t\t<\/div>\n\t\t\t\t<\/div>\n\t\t\t\t\t<\/div>\n\t\t\t\t<\/div>\n\t\t\t\t\t<\/div>\n\t\t\t\t<\/div>\n\t\t\t\t<\/div>\n\t\t","protected":false},"excerpt":{"rendered":"<p>H\u00e4ufig gestellte Fragen Wof\u00fcr steht Bo Jungle? Bo Jungle ist mehr als nur eine Marke; Es ist eine Verpflichtung, Eltern und Betreuer bei der lohnenden Reise der Erziehung ihrer Kleinen zu unterst\u00fctzen. Unser aus Belgien stammendes Ziel ist es, umfassende Unterst\u00fctzung in verschiedenen Aspekten der Elternschaft zu bieten, darunter Essen, Ausfl\u00fcge, Betreuung, Spielzeit, Schlaf, Sicherheit [&hellip;]<\/p>\n","protected":false},"author":6,"featured_media":0,"parent":0,"menu_order":0,"comment_status":"closed","ping_status":"closed","template":"elementor_header_footer","meta":{"_lmt_disableupdate":"","_lmt_disable":"","footnotes":""},"categories":[],"tags":[],"class_list":["post-64754","page","type-page","status-publish","hentry"],"_links":{"self":[{"href":"https:\/\/www.bojungle.eu\/de\/wp-json\/wp\/v2\/pages\/64754","targetHints":{"allow":["GET"]}}],"collection":[{"href":"https:\/\/www.bojungle.eu\/de\/wp-json\/wp\/v2\/pages"}],"about":[{"href":"https:\/\/www.bojungle.eu\/de\/wp-json\/wp\/v2\/types\/page"}],"author":[{"embeddable":true,"href":"https:\/\/www.bojungle.eu\/de\/wp-json\/wp\/v2\/users\/6"}],"replies":[{"embeddable":true,"href":"https:\/\/www.bojungle.eu\/de\/wp-json\/wp\/v2\/comments?post=64754"}],"version-history":[{"count":1,"href":"https:\/\/www.bojungle.eu\/de\/wp-json\/wp\/v2\/pages\/64754\/revisions"}],"predecessor-version":[{"id":64755,"href":"https:\/\/www.bojungle.eu\/de\/wp-json\/wp\/v2\/pages\/64754\/revisions\/64755"}],"wp:attachment":[{"href":"https:\/\/www.bojungle.eu\/de\/wp-json\/wp\/v2\/media?parent=64754"}],"wp:term":[{"taxonomy":"category","embeddable":true,"href":"https:\/\/www.bojungle.eu\/de\/wp-json\/wp\/v2\/categories?post=64754"},{"taxonomy":"post_tag","embeddable":true,"href":"https:\/\/www.bojungle.eu\/de\/wp-json\/wp\/v2\/tags?post=64754"}],"curies":[{"name":"wp","href":"https:\/\/api.w.org\/{rel}","templated":true}]}}