{"id":39948,"date":"2022-09-23T11:22:00","date_gmt":"2022-09-23T09:22:00","guid":{"rendered":"https:\/\/dev.authority.biz\/boj\/product\/b-portable-swing-dolphy-beige\/"},"modified":"2024-04-08T10:19:48","modified_gmt":"2024-04-08T08:19:48","slug":"b-tragbar-schwingen-dolphy-grau-duplikat-1","status":"publish","type":"product","link":"https:\/\/www.bojungle.eu\/de\/produkt\/b-tragbar-schwingen-dolphy-grau-duplikat-1\/","title":{"rendered":"B-Portable Swing Dolphy Beige"},"content":{"rendered":"<p>Entdecken Sie die tragbare Schaukel Dolphy Beige, die ultimative Mischung aus Komfort, Bequemlichkeit und Unterhaltung f\u00fcr Ihr Kind. Diese tragbare Schaukel wurde speziell f\u00fcr die Bed\u00fcrfnisse von Eltern und den Komfort von Babys vom Neugeborenen bis zu 9 kg entwickelt und bietet eine einzigartige Kombination von Funktionen, die sie zu einem Muss in Ihrer Babyausstattungssammlung machen.<\/p>\n<p><strong>Vielseitige Energieoptionen<\/strong><br \/>\nSeien Sie niemals an nur einer Stelle festgebunden! Die tragbare Schaukel Dolphy Beige kann mit dem mitgelieferten Stromkabel oder mit 4 x C\/LR14-Batterien (nicht im Lieferumfang enthalten) betrieben werden, so dass Ihr Baby sowohl zu Hause als auch unterwegs eine beruhigende Schaukel genie\u00dfen kann.<\/p>\n<p><strong>Anpassbarer Komfort<\/strong><br \/>\nMit einer in zwei Positionen verstellbaren R\u00fcckenlehne passt sich diese Schaukel problemlos an die Komfortbed\u00fcrfnisse Ihres Babys an und stellt sicher, dass es sich immer am perfekten Ort zum Entspannen oder Beobachten befindet.<\/p>\n<p><strong>Intuitive Timer-Funktion<\/strong><br \/>\nDie tragbare Schaukel Dolphy Beige verf\u00fcgt \u00fcber eine Timerfunktion mit Einstellungen f\u00fcr 15, 30, 45 oder 60 Minuten. So k\u00f6nnen Sie die Schaukelzeit an die Stimmung und die Bed\u00fcrfnisse Ihres Babys anpassen und sicherstellen, dass es genau die richtige Zeit zur Beruhigung und Unterhaltung hat.<\/p>\n<p><strong>Mehrere Swing-Geschwindigkeiten und Melodien<\/strong><br \/>\nW\u00e4hlen Sie aus 5 verschiedenen Schaukelgeschwindigkeiten, um den perfekten Rhythmus f\u00fcr Ihr Baby zu finden, und steigern Sie dessen Entspannung und Unterhaltung mit 8 verschiedenen Melodien. Es ist der perfekte Weg, um Ihr Kind zu beruhigen oder zu besch\u00e4ftigen, wenn es noch klein ist.<\/p>\n<p><strong>H\u00f6chster Komfort und Sicherheit<\/strong><br \/>\nDiese Schaukel ist aus weichen, hochwertigen Stoffen gefertigt, die in der Maschine gewaschen werden k\u00f6nnen, um die Pflege zu erleichtern, und verf\u00fcgt \u00fcber eine pl\u00fcschige Kopfst\u00fctze f\u00fcr zus\u00e4tzlichen Halt, damit Ihr Baby sich jederzeit wohl f\u00fchlt. Der 5-Punkt-Sicherheitsgurt sorgt f\u00fcr die Sicherheit Ihres Kindes und gibt Ihnen ein gutes Gef\u00fchl. <\/p>\n<p><strong>Fesselnd und unterhaltsam<\/strong><br \/>\nDer leicht abnehmbare Spielzeugbogen mit zwei spannenden Spielzeugen fesselt die Aufmerksamkeit Ihres Babys und regt seine sich entwickelnden Sinne an, so dass die Schaukelzeit zu einem lustigen und lehrreichen Erlebnis wird.<\/p>\n<p><strong>Bequem tragbar<\/strong><br \/>\nDie Schaukel Dolphy Beige wurde speziell f\u00fcr vielbesch\u00e4ftigte Familien entwickelt und l\u00e4sst sich leicht zusammenklappen, um sie effizient aufzubewahren und zu transportieren, damit Sie den Komfort Ihres Zuhauses \u00fcberallhin mitnehmen k\u00f6nnen. Die tragbare Schaukel Dolphy Beige ist nicht nur eine Schaukel, sie ist ein gem\u00fctlicher, unterhaltsamer und sicherer Ort f\u00fcr Ihr Baby.<\/p>\n<p> Es stellt eine perfekte Mischung aus Funktionalit\u00e4t und Spa\u00df dar und ist somit eine unverzichtbare Erg\u00e4nzung Ihrer Babypflegeutensilien.<\/p>\n","protected":false},"excerpt":{"rendered":"<div class=\"elementor-element elementor-element-80cf67d elementor-widget elementor-widget-jet-single-excerpt\" data-id=\"80cf67d\" data-element_type=\"widget\" data-widget_type=\"jet-single-excerpt.default\">\n<div class=\"elementor-widget-container\">\n<div class=\"elementor-jet-single-excerpt jet-woo-builder\">\n<div class=\"woocommerce-product-details__short-description\">\n<div class=\"flex-1 overflow-hidden\">\n<div class=\"react-scroll-to-bottom--css-fpkau-79elbk h-full\">\n<div class=\"react-scroll-to-bottom--css-fpkau-1n7m0yu\">\n<div class=\"flex flex-col text-sm pb-9\">\n<div class=\"w-full text-token-text-primary\" data-testid=\"conversation-turn-8\">\n<div class=\"px-4 py-2 justify-center text-base md:gap-6 m-auto\">\n<div class=\"flex flex-1 text-base mx-auto gap-3 md:px-5 lg:px-1 xl:px-5 md:max-w-3xl lg:max-w-[40rem] xl:max-w-[48rem] group final-completion\">\n<div class=\"relative flex w-full flex-col agent-turn\">\n<div class=\"flex-col gap-1 md:gap-3\">\n<div class=\"flex flex-grow flex-col max-w-full\">\n<div class=\"min-h-[20px] text-message flex flex-col items-start gap-3 whitespace-pre-wrap break-words [.text-message+&amp;]:mt-5 overflow-x-auto\" data-message-author-role=\"assistant\" data-message-id=\"fbd77af2-e82b-4b38-a269-e92651bbb0c3\">\n<div class=\"markdown prose w-full break-words dark:prose-invert light\">\n<p>Begr\u00fc\u00dfen Sie die tragbare Schaukel Dolphy Beige: ein praktischer Weg, um Ihr Baby kuschelig und gl\u00fccklich zu halten, wo immer Sie hingehen. Es hat einstellbare Einstellungen, damit Ihr Baby es bequem hat, verschiedene Geschwindigkeiten zum Schaukeln und spielt sch\u00f6ne Melodien. Au\u00dferdem bietet er Ihrem Kind Sicherheit mit einem Gurt und Spa\u00df mit Spielzeug. Und wenn Sie fertig sind, falten Sie ihn einfach zusammen, um ihn leicht zu verstauen oder zu transportieren. Ideal f\u00fcr Babys bis zu 9 kg und perfekt f\u00fcr vielbesch\u00e4ftigte Familien!<\/p>\n<\/div>\n<\/div>\n<\/div>\n<\/div>\n<\/div>\n<\/div>\n<\/div>\n<\/div>\n<\/div>\n<\/div>\n<\/div>\n<\/div>\n<div class=\"w-full pt-2 md:pt-0 dark:border-white\/20 md:border-transparent md:dark:border-transparent md:w-[calc(100%-.5rem)]\">\n<form class=\"stretch mx-2 flex flex-row gap-3 last:mb-2 md:mx-4 md:last:mb-6 lg:mx-auto lg:max-w-2xl xl:max-w-3xl\">\n<div class=\"relative flex h-full flex-1 flex-col\">\n<div class=\"flex w-full items-center\"><\/div>\n<\/div>\n<\/form>\n<\/div>\n<\/div>\n<\/div>\n<\/div>\n<\/div>\n<div class=\"elementor-element elementor-element-c5d7d93 elementor-widget elementor-widget-spacer\" data-id=\"c5d7d93\" data-element_type=\"widget\" data-widget_type=\"spacer.default\">\n<div class=\"elementor-widget-container\">\n<div class=\"elementor-spacer\"><\/div>\n<\/div>\n<\/div>\n","protected":false},"featured_media":72053,"comment_status":"closed","ping_status":"closed","template":"","meta":{"_lmt_disableupdate":"","_lmt_disable":""},"product_brand":[],"product_cat":[529],"product_tag":[],"woo-feed-brand":[],"class_list":{"0":"post-39948","1":"product","2":"type-product","3":"status-publish","4":"has-post-thumbnail","6":"product_cat-schaukeln-und-wippen","8":"first","9":"outofstock","10":"taxable","11":"shipping-taxable","12":"purchasable","13":"product-type-simple"},"_links":{"self":[{"href":"https:\/\/www.bojungle.eu\/de\/wp-json\/wp\/v2\/product\/39948","targetHints":{"allow":["GET"]}}],"collection":[{"href":"https:\/\/www.bojungle.eu\/de\/wp-json\/wp\/v2\/product"}],"about":[{"href":"https:\/\/www.bojungle.eu\/de\/wp-json\/wp\/v2\/types\/product"}],"replies":[{"embeddable":true,"href":"https:\/\/www.bojungle.eu\/de\/wp-json\/wp\/v2\/comments?post=39948"}],"version-history":[{"count":1,"href":"https:\/\/www.bojungle.eu\/de\/wp-json\/wp\/v2\/product\/39948\/revisions"}],"predecessor-version":[{"id":72287,"href":"https:\/\/www.bojungle.eu\/de\/wp-json\/wp\/v2\/product\/39948\/revisions\/72287"}],"wp:featuredmedia":[{"embeddable":true,"href":"https:\/\/www.bojungle.eu\/de\/wp-json\/wp\/v2\/media\/72053"}],"wp:attachment":[{"href":"https:\/\/www.bojungle.eu\/de\/wp-json\/wp\/v2\/media?parent=39948"}],"wp:term":[{"taxonomy":"product_brand","embeddable":true,"href":"https:\/\/www.bojungle.eu\/de\/wp-json\/wp\/v2\/product_brand?post=39948"},{"taxonomy":"product_cat","embeddable":true,"href":"https:\/\/www.bojungle.eu\/de\/wp-json\/wp\/v2\/product_cat?post=39948"},{"taxonomy":"product_tag","embeddable":true,"href":"https:\/\/www.bojungle.eu\/de\/wp-json\/wp\/v2\/product_tag?post=39948"},{"taxonomy":"woo-feed-brand","embeddable":true,"href":"https:\/\/www.bojungle.eu\/de\/wp-json\/wp\/v2\/woo-feed-brand?post=39948"}],"curies":[{"name":"wp","href":"https:\/\/api.w.org\/{rel}","templated":true}]}}