{"id":40147,"date":"2022-05-29T12:06:18","date_gmt":"2022-05-29T10:06:18","guid":{"rendered":"https:\/\/dev.authority.biz\/boj\/product\/b-biologisch-abbaubares-cpla-geschirrset-5tlg-blau\/"},"modified":"2024-12-05T11:52:45","modified_gmt":"2024-12-05T10:52:45","slug":"b-biologisch-abbaubares-cpla-geschirr-set-5-teilig-blau","status":"publish","type":"product","link":"https:\/\/www.bojungle.eu\/de\/produkt\/b-biologisch-abbaubares-cpla-geschirr-set-5-teilig-blau\/","title":{"rendered":"Umweltfreundliches CPLA-Geschirrset 5-tlg. Blau"},"content":{"rendered":"<p>Werten Sie Ihr Essenserlebnis mit unserem umweltfreundlichen 5-teiligen CPLA-Geschirrset auf, das speziell f\u00fcr Kinder entwickelt wurde. Dieses 5-teilige Set enth\u00e4lt einen Trinkbecher, einen Teller, Besteck und eine Sch\u00fcssel \u2013 alles, was Ihr Kind f\u00fcr ein sicheres und nachhaltiges Esserlebnis braucht. Dieses Geschirr besteht aus CPLA (kristallisierte Polymilchs\u00e4ure), einer st\u00e4rkeren und hitzebest\u00e4ndigeren Form von PLA, und wird aus nachwachsenden Rohstoffen wie Mais, Zuckerrohr, Maniok und anderen nat\u00fcrlichen Pflanzen hergestellt. CPLA ist eine 100 % biologisch abbaubare Alternative zu herk\u00f6mmlichem Kunststoff und gew\u00e4hrleistet ein \u00f6l-, toxizit\u00e4ts- und schwermetallfreies Produkt, das sowohl sicher als auch umweltbewusst ist. Unser CPLA-Kindergeschirr ist mikrowellen- und sp\u00fclmaschinenfest (nicht ofenfest) und kombiniert Komfort und Nachhaltigkeit. Es bietet Ihrem Kind eine ungiftige, langlebige und umweltfreundliche Wahl. Wechseln Sie mit diesem hochwertigen, aus nat\u00fcrlichen Rohstoffen gewonnenen Geschirrset in eine gr\u00fcnere Zukunft! <\/p>\n","protected":false},"excerpt":{"rendered":"<div class=\"flex-1 overflow-hidden\">\n<div class=\"h-full\">\n<div class=\"react-scroll-to-bottom--css-ketwx-79elbk h-full\">\n<div class=\"react-scroll-to-bottom--css-ketwx-1n7m0yu\">\n<div class=\"flex flex-col text-sm md:pb-9\">\n<article class=\"w-full scroll-mb-[var(--thread-trailing-height,150px)] text-token-text-primary focus-visible:outline-2 focus-visible:outline-offset-[-4px]\" dir=\"auto\" data-testid=\"conversation-turn-5\" data-scroll-anchor=\"true\">\n<div class=\"m-auto text-base py-[18px] px-3 md:px-4 w-full md:px-5 lg:px-4 xl:px-5\">\n<div class=\"mx-auto flex flex-1 gap-4 text-base md:gap-5 lg:gap-6 md:max-w-3xl\">\n<div class=\"group\/conversation-turn relative flex w-full min-w-0 flex-col agent-turn\">\n<div class=\"flex-col gap-1 md:gap-3\">\n<div class=\"flex max-w-full flex-col flex-grow\">\n<div class=\"min-h-8 text-message flex w-full flex-col items-end gap-2 whitespace-normal break-words text-start [.text-message+&amp;]:mt-5\" dir=\"auto\" data-message-author-role=\"assistant\" data-message-id=\"78eb40a4-57b3-45ff-9d68-8f3e746316e9\" data-message-model-slug=\"gpt-4o-mini\">\n<div class=\"flex w-full flex-col gap-1 empty:hidden first:pt-[3px]\">\n<div class=\"markdown prose w-full break-words dark:prose-invert light\">\n<p>Dieses 5-teilige, umweltfreundliche CPLA-Geschirrset umfasst eine Tasse, einen Teller, Besteck und eine Sch\u00fcssel, die alle aus erneuerbaren pflanzlichen Materialien wie Mais und Zuckerrohr hergestellt sind. CPLA ist robust, hitzebest\u00e4ndig und zu 100 % biologisch abbaubar, ungiftig und sicher f\u00fcr Kinder. Dieses umweltfreundliche Set ist mikrowellen- und sp\u00fclmaschinenfest und die perfekte nachhaltige Wahl f\u00fcr die Mahlzeiten Ihres Kindes.  <\/p>\n<\/div>\n<\/div>\n<\/div>\n<\/div>\n<\/div>\n<\/div>\n<\/div>\n<\/div>\n<\/article>\n<\/div>\n<\/div>\n<\/div>\n<\/div>\n<\/div>\n","protected":false},"featured_media":70242,"comment_status":"closed","ping_status":"closed","template":"","meta":{"_lmt_disableupdate":"","_lmt_disable":""},"product_brand":[],"product_cat":[556,450,555],"product_tag":[],"woo-feed-brand":[],"class_list":{"0":"post-40147","1":"product","2":"type-product","3":"status-publish","4":"has-post-thumbnail","6":"product_cat-cpla-reihe","7":"product_cat-essen-trinken","8":"product_cat-zeit-zum-abendessen","10":"first","11":"outofstock","12":"taxable","13":"shipping-taxable","14":"purchasable","15":"product-type-simple"},"_links":{"self":[{"href":"https:\/\/www.bojungle.eu\/de\/wp-json\/wp\/v2\/product\/40147","targetHints":{"allow":["GET"]}}],"collection":[{"href":"https:\/\/www.bojungle.eu\/de\/wp-json\/wp\/v2\/product"}],"about":[{"href":"https:\/\/www.bojungle.eu\/de\/wp-json\/wp\/v2\/types\/product"}],"replies":[{"embeddable":true,"href":"https:\/\/www.bojungle.eu\/de\/wp-json\/wp\/v2\/comments?post=40147"}],"version-history":[{"count":1,"href":"https:\/\/www.bojungle.eu\/de\/wp-json\/wp\/v2\/product\/40147\/revisions"}],"predecessor-version":[{"id":78569,"href":"https:\/\/www.bojungle.eu\/de\/wp-json\/wp\/v2\/product\/40147\/revisions\/78569"}],"wp:featuredmedia":[{"embeddable":true,"href":"https:\/\/www.bojungle.eu\/de\/wp-json\/wp\/v2\/media\/70242"}],"wp:attachment":[{"href":"https:\/\/www.bojungle.eu\/de\/wp-json\/wp\/v2\/media?parent=40147"}],"wp:term":[{"taxonomy":"product_brand","embeddable":true,"href":"https:\/\/www.bojungle.eu\/de\/wp-json\/wp\/v2\/product_brand?post=40147"},{"taxonomy":"product_cat","embeddable":true,"href":"https:\/\/www.bojungle.eu\/de\/wp-json\/wp\/v2\/product_cat?post=40147"},{"taxonomy":"product_tag","embeddable":true,"href":"https:\/\/www.bojungle.eu\/de\/wp-json\/wp\/v2\/product_tag?post=40147"},{"taxonomy":"woo-feed-brand","embeddable":true,"href":"https:\/\/www.bojungle.eu\/de\/wp-json\/wp\/v2\/woo-feed-brand?post=40147"}],"curies":[{"name":"wp","href":"https:\/\/api.w.org\/{rel}","templated":true}]}}