{"id":40162,"date":"2022-05-29T12:06:18","date_gmt":"2022-05-29T10:06:18","guid":{"rendered":"https:\/\/dev.authority.biz\/boj\/product\/b-biologisch-abbaubares-cpla-geschirrset-5-stueck-grau\/"},"modified":"2022-05-29T12:06:18","modified_gmt":"2022-05-29T12:06:18","slug":"b-biologisch-abbaubares-cpla-geschirr-set-5tlg-grau","status":"publish","type":"product","link":"https:\/\/www.bojungle.eu\/de\/produkt\/b-biologisch-abbaubares-cpla-geschirr-set-5tlg-grau\/","title":{"rendered":"B-Biologisch abbaubares CPLA-Geschirrset 5 St\u00fcck Grau"},"content":{"rendered":"<p>Dieses Set enth\u00e4lt einen Trinkbecher, einen Teller, ein Besteck und eine Sch\u00fcssel.<\/p>\n<p>PLA steht f\u00fcr Polymilchs\u00e4ure (Polylactic Acid). Es handelt sich um einen biologisch abbaubaren Kunststoff, der aus erneuerbaren St\u00e4rkeressourcen wie Mais oder Zuckerrohr gewonnen wird. CPLA ist ein kristallisiertes PLA, das st\u00e4rker ist und h\u00f6heren Temperaturen standh\u00e4lt.<\/p>\n<p>CPLA Kindergeschirr wird aus nat\u00fcrlichen Pflanzen und nicht aus \u00d6l hergestellt. Dazu k\u00f6nnen Mais, Maniok, Zuckerrohr, Zuckerr\u00fcben, Weizen, landwirtschaftliche Abf\u00e4lle und Non-Food-Pflanzen geh\u00f6ren. Daher ist CPLA zu 100 % nat\u00fcrlich, d. h. es enth\u00e4lt kein \u00d6l, keine Toxizit\u00e4t und keine Schwermetalle. Au\u00dferdem kann es in der Mikrowelle und in der Sp\u00fclmaschine (aber nicht im Backofen) verwendet werden. Daher ist CPLA die sicherste Wahl f\u00fcr Ihre Kinder.<\/p>\n","protected":false},"excerpt":{"rendered":"<p>Dieses Set enth\u00e4lt einen Trinkbecher, einen Teller, ein Besteck und eine Sch\u00fcssel.<\/p>\n","protected":false},"featured_media":70152,"comment_status":"closed","ping_status":"closed","template":"","meta":{"_lmt_disableupdate":"","_lmt_disable":""},"product_brand":[],"product_cat":[556,450,555],"product_tag":[],"woo-feed-brand":[],"class_list":{"0":"post-40162","1":"product","2":"type-product","3":"status-publish","4":"has-post-thumbnail","6":"product_cat-cpla-reihe","7":"product_cat-essen-trinken","8":"product_cat-zeit-zum-abendessen","10":"first","11":"outofstock","12":"taxable","13":"shipping-taxable","14":"purchasable","15":"product-type-simple"},"_links":{"self":[{"href":"https:\/\/www.bojungle.eu\/de\/wp-json\/wp\/v2\/product\/40162","targetHints":{"allow":["GET"]}}],"collection":[{"href":"https:\/\/www.bojungle.eu\/de\/wp-json\/wp\/v2\/product"}],"about":[{"href":"https:\/\/www.bojungle.eu\/de\/wp-json\/wp\/v2\/types\/product"}],"replies":[{"embeddable":true,"href":"https:\/\/www.bojungle.eu\/de\/wp-json\/wp\/v2\/comments?post=40162"}],"version-history":[{"count":0,"href":"https:\/\/www.bojungle.eu\/de\/wp-json\/wp\/v2\/product\/40162\/revisions"}],"wp:featuredmedia":[{"embeddable":true,"href":"https:\/\/www.bojungle.eu\/de\/wp-json\/wp\/v2\/media\/70152"}],"wp:attachment":[{"href":"https:\/\/www.bojungle.eu\/de\/wp-json\/wp\/v2\/media?parent=40162"}],"wp:term":[{"taxonomy":"product_brand","embeddable":true,"href":"https:\/\/www.bojungle.eu\/de\/wp-json\/wp\/v2\/product_brand?post=40162"},{"taxonomy":"product_cat","embeddable":true,"href":"https:\/\/www.bojungle.eu\/de\/wp-json\/wp\/v2\/product_cat?post=40162"},{"taxonomy":"product_tag","embeddable":true,"href":"https:\/\/www.bojungle.eu\/de\/wp-json\/wp\/v2\/product_tag?post=40162"},{"taxonomy":"woo-feed-brand","embeddable":true,"href":"https:\/\/www.bojungle.eu\/de\/wp-json\/wp\/v2\/woo-feed-brand?post=40162"}],"curies":[{"name":"wp","href":"https:\/\/api.w.org\/{rel}","templated":true}]}}