{"id":40204,"date":"2022-05-29T12:05:40","date_gmt":"2022-05-29T10:05:40","guid":{"rendered":"https:\/\/dev.authority.biz\/boj\/product\/b-wrap-weisser-tiger-klein\/"},"modified":"2024-01-15T11:13:40","modified_gmt":"2024-01-15T10:13:40","slug":"b-wrap-weis-tiger-klein","status":"publish","type":"product","link":"https:\/\/www.bojungle.eu\/de\/produkt\/b-wrap-weis-tiger-klein\/","title":{"rendered":"B-Wrap Wei\u00dfer Tiger Klein"},"content":{"rendered":"<ul>\n<li>Klein (3,2 bis 6,4 kg): von der Geburt bis +\/- 4 Monate<\/li>\n<li>Wickeldecke aus 100% Baumwolle<\/li>\n<li>Die einfachste Art, Ihr Baby zu wickeln, in 3 Schritten<\/li>\n<\/ul>\n","protected":false},"excerpt":{"rendered":"<div class=\"flex-1 overflow-hidden\">\n<div class=\"react-scroll-to-bottom--css-yvnwm-79elbk h-full\">\n<div class=\"react-scroll-to-bottom--css-yvnwm-1n7m0yu\">\n<div class=\"flex flex-col pb-9 text-sm\">\n<div class=\"w-full text-token-text-primary\" data-testid=\"conversation-turn-3\">\n<div class=\"px-4 py-2 justify-center text-base md:gap-6 m-auto\">\n<div class=\"flex flex-1 text-base mx-auto gap-3 md:px-5 lg:px-1 xl:px-5 md:max-w-3xl lg:max-w-[40rem] xl:max-w-[48rem] group final-completion\">\n<div class=\"relative flex w-full flex-col lg:w-[calc(100%-115px)] agent-turn\">\n<div class=\"flex-col gap-1 md:gap-3\">\n<div class=\"flex flex-grow flex-col max-w-full\">\n<div class=\"min-h-[20px] text-message flex flex-col items-start gap-3 whitespace-pre-wrap break-words [.text-message+&amp;]:mt-5 overflow-x-auto\" data-message-author-role=\"assistant\" data-message-id=\"84c85f13-8e64-4ae1-a06f-04f025f1b4da\">\n<div class=\"markdown prose w-full break-words dark:prose-invert light\">\n<p>Die B-Wrap White Tiger ist eine kuschelige Wickeldecke aus 100 % Baumwolle mit einem stilvollen wei\u00dfen Tigermuster, die speziell f\u00fcr S\u00e4uglinge im kleinen Gr\u00f6\u00dfenbereich (3,2 bis 6,4 kg) entwickelt wurde und von der Geburt bis ca. 4 Monate geeignet ist. Diese Wickeldecke aus hochwertiger Baumwolle bietet Ihrem Kleinen eine kuschelige und komfortable Umgebung. Es vereinfacht den Prozess und bietet die einfachste M\u00f6glichkeit, Ihr Baby in nur drei einfachen Schritten zu wickeln.<\/p>\n<\/div>\n<\/div>\n<\/div>\n<div class=\"mt-1 flex justify-start gap-3 empty:hidden\">\n<div class=\"text-gray-400 flex self-end lg:self-center justify-center lg:justify-start mt-0 -ml-1 visible\">\n<p>&nbsp;<\/p>\n<div class=\"flex\"><\/div>\n<div class=\"flex items-center gap-1.5 text-xs\"><\/div>\n<\/div>\n<\/div>\n<\/div>\n<\/div>\n<\/div>\n<\/div>\n<\/div>\n<\/div>\n<\/div>\n<\/div>\n<\/div>\n<div class=\"w-full pt-2 md:pt-0 dark:border-white\/20 md:border-transparent md:dark:border-transparent md:w-[calc(100%-.5rem)]\">\n<form class=\"stretch mx-2 flex flex-row gap-3 last:mb-2 md:mx-4 md:last:mb-6 lg:mx-auto lg:max-w-2xl xl:max-w-3xl\">\n<div class=\"relative flex h-full flex-1 items-stretch md:flex-col\">\n<div class=\"flex w-full items-center\"><\/div>\n<\/div>\n<\/form>\n<\/div>\n<p>&nbsp;<\/p>\n","protected":false},"featured_media":64313,"comment_status":"closed","ping_status":"closed","template":"","meta":{"_lmt_disableupdate":"","_lmt_disable":""},"product_brand":[],"product_cat":[574,530],"product_tag":[],"woo-feed-brand":[],"class_list":{"0":"post-40204","1":"product","2":"type-product","3":"status-publish","4":"has-post-thumbnail","6":"product_cat-decken-einwickeln","7":"product_cat-schlaf","9":"first","10":"instock","11":"taxable","12":"shipping-taxable","13":"purchasable","14":"product-type-simple"},"_links":{"self":[{"href":"https:\/\/www.bojungle.eu\/de\/wp-json\/wp\/v2\/product\/40204","targetHints":{"allow":["GET"]}}],"collection":[{"href":"https:\/\/www.bojungle.eu\/de\/wp-json\/wp\/v2\/product"}],"about":[{"href":"https:\/\/www.bojungle.eu\/de\/wp-json\/wp\/v2\/types\/product"}],"replies":[{"embeddable":true,"href":"https:\/\/www.bojungle.eu\/de\/wp-json\/wp\/v2\/comments?post=40204"}],"version-history":[{"count":1,"href":"https:\/\/www.bojungle.eu\/de\/wp-json\/wp\/v2\/product\/40204\/revisions"}],"predecessor-version":[{"id":64322,"href":"https:\/\/www.bojungle.eu\/de\/wp-json\/wp\/v2\/product\/40204\/revisions\/64322"}],"wp:featuredmedia":[{"embeddable":true,"href":"https:\/\/www.bojungle.eu\/de\/wp-json\/wp\/v2\/media\/64313"}],"wp:attachment":[{"href":"https:\/\/www.bojungle.eu\/de\/wp-json\/wp\/v2\/media?parent=40204"}],"wp:term":[{"taxonomy":"product_brand","embeddable":true,"href":"https:\/\/www.bojungle.eu\/de\/wp-json\/wp\/v2\/product_brand?post=40204"},{"taxonomy":"product_cat","embeddable":true,"href":"https:\/\/www.bojungle.eu\/de\/wp-json\/wp\/v2\/product_cat?post=40204"},{"taxonomy":"product_tag","embeddable":true,"href":"https:\/\/www.bojungle.eu\/de\/wp-json\/wp\/v2\/product_tag?post=40204"},{"taxonomy":"woo-feed-brand","embeddable":true,"href":"https:\/\/www.bojungle.eu\/de\/wp-json\/wp\/v2\/woo-feed-brand?post=40204"}],"curies":[{"name":"wp","href":"https:\/\/api.w.org\/{rel}","templated":true}]}}