{"id":40251,"date":"2022-05-29T12:05:39","date_gmt":"2022-05-29T10:05:39","guid":{"rendered":"https:\/\/dev.authority.biz\/boj\/product\/b-wrap-blaue-sterne-klein\/"},"modified":"2024-01-16T11:24:52","modified_gmt":"2024-01-16T10:24:52","slug":"b-wrap-blaue-sterne-klein","status":"publish","type":"product","link":"https:\/\/www.bojungle.eu\/de\/produkt\/b-wrap-blaue-sterne-klein\/","title":{"rendered":"B-Wrap Blaue Sterne Klein"},"content":{"rendered":"<ul>\n<li>Klein (3,2 bis 6,4 kg): von der Geburt bis +\/- 4 Monate<\/li>\n<li>Wickeldecke aus 100% Baumwolle<\/li>\n<li>Die einfachste Art, Ihr Baby zu wickeln, in 3 Schritten<\/li>\n<\/ul>\n","protected":false},"excerpt":{"rendered":"<p>Die Wrap Blue Stars ist eine kuschelige Wickeldecke aus 100 % Baumwolle mit einem stilvollen blauen Sternenmuster, die speziell f\u00fcr S\u00e4uglinge im kleinen Gr\u00f6\u00dfenbereich (3,2 bis 6,4 kg) entwickelt wurde und von der Geburt bis ca. 4 Monate geeignet ist. Diese Wickeldecke aus hochwertiger Baumwolle bietet Ihrem Kleinen eine kuschelige und komfortable Umgebung. Es vereinfacht den Prozess und bietet die einfachste M\u00f6glichkeit, Ihr Baby in nur drei einfachen Schritten zu wickeln.<\/p>\n","protected":false},"featured_media":64456,"comment_status":"closed","ping_status":"closed","template":"","meta":{"_lmt_disableupdate":"","_lmt_disable":""},"product_brand":[],"product_cat":[574,530],"product_tag":[],"woo-feed-brand":[],"class_list":{"0":"post-40251","1":"product","2":"type-product","3":"status-publish","4":"has-post-thumbnail","6":"product_cat-decken-einwickeln","7":"product_cat-schlaf","9":"first","10":"instock","11":"taxable","12":"shipping-taxable","13":"purchasable","14":"product-type-simple"},"_links":{"self":[{"href":"https:\/\/www.bojungle.eu\/de\/wp-json\/wp\/v2\/product\/40251","targetHints":{"allow":["GET"]}}],"collection":[{"href":"https:\/\/www.bojungle.eu\/de\/wp-json\/wp\/v2\/product"}],"about":[{"href":"https:\/\/www.bojungle.eu\/de\/wp-json\/wp\/v2\/types\/product"}],"replies":[{"embeddable":true,"href":"https:\/\/www.bojungle.eu\/de\/wp-json\/wp\/v2\/comments?post=40251"}],"version-history":[{"count":1,"href":"https:\/\/www.bojungle.eu\/de\/wp-json\/wp\/v2\/product\/40251\/revisions"}],"predecessor-version":[{"id":64465,"href":"https:\/\/www.bojungle.eu\/de\/wp-json\/wp\/v2\/product\/40251\/revisions\/64465"}],"wp:featuredmedia":[{"embeddable":true,"href":"https:\/\/www.bojungle.eu\/de\/wp-json\/wp\/v2\/media\/64456"}],"wp:attachment":[{"href":"https:\/\/www.bojungle.eu\/de\/wp-json\/wp\/v2\/media?parent=40251"}],"wp:term":[{"taxonomy":"product_brand","embeddable":true,"href":"https:\/\/www.bojungle.eu\/de\/wp-json\/wp\/v2\/product_brand?post=40251"},{"taxonomy":"product_cat","embeddable":true,"href":"https:\/\/www.bojungle.eu\/de\/wp-json\/wp\/v2\/product_cat?post=40251"},{"taxonomy":"product_tag","embeddable":true,"href":"https:\/\/www.bojungle.eu\/de\/wp-json\/wp\/v2\/product_tag?post=40251"},{"taxonomy":"woo-feed-brand","embeddable":true,"href":"https:\/\/www.bojungle.eu\/de\/wp-json\/wp\/v2\/woo-feed-brand?post=40251"}],"curies":[{"name":"wp","href":"https:\/\/api.w.org\/{rel}","templated":true}]}}